{"id":932,"date":"2023-11-12T08:56:31","date_gmt":"2023-11-12T08:56:31","guid":{"rendered":"https:\/\/healthagentsturkey.com\/?page_id=932"},"modified":"2026-02-25T10:31:57","modified_gmt":"2026-02-25T07:31:57","slug":"uroloji","status":"publish","type":"page","link":"https:\/\/healthagentsturkey.com\/tr\/tedavi\/uroloji\/","title":{"rendered":"\u00dcrolojik Tedaviler"},"content":{"rendered":"\t\t<div data-elementor-type=\"wp-page\" data-elementor-id=\"932\" class=\"elementor elementor-932\" data-elementor-post-type=\"page\">\n\t\t\t\t\t\t<section class=\"elementor-section elementor-top-section elementor-element elementor-element-eedafb9 elementor-section-content-middle elementor-section-boxed elementor-section-height-default elementor-section-height-default tp-parallax-no syd-sticky-section-no\" data-id=\"eedafb9\" data-element_type=\"section\" data-settings=\"{&quot;tp_sticky_sec_effect_enable&quot;:false}\">\n\t\t\t\t\t\t<div class=\"elementor-container elementor-column-gap-default\">\n\t\t\t\t\t<div data-aos=\"\" class=\"elementor-column elementor-col-50 elementor-top-column elementor-element elementor-element-571508b syd-sticky-section-no\" data-id=\"571508b\" data-element_type=\"column\" data-settings=\"{&quot;tp_sticky_col_effect_enable&quot;:false}\">\n\t\t\t<div class=\"elementor-widget-wrap elementor-element-populated\">\n\t\t\t\t\t\t<div class=\"elementor-element elementor-element-2fc2cb6 syd-sticky-section-no elementor-widget elementor-widget-heading\" data-id=\"2fc2cb6\" data-element_type=\"widget\" data-widget_type=\"heading.default\">\n\t\t\t\t<div class=\"elementor-widget-container\">\n\t\t\t\t\t<h2 class=\"elementor-heading-title elementor-size-default\">\u00dcroloji Tedavileri<\/h2>\t\t\t\t<\/div>\n\t\t\t\t<\/div>\n\t\t\t\t<div class=\"elementor-element elementor-element-1cf0f1c syd-sticky-section-no elementor-widget elementor-widget-text-editor\" data-id=\"1cf0f1c\" data-element_type=\"widget\" data-widget_type=\"text-editor.default\">\n\t\t\t\t<div class=\"elementor-widget-container\">\n\t\t\t\t\t\t\t\t\t<p>\u00dcroloji, \u00fcrogenital sistemi inceleyen ve tedavi eden bir t\u0131p dal\u0131d\u0131r. Bu alanda faaliyet g\u00f6steren \u00fcrologlar, erkek ve kad\u0131nlar\u0131n \u00fcreme ve idrar sistemleri \u00fczerindeki \u00e7e\u015fitli sorunlarla ilgilenirler. \u00dcroloji, geni\u015f bir yelpazede hizmet sunan bir bran\u015f olup, prostat hastal\u0131klar\u0131, b\u00f6brek ta\u015flar\u0131, idrar yolu enfeksiyonlar\u0131, \u00fcreme organlar\u0131n\u0131n kanserleri gibi durumlar\u0131 i\u00e7erir. \u00dcrologlar, diagnostik testler, ila\u00e7 tedavileri ve cerrahi m\u00fcdahaleler gibi \u00e7e\u015fitli tedavi se\u00e7enekleri sunarak hastalar\u0131n sa\u011fl\u0131klar\u0131n\u0131 korumaya ve iyile\u015ftirmeye \u00e7al\u0131\u015f\u0131rlar. \u00d6rne\u011fin, b\u00f6brek ta\u015f\u0131 \u00e7\u0131kar\u0131lmas\u0131, prostat ameliyatlar\u0131, idrar inkontinans\u0131n\u0131n tedavisi ve \u00fcreme sa\u011fl\u0131\u011f\u0131yla ilgili cerrahi i\u015flemler \u00fcroloji alan\u0131ndaki \u00f6nemli m\u00fcdahaleler aras\u0131ndad\u0131r. \u00dcroloji, genel sa\u011fl\u0131k ve ya\u015fam kalitesini iyile\u015ftirmeyi ama\u00e7layan \u00f6nemli bir t\u0131p dal\u0131d\u0131r ve genellikle multidisipliner bir yakla\u015f\u0131m gerektirir.<\/p>\t\t\t\t\t\t\t\t<\/div>\n\t\t\t\t<\/div>\n\t\t\t\t\t<\/div>\n\t\t<\/div>\n\t\t\t\t<div data-aos=\"\" class=\"elementor-column elementor-col-50 elementor-top-column elementor-element elementor-element-bc4d4c0 syd-sticky-section-no\" data-id=\"bc4d4c0\" data-element_type=\"column\" data-settings=\"{&quot;tp_sticky_col_effect_enable&quot;:false}\">\n\t\t\t<div class=\"elementor-widget-wrap elementor-element-populated\">\n\t\t\t\t\t\t<div class=\"elementor-element elementor-element-48dd569 syd-sticky-section-no elementor-widget elementor-widget-image\" data-id=\"48dd569\" data-element_type=\"widget\" data-widget_type=\"image.default\">\n\t\t\t\t<div class=\"elementor-widget-container\">\n\t\t\t\t\t\t\t\t\t<\/div>\n\t\t\t\t<\/div>\n\t\t\t\t\t<\/div>\n\t\t<\/div>\n\t\t\t\t\t<\/div>\n\t\t<\/section>\n\t\t\t\t<\/div>\n\t\t","protected":false},"excerpt":{"rendered":"<p>\u00dcroloji Tedavileri \u00dcroloji, \u00fcrogenital sistemi inceleyen ve tedavi eden bir t\u0131p dal\u0131d\u0131r. Bu alanda faaliyet g\u00f6steren \u00fcrologlar, erkek ve kad\u0131nlar\u0131n \u00fcreme ve [&hellip;]<\/p>\n","protected":false},"author":1,"featured_media":0,"parent":899,"menu_order":0,"comment_status":"closed","ping_status":"closed","template":"elementor_header_footer","meta":{"_eb_attr":"","footnotes":""},"class_list":["post-932","page","type-page","status-publish","hentry"],"_links":{"self":[{"href":"https:\/\/healthagentsturkey.com\/tr\/wp-json\/wp\/v2\/pages\/932","targetHints":{"allow":["GET"]}}],"collection":[{"href":"https:\/\/healthagentsturkey.com\/tr\/wp-json\/wp\/v2\/pages"}],"about":[{"href":"https:\/\/healthagentsturkey.com\/tr\/wp-json\/wp\/v2\/types\/page"}],"author":[{"embeddable":true,"href":"https:\/\/healthagentsturkey.com\/tr\/wp-json\/wp\/v2\/users\/1"}],"replies":[{"embeddable":true,"href":"https:\/\/healthagentsturkey.com\/tr\/wp-json\/wp\/v2\/comments?post=932"}],"version-history":[{"count":1,"href":"https:\/\/healthagentsturkey.com\/tr\/wp-json\/wp\/v2\/pages\/932\/revisions"}],"predecessor-version":[{"id":4808,"href":"https:\/\/healthagentsturkey.com\/tr\/wp-json\/wp\/v2\/pages\/932\/revisions\/4808"}],"up":[{"embeddable":true,"href":"https:\/\/healthagentsturkey.com\/tr\/wp-json\/wp\/v2\/pages\/899"}],"wp:attachment":[{"href":"https:\/\/healthagentsturkey.com\/tr\/wp-json\/wp\/v2\/media?parent=932"}],"curies":[{"name":"wp","href":"https:\/\/api.w.org\/{rel}","templated":true}]}}