{"id":931,"date":"2023-11-12T08:56:57","date_gmt":"2023-11-12T08:56:57","guid":{"rendered":"https:\/\/healthagentsturkey.com\/?page_id=931"},"modified":"2026-02-25T10:31:56","modified_gmt":"2026-02-25T07:31:56","slug":"jinekoloji","status":"publish","type":"page","link":"https:\/\/healthagentsturkey.com\/tr\/tedavi\/jinekoloji\/","title":{"rendered":"Jinekolojik Tedaviler"},"content":{"rendered":"\t\t<div data-elementor-type=\"wp-page\" data-elementor-id=\"931\" class=\"elementor elementor-931\" data-elementor-post-type=\"page\">\n\t\t\t\t\t\t<section class=\"elementor-section elementor-top-section elementor-element elementor-element-eedafb9 elementor-section-content-middle elementor-section-boxed elementor-section-height-default elementor-section-height-default tp-parallax-no syd-sticky-section-no\" data-id=\"eedafb9\" data-element_type=\"section\" data-settings=\"{&quot;tp_sticky_sec_effect_enable&quot;:false}\">\n\t\t\t\t\t\t<div class=\"elementor-container elementor-column-gap-default\">\n\t\t\t\t\t<div data-aos=\"\" class=\"elementor-column elementor-col-50 elementor-top-column elementor-element elementor-element-571508b syd-sticky-section-no\" data-id=\"571508b\" data-element_type=\"column\" data-settings=\"{&quot;tp_sticky_col_effect_enable&quot;:false}\">\n\t\t\t<div class=\"elementor-widget-wrap elementor-element-populated\">\n\t\t\t\t\t\t<div class=\"elementor-element elementor-element-2fc2cb6 syd-sticky-section-no elementor-widget elementor-widget-heading\" data-id=\"2fc2cb6\" data-element_type=\"widget\" data-widget_type=\"heading.default\">\n\t\t\t\t<div class=\"elementor-widget-container\">\n\t\t\t\t\t<h2 class=\"elementor-heading-title elementor-size-default\">Jinekoloji Cerrahisi<\/h2>\t\t\t\t<\/div>\n\t\t\t\t<\/div>\n\t\t\t\t<div class=\"elementor-element elementor-element-1cf0f1c syd-sticky-section-no elementor-widget elementor-widget-text-editor\" data-id=\"1cf0f1c\" data-element_type=\"widget\" data-widget_type=\"text-editor.default\">\n\t\t\t\t<div class=\"elementor-widget-container\">\n\t\t\t\t\t\t\t\t\t<p><strong>Jinekoloji cerrahisi<\/strong>, kad\u0131n \u00fcreme sistemine odaklanan bir t\u0131p dal\u0131d\u0131r ve \u00e7e\u015fitli jinekolojik sorunlar\u0131n cerrahi tedavisi ile ilgilenir. Bu alanda faaliyet g\u00f6steren cerrahlar, rahim, yumurtal\u0131klar, rahim a\u011fz\u0131, vajina ve pelvik organlarda ortaya \u00e7\u0131kan \u00e7e\u015fitli durumlar\u0131 ele al\u0131rlar. Hizmet alanlar\u0131 aras\u0131nda rahim fibroidleri, over kistleri, rahim sarkmas\u0131, endometriozis ve jinekolojik kanserlerin cerrahi tedavisi bulunur. Jinekoloji cerrahlar\u0131, laparoskopik ve robotik cerrahi gibi modern cerrahi teknikleri kullanarak minimal invaziv yakla\u015f\u0131mlar sunabilirler. Ayr\u0131ca, kad\u0131n \u00fcreme sa\u011fl\u0131\u011f\u0131, k\u0131s\u0131rl\u0131k tedavisi ve do\u011fum kontrol y\u00f6ntemleri de jinekoloji cerrahisinin i\u00e7inde yer al\u0131r. Bu uzmanl\u0131k alan\u0131, hem hastalar\u0131n jinekolojik sa\u011fl\u0131klar\u0131n\u0131 korumay\u0131 hem de jinekolojik sorunlar\u0131 cerrahi y\u00f6ntemlerle \u00e7\u00f6zerek ya\u015fam kalitelerini iyile\u015ftirmeyi ama\u00e7lar. Jinekoloji cerrahisi, kad\u0131nlar\u0131n genel sa\u011fl\u0131\u011f\u0131na odaklanarak, \u00e7e\u015fitli cerrahi m\u00fcdahalelerle kad\u0131nlar\u0131n sa\u011fl\u0131kl\u0131 bir ya\u015fam s\u00fcrmelerine katk\u0131da bulunur.<\/p>\t\t\t\t\t\t\t\t<\/div>\n\t\t\t\t<\/div>\n\t\t\t\t\t<\/div>\n\t\t<\/div>\n\t\t\t\t<div data-aos=\"\" class=\"elementor-column elementor-col-50 elementor-top-column elementor-element elementor-element-bc4d4c0 syd-sticky-section-no\" data-id=\"bc4d4c0\" data-element_type=\"column\" data-settings=\"{&quot;tp_sticky_col_effect_enable&quot;:false}\">\n\t\t\t<div class=\"elementor-widget-wrap elementor-element-populated\">\n\t\t\t\t\t\t<div class=\"elementor-element elementor-element-48dd569 syd-sticky-section-no elementor-widget elementor-widget-image\" data-id=\"48dd569\" data-element_type=\"widget\" data-widget_type=\"image.default\">\n\t\t\t\t<div class=\"elementor-widget-container\">\n\t\t\t\t\t\t\t\t\t<\/div>\n\t\t\t\t<\/div>\n\t\t\t\t\t<\/div>\n\t\t<\/div>\n\t\t\t\t\t<\/div>\n\t\t<\/section>\n\t\t\t\t<\/div>\n\t\t","protected":false},"excerpt":{"rendered":"<p>Jinekoloji Cerrahisi Jinekoloji cerrahisi, kad\u0131n \u00fcreme sistemine odaklanan bir t\u0131p dal\u0131d\u0131r ve \u00e7e\u015fitli jinekolojik sorunlar\u0131n cerrahi tedavisi ile ilgilenir. Bu alanda faaliyet [&hellip;]<\/p>\n","protected":false},"author":1,"featured_media":0,"parent":899,"menu_order":0,"comment_status":"closed","ping_status":"closed","template":"elementor_header_footer","meta":{"_eb_attr":"","footnotes":""},"class_list":["post-931","page","type-page","status-publish","hentry"],"_links":{"self":[{"href":"https:\/\/healthagentsturkey.com\/tr\/wp-json\/wp\/v2\/pages\/931","targetHints":{"allow":["GET"]}}],"collection":[{"href":"https:\/\/healthagentsturkey.com\/tr\/wp-json\/wp\/v2\/pages"}],"about":[{"href":"https:\/\/healthagentsturkey.com\/tr\/wp-json\/wp\/v2\/types\/page"}],"author":[{"embeddable":true,"href":"https:\/\/healthagentsturkey.com\/tr\/wp-json\/wp\/v2\/users\/1"}],"replies":[{"embeddable":true,"href":"https:\/\/healthagentsturkey.com\/tr\/wp-json\/wp\/v2\/comments?post=931"}],"version-history":[{"count":1,"href":"https:\/\/healthagentsturkey.com\/tr\/wp-json\/wp\/v2\/pages\/931\/revisions"}],"predecessor-version":[{"id":4792,"href":"https:\/\/healthagentsturkey.com\/tr\/wp-json\/wp\/v2\/pages\/931\/revisions\/4792"}],"up":[{"embeddable":true,"href":"https:\/\/healthagentsturkey.com\/tr\/wp-json\/wp\/v2\/pages\/899"}],"wp:attachment":[{"href":"https:\/\/healthagentsturkey.com\/tr\/wp-json\/wp\/v2\/media?parent=931"}],"curies":[{"name":"wp","href":"https:\/\/api.w.org\/{rel}","templated":true}]}}