{"id":928,"date":"2023-11-12T08:56:57","date_gmt":"2023-11-12T08:56:57","guid":{"rendered":"https:\/\/healthagentsturkey.com\/?page_id=928"},"modified":"2026-02-25T10:31:54","modified_gmt":"2026-02-25T07:31:54","slug":"dis22","status":"publish","type":"page","link":"https:\/\/healthagentsturkey.com\/tr\/tedavi\/dis22\/","title":{"rendered":"Di\u015f Tedavileri"},"content":{"rendered":"\t\t<div data-elementor-type=\"wp-page\" data-elementor-id=\"928\" class=\"elementor elementor-928\" data-elementor-post-type=\"page\">\n\t\t\t\t\t\t<section class=\"elementor-section elementor-top-section elementor-element elementor-element-eedafb9 elementor-section-content-middle elementor-section-boxed elementor-section-height-default elementor-section-height-default tp-parallax-no syd-sticky-section-no\" data-id=\"eedafb9\" data-element_type=\"section\" data-settings=\"{&quot;tp_sticky_sec_effect_enable&quot;:false}\">\n\t\t\t\t\t\t<div class=\"elementor-container elementor-column-gap-default\">\n\t\t\t\t\t<div data-aos=\"\" class=\"elementor-column elementor-col-50 elementor-top-column elementor-element elementor-element-571508b syd-sticky-section-no\" data-id=\"571508b\" data-element_type=\"column\" data-settings=\"{&quot;tp_sticky_col_effect_enable&quot;:false}\">\n\t\t\t<div class=\"elementor-widget-wrap elementor-element-populated\">\n\t\t\t\t\t\t<div class=\"elementor-element elementor-element-fb80230 syd-sticky-section-no elementor-widget elementor-widget-heading\" data-id=\"fb80230\" data-element_type=\"widget\" data-widget_type=\"heading.default\">\n\t\t\t\t<div class=\"elementor-widget-container\">\n\t\t\t\t\t<h6 class=\"elementor-heading-title elementor-size-default\">TEDAV\u0130LER<\/h6>\t\t\t\t<\/div>\n\t\t\t\t<\/div>\n\t\t\t\t<div class=\"elementor-element elementor-element-2fc2cb6 syd-sticky-section-no elementor-widget elementor-widget-heading\" data-id=\"2fc2cb6\" data-element_type=\"widget\" data-widget_type=\"heading.default\">\n\t\t\t\t<div class=\"elementor-widget-container\">\n\t\t\t\t\t<h2 class=\"elementor-heading-title elementor-size-default\">Di\u015f Tedavileri<\/h2>\t\t\t\t<\/div>\n\t\t\t\t<\/div>\n\t\t\t\t<div class=\"elementor-element elementor-element-1cf0f1c syd-sticky-section-no elementor-widget elementor-widget-text-editor\" data-id=\"1cf0f1c\" data-element_type=\"widget\" data-widget_type=\"text-editor.default\">\n\t\t\t\t<div class=\"elementor-widget-container\">\n\t\t\t\t\t\t\t\t\t<div class=\"chat-history-scroll-container ng-tns-c1017943837-2 show-bottom-shadow ng-trigger ng-trigger-resetChat\"><div class=\"conversation-container ng-tns-c1017943837-2 narrow-container ng-star-inserted\"><div class=\"ng-tns-c2771231018-27\"><div class=\"response-container ng-tns-c71079910-28 response-container-has-multiple-responses\"><div class=\"presented-response-container ng-tns-c71079910-28\"><div class=\"response-container-content ng-tns-c71079910-28\"><div class=\"response-content ng-trigger ng-trigger-responsePopulation ng-tns-c71079910-28 ng-animate-disabled\"><div class=\"markdown markdown-main-panel\" dir=\"ltr\"><p data-sourcepos=\"1:1-1:24\"><strong>Di\u015f Hekimli\u011fi Nedir?<\/strong><\/p><p data-sourcepos=\"3:1-3:197\">Di\u015f hekimli\u011fi, di\u015f ve a\u011f\u0131z sa\u011fl\u0131\u011f\u0131 ile ilgilenen bir t\u0131p dal\u0131d\u0131r. Di\u015f hekimleri, di\u015fleri, di\u015f etlerini, dil ve a\u011f\u0131z bo\u015flu\u011funun di\u011fer yap\u0131lar\u0131n\u0131 ve fonksiyonlar\u0131n\u0131 te\u015fhis eder, tedavi eder ve korur.<\/p><p data-sourcepos=\"5:1-5:25\"><strong>Di\u015f Hekimli\u011fi T\u00fcrleri<\/strong><\/p><p data-sourcepos=\"7:1-7:65\">Di\u015f hekimli\u011fi, a\u015fa\u011f\u0131daki gibi \u00e7e\u015fitli uzmanl\u0131k alanlar\u0131n\u0131 i\u00e7erir:<\/p><ul data-sourcepos=\"9:1-23:0\"><li data-sourcepos=\"9:1-10:30\"><strong>Genel di\u015f hekimli\u011fi:<\/strong>\u00a0Di\u015f \u00e7\u00fcr\u00fc\u011f\u00fc, di\u015f eti hastal\u0131\u011f\u0131, di\u015f kayb\u0131 ve di\u011fer yayg\u0131n di\u015f problemlerini tedavi eder.<br \/><div class=\"attachment-container search-images\">\u00a0<\/div><\/li><li data-sourcepos=\"11:1-12:20\"><strong>Ortodonti:<\/strong> Di\u015flerin ve \u00e7enenin d\u00fczg\u00fcn bir \u015fekilde b\u00fcy\u00fcmesini ve geli\u015fmesini sa\u011flamak i\u00e7in ortodontik tedavi uygular.<\/li><li data-sourcepos=\"13:1-14:20\"><strong>Endodonti:<\/strong>\u00a0Di\u015f a\u011fr\u0131s\u0131n\u0131 ve enfeksiyonu tedavi etmek i\u00e7in di\u015f k\u00f6klerini ve sinirlerini i\u00e7eren i\u015flemleri ger\u00e7ekle\u015ftirir.<\/li><li data-sourcepos=\"15:1-16:25\"><strong>Periodontoloji:<\/strong>\u00a0Di\u015f eti hastal\u0131klar\u0131n\u0131 te\u015fhis eder, tedavi eder ve \u00f6nler.<\/li><li data-sourcepos=\"17:1-18:35\"><strong>Restoratif di\u015f hekimli\u011fi:<\/strong>\u00a0Di\u015f \u00e7\u00fcr\u00fc\u011f\u00fc, di\u015f k\u0131r\u0131klar\u0131 ve di\u011fer hasarlar\u0131 onarmak i\u00e7in dolgular, kaplamalar, kronlar ve k\u00f6pr\u00fcler gibi prosed\u00fcrleri uygular.<\/li><li data-sourcepos=\"19:1-20:30\"><strong>\u00c7ocuk di\u015f hekimli\u011fi:<\/strong>\u00a0\u00c7ocuklarda ve ergenlerde di\u015f ve a\u011f\u0131z sa\u011fl\u0131\u011f\u0131n\u0131 korumak i\u00e7in di\u015f hekimli\u011fi hizmetleri sunar.<\/li><li data-sourcepos=\"21:1-23:0\"><strong>Di\u015f implantolojisi:<\/strong>\u00a0Di\u015f kayb\u0131n\u0131 telafi etmek i\u00e7in implantlar yerle\u015ftirir.<\/li><\/ul><p data-sourcepos=\"24:1-24:27\"><strong>Di\u015f Hekimli\u011fi Ne Yapar?<\/strong><\/p><p data-sourcepos=\"26:1-26:69\">Di\u015f hekimleri, a\u015fa\u011f\u0131daki gibi \u00e7e\u015fitli di\u015f hekimli\u011fi hizmetleri sunar:<\/p><ul data-sourcepos=\"28:1-39:0\"><li data-sourcepos=\"28:1-28:178\"><strong>Di\u015f muayeneleri ve temizlikleri:<\/strong>\u00a0Di\u015f hekimleri, di\u015flerinizi ve di\u015f etlerinizi incelemek ve olas\u0131 sorunlar\u0131 tespit etmek i\u00e7in d\u00fczenli di\u015f muayeneleri ve temizlikleri \u00f6nerir.<\/li><li data-sourcepos=\"29:1-29:92\"><strong>Dolgular:<\/strong>\u00a0Di\u015f \u00e7\u00fcr\u00fc\u011f\u00fc veya di\u011fer hasarlar\u0131 onarmak i\u00e7in di\u015f renginde dolgular kullan\u0131r.<\/li><li data-sourcepos=\"30:1-30:104\"><strong>Kaplamalar:<\/strong>\u00a0Hasarl\u0131 veya eksik di\u015fleri kaplamak i\u00e7in daha b\u00fcy\u00fck, di\u015f renginde kaplamalar kullan\u0131r.<\/li><li data-sourcepos=\"31:1-31:127\"><strong>Kronlar:<\/strong>\u00a0Hasarl\u0131 veya eksik di\u015fleri tamamen kaplamak ve desteklemek i\u00e7in daha da b\u00fcy\u00fck, di\u015f renginde kaplamalar kullan\u0131r.<\/li><li data-sourcepos=\"32:1-32:96\"><strong>K\u00f6pr\u00fcler:<\/strong>\u00a0\u0130ki veya daha fazla eksik di\u015fi birbirine ba\u011flamak i\u00e7in kullan\u0131lan bir dizi kron.<\/li><li data-sourcepos=\"33:1-33:111\"><strong>Protezler:<\/strong>\u00a0T\u00fcm di\u015fleri veya bir k\u0131sm\u0131n\u0131 eksik olan hastalar i\u00e7in kullan\u0131lan \u00e7\u0131kar\u0131labilir di\u015f protezleri.<\/li><li data-sourcepos=\"34:1-34:88\"><strong>Di\u015f beyazlatma:<\/strong>\u00a0Di\u015flerinizin rengini a\u00e7mak i\u00e7in di\u015f beyazlatma tedavileri uygular.<\/li><li data-sourcepos=\"35:1-35:130\"><strong>Ortodontik tedavi:<\/strong>\u00a0Di\u015flerin ve \u00e7enenin d\u00fczg\u00fcn bir \u015fekilde b\u00fcy\u00fcmesini ve geli\u015fmesini sa\u011flamak i\u00e7in ortodontik tedavi uygular.<\/li><li data-sourcepos=\"36:1-36:83\"><strong>Di\u015f eti tedavileri:<\/strong>\u00a0Di\u015f eti hastal\u0131klar\u0131n\u0131 te\u015fhis eder, tedavi eder ve \u00f6nler.<\/li><li data-sourcepos=\"37:1-37:132\"><strong>Di\u015f k\u00f6k\u00fc tedavisi:<\/strong>\u00a0Di\u015f a\u011fr\u0131s\u0131n\u0131 ve enfeksiyonu tedavi etmek i\u00e7in di\u015f k\u00f6klerini ve sinirlerini i\u00e7eren i\u015flemleri ger\u00e7ekle\u015ftirir.<\/li><li data-sourcepos=\"38:1-39:0\"><strong>Di\u015f implantlar\u0131:<\/strong>\u00a0Di\u015f kayb\u0131n\u0131 telafi etmek i\u00e7in implantlar yerle\u015ftirir.<\/li><\/ul><\/div><\/div><\/div><\/div><\/div><\/div><\/div><\/div>\t\t\t\t\t\t\t\t<\/div>\n\t\t\t\t<\/div>\n\t\t\t\t\t<\/div>\n\t\t<\/div>\n\t\t\t\t<div data-aos=\"\" class=\"elementor-column elementor-col-50 elementor-top-column elementor-element elementor-element-bc4d4c0 syd-sticky-section-no\" data-id=\"bc4d4c0\" data-element_type=\"column\" data-settings=\"{&quot;tp_sticky_col_effect_enable&quot;:false}\">\n\t\t\t<div class=\"elementor-widget-wrap elementor-element-populated\">\n\t\t\t\t\t\t<div class=\"elementor-element elementor-element-48dd569 syd-sticky-section-no elementor-widget elementor-widget-image\" data-id=\"48dd569\" data-element_type=\"widget\" data-widget_type=\"image.default\">\n\t\t\t\t<div class=\"elementor-widget-container\">\n\t\t\t\t\t\t\t\t\t<\/div>\n\t\t\t\t<\/div>\n\t\t\t\t<div class=\"elementor-element elementor-element-8476e36 syd-sticky-section-no elementor-widget elementor-widget-text-editor\" data-id=\"8476e36\" data-element_type=\"widget\" data-widget_type=\"text-editor.default\">\n\t\t\t\t<div class=\"elementor-widget-container\">\n\t\t\t\t\t\t\t\t\t<p data-sourcepos=\"40:1-40:34\"><strong>Di\u015f Hekimli\u011fi Neden \u00d6nemlidir?<\/strong><\/p><p data-sourcepos=\"42:1-42:220\">Sa\u011fl\u0131kl\u0131 di\u015fler ve di\u015f eti, iyi genel sa\u011fl\u0131k i\u00e7in \u00f6nemlidir. Di\u015f \u00e7\u00fcr\u00fcmesi, di\u015f eti hastal\u0131\u011f\u0131 ve di\u011fer di\u015f problemleri, a\u011fr\u0131, enfeksiyon ve hatta kalp hastal\u0131\u011f\u0131, fel\u00e7 ve diyabet gibi ciddi sa\u011fl\u0131k sorunlar\u0131na yol a\u00e7abilir.<\/p><p data-sourcepos=\"44:1-44:149\">D\u00fczenli di\u015f hekimi ziyaretleri, di\u015flerinizin ve di\u015f etlerinizin sa\u011fl\u0131\u011f\u0131n\u0131 koruman\u0131n ve di\u015f problemlerinin erken te\u015fhis ve tedavisinin en iyi yoludur.<\/p><p data-sourcepos=\"1:1-1:29\"><strong>\u0130stanbul&#8217;da Di\u015f Hekimli\u011fi<\/strong><\/p><p data-sourcepos=\"3:1-3:226\">\u0130stanbul, T\u00fcrkiye, d\u00fcnyan\u0131n en eski ve en \u00f6nemli \u015fehirlerinden biridir. Ayn\u0131 zamanda, d\u00fcnyan\u0131n en pop\u00fcler sa\u011fl\u0131k turizmi destinasyonlar\u0131ndan biridir. Di\u015f hekimli\u011fi, \u0130stanbul&#8217;da sunulan en pop\u00fcler sa\u011fl\u0131k hizmetleri aras\u0131ndad\u0131r.<\/p><p data-sourcepos=\"5:1-5:264\">\u0130stanbul&#8217;da di\u015f hekimli\u011fi yapman\u0131n birka\u00e7 nedeni vard\u0131r. Birincisi, \u0130stanbul&#8217;da d\u00fcnyan\u0131n en iyi di\u015f hekimlerinden baz\u0131lar\u0131na ev sahipli\u011fi yapmaktad\u0131r. Bu di\u015f hekimleri, di\u015f hekimli\u011fi alan\u0131nda en son geli\u015fmeleri takip ediyor ve en y\u00fcksek kalitede tedaviler sunuyor.<\/p><p data-sourcepos=\"7:1-7:219\">\u0130kincisi, \u0130stanbul&#8217;daki di\u015f hekimli\u011fi hizmetleri, d\u00fcnyan\u0131n di\u011fer bir\u00e7ok yerinden daha uygun fiyatl\u0131d\u0131r. Bu, di\u015f hekimli\u011fi i\u00e7in uygun fiyatl\u0131 se\u00e7enekler arayan hastalar i\u00e7in \u0130stanbul&#8217;u cazip bir se\u00e7enek haline getiriyor.<\/p><p data-sourcepos=\"9:1-9:174\">\u00dc\u00e7\u00fcnc\u00fcs\u00fc, \u0130stanbul, ziyaret\u00e7ilere sunacak \u00e7ok \u015feye sahip canl\u0131 ve kozmopolit bir \u015fehirdir. Bu, di\u015f hekimli\u011fi seyahatinizi keyifli ve unutulmaz bir deneyim haline getirebilir.<\/p>\t\t\t\t\t\t\t\t<\/div>\n\t\t\t\t<\/div>\n\t\t\t\t\t<\/div>\n\t\t<\/div>\n\t\t\t\t\t<\/div>\n\t\t<\/section>\n\t\t\t\t<section class=\"elementor-section elementor-top-section elementor-element elementor-element-0202058 elementor-section-content-middle elementor-section-boxed elementor-section-height-default elementor-section-height-default tp-parallax-no syd-sticky-section-no\" data-id=\"0202058\" data-element_type=\"section\" data-settings=\"{&quot;background_background&quot;:&quot;classic&quot;,&quot;tp_sticky_sec_effect_enable&quot;:false}\">\n\t\t\t\t\t\t<div class=\"elementor-container elementor-column-gap-default\">\n\t\t\t\t\t<div data-aos=\"\" class=\"elementor-column elementor-col-50 elementor-top-column elementor-element elementor-element-76846c7 syd-sticky-section-no\" data-id=\"76846c7\" data-element_type=\"column\" data-settings=\"{&quot;tp_sticky_col_effect_enable&quot;:false}\">\n\t\t\t<div class=\"elementor-widget-wrap elementor-element-populated\">\n\t\t\t\t\t\t<div class=\"elementor-element elementor-element-2f05a8b syd-sticky-section-no elementor-widget elementor-widget-heading\" data-id=\"2f05a8b\" data-element_type=\"widget\" data-widget_type=\"heading.default\">\n\t\t\t\t<div class=\"elementor-widget-container\">\n\t\t\t\t\t<h2 class=\"elementor-heading-title elementor-size-default\">Sorular\u0131n\u0131z m\u0131 var?<\/h2>\t\t\t\t<\/div>\n\t\t\t\t<\/div>\n\t\t\t\t\t<\/div>\n\t\t<\/div>\n\t\t\t\t<div data-aos=\"\" class=\"elementor-column elementor-col-50 elementor-top-column elementor-element elementor-element-6816d86 syd-sticky-section-no\" data-id=\"6816d86\" data-element_type=\"column\" data-settings=\"{&quot;tp_sticky_col_effect_enable&quot;:false}\">\n\t\t\t<div class=\"elementor-widget-wrap elementor-element-populated\">\n\t\t\t\t\t\t<div class=\"elementor-element elementor-element-2ce152d elementor-align-right elementor-mobile-align-center syd-sticky-section-no elementor-widget elementor-widget-button\" data-id=\"2ce152d\" data-element_type=\"widget\" data-widget_type=\"button.default\">\n\t\t\t\t<div class=\"elementor-widget-container\">\n\t\t\t\t\t\t\t\t\t<div class=\"elementor-button-wrapper\">\n\t\t\t\t\t<a class=\"elementor-button elementor-button-link elementor-size-sm\" href=\"https:\/\/healthagentsturkey.com\/iletisim\/\">\n\t\t\t\t\t\t<span class=\"elementor-button-content-wrapper\">\n\t\t\t\t\t\t\t\t\t<span class=\"elementor-button-text\">Bize Ula\u015f\u0131n<\/span>\n\t\t\t\t\t<\/span>\n\t\t\t\t\t<\/a>\n\t\t\t\t<\/div>\n\t\t\t\t\t\t\t\t<\/div>\n\t\t\t\t<\/div>\n\t\t\t\t\t<\/div>\n\t\t<\/div>\n\t\t\t\t\t<\/div>\n\t\t<\/section>\n\t\t\t\t<\/div>\n\t\t","protected":false},"excerpt":{"rendered":"<p>TEDAV\u0130LER Di\u015f Tedavileri Di\u015f Hekimli\u011fi Nedir? Di\u015f hekimli\u011fi, di\u015f ve a\u011f\u0131z sa\u011fl\u0131\u011f\u0131 ile ilgilenen bir t\u0131p dal\u0131d\u0131r. Di\u015f hekimleri, di\u015fleri, di\u015f etlerini, [&hellip;]<\/p>\n","protected":false},"author":1,"featured_media":0,"parent":899,"menu_order":0,"comment_status":"closed","ping_status":"closed","template":"elementor_header_footer","meta":{"_eb_attr":"","footnotes":""},"class_list":["post-928","page","type-page","status-publish","hentry"],"_links":{"self":[{"href":"https:\/\/healthagentsturkey.com\/tr\/wp-json\/wp\/v2\/pages\/928","targetHints":{"allow":["GET"]}}],"collection":[{"href":"https:\/\/healthagentsturkey.com\/tr\/wp-json\/wp\/v2\/pages"}],"about":[{"href":"https:\/\/healthagentsturkey.com\/tr\/wp-json\/wp\/v2\/types\/page"}],"author":[{"embeddable":true,"href":"https:\/\/healthagentsturkey.com\/tr\/wp-json\/wp\/v2\/users\/1"}],"replies":[{"embeddable":true,"href":"https:\/\/healthagentsturkey.com\/tr\/wp-json\/wp\/v2\/comments?post=928"}],"version-history":[{"count":1,"href":"https:\/\/healthagentsturkey.com\/tr\/wp-json\/wp\/v2\/pages\/928\/revisions"}],"predecessor-version":[{"id":4762,"href":"https:\/\/healthagentsturkey.com\/tr\/wp-json\/wp\/v2\/pages\/928\/revisions\/4762"}],"up":[{"embeddable":true,"href":"https:\/\/healthagentsturkey.com\/tr\/wp-json\/wp\/v2\/pages\/899"}],"wp:attachment":[{"href":"https:\/\/healthagentsturkey.com\/tr\/wp-json\/wp\/v2\/media?parent=928"}],"curies":[{"name":"wp","href":"https:\/\/api.w.org\/{rel}","templated":true}]}}