{"id":913,"date":"2023-11-12T08:49:17","date_gmt":"2023-11-12T08:49:17","guid":{"rendered":"https:\/\/healthagentsturkey.com\/?page_id=913"},"modified":"2023-12-29T06:45:29","modified_gmt":"2023-12-29T03:45:29","slug":"bakim","status":"publish","type":"page","link":"https:\/\/healthagentsturkey.com\/tr\/hizmetler\/bakim\/","title":{"rendered":"Bak\u0131m Hizmetleri"},"content":{"rendered":"\t\t<div data-elementor-type=\"wp-page\" data-elementor-id=\"913\" class=\"elementor elementor-913\" data-elementor-post-type=\"page\">\n\t\t\t\t\t\t<section class=\"elementor-section elementor-top-section elementor-element elementor-element-eedafb9 elementor-section-content-middle elementor-section-boxed elementor-section-height-default elementor-section-height-default tp-parallax-no syd-sticky-section-no\" data-id=\"eedafb9\" data-element_type=\"section\" data-settings=\"{&quot;tp_sticky_sec_effect_enable&quot;:false}\">\n\t\t\t\t\t\t<div class=\"elementor-container elementor-column-gap-default\">\n\t\t\t\t\t<div data-aos=\"\" class=\"elementor-column elementor-col-50 elementor-top-column elementor-element elementor-element-571508b syd-sticky-section-no\" data-id=\"571508b\" data-element_type=\"column\" data-settings=\"{&quot;tp_sticky_col_effect_enable&quot;:false}\">\n\t\t\t<div class=\"elementor-widget-wrap elementor-element-populated\">\n\t\t\t\t\t\t<div class=\"elementor-element elementor-element-2fc2cb6 syd-sticky-section-no elementor-widget elementor-widget-heading\" data-id=\"2fc2cb6\" data-element_type=\"widget\" data-widget_type=\"heading.default\">\n\t\t\t\t<div class=\"elementor-widget-container\">\n\t\t\t\t\t<h2 class=\"elementor-heading-title elementor-size-default\">Hasta Bak\u0131m Hizmetleri<\/h2>\t\t\t\t<\/div>\n\t\t\t\t<\/div>\n\t\t\t\t<div class=\"elementor-element elementor-element-1cf0f1c syd-sticky-section-no elementor-widget elementor-widget-text-editor\" data-id=\"1cf0f1c\" data-element_type=\"widget\" data-widget_type=\"text-editor.default\">\n\t\t\t\t<div class=\"elementor-widget-container\">\n\t\t\t\t\t\t\t\t\t<p><strong>Bak\u0131m hizmetleri<\/strong>,\u00a0sa\u011fl\u0131k turizmi kapsam\u0131nda hastalara tedavi s\u00fcreci boyunca \u00f6zenli ve kaliteli bir bak\u0131m sunmay\u0131 ama\u00e7layan \u00f6nemli bir hizmet dal\u0131n\u0131 temsil eder. Sa\u011fl\u0131k turizmi destinasyonlar\u0131ndaki bak\u0131m hizmetleri, genellikle konaklama tesisleri i\u00e7inde veya \u00f6zel bak\u0131m merkezlerinde sunulur. Hasta ve refakat\u00e7ilerine y\u00f6nelik bu hizmetler, uzman sa\u011fl\u0131k personeli taraf\u0131ndan tedavi s\u00fcreci boyunca hastalara destek olmay\u0131, t\u0131bbi ihtiya\u00e7lar\u0131n\u0131 kar\u015f\u0131lamay\u0131 ve g\u00fcvenli bir ortam sa\u011flamay\u0131 ama\u00e7lar. Ayr\u0131ca, bak\u0131m hizmetleri hastalara gerekli olan fiziksel rehabilitasyon, psikososyal destek ve di\u011fer bireysel ihtiya\u00e7lar\u0131n\u0131za y\u00f6nelik hizmetleri i\u00e7erebilir. Sa\u011fl\u0131k turizmi bak\u0131m hizmetleri, hastalar\u0131n ve refakat\u00e7ilerin tedavi s\u00fcreci boyunca rahatlamalar\u0131n\u0131, g\u00fcvenli bir ortamda bulunmalar\u0131n\u0131 ve t\u0131bbi ihtiya\u00e7lar\u0131na uygun bir bak\u0131m alarak sa\u011fl\u0131k turizmi deneyimlerini olumlu y\u00f6nde etkilemeyi ama\u00e7lar.<\/p>\t\t\t\t\t\t\t\t<\/div>\n\t\t\t\t<\/div>\n\t\t\t\t\t<\/div>\n\t\t<\/div>\n\t\t\t\t<div data-aos=\"\" class=\"elementor-column elementor-col-50 elementor-top-column elementor-element elementor-element-bc4d4c0 syd-sticky-section-no\" data-id=\"bc4d4c0\" data-element_type=\"column\" data-settings=\"{&quot;tp_sticky_col_effect_enable&quot;:false}\">\n\t\t\t<div class=\"elementor-widget-wrap elementor-element-populated\">\n\t\t\t\t\t\t<div class=\"elementor-element elementor-element-48dd569 syd-sticky-section-no elementor-widget elementor-widget-image\" data-id=\"48dd569\" data-element_type=\"widget\" data-widget_type=\"image.default\">\n\t\t\t\t<div class=\"elementor-widget-container\">\n\t\t\t\t\t\t\t\t\t\t\t\t\t\t\t<img fetchpriority=\"high\" decoding=\"async\" width=\"1024\" height=\"683\" src=\"https:\/\/healthagentsturkey.com\/wp-content\/uploads\/2023\/11\/bakim-1024x683.jpg\" class=\"attachment-large size-large wp-image-2061\" alt=\"\" srcset=\"https:\/\/healthagentsturkey.com\/wp-content\/uploads\/2023\/11\/bakim-1024x683.jpg 1024w, https:\/\/healthagentsturkey.com\/wp-content\/uploads\/2023\/11\/bakim-300x200.jpg 300w, https:\/\/healthagentsturkey.com\/wp-content\/uploads\/2023\/11\/bakim-768x512.jpg 768w, https:\/\/healthagentsturkey.com\/wp-content\/uploads\/2023\/11\/bakim-1000x667.jpg 1000w, https:\/\/healthagentsturkey.com\/wp-content\/uploads\/2023\/11\/bakim-230x153.jpg 230w, https:\/\/healthagentsturkey.com\/wp-content\/uploads\/2023\/11\/bakim-350x234.jpg 350w, https:\/\/healthagentsturkey.com\/wp-content\/uploads\/2023\/11\/bakim-480x320.jpg 480w, https:\/\/healthagentsturkey.com\/wp-content\/uploads\/2023\/11\/bakim.jpg 1280w\" sizes=\"(max-width: 1024px) 100vw, 1024px\" \/>\t\t\t\t\t\t\t\t\t\t\t\t\t\t\t<\/div>\n\t\t\t\t<\/div>\n\t\t\t\t\t<\/div>\n\t\t<\/div>\n\t\t\t\t\t<\/div>\n\t\t<\/section>\n\t\t\t\t<section class=\"elementor-section elementor-top-section elementor-element elementor-element-3c8be6b elementor-section-content-middle elementor-section-boxed elementor-section-height-default elementor-section-height-default tp-parallax-no syd-sticky-section-no\" data-id=\"3c8be6b\" data-element_type=\"section\" data-settings=\"{&quot;background_background&quot;:&quot;classic&quot;,&quot;tp_sticky_sec_effect_enable&quot;:false}\">\n\t\t\t\t\t\t<div class=\"elementor-container elementor-column-gap-default\">\n\t\t\t\t\t<div data-aos=\"\" class=\"elementor-column elementor-col-50 elementor-top-column elementor-element elementor-element-7b89caf syd-sticky-section-no\" data-id=\"7b89caf\" data-element_type=\"column\" data-settings=\"{&quot;tp_sticky_col_effect_enable&quot;:false}\">\n\t\t\t<div class=\"elementor-widget-wrap elementor-element-populated\">\n\t\t\t\t\t\t<div class=\"elementor-element elementor-element-833f378 syd-sticky-section-no elementor-widget elementor-widget-heading\" data-id=\"833f378\" data-element_type=\"widget\" data-widget_type=\"heading.default\">\n\t\t\t\t<div class=\"elementor-widget-container\">\n\t\t\t\t\t<h2 class=\"elementor-heading-title elementor-size-default\">Sorular\u0131n\u0131z m\u0131 var?<\/h2>\t\t\t\t<\/div>\n\t\t\t\t<\/div>\n\t\t\t\t\t<\/div>\n\t\t<\/div>\n\t\t\t\t<div data-aos=\"\" class=\"elementor-column elementor-col-50 elementor-top-column elementor-element elementor-element-6452e53 syd-sticky-section-no\" data-id=\"6452e53\" data-element_type=\"column\" data-settings=\"{&quot;tp_sticky_col_effect_enable&quot;:false}\">\n\t\t\t<div class=\"elementor-widget-wrap elementor-element-populated\">\n\t\t\t\t\t\t<div class=\"elementor-element elementor-element-c730e64 elementor-align-right elementor-mobile-align-center syd-sticky-section-no elementor-widget elementor-widget-button\" data-id=\"c730e64\" data-element_type=\"widget\" data-widget_type=\"button.default\">\n\t\t\t\t<div class=\"elementor-widget-container\">\n\t\t\t\t\t\t\t\t\t<div class=\"elementor-button-wrapper\">\n\t\t\t\t\t<a class=\"elementor-button elementor-button-link elementor-size-sm\" href=\"https:\/\/healthagentsturkey.com\/iletisim\/\">\n\t\t\t\t\t\t<span class=\"elementor-button-content-wrapper\">\n\t\t\t\t\t\t\t\t\t<span class=\"elementor-button-text\">Bize Ula\u015f\u0131n<\/span>\n\t\t\t\t\t<\/span>\n\t\t\t\t\t<\/a>\n\t\t\t\t<\/div>\n\t\t\t\t\t\t\t\t<\/div>\n\t\t\t\t<\/div>\n\t\t\t\t\t<\/div>\n\t\t<\/div>\n\t\t\t\t\t<\/div>\n\t\t<\/section>\n\t\t\t\t<\/div>\n\t\t","protected":false},"excerpt":{"rendered":"<p>Hasta Bak\u0131m Hizmetleri Bak\u0131m hizmetleri,\u00a0sa\u011fl\u0131k turizmi kapsam\u0131nda hastalara tedavi s\u00fcreci boyunca \u00f6zenli ve kaliteli bir bak\u0131m sunmay\u0131 ama\u00e7layan \u00f6nemli bir hizmet dal\u0131n\u0131 [&hellip;]<\/p>\n","protected":false},"author":1,"featured_media":0,"parent":556,"menu_order":0,"comment_status":"closed","ping_status":"closed","template":"page-templates\/page_front-page.php","meta":{"_eb_attr":"","footnotes":""},"class_list":["post-913","page","type-page","status-publish","hentry"],"_links":{"self":[{"href":"https:\/\/healthagentsturkey.com\/tr\/wp-json\/wp\/v2\/pages\/913","targetHints":{"allow":["GET"]}}],"collection":[{"href":"https:\/\/healthagentsturkey.com\/tr\/wp-json\/wp\/v2\/pages"}],"about":[{"href":"https:\/\/healthagentsturkey.com\/tr\/wp-json\/wp\/v2\/types\/page"}],"author":[{"embeddable":true,"href":"https:\/\/healthagentsturkey.com\/tr\/wp-json\/wp\/v2\/users\/1"}],"replies":[{"embeddable":true,"href":"https:\/\/healthagentsturkey.com\/tr\/wp-json\/wp\/v2\/comments?post=913"}],"version-history":[{"count":0,"href":"https:\/\/healthagentsturkey.com\/tr\/wp-json\/wp\/v2\/pages\/913\/revisions"}],"up":[{"embeddable":true,"href":"https:\/\/healthagentsturkey.com\/tr\/wp-json\/wp\/v2\/pages\/556"}],"wp:attachment":[{"href":"https:\/\/healthagentsturkey.com\/tr\/wp-json\/wp\/v2\/media?parent=913"}],"curies":[{"name":"wp","href":"https:\/\/api.w.org\/{rel}","templated":true}]}}