{"id":912,"date":"2023-11-12T08:49:17","date_gmt":"2023-11-12T08:49:17","guid":{"rendered":"https:\/\/healthagentsturkey.com\/?page_id=912"},"modified":"2023-12-23T15:00:36","modified_gmt":"2023-12-23T12:00:36","slug":"online","status":"publish","type":"page","link":"https:\/\/healthagentsturkey.com\/tr\/hizmetler\/online\/","title":{"rendered":"Online Hizmetler"},"content":{"rendered":"\t\t<div data-elementor-type=\"wp-page\" data-elementor-id=\"912\" class=\"elementor elementor-912\" data-elementor-post-type=\"page\">\n\t\t\t\t\t\t<section class=\"elementor-section elementor-top-section elementor-element elementor-element-eedafb9 elementor-section-content-middle elementor-section-boxed elementor-section-height-default elementor-section-height-default tp-parallax-no syd-sticky-section-no\" data-id=\"eedafb9\" data-element_type=\"section\" data-settings=\"{&quot;tp_sticky_sec_effect_enable&quot;:false}\">\n\t\t\t\t\t\t<div class=\"elementor-container elementor-column-gap-default\">\n\t\t\t\t\t<div data-aos=\"\" class=\"elementor-column elementor-col-50 elementor-top-column elementor-element elementor-element-571508b syd-sticky-section-no\" data-id=\"571508b\" data-element_type=\"column\" data-settings=\"{&quot;tp_sticky_col_effect_enable&quot;:false}\">\n\t\t\t<div class=\"elementor-widget-wrap elementor-element-populated\">\n\t\t\t\t\t\t<div class=\"elementor-element elementor-element-2fc2cb6 syd-sticky-section-no elementor-widget elementor-widget-heading\" data-id=\"2fc2cb6\" data-element_type=\"widget\" data-widget_type=\"heading.default\">\n\t\t\t\t<div class=\"elementor-widget-container\">\n\t\t\t\t\t<h2 class=\"elementor-heading-title elementor-size-default\">Online Hizmetler<\/h2>\t\t\t\t<\/div>\n\t\t\t\t<\/div>\n\t\t\t\t<div class=\"elementor-element elementor-element-1cf0f1c syd-sticky-section-no elementor-widget elementor-widget-text-editor\" data-id=\"1cf0f1c\" data-element_type=\"widget\" data-widget_type=\"text-editor.default\">\n\t\t\t\t<div class=\"elementor-widget-container\">\n\t\t\t\t\t\t\t\t\t<div class=\"flex-1 overflow-hidden\"><div class=\"react-scroll-to-bottom--css-eaqmt-79elbk h-full\"><div class=\"react-scroll-to-bottom--css-eaqmt-1n7m0yu\"><div class=\"flex flex-col text-sm gizmo:pb-9 dark:bg-gray-800 gizmo:dark:bg-transparent\"><div class=\"w-full text-token-text-primary border-b border-black\/10 gizmo:border-0 dark:border-gray-900\/50 gizmo:dark:border-0 bg-gray-50 gizmo:bg-transparent dark:bg-[#444654] gizmo:dark:bg-transparent\" data-testid=\"conversation-turn-25\"><div class=\"p-4 gizmo:py-2 justify-center text-base md:gap-6 md:py-6 m-auto\"><div class=\"flex flex-1 gap-4 text-base mx-auto md:gap-6 gizmo:gap-3 gizmo:md:px-5 gizmo:lg:px-1 gizmo:xl:px-5 md:max-w-2xl lg:max-w-[38rem] gizmo:md:max-w-3xl gizmo:lg:max-w-[40rem] gizmo:xl:max-w-[48rem] xl:max-w-3xl } group final-completion\"><div class=\"relative flex w-[calc(100%-50px)] flex-col gizmo:w-full lg:w-[calc(100%-115px)] agent-turn\"><div class=\"flex-col gap-1 md:gap-3\"><div class=\"flex flex-grow flex-col max-w-full gap-3 gizmo:gap-0\"><div class=\"min-h-[20px] text-message flex flex-col items-start gap-3 whitespace-pre-wrap break-words [.text-message+&amp;]:mt-5 overflow-x-auto\" data-message-author-role=\"assistant\" data-message-id=\"6e093ee6-44ea-4b57-a173-3eeeea2725eb\"><div class=\"markdown prose w-full break-words dark:prose-invert dark\"><p style=\"text-align: left;\"><strong>Online hizmetler<\/strong>, sa\u011fl\u0131k turizmi alan\u0131nda hastalara ve refakat\u00e7ilere kapsaml\u0131 bir dijital destek sunarak, tedavi s\u00fcrecini planlamalar\u0131n\u0131 ve y\u00f6netmelerini sa\u011flar. Bu hizmetler aras\u0131nda online dan\u0131\u015fmanl\u0131k, t\u0131bbi g\u00f6r\u00fc\u015fmeler, randevu planlamalar\u0131 ve tedavi s\u00fcreciyle ilgili bilgilendirici i\u00e7erikler yer al\u0131r. Hastalar, uzman sa\u011fl\u0131k dan\u0131\u015fmanlar\u0131yla online olarak ileti\u015fim kurabilir, tedavi se\u00e7enekleri hakk\u0131nda detayl\u0131 bilgi alabilir ve \u00e7e\u015fitli sa\u011fl\u0131k turizmi destinasyonlar\u0131 aras\u0131nda se\u00e7im yapabilirler. Ayr\u0131ca, online platformlar arac\u0131l\u0131\u011f\u0131yla seyahat d\u00fczenlemeleri, konaklama rezervasyonlar\u0131, transfer organizasyonlar\u0131 gibi lojistik detaylar da kolayl\u0131kla y\u00f6netilebilir. Bu dijital hizmetler, hastalar\u0131n tedavi s\u00fcrecini daha etkin bir \u015fekilde planlamalar\u0131n\u0131 sa\u011flayarak, sa\u011fl\u0131k turizmi deneyimini daha eri\u015filebilir ve kullan\u0131c\u0131 dostu hale getirir.<\/p><\/div><\/div><\/div><\/div><\/div><\/div><\/div><\/div><\/div><\/div><\/div><\/div>\t\t\t\t\t\t\t\t<\/div>\n\t\t\t\t<\/div>\n\t\t\t\t\t<\/div>\n\t\t<\/div>\n\t\t\t\t<div data-aos=\"\" class=\"elementor-column elementor-col-50 elementor-top-column elementor-element elementor-element-bc4d4c0 syd-sticky-section-no\" data-id=\"bc4d4c0\" data-element_type=\"column\" data-settings=\"{&quot;tp_sticky_col_effect_enable&quot;:false}\">\n\t\t\t<div class=\"elementor-widget-wrap elementor-element-populated\">\n\t\t\t\t\t\t<div class=\"elementor-element elementor-element-48dd569 syd-sticky-section-no elementor-widget elementor-widget-image\" data-id=\"48dd569\" data-element_type=\"widget\" data-widget_type=\"image.default\">\n\t\t\t\t<div class=\"elementor-widget-container\">\n\t\t\t\t\t\t\t\t\t\t\t\t\t\t\t<img fetchpriority=\"high\" decoding=\"async\" width=\"650\" height=\"360\" src=\"https:\/\/healthagentsturkey.com\/wp-content\/uploads\/2023\/11\/online.jpeg\" class=\"attachment-large size-large wp-image-2044\" alt=\"\" srcset=\"https:\/\/healthagentsturkey.com\/wp-content\/uploads\/2023\/11\/online.jpeg.webp 650w, https:\/\/healthagentsturkey.com\/wp-content\/uploads\/2023\/11\/online-300x166.jpeg.webp 300w, https:\/\/healthagentsturkey.com\/wp-content\/uploads\/2023\/11\/online-230x127.jpeg.webp 230w, https:\/\/healthagentsturkey.com\/wp-content\/uploads\/2023\/11\/online-350x194.jpeg.webp 350w, https:\/\/healthagentsturkey.com\/wp-content\/uploads\/2023\/11\/online-480x266.jpeg.webp 480w\" sizes=\"(max-width: 650px) 100vw, 650px\" \/>\t\t\t\t\t\t\t\t\t\t\t\t\t\t\t<\/div>\n\t\t\t\t<\/div>\n\t\t\t\t\t<\/div>\n\t\t<\/div>\n\t\t\t\t\t<\/div>\n\t\t<\/section>\n\t\t\t\t<section class=\"elementor-section elementor-top-section elementor-element elementor-element-760dd32 elementor-section-content-middle elementor-section-boxed elementor-section-height-default elementor-section-height-default tp-parallax-no syd-sticky-section-no\" data-id=\"760dd32\" data-element_type=\"section\" data-settings=\"{&quot;background_background&quot;:&quot;classic&quot;,&quot;tp_sticky_sec_effect_enable&quot;:false}\">\n\t\t\t\t\t\t<div class=\"elementor-container elementor-column-gap-default\">\n\t\t\t\t\t<div data-aos=\"\" class=\"elementor-column elementor-col-50 elementor-top-column elementor-element elementor-element-51de092 syd-sticky-section-no\" data-id=\"51de092\" data-element_type=\"column\" data-settings=\"{&quot;tp_sticky_col_effect_enable&quot;:false}\">\n\t\t\t<div class=\"elementor-widget-wrap elementor-element-populated\">\n\t\t\t\t\t\t<div class=\"elementor-element elementor-element-385d303 syd-sticky-section-no elementor-widget elementor-widget-heading\" data-id=\"385d303\" data-element_type=\"widget\" data-widget_type=\"heading.default\">\n\t\t\t\t<div class=\"elementor-widget-container\">\n\t\t\t\t\t<h2 class=\"elementor-heading-title elementor-size-default\">Sorular\u0131n\u0131z m\u0131 var?<\/h2>\t\t\t\t<\/div>\n\t\t\t\t<\/div>\n\t\t\t\t\t<\/div>\n\t\t<\/div>\n\t\t\t\t<div data-aos=\"\" class=\"elementor-column elementor-col-50 elementor-top-column elementor-element elementor-element-8cfed5c syd-sticky-section-no\" data-id=\"8cfed5c\" data-element_type=\"column\" data-settings=\"{&quot;tp_sticky_col_effect_enable&quot;:false}\">\n\t\t\t<div class=\"elementor-widget-wrap elementor-element-populated\">\n\t\t\t\t\t\t<div class=\"elementor-element elementor-element-2681e52 elementor-align-right elementor-mobile-align-center syd-sticky-section-no elementor-widget elementor-widget-button\" data-id=\"2681e52\" data-element_type=\"widget\" data-widget_type=\"button.default\">\n\t\t\t\t<div class=\"elementor-widget-container\">\n\t\t\t\t\t\t\t\t\t<div class=\"elementor-button-wrapper\">\n\t\t\t\t\t<a class=\"elementor-button elementor-button-link elementor-size-sm\" href=\"https:\/\/healthagentsturkey.com\/iletisim\/\">\n\t\t\t\t\t\t<span class=\"elementor-button-content-wrapper\">\n\t\t\t\t\t\t\t\t\t<span class=\"elementor-button-text\">Bize Ula\u015f\u0131n<\/span>\n\t\t\t\t\t<\/span>\n\t\t\t\t\t<\/a>\n\t\t\t\t<\/div>\n\t\t\t\t\t\t\t\t<\/div>\n\t\t\t\t<\/div>\n\t\t\t\t\t<\/div>\n\t\t<\/div>\n\t\t\t\t\t<\/div>\n\t\t<\/section>\n\t\t\t\t<\/div>\n\t\t","protected":false},"excerpt":{"rendered":"<p>Online Hizmetler Online hizmetler, sa\u011fl\u0131k turizmi alan\u0131nda hastalara ve refakat\u00e7ilere kapsaml\u0131 bir dijital destek sunarak, tedavi s\u00fcrecini planlamalar\u0131n\u0131 ve y\u00f6netmelerini sa\u011flar. Bu [&hellip;]<\/p>\n","protected":false},"author":1,"featured_media":0,"parent":556,"menu_order":0,"comment_status":"closed","ping_status":"closed","template":"page-templates\/page_front-page.php","meta":{"_eb_attr":"","footnotes":""},"class_list":["post-912","page","type-page","status-publish","hentry"],"_links":{"self":[{"href":"https:\/\/healthagentsturkey.com\/tr\/wp-json\/wp\/v2\/pages\/912","targetHints":{"allow":["GET"]}}],"collection":[{"href":"https:\/\/healthagentsturkey.com\/tr\/wp-json\/wp\/v2\/pages"}],"about":[{"href":"https:\/\/healthagentsturkey.com\/tr\/wp-json\/wp\/v2\/types\/page"}],"author":[{"embeddable":true,"href":"https:\/\/healthagentsturkey.com\/tr\/wp-json\/wp\/v2\/users\/1"}],"replies":[{"embeddable":true,"href":"https:\/\/healthagentsturkey.com\/tr\/wp-json\/wp\/v2\/comments?post=912"}],"version-history":[{"count":0,"href":"https:\/\/healthagentsturkey.com\/tr\/wp-json\/wp\/v2\/pages\/912\/revisions"}],"up":[{"embeddable":true,"href":"https:\/\/healthagentsturkey.com\/tr\/wp-json\/wp\/v2\/pages\/556"}],"wp:attachment":[{"href":"https:\/\/healthagentsturkey.com\/tr\/wp-json\/wp\/v2\/media?parent=912"}],"curies":[{"name":"wp","href":"https:\/\/api.w.org\/{rel}","templated":true}]}}