{"id":911,"date":"2023-11-12T08:49:17","date_gmt":"2023-11-12T08:49:17","guid":{"rendered":"https:\/\/healthagentsturkey.com\/?page_id=911"},"modified":"2023-12-23T14:49:41","modified_gmt":"2023-12-23T11:49:41","slug":"ulasim","status":"publish","type":"page","link":"https:\/\/healthagentsturkey.com\/tr\/hizmetler\/ulasim\/","title":{"rendered":"Ula\u015f\u0131m Hizmetleri"},"content":{"rendered":"\t\t<div data-elementor-type=\"wp-page\" data-elementor-id=\"911\" class=\"elementor elementor-911\" data-elementor-post-type=\"page\">\n\t\t\t\t\t\t<section class=\"elementor-section elementor-top-section elementor-element elementor-element-eedafb9 elementor-section-content-middle elementor-section-boxed elementor-section-height-default elementor-section-height-default tp-parallax-no syd-sticky-section-no\" data-id=\"eedafb9\" data-element_type=\"section\" data-settings=\"{&quot;tp_sticky_sec_effect_enable&quot;:false}\">\n\t\t\t\t\t\t<div class=\"elementor-container elementor-column-gap-default\">\n\t\t\t\t\t<div data-aos=\"\" class=\"elementor-column elementor-col-50 elementor-top-column elementor-element elementor-element-571508b syd-sticky-section-no\" data-id=\"571508b\" data-element_type=\"column\" data-settings=\"{&quot;tp_sticky_col_effect_enable&quot;:false}\">\n\t\t\t<div class=\"elementor-widget-wrap elementor-element-populated\">\n\t\t\t\t\t\t<div class=\"elementor-element elementor-element-2fc2cb6 syd-sticky-section-no elementor-widget elementor-widget-heading\" data-id=\"2fc2cb6\" data-element_type=\"widget\" data-widget_type=\"heading.default\">\n\t\t\t\t<div class=\"elementor-widget-container\">\n\t\t\t\t\t<h2 class=\"elementor-heading-title elementor-size-default\">Ula\u015f\u0131m Hizmetleri<\/h2>\t\t\t\t<\/div>\n\t\t\t\t<\/div>\n\t\t\t\t<div class=\"elementor-element elementor-element-1cf0f1c syd-sticky-section-no elementor-widget elementor-widget-text-editor\" data-id=\"1cf0f1c\" data-element_type=\"widget\" data-widget_type=\"text-editor.default\">\n\t\t\t\t<div class=\"elementor-widget-container\">\n\t\t\t\t\t\t\t\t\t<p><strong>&nbsp; &nbsp; &nbsp; &nbsp;Ula\u015f\u0131m hizmetleri<\/strong>, sa\u011fl\u0131k turizmi ba\u011flam\u0131nda \u00f6nemli bir rol oynayarak hastalar\u0131n seyahat s\u00fcre\u00e7lerini konforlu ve g\u00fcvenli bir \u015fekilde y\u00f6netmeyi ama\u00e7lar. Sa\u011fl\u0131k turizmi kapsam\u0131nda sunulan ula\u015f\u0131m hizmetleri, hastalar\u0131n tedavi amac\u0131yla farkl\u0131 \u00fclkelere seyahat etmelerini destekler. Bu hizmetler aras\u0131nda \u00f6zel u\u00e7ak seferleri, VIP ta\u015f\u0131ma, havaalan\u0131 transferleri ve hasta dostu ula\u015f\u0131m se\u00e7enekleri yer al\u0131r. \u00d6zellikle cerrahi m\u00fcdahaleler veya uzun s\u00fcreli tedaviler gerektiren durumlarda, konforlu ve etkili bir ula\u015f\u0131m d\u00fczenlemesi sa\u011fl\u0131k turizmi deneyimini olumlu y\u00f6nde etkileyebilir. Hasta odakl\u0131 havaalan\u0131 transferleri ve \u00f6zel ambulans hizmetleri, hastalar\u0131n seyahatleri boyunca ihtiya\u00e7lar\u0131na uygun bir destek sa\u011flamay\u0131 ama\u00e7lar. Bu kapsamda, sa\u011fl\u0131k turizmi i\u00e7in sunulan ula\u015f\u0131m hizmetleri, hastalar\u0131n tedavi s\u00fcre\u00e7lerini sadece t\u0131bbi y\u00f6nden de\u011fil, ayn\u0131 zamanda ula\u015f\u0131m konforu ve g\u00fcvenli\u011fi a\u00e7\u0131s\u0131ndan da optimize etmeyi hedefler.<\/p>\n<p style=\"text-align: center;\"><strong>Health Agents; <\/strong>Konforlu ve g\u00fcvenli ula\u015f\u0131m\u0131n\u0131z i\u00e7in.<\/p>\t\t\t\t\t\t\t\t<\/div>\n\t\t\t\t<\/div>\n\t\t\t\t\t<\/div>\n\t\t<\/div>\n\t\t\t\t<div data-aos=\"\" class=\"elementor-column elementor-col-50 elementor-top-column elementor-element elementor-element-bc4d4c0 syd-sticky-section-no\" data-id=\"bc4d4c0\" data-element_type=\"column\" data-settings=\"{&quot;tp_sticky_col_effect_enable&quot;:false}\">\n\t\t\t<div class=\"elementor-widget-wrap elementor-element-populated\">\n\t\t\t\t\t\t<div class=\"elementor-element elementor-element-48dd569 syd-sticky-section-no elementor-widget elementor-widget-image\" data-id=\"48dd569\" data-element_type=\"widget\" data-widget_type=\"image.default\">\n\t\t\t\t<div class=\"elementor-widget-container\">\n\t\t\t\t\t\t\t\t\t\t\t\t\t\t\t<img fetchpriority=\"high\" decoding=\"async\" width=\"728\" height=\"455\" src=\"https:\/\/healthagentsturkey.com\/wp-content\/uploads\/2023\/11\/ucak.jpg\" class=\"attachment-large size-large wp-image-1936\" alt=\"\" srcset=\"https:\/\/healthagentsturkey.com\/wp-content\/uploads\/2023\/11\/ucak.jpg.webp 728w, https:\/\/healthagentsturkey.com\/wp-content\/uploads\/2023\/11\/ucak-300x188.jpg.webp 300w, https:\/\/healthagentsturkey.com\/wp-content\/uploads\/2023\/11\/ucak-230x144.jpg.webp 230w, https:\/\/healthagentsturkey.com\/wp-content\/uploads\/2023\/11\/ucak-350x219.jpg.webp 350w, https:\/\/healthagentsturkey.com\/wp-content\/uploads\/2023\/11\/ucak-480x300.jpg.webp 480w\" sizes=\"(max-width: 728px) 100vw, 728px\" \/>\t\t\t\t\t\t\t\t\t\t\t\t\t\t\t<\/div>\n\t\t\t\t<\/div>\n\t\t\t\t\t<\/div>\n\t\t<\/div>\n\t\t\t\t\t<\/div>\n\t\t<\/section>\n\t\t\t\t<section class=\"elementor-section elementor-top-section elementor-element elementor-element-34e21bf elementor-section-content-middle elementor-section-boxed elementor-section-height-default elementor-section-height-default tp-parallax-no syd-sticky-section-no\" data-id=\"34e21bf\" data-element_type=\"section\" data-settings=\"{&quot;background_background&quot;:&quot;classic&quot;,&quot;tp_sticky_sec_effect_enable&quot;:false}\">\n\t\t\t\t\t\t<div class=\"elementor-container elementor-column-gap-default\">\n\t\t\t\t\t<div data-aos=\"\" class=\"elementor-column elementor-col-50 elementor-top-column elementor-element elementor-element-3c835a5 syd-sticky-section-no\" data-id=\"3c835a5\" data-element_type=\"column\" data-settings=\"{&quot;tp_sticky_col_effect_enable&quot;:false}\">\n\t\t\t<div class=\"elementor-widget-wrap elementor-element-populated\">\n\t\t\t\t\t\t<div class=\"elementor-element elementor-element-47dbce9 syd-sticky-section-no elementor-widget elementor-widget-heading\" data-id=\"47dbce9\" data-element_type=\"widget\" data-widget_type=\"heading.default\">\n\t\t\t\t<div class=\"elementor-widget-container\">\n\t\t\t\t\t<h2 class=\"elementor-heading-title elementor-size-default\">Sorular\u0131n\u0131z m\u0131 var?<\/h2>\t\t\t\t<\/div>\n\t\t\t\t<\/div>\n\t\t\t\t\t<\/div>\n\t\t<\/div>\n\t\t\t\t<div data-aos=\"\" class=\"elementor-column elementor-col-50 elementor-top-column elementor-element elementor-element-df1b334 syd-sticky-section-no\" data-id=\"df1b334\" data-element_type=\"column\" data-settings=\"{&quot;tp_sticky_col_effect_enable&quot;:false}\">\n\t\t\t<div class=\"elementor-widget-wrap elementor-element-populated\">\n\t\t\t\t\t\t<div class=\"elementor-element elementor-element-f88ca6c elementor-align-right elementor-mobile-align-center syd-sticky-section-no elementor-widget elementor-widget-button\" data-id=\"f88ca6c\" data-element_type=\"widget\" data-widget_type=\"button.default\">\n\t\t\t\t<div class=\"elementor-widget-container\">\n\t\t\t\t\t\t\t\t\t<div class=\"elementor-button-wrapper\">\n\t\t\t\t\t<a class=\"elementor-button elementor-button-link elementor-size-sm\" href=\"https:\/\/healthagentsturkey.com\/iletisim\/\">\n\t\t\t\t\t\t<span class=\"elementor-button-content-wrapper\">\n\t\t\t\t\t\t\t\t\t<span class=\"elementor-button-text\">Bize Ula\u015f\u0131n<\/span>\n\t\t\t\t\t<\/span>\n\t\t\t\t\t<\/a>\n\t\t\t\t<\/div>\n\t\t\t\t\t\t\t\t<\/div>\n\t\t\t\t<\/div>\n\t\t\t\t\t<\/div>\n\t\t<\/div>\n\t\t\t\t\t<\/div>\n\t\t<\/section>\n\t\t\t\t<\/div>\n\t\t","protected":false},"excerpt":{"rendered":"<p>Ula\u015f\u0131m Hizmetleri &#038;nbsp &#038;nbsp &#038;nbsp &#038;nbspUla\u015f\u0131m hizmetleri, sa\u011fl\u0131k turizmi ba\u011flam\u0131nda \u00f6nemli bir rol oynayarak hastalar\u0131n seyahat s\u00fcre\u00e7lerini konforlu ve g\u00fcvenli bir \u015fekilde [&hellip;]<\/p>\n","protected":false},"author":1,"featured_media":0,"parent":556,"menu_order":0,"comment_status":"closed","ping_status":"closed","template":"page-templates\/page_front-page.php","meta":{"_eb_attr":"","footnotes":""},"class_list":["post-911","page","type-page","status-publish","hentry"],"_links":{"self":[{"href":"https:\/\/healthagentsturkey.com\/tr\/wp-json\/wp\/v2\/pages\/911","targetHints":{"allow":["GET"]}}],"collection":[{"href":"https:\/\/healthagentsturkey.com\/tr\/wp-json\/wp\/v2\/pages"}],"about":[{"href":"https:\/\/healthagentsturkey.com\/tr\/wp-json\/wp\/v2\/types\/page"}],"author":[{"embeddable":true,"href":"https:\/\/healthagentsturkey.com\/tr\/wp-json\/wp\/v2\/users\/1"}],"replies":[{"embeddable":true,"href":"https:\/\/healthagentsturkey.com\/tr\/wp-json\/wp\/v2\/comments?post=911"}],"version-history":[{"count":0,"href":"https:\/\/healthagentsturkey.com\/tr\/wp-json\/wp\/v2\/pages\/911\/revisions"}],"up":[{"embeddable":true,"href":"https:\/\/healthagentsturkey.com\/tr\/wp-json\/wp\/v2\/pages\/556"}],"wp:attachment":[{"href":"https:\/\/healthagentsturkey.com\/tr\/wp-json\/wp\/v2\/media?parent=911"}],"curies":[{"name":"wp","href":"https:\/\/api.w.org\/{rel}","templated":true}]}}