{"id":905,"date":"2023-11-12T08:49:17","date_gmt":"2023-11-12T08:49:17","guid":{"rendered":"https:\/\/healthagentsturkey.com\/?page_id=905"},"modified":"2023-12-23T14:40:08","modified_gmt":"2023-12-23T11:40:08","slug":"tibbi","status":"publish","type":"page","link":"https:\/\/healthagentsturkey.com\/tr\/hizmetler\/tibbi\/","title":{"rendered":"T\u0131bbi Hizmetler"},"content":{"rendered":"\t\t<div data-elementor-type=\"wp-page\" data-elementor-id=\"905\" class=\"elementor elementor-905\" data-elementor-post-type=\"page\">\n\t\t\t\t\t\t<section class=\"elementor-section elementor-top-section elementor-element elementor-element-eedafb9 elementor-section-content-middle elementor-section-boxed elementor-section-height-default elementor-section-height-default tp-parallax-no syd-sticky-section-no\" data-id=\"eedafb9\" data-element_type=\"section\" data-settings=\"{&quot;tp_sticky_sec_effect_enable&quot;:false}\">\n\t\t\t\t\t\t<div class=\"elementor-container elementor-column-gap-default\">\n\t\t\t\t\t<div data-aos=\"\" class=\"elementor-column elementor-col-50 elementor-top-column elementor-element elementor-element-571508b syd-sticky-section-no\" data-id=\"571508b\" data-element_type=\"column\" data-settings=\"{&quot;tp_sticky_col_effect_enable&quot;:false}\">\n\t\t\t<div class=\"elementor-widget-wrap elementor-element-populated\">\n\t\t\t\t\t\t<div class=\"elementor-element elementor-element-2fc2cb6 syd-sticky-section-no elementor-widget elementor-widget-heading\" data-id=\"2fc2cb6\" data-element_type=\"widget\" data-widget_type=\"heading.default\">\n\t\t\t\t<div class=\"elementor-widget-container\">\n\t\t\t\t\t<h2 class=\"elementor-heading-title elementor-size-default\">T\u0131bbi Hizmetler<\/h2>\t\t\t\t<\/div>\n\t\t\t\t<\/div>\n\t\t\t\t<div class=\"elementor-element elementor-element-1cf0f1c syd-sticky-section-no elementor-widget elementor-widget-text-editor\" data-id=\"1cf0f1c\" data-element_type=\"widget\" data-widget_type=\"text-editor.default\">\n\t\t\t\t<div class=\"elementor-widget-container\">\n\t\t\t\t\t\t\t\t\t<p><strong>T\u0131bbi hizmetler<\/strong>, geni\u015f bir yelpazede sa\u011fl\u0131k sorunlar\u0131na y\u00f6nelik \u00e7e\u015fitli hizmetleri kapsayan kapsaml\u0131 bir sekt\u00f6rd\u00fcr. Bu alanda faaliyet g\u00f6steren sa\u011fl\u0131k profesyonelleri, genel sa\u011fl\u0131k hizmetleri, uzmanl\u0131k bran\u015flar\u0131 ve cerrahi m\u00fcdahaleler gibi \u00e7e\u015fitli alanlarda hizmet sunarlar. Aile hekimli\u011fi, i\u00e7 hastal\u0131klar\u0131, pediatri, jinekoloji, ortopedi gibi genel sa\u011fl\u0131k hizmetleri, bireylerin genel sa\u011fl\u0131klar\u0131n\u0131 korumay\u0131 ve iyile\u015ftirmeyi ama\u00e7lar. Uzmanl\u0131k bran\u015flar\u0131 aras\u0131nda kardiyoloji, n\u00f6roloji, onkoloji, dermatoloji gibi alanlar yer al\u0131r ve bu bran\u015flar, belirli sa\u011fl\u0131k sorunlar\u0131na odaklanarak uzmanla\u015fm\u0131\u015f tedavi ve y\u00f6netim sa\u011flarlar. Cerrahi m\u00fcdahaleler, ortopedi, kardiyak cerrahi, n\u00f6ro\u015fir\u00fcrji gibi alanlarda ger\u00e7ekle\u015ftirilir ve \u00e7e\u015fitli sa\u011fl\u0131k sorunlar\u0131n\u0131n cerrahi y\u00f6ntemlerle tedavi edilmesini i\u00e7erir. Ayr\u0131ca, modern t\u0131bb\u0131n bir par\u00e7as\u0131 olarak diagnostik g\u00f6r\u00fcnt\u00fcleme, laboratuvar testleri, rehabilitasyon hizmetleri gibi destekleyici hizmetler de t\u0131bbi hizmetlerin ayr\u0131lmaz birer par\u00e7as\u0131n\u0131 olu\u015fturur. T\u0131bbi hizmetler, hastalar\u0131n sa\u011fl\u0131k ihtiya\u00e7lar\u0131na kapsaml\u0131 bir yakla\u015f\u0131m sunarak, genel sa\u011fl\u0131k ve ya\u015fam kalitesini art\u0131rmay\u0131 hedefler.<\/p>\t\t\t\t\t\t\t\t<\/div>\n\t\t\t\t<\/div>\n\t\t\t\t\t<\/div>\n\t\t<\/div>\n\t\t\t\t<div data-aos=\"\" class=\"elementor-column elementor-col-50 elementor-top-column elementor-element elementor-element-bc4d4c0 syd-sticky-section-no\" data-id=\"bc4d4c0\" data-element_type=\"column\" data-settings=\"{&quot;tp_sticky_col_effect_enable&quot;:false}\">\n\t\t\t<div class=\"elementor-widget-wrap elementor-element-populated\">\n\t\t\t\t\t\t<div class=\"elementor-element elementor-element-48dd569 syd-sticky-section-no elementor-widget elementor-widget-image\" data-id=\"48dd569\" data-element_type=\"widget\" data-widget_type=\"image.default\">\n\t\t\t\t<div class=\"elementor-widget-container\">\n\t\t\t\t\t\t\t\t\t\t\t\t\t\t\t<img fetchpriority=\"high\" decoding=\"async\" width=\"1000\" height=\"619\" src=\"https:\/\/healthagentsturkey.com\/wp-content\/uploads\/2023\/11\/tibbihizmetler.jpg\" class=\"attachment-large size-large wp-image-1928\" alt=\"\" srcset=\"https:\/\/healthagentsturkey.com\/wp-content\/uploads\/2023\/11\/tibbihizmetler.jpg 1000w, https:\/\/healthagentsturkey.com\/wp-content\/uploads\/2023\/11\/tibbihizmetler-300x186.jpg 300w, https:\/\/healthagentsturkey.com\/wp-content\/uploads\/2023\/11\/tibbihizmetler-768x475.jpg 768w, https:\/\/healthagentsturkey.com\/wp-content\/uploads\/2023\/11\/tibbihizmetler-230x142.jpg 230w, https:\/\/healthagentsturkey.com\/wp-content\/uploads\/2023\/11\/tibbihizmetler-350x217.jpg 350w, https:\/\/healthagentsturkey.com\/wp-content\/uploads\/2023\/11\/tibbihizmetler-480x297.jpg 480w\" sizes=\"(max-width: 1000px) 100vw, 1000px\" \/>\t\t\t\t\t\t\t\t\t\t\t\t\t\t\t<\/div>\n\t\t\t\t<\/div>\n\t\t\t\t\t<\/div>\n\t\t<\/div>\n\t\t\t\t\t<\/div>\n\t\t<\/section>\n\t\t\t\t<section class=\"elementor-section elementor-top-section elementor-element elementor-element-39a86fc elementor-section-content-middle elementor-section-boxed elementor-section-height-default elementor-section-height-default tp-parallax-no syd-sticky-section-no\" data-id=\"39a86fc\" data-element_type=\"section\" data-settings=\"{&quot;background_background&quot;:&quot;classic&quot;,&quot;tp_sticky_sec_effect_enable&quot;:false}\">\n\t\t\t\t\t\t<div class=\"elementor-container elementor-column-gap-default\">\n\t\t\t\t\t<div data-aos=\"\" class=\"elementor-column elementor-col-50 elementor-top-column elementor-element elementor-element-2f5508e syd-sticky-section-no\" data-id=\"2f5508e\" data-element_type=\"column\" data-settings=\"{&quot;tp_sticky_col_effect_enable&quot;:false}\">\n\t\t\t<div class=\"elementor-widget-wrap elementor-element-populated\">\n\t\t\t\t\t\t<div class=\"elementor-element elementor-element-8986813 syd-sticky-section-no elementor-widget elementor-widget-heading\" data-id=\"8986813\" data-element_type=\"widget\" data-widget_type=\"heading.default\">\n\t\t\t\t<div class=\"elementor-widget-container\">\n\t\t\t\t\t<h2 class=\"elementor-heading-title elementor-size-default\">Sorular\u0131n\u0131z m\u0131 var?<\/h2>\t\t\t\t<\/div>\n\t\t\t\t<\/div>\n\t\t\t\t\t<\/div>\n\t\t<\/div>\n\t\t\t\t<div data-aos=\"\" class=\"elementor-column elementor-col-50 elementor-top-column elementor-element elementor-element-f6db6ca syd-sticky-section-no\" data-id=\"f6db6ca\" data-element_type=\"column\" data-settings=\"{&quot;tp_sticky_col_effect_enable&quot;:false}\">\n\t\t\t<div class=\"elementor-widget-wrap elementor-element-populated\">\n\t\t\t\t\t\t<div class=\"elementor-element elementor-element-a89ea7a elementor-align-right elementor-mobile-align-center syd-sticky-section-no elementor-widget elementor-widget-button\" data-id=\"a89ea7a\" data-element_type=\"widget\" data-widget_type=\"button.default\">\n\t\t\t\t<div class=\"elementor-widget-container\">\n\t\t\t\t\t\t\t\t\t<div class=\"elementor-button-wrapper\">\n\t\t\t\t\t<a class=\"elementor-button elementor-button-link elementor-size-sm\" href=\"https:\/\/healthagentsturkey.com\/iletisim\/\">\n\t\t\t\t\t\t<span class=\"elementor-button-content-wrapper\">\n\t\t\t\t\t\t\t\t\t<span class=\"elementor-button-text\">Bize Ula\u015f\u0131n<\/span>\n\t\t\t\t\t<\/span>\n\t\t\t\t\t<\/a>\n\t\t\t\t<\/div>\n\t\t\t\t\t\t\t\t<\/div>\n\t\t\t\t<\/div>\n\t\t\t\t\t<\/div>\n\t\t<\/div>\n\t\t\t\t\t<\/div>\n\t\t<\/section>\n\t\t\t\t<\/div>\n\t\t","protected":false},"excerpt":{"rendered":"<p>T\u0131bbi Hizmetler T\u0131bbi hizmetler, geni\u015f bir yelpazede sa\u011fl\u0131k sorunlar\u0131na y\u00f6nelik \u00e7e\u015fitli hizmetleri kapsayan kapsaml\u0131 bir sekt\u00f6rd\u00fcr. Bu alanda faaliyet g\u00f6steren sa\u011fl\u0131k profesyonelleri, [&hellip;]<\/p>\n","protected":false},"author":1,"featured_media":0,"parent":556,"menu_order":0,"comment_status":"closed","ping_status":"closed","template":"page-templates\/page_front-page.php","meta":{"_eb_attr":"","footnotes":""},"class_list":["post-905","page","type-page","status-publish","hentry"],"_links":{"self":[{"href":"https:\/\/healthagentsturkey.com\/tr\/wp-json\/wp\/v2\/pages\/905","targetHints":{"allow":["GET"]}}],"collection":[{"href":"https:\/\/healthagentsturkey.com\/tr\/wp-json\/wp\/v2\/pages"}],"about":[{"href":"https:\/\/healthagentsturkey.com\/tr\/wp-json\/wp\/v2\/types\/page"}],"author":[{"embeddable":true,"href":"https:\/\/healthagentsturkey.com\/tr\/wp-json\/wp\/v2\/users\/1"}],"replies":[{"embeddable":true,"href":"https:\/\/healthagentsturkey.com\/tr\/wp-json\/wp\/v2\/comments?post=905"}],"version-history":[{"count":0,"href":"https:\/\/healthagentsturkey.com\/tr\/wp-json\/wp\/v2\/pages\/905\/revisions"}],"up":[{"embeddable":true,"href":"https:\/\/healthagentsturkey.com\/tr\/wp-json\/wp\/v2\/pages\/556"}],"wp:attachment":[{"href":"https:\/\/healthagentsturkey.com\/tr\/wp-json\/wp\/v2\/media?parent=905"}],"curies":[{"name":"wp","href":"https:\/\/api.w.org\/{rel}","templated":true}]}}