{"id":401,"date":"2021-11-01T11:30:50","date_gmt":"2021-11-01T11:30:50","guid":{"rendered":"https:\/\/demo.athemes.com\/sydney-main\/?page_id=401"},"modified":"2023-12-18T15:37:40","modified_gmt":"2023-12-18T12:37:40","slug":"hakkimizda","status":"publish","type":"page","link":"https:\/\/healthagentsturkey.com\/tr\/hakkimizda\/","title":{"rendered":"HAKKIMIZDA"},"content":{"rendered":"\t\t<div data-elementor-type=\"wp-page\" data-elementor-id=\"401\" class=\"elementor elementor-401\" data-elementor-post-type=\"page\">\n\t\t\t\t\t\t<section class=\"elementor-section elementor-top-section elementor-element elementor-element-eedafb9 elementor-section-content-middle elementor-section-boxed elementor-section-height-default elementor-section-height-default tp-parallax-no syd-sticky-section-no\" data-id=\"eedafb9\" data-element_type=\"section\" data-settings=\"{&quot;tp_sticky_sec_effect_enable&quot;:false}\">\n\t\t\t\t\t\t<div class=\"elementor-container elementor-column-gap-default\">\n\t\t\t\t\t<div data-aos=\"\" class=\"elementor-column elementor-col-50 elementor-top-column elementor-element elementor-element-571508b syd-sticky-section-no\" data-id=\"571508b\" data-element_type=\"column\" data-settings=\"{&quot;tp_sticky_col_effect_enable&quot;:false}\">\n\t\t\t<div class=\"elementor-widget-wrap elementor-element-populated\">\n\t\t\t\t\t\t<div class=\"elementor-element elementor-element-fb80230 syd-sticky-section-no elementor-widget elementor-widget-heading\" data-id=\"fb80230\" data-element_type=\"widget\" data-widget_type=\"heading.default\">\n\t\t\t\t<div class=\"elementor-widget-container\">\n\t\t\t\t\t<h6 class=\"elementor-heading-title elementor-size-default\">Health Agents<\/h6>\t\t\t\t<\/div>\n\t\t\t\t<\/div>\n\t\t\t\t<div class=\"elementor-element elementor-element-2fc2cb6 syd-sticky-section-no elementor-widget elementor-widget-heading\" data-id=\"2fc2cb6\" data-element_type=\"widget\" data-widget_type=\"heading.default\">\n\t\t\t\t<div class=\"elementor-widget-container\">\n\t\t\t\t\t<h2 class=\"elementor-heading-title elementor-size-default\">Hakk\u0131m\u0131zda<\/h2>\t\t\t\t<\/div>\n\t\t\t\t<\/div>\n\t\t\t\t<div class=\"elementor-element elementor-element-1cf0f1c syd-sticky-section-no elementor-widget elementor-widget-text-editor\" data-id=\"1cf0f1c\" data-element_type=\"widget\" data-widget_type=\"text-editor.default\">\n\t\t\t\t<div class=\"elementor-widget-container\">\n\t\t\t\t\t\t\t\t\t<p><strong>Health Agents<\/strong>, hastalar\u0131na estetik ve di\u015f prosed\u00fcrleri de dahil olmak \u00fczere \u00e7e\u015fitli hizmetler sunan geli\u015fmekte olan bir sa\u011fl\u0131k hizmeti sa\u011flay\u0131c\u0131s\u0131d\u0131r. <strong>Health Agents<\/strong> b\u00fcnyesindeki sa\u011fl\u0131k personeli kendi disiplinlerinde uzmand\u0131r ve hastalara en y\u00fcksek sa\u011fl\u0131k ve estetik bak\u0131m standartlar\u0131n\u0131 kar\u015f\u0131lamak i\u00e7in en son teknolojiyle donat\u0131lm\u0131\u015f modern bir tesis sa\u011flar.<\/p><p><strong>Health Agents<\/strong>, ameliyats\u0131z estetik prosed\u00fcrlerden liposuction, mide germe, burun esteti\u011fi ve g\u00f6\u011f\u00fcs b\u00fcy\u00fctme gibi iyi bilinen cerrahi estetik operasyonlara kadar \u00e7e\u015fitli t\u0131bbi hizmetler sunmaktad\u0131r. Ayr\u0131ca, <strong>Health Agents<\/strong> metabolik cerrahi i\u00e7in de hizmet vermektedir. Uzman doktorlar\u0131m\u0131z obezite tedavisi, metabolik cerrahi ve diyabet tedavisi de dahil olmak \u00fczere \u00e7e\u015fitli alanlarda geni\u015f deneyime sahiptir.<\/p><p>\u0130stanbul&#8217;da bulunan <b>Health Agents<\/b>, hastalar\u0131na sadece en y\u00fcksek kalitede hizmet sunmakla kalm\u0131yor, ayn\u0131 zamanda onlar\u0131n konforu ve rahatl\u0131\u011f\u0131 i\u00e7in \u00f6zenle olu\u015fturulmu\u015f bir klinik atmosferi de sa\u011fl\u0131yor. <b>Health Agents<\/b>; hastalar\u0131na \u00fcst\u00fcn bir hizmet vererek, estetik ve metabolik cerrahi gibi say\u0131s\u0131z konuda birinci s\u0131n\u0131f bir deneyim ya\u015fat\u0131yor. <b>Health Agents<\/b>&#8216;deki yetenekli sa\u011fl\u0131k personelimiz, en son teknolojik cihazlar ve modern tesisler sayesinde hastalar\u0131n g\u00fcvenini kazanabilmektedir. Sa\u011fl\u0131k ve g\u00fczellik konusunda uzmanla\u015fm\u0131\u015f, deneyimli ve kaliteli bir hizmet ar\u0131yorsan\u0131z <b>Health Agents<\/b> tam size g\u00f6re!<\/p>\t\t\t\t\t\t\t\t<\/div>\n\t\t\t\t<\/div>\n\t\t\t\t\t<\/div>\n\t\t<\/div>\n\t\t\t\t<div data-aos=\"\" class=\"elementor-column elementor-col-50 elementor-top-column elementor-element elementor-element-bc4d4c0 syd-sticky-section-no\" data-id=\"bc4d4c0\" data-element_type=\"column\" data-settings=\"{&quot;tp_sticky_col_effect_enable&quot;:false}\">\n\t\t\t<div class=\"elementor-widget-wrap elementor-element-populated\">\n\t\t\t\t\t\t<div class=\"elementor-element elementor-element-48dd569 syd-sticky-section-no elementor-widget elementor-widget-image\" data-id=\"48dd569\" data-element_type=\"widget\" data-widget_type=\"image.default\">\n\t\t\t\t<div class=\"elementor-widget-container\">\n\t\t\t\t\t\t\t\t\t\t\t\t\t\t\t<img fetchpriority=\"high\" decoding=\"async\" width=\"802\" height=\"1024\" src=\"https:\/\/healthagentsturkey.com\/wp-content\/uploads\/2021\/11\/Rectangle-604-2-1-802x1024.jpg\" class=\"attachment-large size-large wp-image-409\" alt=\"\" srcset=\"https:\/\/healthagentsturkey.com\/wp-content\/uploads\/2021\/11\/Rectangle-604-2-1-802x1024.jpg 802w, https:\/\/healthagentsturkey.com\/wp-content\/uploads\/2021\/11\/Rectangle-604-2-1-235x300.jpg 235w, https:\/\/healthagentsturkey.com\/wp-content\/uploads\/2021\/11\/Rectangle-604-2-1-768x980.jpg 768w, https:\/\/healthagentsturkey.com\/wp-content\/uploads\/2021\/11\/Rectangle-604-2-1-230x294.jpg 230w, https:\/\/healthagentsturkey.com\/wp-content\/uploads\/2021\/11\/Rectangle-604-2-1-350x447.jpg 350w, https:\/\/healthagentsturkey.com\/wp-content\/uploads\/2021\/11\/Rectangle-604-2-1-480x613.jpg 480w, https:\/\/healthagentsturkey.com\/wp-content\/uploads\/2021\/11\/Rectangle-604-2-1.jpg 811w\" sizes=\"(max-width: 802px) 100vw, 802px\" \/>\t\t\t\t\t\t\t\t\t\t\t\t\t\t\t<\/div>\n\t\t\t\t<\/div>\n\t\t\t\t\t<\/div>\n\t\t<\/div>\n\t\t\t\t\t<\/div>\n\t\t<\/section>\n\t\t\t\t<section class=\"elementor-section elementor-top-section elementor-element elementor-element-cfed380 elementor-section-content-middle elementor-section-boxed elementor-section-height-default elementor-section-height-default tp-parallax-no syd-sticky-section-no\" data-id=\"cfed380\" data-element_type=\"section\" data-settings=\"{&quot;background_background&quot;:&quot;classic&quot;,&quot;tp_sticky_sec_effect_enable&quot;:false}\">\n\t\t\t\t\t\t<div class=\"elementor-container elementor-column-gap-default\">\n\t\t\t\t\t<div data-aos=\"\" class=\"elementor-column elementor-col-50 elementor-top-column elementor-element elementor-element-d8fac92 syd-sticky-section-no\" data-id=\"d8fac92\" data-element_type=\"column\" data-settings=\"{&quot;tp_sticky_col_effect_enable&quot;:false}\">\n\t\t\t<div class=\"elementor-widget-wrap elementor-element-populated\">\n\t\t\t\t\t\t<div class=\"elementor-element elementor-element-ea4173f elementor-widget__width-initial syd-sticky-section-no elementor-widget elementor-widget-heading\" data-id=\"ea4173f\" data-element_type=\"widget\" data-widget_type=\"heading.default\">\n\t\t\t\t<div class=\"elementor-widget-container\">\n\t\t\t\t\t<h2 class=\"elementor-heading-title elementor-size-default\">B\u0130ZE \u00d6NER\u0130LER\u0130N\u0130Z M\u0130 VAR?<\/h2>\t\t\t\t<\/div>\n\t\t\t\t<\/div>\n\t\t\t\t\t<\/div>\n\t\t<\/div>\n\t\t\t\t<div data-aos=\"\" class=\"elementor-column elementor-col-50 elementor-top-column elementor-element elementor-element-7aa5769 syd-sticky-section-no\" data-id=\"7aa5769\" data-element_type=\"column\" data-settings=\"{&quot;tp_sticky_col_effect_enable&quot;:false}\">\n\t\t\t<div class=\"elementor-widget-wrap elementor-element-populated\">\n\t\t\t\t\t\t<div class=\"elementor-element elementor-element-9c6e3e1 elementor-align-right elementor-mobile-align-center syd-sticky-section-no elementor-widget elementor-widget-button\" data-id=\"9c6e3e1\" data-element_type=\"widget\" data-widget_type=\"button.default\">\n\t\t\t\t<div class=\"elementor-widget-container\">\n\t\t\t\t\t\t\t\t\t<div class=\"elementor-button-wrapper\">\n\t\t\t\t\t<a class=\"elementor-button elementor-button-link elementor-size-sm\" href=\"https:\/\/healthagentsturkey.com\/iletisim\/\">\n\t\t\t\t\t\t<span class=\"elementor-button-content-wrapper\">\n\t\t\t\t\t\t\t\t\t<span class=\"elementor-button-text\">B\u0130ZE uLA\u015eIN<\/span>\n\t\t\t\t\t<\/span>\n\t\t\t\t\t<\/a>\n\t\t\t\t<\/div>\n\t\t\t\t\t\t\t\t<\/div>\n\t\t\t\t<\/div>\n\t\t\t\t\t<\/div>\n\t\t<\/div>\n\t\t\t\t\t<\/div>\n\t\t<\/section>\n\t\t\t\t<\/div>\n\t\t","protected":false},"excerpt":{"rendered":"<p>Health Agents Hakk\u0131m\u0131zda Health Agents, hastalar\u0131na estetik ve di\u015f prosed\u00fcrleri de dahil olmak \u00fczere \u00e7e\u015fitli hizmetler sunan geli\u015fmekte olan bir sa\u011fl\u0131k hizmeti [&hellip;]<\/p>\n","protected":false},"author":1,"featured_media":0,"parent":0,"menu_order":0,"comment_status":"closed","ping_status":"closed","template":"page-templates\/page_front-page.php","meta":{"_eb_attr":"","footnotes":""},"class_list":["post-401","page","type-page","status-publish","hentry"],"_links":{"self":[{"href":"https:\/\/healthagentsturkey.com\/tr\/wp-json\/wp\/v2\/pages\/401","targetHints":{"allow":["GET"]}}],"collection":[{"href":"https:\/\/healthagentsturkey.com\/tr\/wp-json\/wp\/v2\/pages"}],"about":[{"href":"https:\/\/healthagentsturkey.com\/tr\/wp-json\/wp\/v2\/types\/page"}],"author":[{"embeddable":true,"href":"https:\/\/healthagentsturkey.com\/tr\/wp-json\/wp\/v2\/users\/1"}],"replies":[{"embeddable":true,"href":"https:\/\/healthagentsturkey.com\/tr\/wp-json\/wp\/v2\/comments?post=401"}],"version-history":[{"count":0,"href":"https:\/\/healthagentsturkey.com\/tr\/wp-json\/wp\/v2\/pages\/401\/revisions"}],"wp:attachment":[{"href":"https:\/\/healthagentsturkey.com\/tr\/wp-json\/wp\/v2\/media?parent=401"}],"curies":[{"name":"wp","href":"https:\/\/api.w.org\/{rel}","templated":true}]}}