{"id":3273,"date":"2023-12-25T13:18:24","date_gmt":"2023-12-25T10:18:24","guid":{"rendered":"https:\/\/healthagentsturkey.com\/?page_id=3273"},"modified":"2026-02-25T10:31:56","modified_gmt":"2026-02-25T07:31:56","slug":"infertilite","status":"publish","type":"page","link":"https:\/\/healthagentsturkey.com\/tr\/tedavi\/infertilite\/","title":{"rendered":"Infertilite"},"content":{"rendered":"\t\t<div data-elementor-type=\"wp-page\" data-elementor-id=\"3273\" class=\"elementor elementor-3273\" data-elementor-post-type=\"page\">\n\t\t\t\t\t\t<section class=\"elementor-section elementor-top-section elementor-element elementor-element-eedafb9 elementor-section-content-middle elementor-section-boxed elementor-section-height-default elementor-section-height-default tp-parallax-no syd-sticky-section-no\" data-id=\"eedafb9\" data-element_type=\"section\" data-settings=\"{&quot;tp_sticky_sec_effect_enable&quot;:false}\">\n\t\t\t\t\t\t<div class=\"elementor-container elementor-column-gap-default\">\n\t\t\t\t\t<div data-aos=\"\" class=\"elementor-column elementor-col-50 elementor-top-column elementor-element elementor-element-571508b syd-sticky-section-no\" data-id=\"571508b\" data-element_type=\"column\" data-settings=\"{&quot;tp_sticky_col_effect_enable&quot;:false}\">\n\t\t\t<div class=\"elementor-widget-wrap elementor-element-populated\">\n\t\t\t\t\t\t<div class=\"elementor-element elementor-element-2fc2cb6 syd-sticky-section-no elementor-widget elementor-widget-heading\" data-id=\"2fc2cb6\" data-element_type=\"widget\" data-widget_type=\"heading.default\">\n\t\t\t\t<div class=\"elementor-widget-container\">\n\t\t\t\t\t<h2 class=\"elementor-heading-title elementor-size-default\">INFERTILITE<\/h2>\t\t\t\t<\/div>\n\t\t\t\t<\/div>\n\t\t\t\t<div class=\"elementor-element elementor-element-1cf0f1c elementor-widget__width-initial syd-sticky-section-no elementor-widget elementor-widget-text-editor\" data-id=\"1cf0f1c\" data-element_type=\"widget\" data-widget_type=\"text-editor.default\">\n\t\t\t\t<div class=\"elementor-widget-container\">\n\t\t\t\t\t\t\t\t\t<p>Sa\u011fl\u0131k turizmi alan\u0131nda lider konumda olan Health Agents, jinekolojik infertilite (k\u0131s\u0131rl\u0131k) tedavilerinde size umut \u0131\u015f\u0131\u011f\u0131 olmay\u0131 hedefler. \u00c7ocuk sahibi olma yolculu\u011funda kar\u015f\u0131la\u015f\u0131lan zorluklar, her \u00e7iftin hayat\u0131nda \u00f6nemli bir d\u00f6neme\u00e7tir. Biz, bu yolculu\u011funuzu desteklemek ve rehberlik etmek i\u00e7in buraday\u0131z. Yenilik\u00e7i tedavi y\u00f6ntemlerimiz ve uzman ekibimizle, her \u00e7iftin benzersiz ihtiya\u00e7lar\u0131na \u00f6zel \u00e7\u00f6z\u00fcmler sunuyoruz.<\/p><p>\u0130\u015fte sundu\u011fumuz ba\u015fl\u0131ca tedavi y\u00f6ntemleri.<\/p>\t\t\t\t\t\t\t\t<\/div>\n\t\t\t\t<\/div>\n\t\t\t\t\t<\/div>\n\t\t<\/div>\n\t\t\t\t<div data-aos=\"\" class=\"elementor-column elementor-col-50 elementor-top-column elementor-element elementor-element-bc4d4c0 syd-sticky-section-no\" data-id=\"bc4d4c0\" data-element_type=\"column\" data-settings=\"{&quot;tp_sticky_col_effect_enable&quot;:false}\">\n\t\t\t<div class=\"elementor-widget-wrap elementor-element-populated\">\n\t\t\t\t\t\t<div class=\"elementor-element elementor-element-48dd569 syd-sticky-section-no elementor-widget elementor-widget-image\" data-id=\"48dd569\" data-element_type=\"widget\" data-widget_type=\"image.default\">\n\t\t\t\t<div class=\"elementor-widget-container\">\n\t\t\t\t\t\t\t\t\t<\/div>\n\t\t\t\t<\/div>\n\t\t\t\t\t<\/div>\n\t\t<\/div>\n\t\t\t\t\t<\/div>\n\t\t<\/section>\n\t\t<div class=\"elementor-element elementor-element-99fe56d e-flex e-con-boxed syd-sticky-section-no e-con e-parent\" data-id=\"99fe56d\" data-element_type=\"container\">\n\t\t\t\t\t<div class=\"e-con-inner\">\n\t\t\t\t<div class=\"elementor-element elementor-element-def30c4 syd-sticky-section-no elementor-widget elementor-widget-text-editor\" data-id=\"def30c4\" data-element_type=\"widget\" data-widget_type=\"text-editor.default\">\n\t\t\t\t<div class=\"elementor-widget-container\">\n\t\t\t\t\t\t\t\t\t<ol><li><strong>A\u015f\u0131lama (IUI):<\/strong> Bu y\u00f6ntem, sperm h\u00fccrelerinin do\u011frudan rahime yerle\u015ftirilmesi i\u015flemidir. Do\u011fal yollarla gebelik \u015fans\u0131n\u0131 art\u0131rmak i\u00e7in uygulanan bu y\u00f6ntem, basit ve etkili bir \u00e7\u00f6z\u00fcm sunar.<\/li><li><strong><a href=\"https:\/\/healthagentsturkey.com\/tedavi\/infertilite__trashed\/ivf\/\">T\u00fcp Bebek Tedavisi<\/a>:<\/strong> T\u00fcp bebek olarak da bilinen bu y\u00f6ntem, d\u00f6llenme i\u015fleminin laboratuvar ortam\u0131nda ger\u00e7ekle\u015ftirilmesini i\u00e7erir. D\u00f6llenen embriyo daha sonra anne aday\u0131n\u0131n rahmine transfer edilir. IVF, y\u00fcksek ba\u015far\u0131 oranlar\u0131yla bilinir.<\/li><li><strong>Ki\u015fiye \u00d6zel T\u00fcp Bebek Tedavisi:<\/strong> Her hastan\u0131n ihtiyac\u0131na \u00f6zel olarak d\u00fczenlenen IVF tedavisi, ki\u015fiselle\u015ftirilmi\u015f bir yakla\u015f\u0131m sunar. Bu y\u00f6ntem, hasta \u00f6zelliklerine ve ihtiya\u00e7lar\u0131na g\u00f6re \u00f6zelle\u015ftirilir, b\u00f6ylece en y\u00fcksek ba\u015far\u0131 \u015fans\u0131 hedeflenir.<\/li><li><strong>Mikroenjeksiyon \u2013 ICSI:<\/strong> \u0130ntrasitoplazmik sperm enjeksiyonu (ICSI), tek bir sperm h\u00fccresinin do\u011frudan bir yumurta i\u00e7ine enjekte edilmesini i\u00e7erir. \u00d6zellikle erkek fakt\u00f6rl\u00fc infertilite durumlar\u0131nda tercih edilen bu y\u00f6ntem, ba\u015far\u0131 oranlar\u0131n\u0131 art\u0131rmaktad\u0131r.<\/li><li><strong>IMSI \u2013 Sperm Mikroenjeksiyonu:<\/strong> IMSI, ICSI&#8217;nin geli\u015fmi\u015f bir formudur ve spermin mikroskop alt\u0131nda detayl\u0131 bir \u015fekilde incelenmesini i\u00e7erir. En sa\u011fl\u0131kl\u0131 sperm h\u00fccresinin se\u00e7ilmesiyle, d\u00f6llenme \u015fans\u0131 art\u0131r\u0131l\u0131r.<\/li><li><strong>Embriyoskop:<\/strong> Bu ileri teknoloji cihaz, embriyolar\u0131n geli\u015fimini s\u00fcrekli olarak izler. Sa\u011fl\u0131kl\u0131 embriyolar\u0131n se\u00e7imi bu y\u00f6ntemle daha hassas bir \u015fekilde yap\u0131l\u0131r, b\u00f6ylece gebelik \u015fans\u0131 artar.<\/li><li><strong>Blastosist Transferi:<\/strong> Embriyo, blastokist a\u015famas\u0131na ula\u015ft\u0131\u011f\u0131nda (genellikle d\u00f6llenmeden sonraki 5. g\u00fcn) rahme transfer edilir. Bu y\u00f6ntem, embriyonun rahim duvar\u0131na tutunma \u015fans\u0131n\u0131 art\u0131r\u0131r ve sa\u011fl\u0131kl\u0131 gebelik olas\u0131l\u0131\u011f\u0131n\u0131 y\u00fckseltir.<\/li><\/ol><p>Health Agents olarak, sizin ve gelece\u011finizin par\u00e7as\u0131 olacak minik bir hayat\u0131n sa\u011fl\u0131kl\u0131 ba\u015flang\u0131c\u0131n\u0131 sa\u011flamak i\u00e7in \u00e7al\u0131\u015f\u0131yoruz. Yolculu\u011funuz, bizim i\u00e7in sadece bir tedavi s\u00fcrecinden ibaret de\u011fil, ayn\u0131 zamanda hayallerinizi ger\u00e7ekle\u015ftirme yolunda at\u0131lan k\u0131ymetli ad\u0131mlard\u0131r. Modern t\u0131bb\u0131n imkanlar\u0131 ve uzman ekibimizin titiz \u00e7al\u0131\u015fmalar\u0131 ile sizlere en iyi hizmeti sunmay\u0131 ama\u00e7l\u0131yoruz. \u0130nfertilite tedavisi ve di\u011fer hizmetlerimiz hakk\u0131nda daha fazla bilgi almak, deneyimli uzmanlar\u0131m\u0131zla ileti\u015fime ge\u00e7mek i\u00e7in <a href=\"https:\/\/healthagentsturkey.com\/iletisim\/\">healthagentsturkey.com\/iletisim<\/a> adresini ziyaret ederek bize ula\u015fabilirsiniz,<\/p><p><strong>Sa\u011fl\u0131kl\u0131 ve mutlu bir gelece\u011fe ilk ad\u0131m\u0131n\u0131z\u0131 birlikte atal\u0131m.<\/strong><\/p>\t\t\t\t\t\t\t\t<\/div>\n\t\t\t\t<\/div>\n\t\t\t\t\t<\/div>\n\t\t\t\t<\/div>\n\t\t\t\t<section class=\"elementor-section elementor-top-section elementor-element elementor-element-cfed380 elementor-section-content-middle elementor-section-boxed elementor-section-height-default elementor-section-height-default tp-parallax-no syd-sticky-section-no\" data-id=\"cfed380\" data-element_type=\"section\" data-settings=\"{&quot;background_background&quot;:&quot;classic&quot;,&quot;tp_sticky_sec_effect_enable&quot;:false}\">\n\t\t\t\t\t\t<div class=\"elementor-container elementor-column-gap-default\">\n\t\t\t\t\t<div data-aos=\"\" class=\"elementor-column elementor-col-50 elementor-top-column elementor-element elementor-element-d8fac92 syd-sticky-section-no\" data-id=\"d8fac92\" data-element_type=\"column\" data-settings=\"{&quot;tp_sticky_col_effect_enable&quot;:false}\">\n\t\t\t<div class=\"elementor-widget-wrap elementor-element-populated\">\n\t\t\t\t\t\t<div class=\"elementor-element elementor-element-ea4173f syd-sticky-section-no elementor-widget elementor-widget-heading\" data-id=\"ea4173f\" data-element_type=\"widget\" data-widget_type=\"heading.default\">\n\t\t\t\t<div class=\"elementor-widget-container\">\n\t\t\t\t\t<h2 class=\"elementor-heading-title elementor-size-default\">Sorular\u0131n\u0131z m\u0131 var?<\/h2>\t\t\t\t<\/div>\n\t\t\t\t<\/div>\n\t\t\t\t\t<\/div>\n\t\t<\/div>\n\t\t\t\t<div data-aos=\"\" class=\"elementor-column elementor-col-50 elementor-top-column elementor-element elementor-element-7aa5769 syd-sticky-section-no\" data-id=\"7aa5769\" data-element_type=\"column\" data-settings=\"{&quot;tp_sticky_col_effect_enable&quot;:false}\">\n\t\t\t<div class=\"elementor-widget-wrap elementor-element-populated\">\n\t\t\t\t\t\t<div class=\"elementor-element elementor-element-9c6e3e1 elementor-align-right elementor-mobile-align-center syd-sticky-section-no elementor-widget elementor-widget-button\" data-id=\"9c6e3e1\" data-element_type=\"widget\" data-widget_type=\"button.default\">\n\t\t\t\t<div class=\"elementor-widget-container\">\n\t\t\t\t\t\t\t\t\t<div class=\"elementor-button-wrapper\">\n\t\t\t\t\t<a class=\"elementor-button elementor-button-link elementor-size-sm\" href=\"https:\/\/healthagentsturkey.com\/iletisim\/\">\n\t\t\t\t\t\t<span class=\"elementor-button-content-wrapper\">\n\t\t\t\t\t\t\t\t\t<span class=\"elementor-button-text\">Bize Ula\u015f\u0131n<\/span>\n\t\t\t\t\t<\/span>\n\t\t\t\t\t<\/a>\n\t\t\t\t<\/div>\n\t\t\t\t\t\t\t\t<\/div>\n\t\t\t\t<\/div>\n\t\t\t\t\t<\/div>\n\t\t<\/div>\n\t\t\t\t\t<\/div>\n\t\t<\/section>\n\t\t\t\t<\/div>\n\t\t","protected":false},"excerpt":{"rendered":"<p>INFERTILITE Sa\u011fl\u0131k turizmi alan\u0131nda lider konumda olan Health Agents, jinekolojik infertilite (k\u0131s\u0131rl\u0131k) tedavilerinde size umut \u0131\u015f\u0131\u011f\u0131 olmay\u0131 hedefler. \u00c7ocuk sahibi olma yolculu\u011funda [&hellip;]<\/p>\n","protected":false},"author":1,"featured_media":0,"parent":899,"menu_order":0,"comment_status":"closed","ping_status":"closed","template":"elementor_header_footer","meta":{"_eb_attr":"","footnotes":""},"class_list":["post-3273","page","type-page","status-publish","hentry"],"_links":{"self":[{"href":"https:\/\/healthagentsturkey.com\/tr\/wp-json\/wp\/v2\/pages\/3273","targetHints":{"allow":["GET"]}}],"collection":[{"href":"https:\/\/healthagentsturkey.com\/tr\/wp-json\/wp\/v2\/pages"}],"about":[{"href":"https:\/\/healthagentsturkey.com\/tr\/wp-json\/wp\/v2\/types\/page"}],"author":[{"embeddable":true,"href":"https:\/\/healthagentsturkey.com\/tr\/wp-json\/wp\/v2\/users\/1"}],"replies":[{"embeddable":true,"href":"https:\/\/healthagentsturkey.com\/tr\/wp-json\/wp\/v2\/comments?post=3273"}],"version-history":[{"count":1,"href":"https:\/\/healthagentsturkey.com\/tr\/wp-json\/wp\/v2\/pages\/3273\/revisions"}],"predecessor-version":[{"id":4791,"href":"https:\/\/healthagentsturkey.com\/tr\/wp-json\/wp\/v2\/pages\/3273\/revisions\/4791"}],"up":[{"embeddable":true,"href":"https:\/\/healthagentsturkey.com\/tr\/wp-json\/wp\/v2\/pages\/899"}],"wp:attachment":[{"href":"https:\/\/healthagentsturkey.com\/tr\/wp-json\/wp\/v2\/media?parent=3273"}],"curies":[{"name":"wp","href":"https:\/\/api.w.org\/{rel}","templated":true}]}}