{"id":3191,"date":"2023-12-23T04:19:38","date_gmt":"2023-12-23T01:19:38","guid":{"rendered":"https:\/\/healthagentsturkey.com\/?page_id=3191"},"modified":"2026-02-25T10:31:56","modified_gmt":"2026-02-25T07:31:56","slug":"gastrik-sleeve","status":"publish","type":"page","link":"https:\/\/healthagentsturkey.com\/tr\/tedavi\/obezite\/gastrik-sleeve\/","title":{"rendered":"T\u00fcp Mide"},"content":{"rendered":"\t\t<div data-elementor-type=\"wp-page\" data-elementor-id=\"3191\" class=\"elementor elementor-3191\" data-elementor-post-type=\"page\">\n\t\t\t\t\t\t<section class=\"elementor-section elementor-top-section elementor-element elementor-element-eedafb9 elementor-section-content-middle elementor-section-boxed elementor-section-height-default elementor-section-height-default tp-parallax-no syd-sticky-section-no\" data-id=\"eedafb9\" data-element_type=\"section\" data-settings=\"{&quot;tp_sticky_sec_effect_enable&quot;:false}\">\n\t\t\t\t\t\t<div class=\"elementor-container elementor-column-gap-default\">\n\t\t\t\t\t<div data-aos=\"\" class=\"elementor-column elementor-col-50 elementor-top-column elementor-element elementor-element-571508b syd-sticky-section-no\" data-id=\"571508b\" data-element_type=\"column\" data-settings=\"{&quot;tp_sticky_col_effect_enable&quot;:false}\">\n\t\t\t<div class=\"elementor-widget-wrap elementor-element-populated\">\n\t\t\t\t\t\t<div class=\"elementor-element elementor-element-2fc2cb6 syd-sticky-section-no elementor-widget elementor-widget-heading\" data-id=\"2fc2cb6\" data-element_type=\"widget\" data-widget_type=\"heading.default\">\n\t\t\t\t<div class=\"elementor-widget-container\">\n\t\t\t\t\t<h2 class=\"elementor-heading-title elementor-size-default\">T\u00fcp Mide Ameliyat\u0131<\/h2>\t\t\t\t<\/div>\n\t\t\t\t<\/div>\n\t\t\t\t<div class=\"elementor-element elementor-element-6e5f253 syd-sticky-section-no elementor-widget elementor-widget-heading\" data-id=\"6e5f253\" data-element_type=\"widget\" data-widget_type=\"heading.default\">\n\t\t\t\t<div class=\"elementor-widget-container\">\n\t\t\t\t\t<h6 class=\"elementor-heading-title elementor-size-default\">M\u0131de K\u00fc\u00e7\u00fcltme<\/h6>\t\t\t\t<\/div>\n\t\t\t\t<\/div>\n\t\t\t\t<div class=\"elementor-element elementor-element-1cf0f1c elementor-widget__width-initial syd-sticky-section-no elementor-widget elementor-widget-text-editor\" data-id=\"1cf0f1c\" data-element_type=\"widget\" data-widget_type=\"text-editor.default\">\n\t\t\t\t<div class=\"elementor-widget-container\">\n\t\t\t\t\t\t\t\t\t<p><strong>Mide k\u00fc\u00e7\u00fcltme<\/strong> y\u00f6ntemlerinden biri olan <strong>Sleeve Gastrektomi<\/strong> di\u011fer bir ad\u0131yla t\u00fcp mide ameliyat\u0131nda mide hacminin k\u00fc\u00e7\u00fclt\u00fclmesi hedeflenerek hastan\u0131n kilo vermesi sa\u011flan\u0131r. Midenin en az %80\u2019lik bir k\u0131sm\u0131 kesilerek d\u0131\u015far\u0131 al\u0131nmaktad\u0131r. Buna ek olarak mideden salg\u0131lanan i\u015ftah hormonu olarak bilinen Grehlin hormon salg\u0131lanmas\u0131 da \u00f6zellikle midenin \u00e7\u0131kar\u0131lan k\u0131sm\u0131ndan oldu\u011fu i\u00e7in bu ameliyat sonras\u0131 ki\u015fide i\u015ftahta \u00e7ok ciddi bir bi\u00e7imde azalma olmaktad\u0131r. Bu da ameliyat sonras\u0131 kilo vermede \u00f6nemli bir role sahiptir.<\/p><p>En basit haliyle a\u00e7\u0131klayacak olursak mide k\u00fc\u00e7\u00fcld\u00fc\u011f\u00fcnde midenin alabilece\u011fi besin miktar\u0131 da azal\u0131r. Ayr\u0131ca mideden salg\u0131lanan i\u015ftah hormonu kan seviyesi d\u00fc\u015fer. G\u00fcn\u00fcm\u00fczde a\u015f\u0131r\u0131 beslenmeye ba\u011fl\u0131 obezitede en \u00e7ok uygulanan cerrahi ameliyat tekni\u011fidir. Ba\u015far\u0131 oran\u0131 y\u00fcksektir.<\/p>\t\t\t\t\t\t\t\t<\/div>\n\t\t\t\t<\/div>\n\t\t\t\t\t<\/div>\n\t\t<\/div>\n\t\t\t\t<div data-aos=\"\" class=\"elementor-column elementor-col-50 elementor-top-column elementor-element elementor-element-bc4d4c0 syd-sticky-section-no\" data-id=\"bc4d4c0\" data-element_type=\"column\" data-settings=\"{&quot;tp_sticky_col_effect_enable&quot;:false}\">\n\t\t\t<div class=\"elementor-widget-wrap elementor-element-populated\">\n\t\t\t\t\t\t<div class=\"elementor-element elementor-element-48dd569 syd-sticky-section-no elementor-widget elementor-widget-image\" data-id=\"48dd569\" data-element_type=\"widget\" data-widget_type=\"image.default\">\n\t\t\t\t<div class=\"elementor-widget-container\">\n\t\t\t\t\t\t\t\t\t<\/div>\n\t\t\t\t<\/div>\n\t\t\t\t\t<\/div>\n\t\t<\/div>\n\t\t\t\t\t<\/div>\n\t\t<\/section>\n\t\t<div class=\"elementor-element elementor-element-99fe56d e-flex e-con-boxed syd-sticky-section-no e-con e-parent\" data-id=\"99fe56d\" data-element_type=\"container\">\n\t\t\t\t\t<div class=\"e-con-inner\">\n\t\t\t\t<div class=\"elementor-element elementor-element-def30c4 syd-sticky-section-no elementor-widget elementor-widget-text-editor\" data-id=\"def30c4\" data-element_type=\"widget\" data-widget_type=\"text-editor.default\">\n\t\t\t\t<div class=\"elementor-widget-container\">\n\t\t\t\t\t\t\t\t\t<p><strong>Mide K\u00fc\u00e7\u00fcltme Ameliyat\u0131 Nas\u0131l Yap\u0131l\u0131r?<\/strong><\/p>\n<p>Hasta genel anestezi alt\u0131ndayken midenin %80\u2019i midenin uzun eksenine paralel olarak kesilip \u00e7\u0131kar\u0131l\u0131r. Mide \u015fekil itibariyle muza benzeyen bir \u015fekle yani ince uzun bir t\u00fcp gibi bir \u015fekle b\u00fcr\u00fcnd\u00fcr\u00fcl\u00fcr. Bu sayede midenin kapasitesi azalmakla birlikte midenin en \u00e7ok i\u015ftah hormonunun salg\u0131land\u0131\u011f\u0131 yeri olan fundus k\u0131sm\u0131 da \u00e7\u0131kar\u0131lan k\u0131s\u0131mda oldu\u011fundan kandaki i\u015ftah hormonu seviyesi dramatik bir \u015fekilde azal\u0131r. &nbsp;Ameliyat sonras\u0131 hem yeme miktar\u0131nda azalma hem de i\u015ftahta azalma oldu\u011fundan kilo kaybedilerek ki\u015fi ideal kilo seviyesine d\u00fc\u015fm\u00fc\u015f olur.<\/p>\n<p><\/p>\n<p><strong>Mide K\u00fc\u00e7\u00fcltme Ameliyat\u0131 \u015eartlar\u0131<\/strong><\/p>\n<p><strong>Mide k\u00fc\u00e7\u00fcltme ameliyat\u0131<\/strong>, kilo kayb\u0131 i\u00e7in etkili bir cerrahi y\u00f6ntem olmas\u0131na ra\u011fmen, bu prosed\u00fcr herkese uygun de\u011fildir. D\u00fcnya genelindeki Obezite Cerrahisi Dernekleri, bu ameliyat\u0131n kimlere uygulanabilece\u011fine dair birtak\u0131m \u00f6zel \u015fartlar belirlemi\u015ftir. Bu \u015fartlar, hastalar\u0131n sa\u011fl\u0131kl\u0131 ve g\u00fcvenli bir \u015fekilde ameliyat olabilmelerini sa\u011flamak i\u00e7in olu\u015fturulmu\u015ftur.<\/p>\n<p><\/p>\n<p>Bunlar:<\/p>\n<ul>\n<li>18- 65 ya\u015f aras\u0131ndaki obezite te\u015fhisi konulanlar,<\/li>\n<li>V\u00fccut kitle indeksi 35 kg\/m2\u2019nin \u00fczerinde olup ayn\u0131 zamanda\n<ul>\n<li>Tip2 diyabet<\/li>\n<li>Hiperkolesterolemi<\/li>\n<li>Hipertansiyon<\/li>\n<li>Ateroskleroz<\/li>\n<li>Uyku apnesi<\/li>\n<\/ul>\n<\/li>\n<\/ul>\n<p>Gibi fazla kalori al\u0131m\u0131na ba\u011fl\u0131 hastal\u0131klar\u0131n en az bir tanesi olan ki\u015filer.<\/p>\n<p><ul><li>V\u00fccut kitle indeksi 40 kg \/ m2\u2019nin \u00fczerinde olan morbid obezler,<\/li><\/ul><\/p>\n<p>Ayr\u0131ca hasta;<\/p>\n<ul>\n<li>Madde ba\u011f\u0131ml\u0131l\u0131\u011f\u0131 olmamal\u0131d\u0131r ve<\/li>\n<\/ul><p><ul><li>Ameliyat sonras\u0131 diyet ve egzersiz kurallar\u0131na uyum kapasitesine sahip olmal\u0131d\u0131r.<\/li><\/ul><\/p>\n<p><strong>T\u00fcp Mide Ameliyat\u0131 Sonras\u0131 dikkat edilmesi gerekenler nelerdir?<\/strong><\/p>\n<p>T\u00fcp mide ameliyat\u0131 sonras\u0131 beslenme d\u00fczenini do\u011fru \u015fekilde uygulamak \u00f6nem ta\u015f\u0131maktad\u0131r. Mide k\u00fc\u00e7\u00fclmesi ile birlikte ameliyattan 1-5 y\u0131l sonra fazla kilolar\u0131n\u0131n %80\u2019ine kadar kilo verilir. Mide k\u00fc\u00e7\u00fcltme ameliyat\u0131, sindirim sisteminde emilim bozuklu\u011funa yol a\u00e7mad\u0131\u011f\u0131ndan ameliyat sonras\u0131 vitamin emilim bozuklu\u011fu olmaz. Ancak ameliyat sonras\u0131 normal beslenme i\u00e7in en az alt\u0131 ay s\u00fcre ge\u00e7mesi gerektirdi\u011finden, bu ameliyat sonras\u0131 en az alt\u0131 ay vitamin kullan\u0131m\u0131 gerekmektedir.&nbsp;&nbsp;<\/p>\n<p>Ameliyat sonras\u0131 ilk bir ay protein suplement gerekmektedir.<\/p>\n<p>G\u00fcnde en az 1,5 lt kafeinsiz, gazs\u0131z ve kalorisiz i\u00e7ecek t\u00fcketilmelidir. Yemekleriniz protein a\u011f\u0131rl\u0131kl\u0131 k\u00fc\u00e7\u00fck par\u00e7alara b\u00f6l\u00fcnm\u00fc\u015f ve k\u00fc\u00e7\u00fck porsiyonlar halinde olmal\u0131d\u0131r. Yiyecekler yava\u015f\u00e7a ve iyice \u00e7i\u011fnenerek t\u00fcketilmelidir.<\/p>\n<p>Bu \u00f6neriler ameliyat\u0131n ba\u015far\u0131l\u0131 sonu\u00e7lar\u0131n\u0131 desteklemek i\u00e7in \u00f6nem ta\u015f\u0131maktad\u0131r.<\/p>\n<p><\/p>\n<p><strong>Mide K\u00fc\u00e7\u00fcltme Ameliyat\u0131 S\u00fcresi?<\/strong><\/p>\n<p>T\u00fcp mide ameliyat\u0131 tecr\u00fcbeli cerrahlar ile ekstrem bir durum ger\u00e7ekle\u015fmezse 45-60 dakika s\u00fcrer. Midenin \u00e7\u0131k\u0131\u015f ve giri\u015fi korunur. T\u00fcm sistemlerin devaml\u0131l\u0131\u011f\u0131 ameliyat ger\u00e7ekle\u015fir ger\u00e7ekle\u015fmez \u00e7al\u0131\u015fmaya devam eder.<\/p>\n<p>T\u0131ptaki ad\u0131 <strong>Sleeve Gastrektomi <\/strong>olan <strong>t\u00fcp mide ameliyat\u0131 <\/strong>sonras\u0131 beslenme ve egzersiz kurallar\u0131na uyulmaz ise tekrar kilo al\u0131nabilir. Sleeve gastrektomi sonras\u0131 tekrar kilo al\u0131m\u0131 \u00fc\u00e7 y\u0131l sonra %10-15 \u2018dir. Sleeve gastrektomi sonras\u0131 vermi\u015f olduklar\u0131 kilonun %25\u2019ini alan ki\u015filere revizyon cerrahisi denilen ikinci bir ameliyat yap\u0131labilir. Ancak \u00f6ncelikle bu durumdaki ki\u015filerin neden tekrar kilo ald\u0131\u011f\u0131n\u0131 ortaya koyarak sebebi \u00f6nlemek do\u011fru bir yakla\u015f\u0131m olacakt\u0131r. &nbsp;<\/p>\n<p>Geli\u015fen teknoloji ile mide k\u00fc\u00e7\u00fcltme ameliyatlar\u0131 karn\u0131 milimetrik keserek \u00e7ok k\u00fc\u00e7\u00fck kesilerle yap\u0131lmaktad\u0131r. \u00d6zel cerrahi aletlerle kar\u0131n i\u00e7erisine kamera sistemi sokularak yap\u0131lan bu tekni\u011fe laparoskopik teknik denilmektedir. Kapl\u0131 y\u00f6ntem olarak da adland\u0131r\u0131lan bu y\u00f6ntem sayesinde kar\u0131n kaslar\u0131 ve zarlar\u0131 kesilmedi\u011fi i\u00e7in ameliyat sonras\u0131 hasta ciddi a\u011fr\u0131lar \u00e7ekmek zorunda kalmaz. \u00c7ok daha \u00e7abuk aya\u011fa kalkar, \u00e7ok daha k\u0131sa s\u00fcrede hastaneden ayr\u0131larak normal hayat\u0131na d\u00f6nebilmektedir. Ameliyat izleri de bir iki ay i\u00e7erisinde tamamen g\u00f6r\u00fcnmez hale gelir.<\/p>\n<p>Sleeve &nbsp;Gastrektomi sonras\u0131 ilk g\u00fcn y\u00fcr\u00fcy\u00fc\u015flere ba\u015flan\u0131r. Ameliyattan bir ay sonra da spor salonunda egzersiz ya da y\u00fczme gibi sporlar yap\u0131labilmektedir. Sleeve gastrektomi sonras\u0131 zaman ge\u00e7tik\u00e7e spor ile v\u00fccut kas miktar\u0131 artt\u0131r\u0131lmal\u0131 ve b\u00f6ylece verilen kilolar\u0131n kal\u0131c\u0131 olmas\u0131 sa\u011flanmal\u0131d\u0131r.<\/p>\n<p><\/p>\n<p><strong>Mide K\u00fc\u00e7\u00fcltme Ameliyat\u0131n\u0131n Olas\u0131 Riskleri Nelerdir?<\/strong><\/p>\n<p><strong>Mide k\u00fc\u00e7\u00fcltme ameliyat\u0131<\/strong> esnas\u0131nda veya sonras\u0131nda \u00e7ok nadir de olsa komplikasyon geli\u015febilir. Bu durum hastaya g\u00f6re de\u011fi\u015fiklik g\u00f6stermektedir.<\/p>\n<p>Hastalarda ameliyat sonras\u0131nda %1 kanama ya da ka\u00e7ak g\u00f6r\u00fclebilir. <strong>T\u00fcp mide<\/strong> ameliyatlar\u0131 laparoskopik y\u00f6ntem ile yap\u0131lan b\u00fcy\u00fck cerrahi ameliyatlard\u0131r. Hasta ya\u015f\u0131, kilosu, di\u011fer hastal\u0131klar\u0131, sigara ve alkol kullanma durumu gibi olgular bu risk oran\u0131na etki eden fakt\u00f6rlerdir.<\/p>\n<p>Obezite bir\u00e7ok hastal\u0131\u011fa neden olan, hayat kalitesini d\u00fc\u015f\u00fcrmesi yan\u0131 s\u0131ra, ki\u015finin \u00f6l\u00fcm riskini artt\u0131ran, ba\u015f edilmesi zor bir rahats\u0131zl\u0131kt\u0131r. Bilinenin aksine obezite i\u00e7in yap\u0131lan ameliyatlar estetik ama\u00e7la de\u011fil, hayat kalitesi ve s\u00fcresini artt\u0131rmak amac\u0131 ile yap\u0131lan cerrahi operasyonlard\u0131r.<\/p>\n<p>Unutulmamal\u0131d\u0131r, bu ameliyat deneyimli hekimlerce yap\u0131lmas\u0131 gereken ciddi ameliyatt\u0131r.<\/p>\n<p>Uzman ekibimiz size bu konuda yard\u0131mc\u0131 olmaktan ve t\u00fcm sorular\u0131n\u0131z\u0131 cevaplamaktan mutluluk duyacakt\u0131r.<\/p>\t\t\t\t\t\t\t\t<\/div>\n\t\t\t\t<\/div>\n\t\t\t\t\t<\/div>\n\t\t\t\t<\/div>\n\t\t\t\t<section class=\"elementor-section elementor-top-section elementor-element elementor-element-cfed380 elementor-section-content-middle elementor-section-boxed elementor-section-height-default elementor-section-height-default tp-parallax-no syd-sticky-section-no\" data-id=\"cfed380\" data-element_type=\"section\" data-settings=\"{&quot;background_background&quot;:&quot;classic&quot;,&quot;tp_sticky_sec_effect_enable&quot;:false}\">\n\t\t\t\t\t\t<div class=\"elementor-container elementor-column-gap-default\">\n\t\t\t\t\t<div data-aos=\"\" class=\"elementor-column elementor-col-50 elementor-top-column elementor-element elementor-element-d8fac92 syd-sticky-section-no\" data-id=\"d8fac92\" data-element_type=\"column\" data-settings=\"{&quot;tp_sticky_col_effect_enable&quot;:false}\">\n\t\t\t<div class=\"elementor-widget-wrap elementor-element-populated\">\n\t\t\t\t\t\t<div class=\"elementor-element elementor-element-ea4173f syd-sticky-section-no elementor-widget elementor-widget-heading\" data-id=\"ea4173f\" data-element_type=\"widget\" data-widget_type=\"heading.default\">\n\t\t\t\t<div class=\"elementor-widget-container\">\n\t\t\t\t\t<h2 class=\"elementor-heading-title elementor-size-default\">Sorular\u0131n\u0131z m\u0131 var?<\/h2>\t\t\t\t<\/div>\n\t\t\t\t<\/div>\n\t\t\t\t\t<\/div>\n\t\t<\/div>\n\t\t\t\t<div data-aos=\"\" class=\"elementor-column elementor-col-50 elementor-top-column elementor-element elementor-element-7aa5769 syd-sticky-section-no\" data-id=\"7aa5769\" data-element_type=\"column\" data-settings=\"{&quot;tp_sticky_col_effect_enable&quot;:false}\">\n\t\t\t<div class=\"elementor-widget-wrap elementor-element-populated\">\n\t\t\t\t\t\t<div class=\"elementor-element elementor-element-9c6e3e1 elementor-align-right elementor-mobile-align-center syd-sticky-section-no elementor-widget elementor-widget-button\" data-id=\"9c6e3e1\" data-element_type=\"widget\" data-widget_type=\"button.default\">\n\t\t\t\t<div class=\"elementor-widget-container\">\n\t\t\t\t\t\t\t\t\t<div class=\"elementor-button-wrapper\">\n\t\t\t\t\t<a class=\"elementor-button elementor-button-link elementor-size-sm\" href=\"https:\/\/healthagentsturkey.com\/iletisim\/\">\n\t\t\t\t\t\t<span class=\"elementor-button-content-wrapper\">\n\t\t\t\t\t\t\t\t\t<span class=\"elementor-button-text\">Bize Ula\u015f\u0131n<\/span>\n\t\t\t\t\t<\/span>\n\t\t\t\t\t<\/a>\n\t\t\t\t<\/div>\n\t\t\t\t\t\t\t\t<\/div>\n\t\t\t\t<\/div>\n\t\t\t\t\t<\/div>\n\t\t<\/div>\n\t\t\t\t\t<\/div>\n\t\t<\/section>\n\t\t\t\t<\/div>\n\t\t","protected":false},"excerpt":{"rendered":"<p>T\u00fcp Mide Ameliyat\u0131 M\u0131de K\u00fc\u00e7\u00fcltme Mide k\u00fc\u00e7\u00fcltme y\u00f6ntemlerinden biri olan Sleeve Gastrektomi di\u011fer bir ad\u0131yla t\u00fcp mide ameliyat\u0131nda mide hacminin k\u00fc\u00e7\u00fclt\u00fclmesi hedeflenerek [&hellip;]<\/p>\n","protected":false},"author":1,"featured_media":0,"parent":3023,"menu_order":0,"comment_status":"closed","ping_status":"closed","template":"elementor_header_footer","meta":{"_eb_attr":"","footnotes":""},"class_list":["post-3191","page","type-page","status-publish","hentry"],"_links":{"self":[{"href":"https:\/\/healthagentsturkey.com\/tr\/wp-json\/wp\/v2\/pages\/3191","targetHints":{"allow":["GET"]}}],"collection":[{"href":"https:\/\/healthagentsturkey.com\/tr\/wp-json\/wp\/v2\/pages"}],"about":[{"href":"https:\/\/healthagentsturkey.com\/tr\/wp-json\/wp\/v2\/types\/page"}],"author":[{"embeddable":true,"href":"https:\/\/healthagentsturkey.com\/tr\/wp-json\/wp\/v2\/users\/1"}],"replies":[{"embeddable":true,"href":"https:\/\/healthagentsturkey.com\/tr\/wp-json\/wp\/v2\/comments?post=3191"}],"version-history":[{"count":1,"href":"https:\/\/healthagentsturkey.com\/tr\/wp-json\/wp\/v2\/pages\/3191\/revisions"}],"predecessor-version":[{"id":4795,"href":"https:\/\/healthagentsturkey.com\/tr\/wp-json\/wp\/v2\/pages\/3191\/revisions\/4795"}],"up":[{"embeddable":true,"href":"https:\/\/healthagentsturkey.com\/tr\/wp-json\/wp\/v2\/pages\/3023"}],"wp:attachment":[{"href":"https:\/\/healthagentsturkey.com\/tr\/wp-json\/wp\/v2\/media?parent=3191"}],"curies":[{"name":"wp","href":"https:\/\/api.w.org\/{rel}","templated":true}]}}