{"id":3023,"date":"2023-12-06T20:52:22","date_gmt":"2023-12-06T17:52:22","guid":{"rendered":"https:\/\/healthagentsturkey.com\/?page_id=3023"},"modified":"2026-02-25T10:31:56","modified_gmt":"2026-02-25T07:31:56","slug":"obezite","status":"publish","type":"page","link":"https:\/\/healthagentsturkey.com\/tr\/tedavi\/obezite\/","title":{"rendered":"Obezite Cerrahisi"},"content":{"rendered":"\t\t<div data-elementor-type=\"wp-page\" data-elementor-id=\"3023\" class=\"elementor elementor-3023\" data-elementor-post-type=\"page\">\n\t\t\t\t\t\t<section class=\"elementor-section elementor-top-section elementor-element elementor-element-eedafb9 elementor-section-content-middle elementor-section-boxed elementor-section-height-default elementor-section-height-default tp-parallax-no syd-sticky-section-no\" data-id=\"eedafb9\" data-element_type=\"section\" data-settings=\"{&quot;tp_sticky_sec_effect_enable&quot;:false}\">\n\t\t\t\t\t\t<div class=\"elementor-container elementor-column-gap-default\">\n\t\t\t\t\t<div data-aos=\"\" class=\"elementor-column elementor-col-50 elementor-top-column elementor-element elementor-element-571508b syd-sticky-section-no\" data-id=\"571508b\" data-element_type=\"column\" data-settings=\"{&quot;tp_sticky_col_effect_enable&quot;:false}\">\n\t\t\t<div class=\"elementor-widget-wrap elementor-element-populated\">\n\t\t\t\t\t\t<div class=\"elementor-element elementor-element-2fc2cb6 syd-sticky-section-no elementor-widget elementor-widget-heading\" data-id=\"2fc2cb6\" data-element_type=\"widget\" data-widget_type=\"heading.default\">\n\t\t\t\t<div class=\"elementor-widget-container\">\n\t\t\t\t\t<h2 class=\"elementor-heading-title elementor-size-default\">Obezite Cerrahisi<\/h2>\t\t\t\t<\/div>\n\t\t\t\t<\/div>\n\t\t\t\t<div class=\"elementor-element elementor-element-cc5cdb2 syd-sticky-section-no elementor-widget elementor-widget-heading\" data-id=\"cc5cdb2\" data-element_type=\"widget\" data-widget_type=\"heading.default\">\n\t\t\t\t<div class=\"elementor-widget-container\">\n\t\t\t\t\t<h6 class=\"elementor-heading-title elementor-size-default\">Sa\u011fl\u0131kl\u0131 Bir Hayata Uzmanl\u0131\u011f\u0131m\u0131z ile Ad\u0131m At\u0131n<\/h6>\t\t\t\t<\/div>\n\t\t\t\t<\/div>\n\t\t\t\t<div class=\"elementor-element elementor-element-1cf0f1c syd-sticky-section-no elementor-widget elementor-widget-text-editor\" data-id=\"1cf0f1c\" data-element_type=\"widget\" data-widget_type=\"text-editor.default\">\n\t\t\t\t<div class=\"elementor-widget-container\">\n\t\t\t\t\t\t\t\t\t<p><strong>Health Agents Turkey <\/strong>olarak, <strong>obezite cerrahisi<\/strong> konusundaki uzmanl\u0131\u011f\u0131 ile size sa\u011fl\u0131kl\u0131 bir ya\u015fam\u0131n kap\u0131lar\u0131n\u0131 aral\u0131yor. <strong>Obezite<\/strong>, bir dizi sa\u011fl\u0131k sorununa yol a\u00e7abilir ve ya\u015fam kalitesini olumsuz etkileyebilir. Ancak endi\u015felenmeyin, \u00e7\u00fcnk\u00fc uzman cerrahlar\u0131m\u0131z, ki\u015fiye \u00f6zel tedavi planlar\u0131 ile <strong>obezite<\/strong> sorununuzla etkili bir \u015fekilde m\u00fccadele etmenize yard\u0131mc\u0131 olacakt\u0131r.<\/p><p><strong>Obezite cerrahisi<\/strong>, kilo kayb\u0131n\u0131 hedefleyen bir dizi cerrahi prosed\u00fcr\u00fc i\u00e7erir ve bu prosed\u00fcrler, size daha sa\u011fl\u0131kl\u0131 bir ya\u015fam sunmada \u00f6nemli bir rol oynar. <strong>Sa\u011fl\u0131k Turizmi Acentemiz<\/strong>, sizin i\u00e7in en uygun olan obezite cerrahisi se\u00e7eneklerini belirlemenize yard\u0131mc\u0131 olacak deneyimli bir ekiple birlikte \u00e7al\u0131\u015fmaktan mutluluk duyar.<\/p><p>Sa\u011fl\u0131k ve mutluluk, bizim i\u00e7in \u00f6nceliklidir. Obezite cerrahisi konusundaki uzmanl\u0131\u011f\u0131m\u0131z ve ki\u015fiye \u00f6zel yakla\u015f\u0131m\u0131m\u0131zla, sa\u011fl\u0131kl\u0131 bir ya\u015fama ad\u0131m atman\u0131za yard\u0131mc\u0131 olmaktan onur duyar\u0131z.<\/p>\t\t\t\t\t\t\t\t<\/div>\n\t\t\t\t<\/div>\n\t\t\t\t\t<\/div>\n\t\t<\/div>\n\t\t\t\t<div data-aos=\"\" class=\"elementor-column elementor-col-50 elementor-top-column elementor-element elementor-element-bc4d4c0 syd-sticky-section-no\" data-id=\"bc4d4c0\" data-element_type=\"column\" data-settings=\"{&quot;tp_sticky_col_effect_enable&quot;:false}\">\n\t\t\t<div class=\"elementor-widget-wrap elementor-element-populated\">\n\t\t\t\t\t\t<div class=\"elementor-element elementor-element-48dd569 syd-sticky-section-no elementor-widget elementor-widget-image\" data-id=\"48dd569\" data-element_type=\"widget\" data-widget_type=\"image.default\">\n\t\t\t\t<div class=\"elementor-widget-container\">\n\t\t\t\t\t\t\t\t\t<\/div>\n\t\t\t\t<\/div>\n\t\t\t\t\t<\/div>\n\t\t<\/div>\n\t\t\t\t\t<\/div>\n\t\t<\/section>\n\t\t\t\t<\/div>\n\t\t","protected":false},"excerpt":{"rendered":"<p>Obezite Cerrahisi Sa\u011fl\u0131kl\u0131 Bir Hayata Uzmanl\u0131\u011f\u0131m\u0131z ile Ad\u0131m At\u0131n Health Agents Turkey olarak, obezite cerrahisi konusundaki uzmanl\u0131\u011f\u0131 ile size sa\u011fl\u0131kl\u0131 bir ya\u015fam\u0131n [&hellip;]<\/p>\n","protected":false},"author":1,"featured_media":0,"parent":899,"menu_order":0,"comment_status":"closed","ping_status":"closed","template":"elementor_header_footer","meta":{"_eb_attr":"","footnotes":""},"class_list":["post-3023","page","type-page","status-publish","hentry"],"_links":{"self":[{"href":"https:\/\/healthagentsturkey.com\/tr\/wp-json\/wp\/v2\/pages\/3023","targetHints":{"allow":["GET"]}}],"collection":[{"href":"https:\/\/healthagentsturkey.com\/tr\/wp-json\/wp\/v2\/pages"}],"about":[{"href":"https:\/\/healthagentsturkey.com\/tr\/wp-json\/wp\/v2\/types\/page"}],"author":[{"embeddable":true,"href":"https:\/\/healthagentsturkey.com\/tr\/wp-json\/wp\/v2\/users\/1"}],"replies":[{"embeddable":true,"href":"https:\/\/healthagentsturkey.com\/tr\/wp-json\/wp\/v2\/comments?post=3023"}],"version-history":[{"count":1,"href":"https:\/\/healthagentsturkey.com\/tr\/wp-json\/wp\/v2\/pages\/3023\/revisions"}],"predecessor-version":[{"id":4793,"href":"https:\/\/healthagentsturkey.com\/tr\/wp-json\/wp\/v2\/pages\/3023\/revisions\/4793"}],"up":[{"embeddable":true,"href":"https:\/\/healthagentsturkey.com\/tr\/wp-json\/wp\/v2\/pages\/899"}],"wp:attachment":[{"href":"https:\/\/healthagentsturkey.com\/tr\/wp-json\/wp\/v2\/media?parent=3023"}],"curies":[{"name":"wp","href":"https:\/\/api.w.org\/{rel}","templated":true}]}}