{"id":3,"date":"2023-11-11T18:29:00","date_gmt":"2023-11-11T18:29:00","guid":{"rendered":"https:\/\/healthagentsturkey.com\/?page_id=3"},"modified":"2025-07-22T22:20:36","modified_gmt":"2025-07-22T19:20:36","slug":"gdpr","status":"publish","type":"page","link":"https:\/\/healthagentsturkey.com\/tr\/gdpr\/","title":{"rendered":"Gizlilik Politikas\u0131"},"content":{"rendered":"\t\t<div data-elementor-type=\"wp-page\" data-elementor-id=\"3\" class=\"elementor elementor-3\" data-elementor-post-type=\"page\">\n\t\t\t\t<div class=\"elementor-element elementor-element-11c5e08 e-flex e-con-boxed syd-sticky-section-no e-con e-parent\" data-id=\"11c5e08\" data-element_type=\"container\">\n\t\t\t\t\t<div class=\"e-con-inner\">\n\t\t\t\t<div class=\"elementor-element elementor-element-480bccd syd-sticky-section-no elementor-widget elementor-widget-text-editor\" data-id=\"480bccd\" data-element_type=\"widget\" data-widget_type=\"text-editor.default\">\n\t\t\t\t<div class=\"elementor-widget-container\">\n\t\t\t\t\t\t\t\t\t<p><strong>KI\u0307\u015eI\u0307SEL VERI\u0307LERI\u0307N ELDE EDI\u0307LMESI\u0307 VE I\u0307\u015eLENMESI\u0307NE I\u0307LI\u0307\u015eKI\u0307N BI\u0307LGI\u0307 FORMU<\/strong><\/p><p><strong>ALP BAKIM VE SAGLIK HIZMETLERI SANAYI VE TICARET LIMITED SIRKETI<\/strong>\u00a0Cumhuriyet Mah. 14050 Sok. Pa\u015fa Kona\u011f\u0131 A Blk. No:2\/10 Oniki\u015fubat \/ Kahramanmara\u015f (&#8220;Healthagents&#8221; ve Health Agents T\u00fcrkiye) ve Health Agents T\u00fcrkiye&#8217;nin hakim hissedarlar\u0131, ana \u015firketleri ve i\u015ftirakleri (bundan b\u00f6yle hep birlikte &#8220;Health Agents T\u00fcrkiye&#8221; olarak an\u0131lacakt\u0131r), 6698 say\u0131l\u0131 Ki\u015fisel Verilerin Korunmas\u0131 Kanunu (&#8220;Kanun&#8221;) kapsam\u0131nda &#8220;Veri Sorumlusu&#8221; s\u0131fat\u0131yla 6698 say\u0131l\u0131 Ki\u015fisel Verilerin Korunmas\u0131 Kanunu (&#8220;Kanun&#8221;) ve ilgili di\u011fer kanun ve y\u00f6netmelikler kapsam\u0131nda &#8220;Veri Sorumlusu&#8221; s\u0131fat\u0131yla, ki\u015fisel verilerinizi a\u015fa\u011f\u0131daki \u00e7er\u00e7evede ve 3359 say\u0131l\u0131 Sa\u011fl\u0131k Hizmetleri Temel Kanunu, 663 say\u0131l\u0131 Sa\u011fl\u0131k Bakanl\u0131\u011f\u0131 ve Ba\u011fl\u0131 Kurulu\u015flar\u0131n\u0131n Te\u015fkilat ve G\u00f6revleri Hakk\u0131nda Kanun H\u00fckm\u00fcnde Kararname, \u00d6zel Hastaneler Y\u00f6netmeli\u011fi 663 say\u0131l\u0131 Sa\u011fl\u0131k Bakanl\u0131\u011f\u0131 ve Ba\u011fl\u0131 Kurulu\u015flar\u0131n\u0131n Te\u015fkilat ve G\u00f6revleri Hakk\u0131nda Kanun H\u00fckm\u00fcnde Kararname, \u00d6zel Hastaneler Y\u00f6netmeli\u011fi ve Sa\u011fl\u0131k Bakanl\u0131\u011f\u0131&#8217;n\u0131n di\u011fer d\u00fczenlemeleri ile y\u00fcr\u00fcrl\u00fckteki di\u011fer kanun ve h\u00fck\u00fcmlere uygun olarak i\u015flenmektedir.<\/p><p><strong>Ki\u015fisel Verilerin Elde Edilmesi, \u0130\u015flenmesi ve \u0130\u015fleme Ama\u00e7lar\u0131<\/strong><br \/>Ki\u015fisel verileriniz, Health Agents Turkey taraf\u0131ndan sunulan kamu sa\u011fl\u0131\u011f\u0131n\u0131n korunmas\u0131, koruyucu hekimlik, t\u0131bbi te\u015fhis, tedavi ve bak\u0131m hizmetlerinin y\u00fcr\u00fct\u00fclmesi amac\u0131yla s\u00f6zl\u00fc, yaz\u0131l\u0131 ya da g\u00f6rsel veya elektronik ortamda, \u00e7a\u011fr\u0131 merkezleri, internet siteleri, s\u00f6zl\u00fc veya benzeri di\u011fer kanallar arac\u0131l\u0131\u011f\u0131yla toplanmakta ve elde edilmektedir.<\/p><p>Sa\u011fl\u0131k verileriniz ba\u015fta olmak \u00fczere genel ki\u015fisel verileriniz ve \u00f6zel nitelikli ki\u015fisel verileriniz, Health Agents Turkey taraf\u0131ndan a\u015fa\u011f\u0131daki ama\u00e7lar dahil ancak bunlarla s\u0131n\u0131rl\u0131 olmamak \u00fczere her t\u00fcrl\u00fc ama\u00e7la s\u0131n\u0131rl\u0131 olarak i\u015flenebilecektir:<\/p><p>Kimlik verileriniz ve bilgileriniz: Ad\u0131n\u0131z, soyad\u0131n\u0131z, T.C. Kimlik Numaran\u0131z, pasaport numaran\u0131z veya ge\u00e7ici T.C. Kimlik Numaran\u0131z, do\u011fum tarihiniz ve yeriniz, medeni haliniz, cinsiyetiniz, sosyal g\u00fcvenlik veya hasta protokol numaran\u0131z ve ayr\u0131ca taraf\u0131m\u0131zca kimli\u011finizin tespit edilmesine yard\u0131mc\u0131 olabilecek di\u011fer kimlik verileriniz; ve<\/p><p>\u0130leti\u015fim bilgileriniz: Adresiniz, telefon numaran\u0131z, elektronik posta adresiniz ve di\u011fer ileti\u015fim verileriniz ile \u00e7a\u011fr\u0131 merkezi standartlar\u0131 uyar\u0131nca m\u00fc\u015fteri hizmetleri veya hasta hizmetleri departmanlar\u0131 taraf\u0131ndan tutulan s\u00f6zl\u00fc g\u00f6r\u00fc\u015fme veya \u00e7a\u011fr\u0131 kay\u0131tlar\u0131n\u0131z ve bizimle elektronik posta, mektup veya di\u011fer ileti\u015fim ara\u00e7lar\u0131yla ileti\u015fime ge\u00e7ti\u011finizde toplanan ki\u015fisel verileriniz; ve<\/p><p>Ara\u00e7 park alan\u0131n\u0131 kullan\u0131yorsan\u0131z ara\u00e7 plaka numaran\u0131z; ve<\/p><p>Muhasebe bilgileriniz: Banka hesap numaran\u0131z, IBAN numaran\u0131z, kredi kart\u0131 verileriniz, faturalama verileriniz ve benzeri di\u011fer finansal veri ve bilgiler; ve<\/p><p>Sa\u011fl\u0131k hizmetlerinin finansman\u0131 ve planlanmas\u0131 i\u00e7in gerekli olan \u00f6zel sa\u011fl\u0131k sigortas\u0131 verileriniz ve Sosyal G\u00fcvenlik Kurumu verileriniz ve bilgileriniz; ve<\/p><p>Kamera kay\u0131tlar\u0131n\u0131z ve g\u00f6r\u00fcnt\u00fcleriniz, hastanelerimizi veya t\u0131p merkezlerimizi ziyaret etti\u011finizde g\u00fcvenlik ve denetim amac\u0131yla al\u0131n\u0131r ve saklan\u0131r; ve<\/p><p>Sa\u011fl\u0131k bilgileriniz: Laboratuvar tahlil sonu\u00e7lar\u0131n\u0131z, test sonu\u00e7lar\u0131n\u0131z, t\u0131bbi muayene verileriniz, randevu verileriniz ve bilgileriniz, check-up verileriniz ve re\u00e7ete verileriniz ve bilgileriniz dahil ancak bunlarla s\u0131n\u0131rl\u0131 olmamak \u00fczere t\u0131bbi te\u015fhis, tedavi ve bak\u0131m hizmetlerinin sa\u011flanmas\u0131 s\u0131ras\u0131nda veya sonucunda elde edilen ve toplanan sa\u011fl\u0131\u011f\u0131n\u0131z ve cinsel ya\u015fam\u0131n\u0131zla ilgili ki\u015fisel verileriniz; ve<\/p><p>healthagentsturkey.com site adresine taraf\u0131n\u0131zdan g\u00f6nderilen veya eklenen sa\u011fl\u0131k bilgileriniz ve di\u011fer ki\u015fisel verileriniz; ve<\/p><p>Health Agents Turkey&#8217;e i\u015f ba\u015fvurusunda bulunman\u0131z halinde taraf\u0131n\u0131zca sunulan \u00f6zge\u00e7mi\u015finiz de dahil olmak \u00fczere her t\u00fcrl\u00fc ki\u015fisel veri ve bilgileriniz ile Health Agents Turkey Clinic \u00e7al\u0131\u015fan\u0131 veya ili\u015fkili \u00e7al\u0131\u015fan\u0131 olman\u0131z halinde i\u015f s\u00f6zle\u015fmeniz ve i\u015fe yatk\u0131nl\u0131\u011f\u0131n\u0131z ile ilgili her t\u00fcrl\u00fc ki\u015fisel verileriniz<\/p><p>Health Agents Turkey taraf\u0131ndan elde edilen her t\u00fcrl\u00fc ki\u015fisel veriniz (\u00f6zel nitelikli ki\u015fisel verileriniz dahil ancak bunlarla s\u0131n\u0131rl\u0131 olmamak \u00fczere) a\u015fa\u011f\u0131daki ama\u00e7larla i\u015flenebilecektir:<\/p><p>Kimli\u011finizin do\u011frulanmas\u0131 ve<\/p><p>Halk sa\u011fl\u0131\u011f\u0131n\u0131n korunmas\u0131, koruyucu hekimlik, t\u0131bb\u00ee te\u015fhis, tedavi ve bak\u0131m hizmetlerinin y\u00fcr\u00fct\u00fclmesi, sa\u011fl\u0131k hizmetleri ile finansman\u0131n\u0131n planlanmas\u0131 ve y\u00f6netimi amac\u0131yla<\/p><p>\u0130lgili kanun ve y\u00f6netmelikler uyar\u0131nca talep edilen bilgilerin Sa\u011fl\u0131k Bakanl\u0131\u011f\u0131 ve di\u011fer ilgili kamu kurum ve idareleri ile payla\u015f\u0131lmas\u0131 ve<\/p><p>Hastanelerimizin ve T\u0131p Merkezlerimizin i\u00e7 operasyonlar\u0131n\u0131n ve g\u00fcnl\u00fck faaliyetlerinin planlanmas\u0131 ve y\u00f6netimi ve<\/p><p>Hastane Y\u00f6netimi, Hasta Haklar\u0131 ve Hasta Deneyimi b\u00f6l\u00fcmleri taraf\u0131ndan hasta memnuniyetinin \u00f6l\u00e7\u00fclmesi, geli\u015ftirilmesi ve incelenmesi ve<\/p><p>\u0130la\u00e7 tedariki ve<\/p><p>Bir randevu al\u0131rsan\u0131z, randevu hakk\u0131nda sizi bilgilendirme ve<\/p><p>Risk y\u00f6netimi ve kalite geli\u015ftirme faaliyetlerinin ger\u00e7ekle\u015ftirilmesi ve<\/p><p>Sa\u011fl\u0131k hizmetlerinin daha da geli\u015ftirilmesi i\u00e7in analizlerin yap\u0131lmas\u0131 ve<\/p><p>Hasta Hizmetleri, Mali \u0130\u015fler ve Pazarlama departmanlar\u0131 taraf\u0131ndan sa\u011fl\u0131k hizmetlerinizin finanse edilmesi, muayene, te\u015fhis ve tedavi masraflar\u0131n\u0131z\u0131n \u00f6denmesi ve uygunluk sorgulaman\u0131z kapsam\u0131nda talep edilen bilgilerin \u00f6zel sa\u011fl\u0131k sigortas\u0131 \u015firketleri ile payla\u015f\u0131lmas\u0131 ve<\/p><p>Ara\u015ft\u0131rma ve \u00e7al\u0131\u015fmalar\u0131n y\u00fcr\u00fct\u00fclmesi ve<\/p><p>Yasal ve d\u00fczenleyici gerekliliklere ve ko\u015fullara uygunluk ve<\/p><p>Talep edilen bilgilerin sa\u011fl\u0131k hizmetlerinin finansman\u0131 s\u0131ras\u0131nda \u00f6zel sa\u011fl\u0131k sigortas\u0131 \u015firketleri ile payla\u015f\u0131lmas\u0131 ve<\/p><p>Kalite, Hasta Deneyimi ve Bilgi Sistemleri departmanlar\u0131 arac\u0131l\u0131\u011f\u0131yla risk y\u00f6netimi ve kalite geli\u015ftirme faaliyetleri y\u00fcr\u00fctmek ve<\/p><p>Hizmetlerimiz kar\u015f\u0131l\u0131\u011f\u0131nda Hasta Hizmetleri, Mali \u0130\u015fler ve ilgili departmanlar taraf\u0131ndan fatura d\u00fczenlenmesi ve anla\u015fmal\u0131 kurum ve firmalar ile ili\u015fkilerinizin teyit edilmesi ve<\/p><p>Medya ve \u0130leti\u015fim ile \u00c7a\u011fr\u0131 Merkezi departmanlar\u0131 taraf\u0131ndan kampanyalara kat\u0131l\u0131m ve kampanya bilgilerinin payla\u015f\u0131lmas\u0131, web ve mobil kanallarda \u00f6zel i\u00e7eriklerin, ayr\u0131k ve soyut faydalar\u0131n tasarlanmas\u0131 ve iletilmesi.<\/p><p>\u0130lgili kanun ve y\u00f6netmelikler uyar\u0131nca elde edilen ve i\u015flenen ki\u015fisel verileriniz Health Agents Turkey Clinic&#8217;in fiziki ar\u015fivlerine ve\/veya bilgi sistemlerine aktar\u0131labilecek, hem dijital hem de fiziki ortamlarda tutulabilecek ve saklanabilecektir.<\/p><ul><li><strong>Ki\u015fisel Verilerin Aktar\u0131lmas\u0131<\/strong><\/li><\/ul><p>Ki\u015fisel verileriniz, Health Agents Turkey ve \u015firketleri taraf\u0131ndan \u00f6zel sigorta \u015firketleri, Sa\u011fl\u0131k Bakanl\u0131\u011f\u0131 ve alt birimleri, Sosyal G\u00fcvenlik Kurumu, Emniyet Genel M\u00fcd\u00fcrl\u00fc\u011f\u00fc ve di\u011fer g\u00fcvenlik g\u00fc\u00e7leri, N\u00fcfus ve Say\u0131m Genel M\u00fcd\u00fcrl\u00fc\u011f\u00fc, T\u00fcrk Eczac\u0131lar\u0131 Birli\u011fi, mahkemeler ve di\u011fer her t\u00fcrl\u00fc adli makamlar, merkezi vb. \u00fc\u00e7\u00fcnc\u00fc taraflar, yetkili temsilcileriniz ve acenteleriniz ve avukatlar, vergi ve mali dan\u0131\u015fmanlar ve denet\u00e7iler dahil ancak bunlarla s\u0131n\u0131rl\u0131 olmamak \u00fczere bize dan\u0131\u015fmanl\u0131k ve tavsiye hizmetleri sunan \u00fc\u00e7\u00fcnc\u00fc taraflar ve yukar\u0131da belirtilen ama\u00e7lar do\u011frultusunda sa\u011fl\u0131k hizmetlerinin daha da geli\u015ftirilmesi veya ifas\u0131 i\u00e7in bizimle i\u015fbirli\u011fi i\u00e7inde hareket eden i\u015f ortaklar\u0131m\u0131z ve di\u011fer \u00fc\u00e7\u00fcnc\u00fc taraflar, ayr\u0131ca d\u00fczenleyici ve denetleyici kurumlar ve makamlar ve resmi makamlar dahil olmak \u00fczere, yukar\u0131da say\u0131lan i\u015fleme ama\u00e7lar\u0131 do\u011frultusunda Kanun ve y\u00fcr\u00fcrl\u00fckteki di\u011fer yasa ve y\u00f6netmeliklere uygun olarak i\u015flenecektir.<\/p><ul><li><strong>Ki\u015fisel Veri Elde Etme Y\u00f6ntemleri ve Hukuki Sebepleri<\/strong><\/li><\/ul><p>\u00a0 Ki\u015fisel verileriniz, her t\u00fcrl\u00fc s\u00f6zl\u00fc, yaz\u0131l\u0131, g\u00f6rsel ya da elektronik ortamda, yukar\u0131da yer verilen ama\u00e7lar ve Health Agents Turkey&#8217;in faaliyet alan\u0131na giren her t\u00fcrl\u00fc i\u015fin yasal \u00e7er\u00e7evede y\u00fcr\u00fct\u00fclmesi ve bu kapsamda Health Agents Turkey&#8217;in her t\u00fcrl\u00fc s\u00f6zle\u015fmesel ve kanuni \u00f6dev ve y\u00fck\u00fcml\u00fcl\u00fcklerini tam ve gere\u011fi gibi ifa edebilmesi i\u00e7in toplanmakta ve i\u015flenmektedir. Ki\u015fisel verilerinizin toplanmas\u0131n\u0131n ve elde edilmesinin hukuki sebepleri ilgili kanun h\u00fck\u00fcmleridir:<\/p><p>Ki\u015fisel Verilerin Korunmas\u0131 Kanunu 6698 say\u0131l\u0131 Ki\u015fisel Verilerin Korunmas\u0131 Kanunu, 3359 say\u0131l\u0131 Sa\u011fl\u0131k Hizmetleri Temel Kanunu ve<\/p><p>Sa\u011fl\u0131k Bakanl\u0131\u011f\u0131 ve Ba\u011fl\u0131 Kurulu\u015flar\u0131n\u0131n Te\u015fkilat ve G\u00f6revleri Hakk\u0131nda Kanun H\u00fckm\u00fcnde Kararname 663 say\u0131l\u0131 Sa\u011fl\u0131k Bakanl\u0131\u011f\u0131 ve Ba\u011fl\u0131 Kurulu\u015flar\u0131n\u0131n Te\u015fkilat ve G\u00f6revleri Hakk\u0131nda Kanun H\u00fckm\u00fcnde Kararname, \u00d6zel Hastaneler Y\u00f6netmeli\u011fi, Ki\u015fisel Sa\u011fl\u0131k Bilgilerinin \u0130\u015flenmesi ve Mahremiyetinin Korunmas\u0131 Hakk\u0131nda Y\u00f6netmelik ve Sa\u011fl\u0131k Bakanl\u0131\u011f\u0131&#8217;n\u0131n di\u011fer d\u00fczenlemeleri ile y\u00fcr\u00fcrl\u00fckteki di\u011fer kanun ve h\u00fck\u00fcmler.<\/p><p>Ayr\u0131ca, Kanun&#8217;un 6. maddesinin 3. f\u0131kras\u0131nda belirtildi\u011fi \u00fczere, sa\u011fl\u0131\u011fa ili\u015fkin ki\u015fisel veriler, s\u0131r saklama y\u00fck\u00fcml\u00fcl\u00fc\u011f\u00fc alt\u0131nda bulunan ki\u015filer veya yetkili resm\u00ee kurum ve kurulu\u015flar taraf\u0131ndan, \u00f6nceden a\u00e7\u0131k r\u0131za al\u0131nmaks\u0131z\u0131n yaln\u0131zca kamu sa\u011fl\u0131\u011f\u0131n\u0131n korunmas\u0131, koruyucu hekimlik, t\u0131bb\u00ee te\u015fhis, tedavi ve bak\u0131m hizmetlerinin y\u00fcr\u00fct\u00fclmesi, sa\u011fl\u0131k hizmetleri ile finansman\u0131n\u0131n planlanmas\u0131 ve y\u00f6netimi amac\u0131yla da i\u015flenebilecektir.<\/p><ul><li><strong>Ki\u015fisel Verilerin Korunmas\u0131na \u0130li\u015fkin Haklar\u0131n\u0131z<\/strong><\/li><\/ul><p>Kanun ve ilgili di\u011fer mevzuat uyar\u0131nca a\u015fa\u011f\u0131daki haklara sahipsiniz: Ki\u015fisel verilerinizin i\u015flenip i\u015flenmedi\u011fini \u00f6\u011frenme, ki\u015fisel verileriniz i\u015flenmi\u015fse buna ili\u015fkin bilgi talep etme, ki\u015fisel sa\u011fl\u0131k verilerine ve bilgilerine eri\u015fme ve bunlar\u0131 talep etme, ki\u015fisel verilerin i\u015flenme amac\u0131n\u0131 ve bunlar\u0131n amac\u0131na uygun kullan\u0131l\u0131p kullan\u0131lmad\u0131\u011f\u0131n\u0131 \u00f6\u011frenme, yurt i\u00e7inde veya yurt d\u0131\u015f\u0131nda yerle\u015fik ve ki\u015fisel verilerinizin aktar\u0131ld\u0131\u011f\u0131 \u00fc\u00e7\u00fcnc\u00fc ki\u015fileri bilme, ki\u015fisel verilerinizin eksik veya yanl\u0131\u015f i\u015flenmi\u015f olmas\u0131 h\u00e2linde bunlar\u0131 \u00f6\u011frenme haklar\u0131na sahipsiniz, d\u00fczeltilmesini veya tamamlanmas\u0131n\u0131 isteme, ki\u015fisel verilerinizin silinmesini veya yok edilmesini isteme, ki\u015fisel verilerinizin eksik veya yanl\u0131\u015f i\u015flenmi\u015f olmas\u0131 h\u00e2linde bunlar\u0131n d\u00fczeltilmesi veya tamamlanmas\u0131 ve\/veya ki\u015fisel verilerinizin silinmesi veya yok edilmesi hakk\u0131nda ki\u015fisel verilerinizin aktar\u0131ld\u0131\u011f\u0131 \u00fc\u00e7\u00fcnc\u00fc ki\u015filere bilgi verilmesini isteme, i\u015flenen ki\u015fisel verilerinizin m\u00fcnhas\u0131ran otomatik sistemler vas\u0131tas\u0131yla analiz edilmesi suretiyle aleyhinize bir sonucun ortaya \u00e7\u0131kmas\u0131na itiraz etme haklar\u0131na sahipsiniz.<\/p><p>Yukar\u0131da belirtilen haklar\u0131n\u0131zdan bir veya birka\u00e7\u0131n\u0131 kullanman\u0131z durumunda ilgili bilgiler, taraf\u0131n\u0131zca sa\u011flanan ileti\u015fim veri ve bilgileri kullan\u0131larak a\u00e7\u0131k ve anla\u015f\u0131l\u0131r bir \u015fekilde, yaz\u0131l\u0131 olarak veya elektronik ortamda taraf\u0131n\u0131za iletilecektir.<\/p><ul><li><strong>Veri G\u00fcvenli\u011fi<\/strong><\/li><\/ul><p>Health Agents Turkey, ki\u015fisel verilerinizi bilgi g\u00fcvenli\u011fi standartlar\u0131 ve prosed\u00fcrleri gere\u011fince al\u0131nmas\u0131 gereken t\u00fcm teknik ve idari g\u00fcvenlik kontrollerine tam ve s\u0131k\u0131 bir uyum i\u00e7erisinde korumaktad\u0131r. S\u00f6z konusu g\u00fcvenlik eylemleri ve \u00f6nlemleri, teknolojik imk\u00e2nlar da g\u00f6z \u00f6n\u00fcnde bulundurularak olas\u0131 risklere uygun bir seviyede al\u0131nmakta ve sa\u011flanmaktad\u0131r.<\/p><ul><li><strong>\u015eikayetler ve \u0130leti\u015fim<\/strong><\/li><\/ul><p>Ki\u015fisel verileriniz mevcut teknik ve idari imk\u00e2nlar \u00e7er\u00e7evesinde korunmakta, teknolojik imk\u00e2nlar da g\u00f6z \u00f6n\u00fcnde bulundurularak olas\u0131 risklere uygun d\u00fczeyde gerekli g\u00fcvenlik tedbirleri al\u0131nmakta ve sa\u011flanmaktad\u0131r.<\/p><p>&#8220;healthagentsturkey.com\/gdpr&#8221; web adresinde yer alan &#8220;Ki\u015fisel Verilerin Korunmas\u0131 Kanunu Uyar\u0131nca Ba\u015fvuru Formu &#8220;nu doldurarak hukuki taleplerinizi iletebilirsiniz:<\/p><p>(i) Cumhuriyet Mah. 14050 Sok. Pa\u015fa Kona\u011f\u0131 A Blk. No:2\/10 Oniki\u015fubat \/ Kahramanmara\u015f, T\u00fcrkiye adresine \u0131slak imzan\u0131z\u0131 ta\u015f\u0131yan bir dilek\u00e7e ile birlikte, \u00fczerinde &#8220;Ki\u015fisel Verilerin Korunmas\u0131 Kanunu Kapsam\u0131nda Bilgi Talebi&#8221; ibaresi bulunan ve &#8220;Kurumsal Sekreterlik&#8221; departman\u0131n\u0131n dikkatine hitaben yaz\u0131lm\u0131\u015f bir zarf i\u00e7erisinde kargo kurye hizmeti ile g\u00f6nderebilir veya<\/p><p>(ii) Noter arac\u0131l\u0131\u011f\u0131yla g\u00f6ndererek veya<\/p><p>(iii) info@healthagentsturkey.com adresine g\u00fcvenli elektronik yollarla veya mobil imzal\u0131 olarak, kay\u0131tl\u0131 elektronik posta adresiniz veya sistemimizde kay\u0131tl\u0131 elektronik posta adresiniz vas\u0131tas\u0131yla g\u00f6ndererek ve\/veya<\/p><p>(iv) Health Agents Turkey adresine hitaben &#8220;.docx veya .pdf&#8221; format\u0131nda bir dosyay\u0131 g\u00fcvenli e-imzan\u0131z ile imzalayarak, e-postan\u0131z\u0131n konu sat\u0131r\u0131na &#8220;Ki\u015fisel Verilerin Korunmas\u0131 Kanunu Kapsam\u0131nda Bilgi Talebi&#8221; ibaresini yazarak info@healthagentsturkey.com adresine iletebilirsiniz.<\/p><p>Kanun kapsam\u0131ndaki hukuki taleplerinizi healthagentsturkey.com\/gdpr web adresinde yer alan &#8220;Ki\u015fisel Verilerin Korunmas\u0131 Kanunu Uyar\u0131nca Ba\u015fvuru Formu &#8220;nu doldurarak formda belirtilen ileti\u015fim ara\u00e7lar\u0131 ile taraf\u0131m\u0131za iletmeniz rica olunur.<\/p>\t\t\t\t\t\t\t\t<\/div>\n\t\t\t\t<\/div>\n\t\t\t\t\t<\/div>\n\t\t\t\t<\/div>\n\t\t\t\t<\/div>\n\t\t","protected":false},"excerpt":{"rendered":"<p>KI\u0307\u015eI\u0307SEL VERI\u0307LERI\u0307N ELDE EDI\u0307LMESI\u0307 VE I\u0307\u015eLENMESI\u0307NE I\u0307LI\u0307\u015eKI\u0307N BI\u0307LGI\u0307 FORMU ALP BAKIM VE SAGLIK HIZMETLERI SANAYI VE TICARET LIMITED SIRKETI\u00a0Cumhuriyet Mah. 14050 Sok. [&hellip;]<\/p>\n","protected":false},"author":1,"featured_media":0,"parent":0,"menu_order":0,"comment_status":"closed","ping_status":"closed","template":"elementor_header_footer","meta":{"_eb_attr":"","footnotes":""},"class_list":["post-3","page","type-page","status-publish","hentry"],"_links":{"self":[{"href":"https:\/\/healthagentsturkey.com\/tr\/wp-json\/wp\/v2\/pages\/3","targetHints":{"allow":["GET"]}}],"collection":[{"href":"https:\/\/healthagentsturkey.com\/tr\/wp-json\/wp\/v2\/pages"}],"about":[{"href":"https:\/\/healthagentsturkey.com\/tr\/wp-json\/wp\/v2\/types\/page"}],"author":[{"embeddable":true,"href":"https:\/\/healthagentsturkey.com\/tr\/wp-json\/wp\/v2\/users\/1"}],"replies":[{"embeddable":true,"href":"https:\/\/healthagentsturkey.com\/tr\/wp-json\/wp\/v2\/comments?post=3"}],"version-history":[{"count":0,"href":"https:\/\/healthagentsturkey.com\/tr\/wp-json\/wp\/v2\/pages\/3\/revisions"}],"wp:attachment":[{"href":"https:\/\/healthagentsturkey.com\/tr\/wp-json\/wp\/v2\/media?parent=3"}],"curies":[{"name":"wp","href":"https:\/\/api.w.org\/{rel}","templated":true}]}}