{"id":2917,"date":"2023-12-02T17:04:03","date_gmt":"2023-12-02T14:04:03","guid":{"rendered":"https:\/\/healthagentsturkey.com\/?page_id=2917"},"modified":"2026-02-25T10:31:57","modified_gmt":"2026-02-25T07:31:57","slug":"skolyoz","status":"publish","type":"page","link":"https:\/\/healthagentsturkey.com\/tr\/tedavi\/ortopedi\/skolyoz\/","title":{"rendered":"Omurga E\u011frili\u011fi"},"content":{"rendered":"\t\t<div data-elementor-type=\"wp-page\" data-elementor-id=\"2917\" class=\"elementor elementor-2917\" data-elementor-post-type=\"page\">\n\t\t\t\t\t\t<section class=\"elementor-section elementor-top-section elementor-element elementor-element-eedafb9 elementor-section-content-middle elementor-section-boxed elementor-section-height-default elementor-section-height-default tp-parallax-no syd-sticky-section-no\" data-id=\"eedafb9\" data-element_type=\"section\" data-settings=\"{&quot;tp_sticky_sec_effect_enable&quot;:false}\">\n\t\t\t\t\t\t<div class=\"elementor-container elementor-column-gap-default\">\n\t\t\t\t\t<div data-aos=\"\" class=\"elementor-column elementor-col-50 elementor-top-column elementor-element elementor-element-571508b syd-sticky-section-no\" data-id=\"571508b\" data-element_type=\"column\" data-settings=\"{&quot;tp_sticky_col_effect_enable&quot;:false}\">\n\t\t\t<div class=\"elementor-widget-wrap elementor-element-populated\">\n\t\t\t\t\t\t<div class=\"elementor-element elementor-element-2fc2cb6 syd-sticky-section-no elementor-widget elementor-widget-heading\" data-id=\"2fc2cb6\" data-element_type=\"widget\" data-widget_type=\"heading.default\">\n\t\t\t\t<div class=\"elementor-widget-container\">\n\t\t\t\t\t<h2 class=\"elementor-heading-title elementor-size-default\">Skolyoz<span style=\"color: white\">.<\/span><\/h2>\t\t\t\t<\/div>\n\t\t\t\t<\/div>\n\t\t\t\t<div class=\"elementor-element elementor-element-cc5cdb2 syd-sticky-section-no elementor-widget elementor-widget-heading\" data-id=\"cc5cdb2\" data-element_type=\"widget\" data-widget_type=\"heading.default\">\n\t\t\t\t<div class=\"elementor-widget-container\">\n\t\t\t\t\t<h6 class=\"elementor-heading-title elementor-size-default\">Omurga E\u011frili\u011fi<\/h6>\t\t\t\t<\/div>\n\t\t\t\t<\/div>\n\t\t\t\t<div class=\"elementor-element elementor-element-1cf0f1c syd-sticky-section-no elementor-widget elementor-widget-text-editor\" data-id=\"1cf0f1c\" data-element_type=\"widget\" data-widget_type=\"text-editor.default\">\n\t\t\t\t<div class=\"elementor-widget-container\">\n\t\t\t\t\t\t\t\t\t<p>Omurga e\u011frili\u011fi, ya\u015fam kalitesini olumsuz etkileyebilecek ciddi bir sorundur. Sa\u011fl\u0131k turizmi kapsam\u0131nda sundu\u011fumuz omurga e\u011frili\u011fi tedavileri, uluslararas\u0131 standartlarda uzman hekimlerimiz taraf\u0131ndan ger\u00e7ekle\u015ftirilmektedir. G\u00fcn\u00fcm\u00fczde, omurga e\u011frili\u011fi tedavilerindeki ilerlemeler sayesinde, hasta odakl\u0131 ve etkili \u00e7\u00f6z\u00fcmler sunabilmekteyiz.<\/p><p>Tedavi s\u00fcreciniz, uzmanlar\u0131m\u0131z\u0131n titizlikle haz\u0131rlad\u0131\u011f\u0131 ki\u015fiye \u00f6zel planlar do\u011frultusunda ilerler. Modern t\u0131bb\u0131n getirdi\u011fi teknolojik yenilikler ve cerrahi becerilerle birle\u015fen bu yakla\u015f\u0131m, omurga sa\u011fl\u0131\u011f\u0131n\u0131z\u0131 optimize etmeyi ama\u00e7lamaktad\u0131r. Sa\u011fl\u0131k turizmi kapsam\u0131nda sundu\u011fumuz hizmetlerle, hastalar\u0131m\u0131za konforlu ve g\u00fcvenilir bir tedavi deneyimi sunuyoruz.<\/p>\t\t\t\t\t\t\t\t<\/div>\n\t\t\t\t<\/div>\n\t\t\t\t\t<\/div>\n\t\t<\/div>\n\t\t\t\t<div data-aos=\"\" class=\"elementor-column elementor-col-50 elementor-top-column elementor-element elementor-element-bc4d4c0 syd-sticky-section-no\" data-id=\"bc4d4c0\" data-element_type=\"column\" data-settings=\"{&quot;tp_sticky_col_effect_enable&quot;:false}\">\n\t\t\t<div class=\"elementor-widget-wrap elementor-element-populated\">\n\t\t\t\t\t\t<div class=\"elementor-element elementor-element-48dd569 syd-sticky-section-no elementor-widget elementor-widget-image\" data-id=\"48dd569\" data-element_type=\"widget\" data-widget_type=\"image.default\">\n\t\t\t\t<div class=\"elementor-widget-container\">\n\t\t\t\t\t\t\t\t\t<\/div>\n\t\t\t\t<\/div>\n\t\t\t\t\t<\/div>\n\t\t<\/div>\n\t\t\t\t\t<\/div>\n\t\t<\/section>\n\t\t\t\t<\/div>\n\t\t","protected":false},"excerpt":{"rendered":"<p>Skolyoz. Omurga E\u011frili\u011fi Omurga e\u011frili\u011fi, ya\u015fam kalitesini olumsuz etkileyebilecek ciddi bir sorundur. Sa\u011fl\u0131k turizmi kapsam\u0131nda sundu\u011fumuz omurga e\u011frili\u011fi tedavileri, uluslararas\u0131 standartlarda uzman [&hellip;]<\/p>\n","protected":false},"author":1,"featured_media":0,"parent":933,"menu_order":0,"comment_status":"closed","ping_status":"closed","template":"elementor_header_footer","meta":{"_eb_attr":"","footnotes":""},"class_list":["post-2917","page","type-page","status-publish","hentry"],"_links":{"self":[{"href":"https:\/\/healthagentsturkey.com\/tr\/wp-json\/wp\/v2\/pages\/2917","targetHints":{"allow":["GET"]}}],"collection":[{"href":"https:\/\/healthagentsturkey.com\/tr\/wp-json\/wp\/v2\/pages"}],"about":[{"href":"https:\/\/healthagentsturkey.com\/tr\/wp-json\/wp\/v2\/types\/page"}],"author":[{"embeddable":true,"href":"https:\/\/healthagentsturkey.com\/tr\/wp-json\/wp\/v2\/users\/1"}],"replies":[{"embeddable":true,"href":"https:\/\/healthagentsturkey.com\/tr\/wp-json\/wp\/v2\/comments?post=2917"}],"version-history":[{"count":1,"href":"https:\/\/healthagentsturkey.com\/tr\/wp-json\/wp\/v2\/pages\/2917\/revisions"}],"predecessor-version":[{"id":4798,"href":"https:\/\/healthagentsturkey.com\/tr\/wp-json\/wp\/v2\/pages\/2917\/revisions\/4798"}],"up":[{"embeddable":true,"href":"https:\/\/healthagentsturkey.com\/tr\/wp-json\/wp\/v2\/pages\/933"}],"wp:attachment":[{"href":"https:\/\/healthagentsturkey.com\/tr\/wp-json\/wp\/v2\/media?parent=2917"}],"curies":[{"name":"wp","href":"https:\/\/api.w.org\/{rel}","templated":true}]}}