{"id":2846,"date":"2023-12-01T22:29:54","date_gmt":"2023-12-01T19:29:54","guid":{"rendered":"https:\/\/healthagentsturkey.com\/?page_id=2846"},"modified":"2023-12-23T14:52:32","modified_gmt":"2023-12-23T11:52:32","slug":"tercumanlik","status":"publish","type":"page","link":"https:\/\/healthagentsturkey.com\/tr\/hizmetler\/tercumanlik\/","title":{"rendered":"Terc\u00fcmanl\u0131k Hizmetleri"},"content":{"rendered":"\t\t<div data-elementor-type=\"wp-page\" data-elementor-id=\"2846\" class=\"elementor elementor-2846\" data-elementor-post-type=\"page\">\n\t\t\t\t\t\t<section class=\"elementor-section elementor-top-section elementor-element elementor-element-eedafb9 elementor-section-content-middle elementor-section-boxed elementor-section-height-default elementor-section-height-default tp-parallax-no syd-sticky-section-no\" data-id=\"eedafb9\" data-element_type=\"section\" data-settings=\"{&quot;tp_sticky_sec_effect_enable&quot;:false}\">\n\t\t\t\t\t\t<div class=\"elementor-container elementor-column-gap-default\">\n\t\t\t\t\t<div data-aos=\"\" class=\"elementor-column elementor-col-50 elementor-top-column elementor-element elementor-element-571508b syd-sticky-section-no\" data-id=\"571508b\" data-element_type=\"column\" data-settings=\"{&quot;tp_sticky_col_effect_enable&quot;:false}\">\n\t\t\t<div class=\"elementor-widget-wrap elementor-element-populated\">\n\t\t\t\t\t\t<div class=\"elementor-element elementor-element-2fc2cb6 syd-sticky-section-no elementor-widget elementor-widget-heading\" data-id=\"2fc2cb6\" data-element_type=\"widget\" data-widget_type=\"heading.default\">\n\t\t\t\t<div class=\"elementor-widget-container\">\n\t\t\t\t\t<h2 class=\"elementor-heading-title elementor-size-default\">Terc\u00fcmanl\u0131k Hizmetleri<\/h2>\t\t\t\t<\/div>\n\t\t\t\t<\/div>\n\t\t\t\t<div class=\"elementor-element elementor-element-1cf0f1c syd-sticky-section-no elementor-widget elementor-widget-text-editor\" data-id=\"1cf0f1c\" data-element_type=\"widget\" data-widget_type=\"text-editor.default\">\n\t\t\t\t<div class=\"elementor-widget-container\">\n\t\t\t\t\t\t\t\t\t<p>Profesyonel terc\u00fcmanlar\u0131m\u0131z, dil engelini ortadan kald\u0131rarak hastalar\u0131n tedavi s\u00fcre\u00e7lerini daha anla\u015f\u0131l\u0131r ve etkili k\u0131lar. \u015eirketimiz, \u00e7e\u015fitli dillerde sa\u011fl\u0131k raporlar\u0131, tedavi planlar\u0131 ve t\u0131bbi belgelerin \u00e7evirisini yapma konusunda uzmanla\u015fm\u0131\u015ft\u0131r.<\/p><p><strong>Neden Biz?<\/strong><\/p><p><strong>Uzman Terc\u00fcmanlar<\/strong><em>:<\/em> Alan\u0131nda uzman terc\u00fcmanlar\u0131m\u0131z, t\u0131bbi terminolojiye hakim ve ileti\u015fim becerileri y\u00fcksek profesyonellerdir.<\/p><p><strong>Gizlilik ve G\u00fcvenlik<\/strong><em>:<\/em> Sa\u011fl\u0131k bilgileri \u00f6zel ve hassas oldu\u011fu i\u00e7in, terc\u00fcme hizmetlerimizde gizlilik ve g\u00fcvenlik standartlar\u0131n\u0131 en \u00fcst d\u00fczeyde tutuyoruz.<\/p><p><strong>H\u0131zl\u0131 ve Etkili Hizmet<\/strong><em>:<\/em> Acil durumlar i\u00e7in h\u0131zl\u0131 \u00e7\u00f6z\u00fcmler sunuyoruz, b\u00f6ylece hastalar ve sa\u011fl\u0131k profesyonelleri aras\u0131ndaki ileti\u015fimde zaman kaybetmezsiniz.<\/p>\t\t\t\t\t\t\t\t<\/div>\n\t\t\t\t<\/div>\n\t\t\t\t\t<\/div>\n\t\t<\/div>\n\t\t\t\t<div data-aos=\"\" class=\"elementor-column elementor-col-50 elementor-top-column elementor-element elementor-element-bc4d4c0 syd-sticky-section-no\" data-id=\"bc4d4c0\" data-element_type=\"column\" data-settings=\"{&quot;tp_sticky_col_effect_enable&quot;:false}\">\n\t\t\t<div class=\"elementor-widget-wrap elementor-element-populated\">\n\t\t\t\t\t\t<div class=\"elementor-element elementor-element-48dd569 syd-sticky-section-no elementor-widget elementor-widget-image\" data-id=\"48dd569\" data-element_type=\"widget\" data-widget_type=\"image.default\">\n\t\t\t\t<div class=\"elementor-widget-container\">\n\t\t\t\t\t\t\t\t\t\t\t\t\t\t\t<img fetchpriority=\"high\" decoding=\"async\" width=\"1024\" height=\"1024\" src=\"https:\/\/healthagentsturkey.com\/wp-content\/uploads\/2023\/12\/9731554-1024x1024.jpg\" class=\"attachment-large size-large wp-image-2884\" alt=\"\" srcset=\"https:\/\/healthagentsturkey.com\/wp-content\/uploads\/2023\/12\/9731554-1024x1024.jpg 1024w, https:\/\/healthagentsturkey.com\/wp-content\/uploads\/2023\/12\/9731554-300x300.jpg 300w, https:\/\/healthagentsturkey.com\/wp-content\/uploads\/2023\/12\/9731554-150x150.jpg 150w, https:\/\/healthagentsturkey.com\/wp-content\/uploads\/2023\/12\/9731554-768x768.jpg 768w, https:\/\/healthagentsturkey.com\/wp-content\/uploads\/2023\/12\/9731554-1536x1536.jpg 1536w, https:\/\/healthagentsturkey.com\/wp-content\/uploads\/2023\/12\/9731554-2048x2048.jpg 2048w, https:\/\/healthagentsturkey.com\/wp-content\/uploads\/2023\/12\/9731554-1000x1000.jpg 1000w, https:\/\/healthagentsturkey.com\/wp-content\/uploads\/2023\/12\/9731554-230x230.jpg 230w, https:\/\/healthagentsturkey.com\/wp-content\/uploads\/2023\/12\/9731554-350x350.jpg 350w, https:\/\/healthagentsturkey.com\/wp-content\/uploads\/2023\/12\/9731554-480x480.jpg 480w\" sizes=\"(max-width: 1024px) 100vw, 1024px\" \/>\t\t\t\t\t\t\t\t\t\t\t\t\t\t\t<\/div>\n\t\t\t\t<\/div>\n\t\t\t\t\t<\/div>\n\t\t<\/div>\n\t\t\t\t\t<\/div>\n\t\t<\/section>\n\t\t<div class=\"elementor-element elementor-element-dc81268 e-flex e-con-boxed syd-sticky-section-no e-con e-parent\" data-id=\"dc81268\" data-element_type=\"container\">\n\t\t\t\t\t<div class=\"e-con-inner\">\n\t\t\t\t<div class=\"elementor-element elementor-element-1a5f713 syd-sticky-section-no elementor-widget elementor-widget-text-editor\" data-id=\"1a5f713\" data-element_type=\"widget\" data-widget_type=\"text-editor.default\">\n\t\t\t\t<div class=\"elementor-widget-container\">\n\t\t\t\t\t\t\t\t\t<p><strong>Bizimle \u0130leti\u015fime Ge\u00e7in:<\/strong><\/p><p>Sa\u011fl\u0131k Turizmi Ter\u00e7\u00fcme Hizmetleri ile ilgili daha fazla bilgi almak veya hizmetlerimizden yararlanmak i\u00e7in bizimle ileti\u015fime ge\u00e7mekten \u00e7ekinmeyin. Profesyonel ekibimiz, size en uygun \u00e7\u00f6z\u00fcmlerini sunmak i\u00e7in burada.<\/p>\t\t\t\t\t\t\t\t<\/div>\n\t\t\t\t<\/div>\n\t\t\t\t\t<\/div>\n\t\t\t\t<\/div>\n\t\t\t\t<section class=\"elementor-section elementor-top-section elementor-element elementor-element-5b93669 elementor-section-content-middle elementor-section-boxed elementor-section-height-default elementor-section-height-default tp-parallax-no syd-sticky-section-no\" data-id=\"5b93669\" data-element_type=\"section\" data-settings=\"{&quot;background_background&quot;:&quot;classic&quot;,&quot;tp_sticky_sec_effect_enable&quot;:false}\">\n\t\t\t\t\t\t<div class=\"elementor-container elementor-column-gap-default\">\n\t\t\t\t\t<div data-aos=\"\" class=\"elementor-column elementor-col-50 elementor-top-column elementor-element elementor-element-25c7cd3 syd-sticky-section-no\" data-id=\"25c7cd3\" data-element_type=\"column\" data-settings=\"{&quot;tp_sticky_col_effect_enable&quot;:false}\">\n\t\t\t<div class=\"elementor-widget-wrap elementor-element-populated\">\n\t\t\t\t\t\t<div class=\"elementor-element elementor-element-64ab903 syd-sticky-section-no elementor-widget elementor-widget-heading\" data-id=\"64ab903\" data-element_type=\"widget\" data-widget_type=\"heading.default\">\n\t\t\t\t<div class=\"elementor-widget-container\">\n\t\t\t\t\t<h2 class=\"elementor-heading-title elementor-size-default\">Sorular\u0131n\u0131z m\u0131 var?<\/h2>\t\t\t\t<\/div>\n\t\t\t\t<\/div>\n\t\t\t\t\t<\/div>\n\t\t<\/div>\n\t\t\t\t<div data-aos=\"\" class=\"elementor-column elementor-col-50 elementor-top-column elementor-element elementor-element-08a4a69 syd-sticky-section-no\" data-id=\"08a4a69\" data-element_type=\"column\" data-settings=\"{&quot;tp_sticky_col_effect_enable&quot;:false}\">\n\t\t\t<div class=\"elementor-widget-wrap elementor-element-populated\">\n\t\t\t\t\t\t<div class=\"elementor-element elementor-element-edbd630 elementor-align-right elementor-mobile-align-center syd-sticky-section-no elementor-widget elementor-widget-button\" data-id=\"edbd630\" data-element_type=\"widget\" data-widget_type=\"button.default\">\n\t\t\t\t<div class=\"elementor-widget-container\">\n\t\t\t\t\t\t\t\t\t<div class=\"elementor-button-wrapper\">\n\t\t\t\t\t<a class=\"elementor-button elementor-button-link elementor-size-sm\" href=\"https:\/\/healthagentsturkey.com\/iletisim\/\">\n\t\t\t\t\t\t<span class=\"elementor-button-content-wrapper\">\n\t\t\t\t\t\t\t\t\t<span class=\"elementor-button-text\">Bize Ula\u015f\u0131n<\/span>\n\t\t\t\t\t<\/span>\n\t\t\t\t\t<\/a>\n\t\t\t\t<\/div>\n\t\t\t\t\t\t\t\t<\/div>\n\t\t\t\t<\/div>\n\t\t\t\t\t<\/div>\n\t\t<\/div>\n\t\t\t\t\t<\/div>\n\t\t<\/section>\n\t\t\t\t<\/div>\n\t\t","protected":false},"excerpt":{"rendered":"<p>Terc\u00fcmanl\u0131k Hizmetleri Profesyonel terc\u00fcmanlar\u0131m\u0131z, dil engelini ortadan kald\u0131rarak hastalar\u0131n tedavi s\u00fcre\u00e7lerini daha anla\u015f\u0131l\u0131r ve etkili k\u0131lar. \u015eirketimiz, \u00e7e\u015fitli dillerde sa\u011fl\u0131k raporlar\u0131, tedavi [&hellip;]<\/p>\n","protected":false},"author":1,"featured_media":0,"parent":556,"menu_order":0,"comment_status":"closed","ping_status":"closed","template":"page-templates\/page_front-page.php","meta":{"_eb_attr":"","footnotes":""},"class_list":["post-2846","page","type-page","status-publish","hentry"],"_links":{"self":[{"href":"https:\/\/healthagentsturkey.com\/tr\/wp-json\/wp\/v2\/pages\/2846","targetHints":{"allow":["GET"]}}],"collection":[{"href":"https:\/\/healthagentsturkey.com\/tr\/wp-json\/wp\/v2\/pages"}],"about":[{"href":"https:\/\/healthagentsturkey.com\/tr\/wp-json\/wp\/v2\/types\/page"}],"author":[{"embeddable":true,"href":"https:\/\/healthagentsturkey.com\/tr\/wp-json\/wp\/v2\/users\/1"}],"replies":[{"embeddable":true,"href":"https:\/\/healthagentsturkey.com\/tr\/wp-json\/wp\/v2\/comments?post=2846"}],"version-history":[{"count":0,"href":"https:\/\/healthagentsturkey.com\/tr\/wp-json\/wp\/v2\/pages\/2846\/revisions"}],"up":[{"embeddable":true,"href":"https:\/\/healthagentsturkey.com\/tr\/wp-json\/wp\/v2\/pages\/556"}],"wp:attachment":[{"href":"https:\/\/healthagentsturkey.com\/tr\/wp-json\/wp\/v2\/media?parent=2846"}],"curies":[{"name":"wp","href":"https:\/\/api.w.org\/{rel}","templated":true}]}}