{"id":1894,"date":"2023-11-20T23:48:38","date_gmt":"2023-11-20T23:48:38","guid":{"rendered":"https:\/\/healthagentsturkey.com\/?page_id=1894"},"modified":"2026-02-25T10:31:56","modified_gmt":"2026-02-25T07:31:56","slug":"dudak-dolgusu","status":"publish","type":"page","link":"https:\/\/healthagentsturkey.com\/tr\/tedavi\/estetik\/dudak-dolgusu\/","title":{"rendered":"Dudak Dolgusu"},"content":{"rendered":"\t\t<div data-elementor-type=\"wp-page\" data-elementor-id=\"1894\" class=\"elementor elementor-1894\" data-elementor-post-type=\"page\">\n\t\t\t\t\t\t<section class=\"elementor-section elementor-top-section elementor-element elementor-element-eedafb9 elementor-section-content-middle elementor-section-boxed elementor-section-height-default elementor-section-height-default tp-parallax-no syd-sticky-section-no\" data-id=\"eedafb9\" data-element_type=\"section\" data-settings=\"{&quot;tp_sticky_sec_effect_enable&quot;:false}\">\n\t\t\t\t\t\t<div class=\"elementor-container elementor-column-gap-default\">\n\t\t\t\t\t<div data-aos=\"\" class=\"elementor-column elementor-col-50 elementor-top-column elementor-element elementor-element-571508b syd-sticky-section-no\" data-id=\"571508b\" data-element_type=\"column\" data-settings=\"{&quot;tp_sticky_col_effect_enable&quot;:false}\">\n\t\t\t<div class=\"elementor-widget-wrap elementor-element-populated\">\n\t\t\t\t\t\t<div class=\"elementor-element elementor-element-2fc2cb6 syd-sticky-section-no elementor-widget elementor-widget-heading\" data-id=\"2fc2cb6\" data-element_type=\"widget\" data-widget_type=\"heading.default\">\n\t\t\t\t<div class=\"elementor-widget-container\">\n\t\t\t\t\t<h2 class=\"elementor-heading-title elementor-size-default\">Dudak Dolgusu Nedir<\/h2>\t\t\t\t<\/div>\n\t\t\t\t<\/div>\n\t\t\t\t<div class=\"elementor-element elementor-element-1cf0f1c elementor-widget__width-initial syd-sticky-section-no elementor-widget elementor-widget-text-editor\" data-id=\"1cf0f1c\" data-element_type=\"widget\" data-widget_type=\"text-editor.default\">\n\t\t\t\t<div class=\"elementor-widget-container\">\n\t\t\t\t\t\t\t\t\t<p><b><i>Dudak dolgusu<\/i><\/b>, v\u00fccuttan do\u011fal doldurucu maddeler ya da sentetik maddeler kullanarak dudaklar\u0131n \u015feklini ve b\u00fcy\u00fckl\u00fc\u011f\u00fcn\u00fc art\u0131rmak amac\u0131yla yap\u0131lan estetik cerrahi i\u015flemidir. \u0130\u015flem, k\u0131sa s\u00fcrede ve uyu\u015fukluk hissi vermeden yap\u0131labilir; hastan\u0131n istedi\u011fi \u015fekil ve b\u00fcy\u00fckl\u00fck, kolay bir \u015fekilde ayarlanabilir.<\/p><p><b>Dudak dolgusu nas\u0131l yap\u0131l\u0131r<\/b><\/p><ul><li aria-level=\"1\"><b><i>Temizlik<\/i><\/b>: Dudak dolgusu \u00f6ncesinde hastan\u0131n dudaklar\u0131 ve etraf\u0131ndaki b\u00f6lge temizlenir.<\/li><li aria-level=\"1\"><a href=\"https:\/\/tr.wikipedia.org\/wiki\/Anestezi\"><b><i>Anestezi<\/i><\/b><\/a><b><i>:<\/i><\/b> Anestezi: \u0130\u015flemde hastan\u0131n ihtiyac\u0131na g\u00f6re <a href=\"https:\/\/tr.wikipedia.org\/wiki\/Lokal_anestezi\">lokal<\/a> veya genel <a href=\"https:\/\/tr.wikipedia.org\/wiki\/Anestezi\">anestezi<\/a> kullan\u0131labilir.\u00a0<\/li><li aria-level=\"1\"><a href=\"https:\/\/tr.wikipedia.org\/wiki\/Enjeksiyon\"><b><i>Enjeksiyon<\/i><\/b><\/a><b><i>:<\/i><\/b>\u00a0\u0130\u015flem s\u0131ras\u0131nda doldurucu madde dudaklar\u0131n belirli b\u00f6lgelerine\u00a0<a href=\"https:\/\/tr.wikipedia.org\/wiki\/Enjeksiyon\">enjeksiyon<\/a>\u00a0yoluyla verilir.<\/li><li aria-level=\"1\"><b><i>Modelleme<\/i><\/b>: Doldurucu madde verildikten sonra dudaklara \u015fekil vermek amac\u0131yla modelleme yap\u0131labilir.<\/li><li aria-level=\"1\"><b><i>Biti\u015f:<\/i><\/b>\u00a0\u0130\u015flem tamamland\u0131ktan sonra hastan\u0131n dudaklar\u0131 bandaj ya da hafif bir pansumanla kapat\u0131labilir.<\/li><\/ul>\t\t\t\t\t\t\t\t<\/div>\n\t\t\t\t<\/div>\n\t\t\t\t\t<\/div>\n\t\t<\/div>\n\t\t\t\t<div data-aos=\"\" class=\"elementor-column elementor-col-50 elementor-top-column elementor-element elementor-element-bc4d4c0 syd-sticky-section-no\" data-id=\"bc4d4c0\" data-element_type=\"column\" data-settings=\"{&quot;tp_sticky_col_effect_enable&quot;:false}\">\n\t\t\t<div class=\"elementor-widget-wrap elementor-element-populated\">\n\t\t\t\t\t\t<div class=\"elementor-element elementor-element-48dd569 syd-sticky-section-no elementor-widget elementor-widget-image\" data-id=\"48dd569\" data-element_type=\"widget\" data-widget_type=\"image.default\">\n\t\t\t\t<div class=\"elementor-widget-container\">\n\t\t\t\t\t\t\t\t\t<\/div>\n\t\t\t\t<\/div>\n\t\t\t\t\t<\/div>\n\t\t<\/div>\n\t\t\t\t\t<\/div>\n\t\t<\/section>\n\t\t<div class=\"elementor-element elementor-element-99fe56d e-flex e-con-boxed syd-sticky-section-no e-con e-parent\" data-id=\"99fe56d\" data-element_type=\"container\">\n\t\t\t\t\t<div class=\"e-con-inner\">\n\t\t\t\t<div class=\"elementor-element elementor-element-def30c4 syd-sticky-section-no elementor-widget elementor-widget-text-editor\" data-id=\"def30c4\" data-element_type=\"widget\" data-widget_type=\"text-editor.default\">\n\t\t\t\t<div class=\"elementor-widget-container\">\n\t\t\t\t\t\t\t\t\t<p><b><i>Dudak dolgusu<\/i><\/b>; ortalama 15&#8217;den 60 dakika aras\u0131nda de\u011fi\u015febilmekte olup, hastan\u0131n ihtiyac\u0131na g\u00f6re farkl\u0131 dolgu maddeleri kullan\u0131labilmektedir. \u0130\u015flem sonras\u0131nda hastan\u0131n dudaklar\u0131nda \u015fi\u015flik, morarma ya da hassasiyet olabilir; ancak bu normaldir ve k\u0131sa s\u00fcrede ge\u00e7ecektir.<\/p><p><b>Dudak dolgusu i\u015fleminin avantajlar\u0131 nelerdir?<\/b><\/p><ul><li aria-level=\"1\">H\u0131zl\u0131 sonu\u00e7.<\/li><li aria-level=\"1\">Uygun fiyat<\/li><li aria-level=\"1\">Kolay ayarlanabilme<\/li><li aria-level=\"1\">Uyu\u015fukluk vermeyen i\u015flem<\/li><li aria-level=\"1\">Do\u011fal g\u00f6r\u00fcn\u00fcm.<\/li><\/ul><p><b><br \/>Dudak dolgusu i\u015fleminin dezavantajlar\u0131 nelerdir?<\/b><\/p><ul><li>A\u011fr\u0131<\/li><li><a href=\"https:\/\/tr.wikipedia.org\/wiki\/Enfeksiyon_hastal%C4%B1klar%C4%B1\">Enfeksiyon<\/a> olu\u015fma riski<\/li><li>Dudaklarda \u015fi\u015fme ve k\u0131zar\u0131kl\u0131k<\/li><li>E\u015fit olmayan g\u00f6r\u00fcn\u00fcm.<\/li><li>Ge\u00e7ici sonu\u00e7lar.<\/li><\/ul><p><b><i>Dudak dolgusu<\/i><\/b>\u00a0i\u015flemi kapsam\u0131nda ge\u00e7en risk ve dezavantajlar nadiren meydana geliyor ve operasyon \u00f6ncesi uzman doktorlar\u0131m\u0131z, olu\u015fabilecek riskler hakk\u0131nda hastalar\u0131na bilgi veriyor. \u0130yi bir sa\u011fl\u0131k ekibiyle bahsi ge\u00e7en riskleri \u00f6nlemek m\u00fcmk\u00fcn.<\/p><p><b>Dudak dolgusu i\u015flemi i\u00e7in nereye gidebilirim?<\/b><\/p><p>Sa\u011fl\u0131k sekt\u00f6r\u00fcnde \u00f6nceli\u011fimiz her zaman hasta memnuniyeti ve sa\u011fl\u0131\u011f\u0131 olmu\u015ftur.\u00a0<b>Health Agents<\/b>\u00a0modern teknoloji ve en son t\u0131bbi yeniliklerle donat\u0131lm\u0131\u015f bir ortamda, alan\u0131nda uzman doktorlar taraf\u0131ndan hizmet veriyor. Size en iyi hizmeti sunmak i\u00e7in her zaman yan\u0131n\u0131zday\u0131z ve ger\u00e7ekle\u015ftirdi\u011fimiz cerrahi i\u015flemlerde elde etti\u011fimiz ba\u015far\u0131larla gurur duyuyoruz. Bu nedenle\u00a0<b>Health Agents<\/b>\u00a0b\u00fcnyesindeki doktorlar\u0131m\u0131z, uzmanl\u0131klar\u0131 ve deneyimleri sayesinde t\u00fcm t\u0131bbi i\u015flemlerde oldu\u011fu gibi\u00a0<b><i>dudak dolgusu<\/i><\/b>\u00a0i\u015flemi i\u00e7in de s\u0131kl\u0131kla tercih ediliyor. Siz de g\u00fcvenle bizi tercih edebilirsiniz.<\/p>\t\t\t\t\t\t\t\t<\/div>\n\t\t\t\t<\/div>\n\t\t\t\t\t<\/div>\n\t\t\t\t<\/div>\n\t\t\t\t<section class=\"elementor-section elementor-top-section elementor-element elementor-element-cfed380 elementor-section-content-middle elementor-section-boxed elementor-section-height-default elementor-section-height-default tp-parallax-no syd-sticky-section-no\" data-id=\"cfed380\" data-element_type=\"section\" data-settings=\"{&quot;background_background&quot;:&quot;classic&quot;,&quot;tp_sticky_sec_effect_enable&quot;:false}\">\n\t\t\t\t\t\t<div class=\"elementor-container elementor-column-gap-default\">\n\t\t\t\t\t<div data-aos=\"\" class=\"elementor-column elementor-col-50 elementor-top-column elementor-element elementor-element-d8fac92 syd-sticky-section-no\" data-id=\"d8fac92\" data-element_type=\"column\" data-settings=\"{&quot;tp_sticky_col_effect_enable&quot;:false}\">\n\t\t\t<div class=\"elementor-widget-wrap elementor-element-populated\">\n\t\t\t\t\t\t<div class=\"elementor-element elementor-element-ea4173f syd-sticky-section-no elementor-widget elementor-widget-heading\" data-id=\"ea4173f\" data-element_type=\"widget\" data-widget_type=\"heading.default\">\n\t\t\t\t<div class=\"elementor-widget-container\">\n\t\t\t\t\t<h2 class=\"elementor-heading-title elementor-size-default\">Sorular\u0131n\u0131z m\u0131 var?<\/h2>\t\t\t\t<\/div>\n\t\t\t\t<\/div>\n\t\t\t\t\t<\/div>\n\t\t<\/div>\n\t\t\t\t<div data-aos=\"\" class=\"elementor-column elementor-col-50 elementor-top-column elementor-element elementor-element-7aa5769 syd-sticky-section-no\" data-id=\"7aa5769\" data-element_type=\"column\" data-settings=\"{&quot;tp_sticky_col_effect_enable&quot;:false}\">\n\t\t\t<div class=\"elementor-widget-wrap elementor-element-populated\">\n\t\t\t\t\t\t<div class=\"elementor-element elementor-element-9c6e3e1 elementor-align-right elementor-mobile-align-center syd-sticky-section-no elementor-widget elementor-widget-button\" data-id=\"9c6e3e1\" data-element_type=\"widget\" data-widget_type=\"button.default\">\n\t\t\t\t<div class=\"elementor-widget-container\">\n\t\t\t\t\t\t\t\t\t<div class=\"elementor-button-wrapper\">\n\t\t\t\t\t<a class=\"elementor-button elementor-button-link elementor-size-sm\" href=\"https:\/\/healthagentsturkey.com\/iletisim\/\">\n\t\t\t\t\t\t<span class=\"elementor-button-content-wrapper\">\n\t\t\t\t\t\t\t\t\t<span class=\"elementor-button-text\">Bize Ula\u015f\u0131n<\/span>\n\t\t\t\t\t<\/span>\n\t\t\t\t\t<\/a>\n\t\t\t\t<\/div>\n\t\t\t\t\t\t\t\t<\/div>\n\t\t\t\t<\/div>\n\t\t\t\t\t<\/div>\n\t\t<\/div>\n\t\t\t\t\t<\/div>\n\t\t<\/section>\n\t\t\t\t<\/div>\n\t\t","protected":false},"excerpt":{"rendered":"<p>Dudak Dolgusu Nedir Dudak dolgusu, v\u00fccuttan do\u011fal doldurucu maddeler ya da sentetik maddeler kullanarak dudaklar\u0131n \u015feklini ve b\u00fcy\u00fckl\u00fc\u011f\u00fcn\u00fc art\u0131rmak amac\u0131yla yap\u0131lan estetik [&hellip;]<\/p>\n","protected":false},"author":1,"featured_media":0,"parent":934,"menu_order":0,"comment_status":"closed","ping_status":"closed","template":"elementor_header_footer","meta":{"_eb_attr":"","footnotes":""},"class_list":["post-1894","page","type-page","status-publish","hentry"],"_links":{"self":[{"href":"https:\/\/healthagentsturkey.com\/tr\/wp-json\/wp\/v2\/pages\/1894","targetHints":{"allow":["GET"]}}],"collection":[{"href":"https:\/\/healthagentsturkey.com\/tr\/wp-json\/wp\/v2\/pages"}],"about":[{"href":"https:\/\/healthagentsturkey.com\/tr\/wp-json\/wp\/v2\/types\/page"}],"author":[{"embeddable":true,"href":"https:\/\/healthagentsturkey.com\/tr\/wp-json\/wp\/v2\/users\/1"}],"replies":[{"embeddable":true,"href":"https:\/\/healthagentsturkey.com\/tr\/wp-json\/wp\/v2\/comments?post=1894"}],"version-history":[{"count":1,"href":"https:\/\/healthagentsturkey.com\/tr\/wp-json\/wp\/v2\/pages\/1894\/revisions"}],"predecessor-version":[{"id":4785,"href":"https:\/\/healthagentsturkey.com\/tr\/wp-json\/wp\/v2\/pages\/1894\/revisions\/4785"}],"up":[{"embeddable":true,"href":"https:\/\/healthagentsturkey.com\/tr\/wp-json\/wp\/v2\/pages\/934"}],"wp:attachment":[{"href":"https:\/\/healthagentsturkey.com\/tr\/wp-json\/wp\/v2\/media?parent=1894"}],"curies":[{"name":"wp","href":"https:\/\/api.w.org\/{rel}","templated":true}]}}