{"id":1876,"date":"2023-11-20T23:05:48","date_gmt":"2023-11-20T23:05:48","guid":{"rendered":"https:\/\/healthagentsturkey.com\/?page_id=1876"},"modified":"2026-02-25T10:31:55","modified_gmt":"2026-02-25T07:31:55","slug":"brezilya-popo-kaldirma","status":"publish","type":"page","link":"https:\/\/healthagentsturkey.com\/tr\/tedavi\/estetik\/brezilya-popo-kaldirma\/","title":{"rendered":"Brezilya Popo Kald\u0131rma"},"content":{"rendered":"\t\t<div data-elementor-type=\"wp-page\" data-elementor-id=\"1876\" class=\"elementor elementor-1876\" data-elementor-post-type=\"page\">\n\t\t\t\t\t\t<section class=\"elementor-section elementor-top-section elementor-element elementor-element-eedafb9 elementor-section-content-middle elementor-section-boxed elementor-section-height-default elementor-section-height-default tp-parallax-no syd-sticky-section-no\" data-id=\"eedafb9\" data-element_type=\"section\" data-settings=\"{&quot;tp_sticky_sec_effect_enable&quot;:false}\">\n\t\t\t\t\t\t<div class=\"elementor-container elementor-column-gap-default\">\n\t\t\t\t\t<div data-aos=\"\" class=\"elementor-column elementor-col-50 elementor-top-column elementor-element elementor-element-571508b syd-sticky-section-no\" data-id=\"571508b\" data-element_type=\"column\" data-settings=\"{&quot;tp_sticky_col_effect_enable&quot;:false}\">\n\t\t\t<div class=\"elementor-widget-wrap elementor-element-populated\">\n\t\t\t\t\t\t<div class=\"elementor-element elementor-element-2fc2cb6 syd-sticky-section-no elementor-widget elementor-widget-heading\" data-id=\"2fc2cb6\" data-element_type=\"widget\" data-widget_type=\"heading.default\">\n\t\t\t\t<div class=\"elementor-widget-container\">\n\t\t\t\t\t<h2 class=\"elementor-heading-title elementor-size-default\">Brezilya Popo Kald\u0131rma \u0130\u015flemi Nedir?<\/h2>\t\t\t\t<\/div>\n\t\t\t\t<\/div>\n\t\t\t\t<div class=\"elementor-element elementor-element-1cf0f1c elementor-widget__width-initial syd-sticky-section-no elementor-widget elementor-widget-text-editor\" data-id=\"1cf0f1c\" data-element_type=\"widget\" data-widget_type=\"text-editor.default\">\n\t\t\t\t<div class=\"elementor-widget-container\">\n\t\t\t\t\t\t\t\t\t<p>Brezilya popo kald\u0131rma (BBL) i\u015flemi bir plastik cerrahi prosed\u00fcr\u00fcd\u00fcr ve poponun b\u00fcy\u00fcmesi ve \u015fekillendirilmesi i\u00e7in yap\u0131l\u0131r, bu esnada v\u00fccutta fazla ya\u011f bulunduran b\u00f6lgelerden(en s\u0131k bel ve s\u0131rt) ya\u011f doku al\u0131n\u0131r. \u0130\u015flemin amac\u0131, ki\u015finin d\u00fczg\u00fcn bir popoya sahip olmas\u0131n\u0131 sa\u011flamakt\u0131r.<\/p><p><b>Brezilya popo kald\u0131rma i\u015flemi nas\u0131l yap\u0131l\u0131r?<\/b><\/p><p><b><i>Brezilya popo kald\u0131rma i\u015flemi<\/i><\/b>, hastan\u0131n bel b\u00f6lgesindeki ya\u011f dokusunun al\u0131nmas\u0131, bel ve kal\u00e7alar\u0131n yeniden \u015fekillendirilmesi ve dokular\u0131n gerdirilmesi yoluyla ger\u00e7ekle\u015ftirilir. \u0130\u015flemin yap\u0131l\u0131\u015f\u0131, hastan\u0131n ihtiyac\u0131na ve isteklerine g\u00f6re farkl\u0131l\u0131k g\u00f6sterebilir. Doktor taraf\u0131ndan yap\u0131lan kesiler, ya\u011f al\u0131nacak b\u00f6lge ve gerdirme teknikleri gibi fakt\u00f6rlere ba\u011fl\u0131 olarak de\u011fi\u015febilir. \u0130\u015flem genellikle genel\u00a0<a href=\"https:\/\/tr.wikipedia.org\/wiki\/Anestezi\">anestezi<\/a>\u00a0alt\u0131nda yap\u0131l\u0131r ve birka\u00e7 saat s\u00fcrebilir.\u00a0<\/p>\t\t\t\t\t\t\t\t<\/div>\n\t\t\t\t<\/div>\n\t\t\t\t\t<\/div>\n\t\t<\/div>\n\t\t\t\t<div data-aos=\"\" class=\"elementor-column elementor-col-50 elementor-top-column elementor-element elementor-element-bc4d4c0 syd-sticky-section-no\" data-id=\"bc4d4c0\" data-element_type=\"column\" data-settings=\"{&quot;tp_sticky_col_effect_enable&quot;:false}\">\n\t\t\t<div class=\"elementor-widget-wrap elementor-element-populated\">\n\t\t\t\t\t\t<div class=\"elementor-element elementor-element-48dd569 syd-sticky-section-no elementor-widget elementor-widget-image\" data-id=\"48dd569\" data-element_type=\"widget\" data-widget_type=\"image.default\">\n\t\t\t\t<div class=\"elementor-widget-container\">\n\t\t\t\t\t\t\t\t\t<\/div>\n\t\t\t\t<\/div>\n\t\t\t\t\t<\/div>\n\t\t<\/div>\n\t\t\t\t\t<\/div>\n\t\t<\/section>\n\t\t<div class=\"elementor-element elementor-element-99fe56d e-flex e-con-boxed syd-sticky-section-no e-con e-parent\" data-id=\"99fe56d\" data-element_type=\"container\">\n\t\t\t\t\t<div class=\"e-con-inner\">\n\t\t\t\t<div class=\"elementor-element elementor-element-def30c4 syd-sticky-section-no elementor-widget elementor-widget-text-editor\" data-id=\"def30c4\" data-element_type=\"widget\" data-widget_type=\"text-editor.default\">\n\t\t\t\t<div class=\"elementor-widget-container\">\n\t\t\t\t\t\t\t\t\t<p><b>Brezilya popo kald\u0131rma i\u015fleminin avantajlar\u0131 nelerdir?<\/b><\/p><p>Brezilya popo kald\u0131rma (BBL) i\u015fleminin avantajlar\u0131 ise \u015fu \u015fekilde:<\/p><ul><li aria-level=\"1\"><b><i>D\u00fczg\u00fcn bir popo<\/i><\/b>: Brezilya popo kald\u0131rma sonucunda ki\u015filerin poposu daha d\u00fczg\u00fcn g\u00f6r\u00fcnebiliyor.<\/li><li aria-level=\"1\"><b><i>G\u00fcncel moda trendlerine uygun bir v\u00fccut \u015fekli<\/i><\/b>: Popo kald\u0131rma i\u015flemi, g\u00fcncel moda trendlerinde aranan daha yuvarlak popo \u015fekline ula\u015fmak isteyen ki\u015filer i\u00e7in bir se\u00e7enek sunabiliyor.<\/li><li aria-level=\"1\"><b><i>G\u00fcvenli ve etkili bir y\u00f6ntem<\/i><\/b>:\u00a0<a href=\"https:\/\/tr.wikipedia.org\/wiki\/Plastik_cerrahi\">Plastik cerrahi<\/a>\u00a0teknolojilerinin geli\u015fmesi ile birlikte, Brezilya popo kald\u0131rma i\u015flemi g\u00fcvenli ve etkili bir y\u00f6ntem olarak kabul edilmeye ba\u015fland\u0131.<\/li><li aria-level=\"1\"><b><i>\u00d6zg\u00fcven art\u0131\u015f\u0131<\/i><\/b>: \u0130\u015flem sonras\u0131 hastalar, daha d\u00fczg\u00fcn bir popo sahibi olman\u0131n verdi\u011fi \u00f6zg\u00fcven ile daha pozitif ve mutlu hissedebiliyor.<\/li><\/ul><p>Ancak, her birey i\u00e7in avantajlar ayn\u0131 olmayabiliyor ve\u00a0<a href=\"https:\/\/tr.wikipedia.org\/wiki\/Plastik_cerrahi\">plastik cerrahi<\/a>\u00a0i\u015flemlerinin sonu\u00e7lar\u0131, ki\u015fisel fakt\u00f6rlere ve cerrah\u0131n deneyimine ba\u011fl\u0131 olarak de\u011fi\u015febiliyor.<\/p><p><b>Brezilya popo kald\u0131rma i\u015fleminin dezavantajlar\u0131 nelerdir?<\/b><\/p><ul><li aria-level=\"1\">A\u011fr\u0131 ve s\u0131z\u0131<\/li><li aria-level=\"1\">Uzun s\u00fcreli, iyile\u015fme s\u00fcreci<\/li><li aria-level=\"1\">Y\u00fcksek i\u015flem maliyeti<\/li><li aria-level=\"1\"><a href=\"https:\/\/tr.wikipedia.org\/wiki\/Enfeksiyon_hastal%C4%B1klar%C4%B1\">Enfeksiyon hastal\u0131klar\u0131 <\/a>ihtimali<\/li><li aria-level=\"1\">Kanama<\/li><li aria-level=\"1\">Hissiyat kayb\u0131<\/li><\/ul><p>Brezilya popo kald\u0131rma i\u015flemi kapsam\u0131nda ge\u00e7en risk ve dezavantajlar nadiren meydana geliyor ve operasyon \u00f6ncesi uzman doktorlar\u0131m\u0131z, olu\u015fabilecek riskler hakk\u0131nda hastalar\u0131na bilgi veriyor. \u0130yi bir sa\u011fl\u0131k ekibiyle bahsi ge\u00e7en riskleri \u00f6nlemek m\u00fcmk\u00fcn.<\/p><p><b>Brezilya popo kald\u0131rma i\u015flemi i\u00e7in nereye gidebilirim?<\/b><\/p><p>Sa\u011fl\u0131k sekt\u00f6r\u00fcnde \u00f6nceli\u011fimiz her zaman hasta memnuniyeti ve sa\u011fl\u0131\u011f\u0131 olmu\u015ftur.\u00a0<b>Health Agents<\/b>; modern teknoloji ve en son t\u0131bbi yeniliklerle donat\u0131lm\u0131\u015f bir ortamda, alan\u0131nda uzman doktorlar taraf\u0131ndan hizmet veriyor. Size en iyi hizmeti sunmak i\u00e7in her zaman yan\u0131n\u0131zday\u0131z ve ger\u00e7ekle\u015ftirdi\u011fimiz cerrahi i\u015flemlerde elde etti\u011fimiz ba\u015far\u0131larla gurur duyuyoruz. Bu nedenle\u00a0<b>Health Agents<\/b>\u00a0b\u00fcnyesindeki doktorlar\u0131m\u0131z, uzmanl\u0131klar\u0131 ve deneyimleri sayesinde t\u00fcm t\u0131bbi i\u015flemlerde oldu\u011fu gibi\u00a0<b><i>Brezilya popo kald\u0131rma<\/i><\/b>\u00a0i\u015flemi i\u00e7in de s\u0131kl\u0131kla tercih ediliyor. Siz de g\u00fcvenle bizi tercih edebilirsiniz.<\/p>\t\t\t\t\t\t\t\t<\/div>\n\t\t\t\t<\/div>\n\t\t\t\t\t<\/div>\n\t\t\t\t<\/div>\n\t\t\t\t<section class=\"elementor-section elementor-top-section elementor-element elementor-element-cfed380 elementor-section-content-middle elementor-section-boxed elementor-section-height-default elementor-section-height-default tp-parallax-no syd-sticky-section-no\" data-id=\"cfed380\" data-element_type=\"section\" data-settings=\"{&quot;background_background&quot;:&quot;classic&quot;,&quot;tp_sticky_sec_effect_enable&quot;:false}\">\n\t\t\t\t\t\t<div class=\"elementor-container elementor-column-gap-default\">\n\t\t\t\t\t<div data-aos=\"\" class=\"elementor-column elementor-col-50 elementor-top-column elementor-element elementor-element-d8fac92 syd-sticky-section-no\" data-id=\"d8fac92\" data-element_type=\"column\" data-settings=\"{&quot;tp_sticky_col_effect_enable&quot;:false}\">\n\t\t\t<div class=\"elementor-widget-wrap elementor-element-populated\">\n\t\t\t\t\t\t<div class=\"elementor-element elementor-element-ea4173f syd-sticky-section-no elementor-widget elementor-widget-heading\" data-id=\"ea4173f\" data-element_type=\"widget\" data-widget_type=\"heading.default\">\n\t\t\t\t<div class=\"elementor-widget-container\">\n\t\t\t\t\t<h2 class=\"elementor-heading-title elementor-size-default\">Sorular\u0131n\u0131z m\u0131 var?<\/h2>\t\t\t\t<\/div>\n\t\t\t\t<\/div>\n\t\t\t\t\t<\/div>\n\t\t<\/div>\n\t\t\t\t<div data-aos=\"\" class=\"elementor-column elementor-col-50 elementor-top-column elementor-element elementor-element-7aa5769 syd-sticky-section-no\" data-id=\"7aa5769\" data-element_type=\"column\" data-settings=\"{&quot;tp_sticky_col_effect_enable&quot;:false}\">\n\t\t\t<div class=\"elementor-widget-wrap elementor-element-populated\">\n\t\t\t\t\t\t<div class=\"elementor-element elementor-element-9c6e3e1 elementor-align-right elementor-mobile-align-center syd-sticky-section-no elementor-widget elementor-widget-button\" data-id=\"9c6e3e1\" data-element_type=\"widget\" data-widget_type=\"button.default\">\n\t\t\t\t<div class=\"elementor-widget-container\">\n\t\t\t\t\t\t\t\t\t<div class=\"elementor-button-wrapper\">\n\t\t\t\t\t<a class=\"elementor-button elementor-button-link elementor-size-sm\" href=\"https:\/\/healthagentsturkey.com\/iletisim\/\">\n\t\t\t\t\t\t<span class=\"elementor-button-content-wrapper\">\n\t\t\t\t\t\t\t\t\t<span class=\"elementor-button-text\">Bize Ula\u015f\u0131n<\/span>\n\t\t\t\t\t<\/span>\n\t\t\t\t\t<\/a>\n\t\t\t\t<\/div>\n\t\t\t\t\t\t\t\t<\/div>\n\t\t\t\t<\/div>\n\t\t\t\t\t<\/div>\n\t\t<\/div>\n\t\t\t\t\t<\/div>\n\t\t<\/section>\n\t\t\t\t<\/div>\n\t\t","protected":false},"excerpt":{"rendered":"<p>Brezilya Popo Kald\u0131rma \u0130\u015flemi Nedir? Brezilya popo kald\u0131rma (BBL) i\u015flemi bir plastik cerrahi prosed\u00fcr\u00fcd\u00fcr ve poponun b\u00fcy\u00fcmesi ve \u015fekillendirilmesi i\u00e7in yap\u0131l\u0131r, bu [&hellip;]<\/p>\n","protected":false},"author":1,"featured_media":0,"parent":934,"menu_order":0,"comment_status":"closed","ping_status":"closed","template":"elementor_header_footer","meta":{"_eb_attr":"","footnotes":""},"class_list":["post-1876","page","type-page","status-publish","hentry"],"_links":{"self":[{"href":"https:\/\/healthagentsturkey.com\/tr\/wp-json\/wp\/v2\/pages\/1876","targetHints":{"allow":["GET"]}}],"collection":[{"href":"https:\/\/healthagentsturkey.com\/tr\/wp-json\/wp\/v2\/pages"}],"about":[{"href":"https:\/\/healthagentsturkey.com\/tr\/wp-json\/wp\/v2\/types\/page"}],"author":[{"embeddable":true,"href":"https:\/\/healthagentsturkey.com\/tr\/wp-json\/wp\/v2\/users\/1"}],"replies":[{"embeddable":true,"href":"https:\/\/healthagentsturkey.com\/tr\/wp-json\/wp\/v2\/comments?post=1876"}],"version-history":[{"count":1,"href":"https:\/\/healthagentsturkey.com\/tr\/wp-json\/wp\/v2\/pages\/1876\/revisions"}],"predecessor-version":[{"id":4784,"href":"https:\/\/healthagentsturkey.com\/tr\/wp-json\/wp\/v2\/pages\/1876\/revisions\/4784"}],"up":[{"embeddable":true,"href":"https:\/\/healthagentsturkey.com\/tr\/wp-json\/wp\/v2\/pages\/934"}],"wp:attachment":[{"href":"https:\/\/healthagentsturkey.com\/tr\/wp-json\/wp\/v2\/media?parent=1876"}],"curies":[{"name":"wp","href":"https:\/\/api.w.org\/{rel}","templated":true}]}}