{"id":1828,"date":"2023-11-20T14:27:59","date_gmt":"2023-11-20T14:27:59","guid":{"rendered":"https:\/\/healthagentsturkey.com\/?page_id=1828"},"modified":"2026-02-25T10:31:55","modified_gmt":"2026-02-25T07:31:55","slug":"kok-kanal-tedavisi","status":"publish","type":"page","link":"https:\/\/healthagentsturkey.com\/tr\/tedavi\/dis\/restoratif-dis-hekimligi\/kok-kanal-tedavisi\/","title":{"rendered":"K\u00f6k Kanal Tedavisi"},"content":{"rendered":"\t\t<div data-elementor-type=\"wp-page\" data-elementor-id=\"1828\" class=\"elementor elementor-1828\" data-elementor-post-type=\"page\">\n\t\t\t\t\t\t<section class=\"elementor-section elementor-top-section elementor-element elementor-element-eedafb9 elementor-section-content-middle elementor-section-boxed elementor-section-height-default elementor-section-height-default tp-parallax-no syd-sticky-section-no\" data-id=\"eedafb9\" data-element_type=\"section\" data-settings=\"{&quot;tp_sticky_sec_effect_enable&quot;:false}\">\n\t\t\t\t\t\t<div class=\"elementor-container elementor-column-gap-default\">\n\t\t\t\t\t<div data-aos=\"\" class=\"elementor-column elementor-col-50 elementor-top-column elementor-element elementor-element-571508b syd-sticky-section-no\" data-id=\"571508b\" data-element_type=\"column\" data-settings=\"{&quot;tp_sticky_col_effect_enable&quot;:false}\">\n\t\t\t<div class=\"elementor-widget-wrap elementor-element-populated\">\n\t\t\t\t\t\t<div class=\"elementor-element elementor-element-2fc2cb6 syd-sticky-section-no elementor-widget elementor-widget-heading\" data-id=\"2fc2cb6\" data-element_type=\"widget\" data-widget_type=\"heading.default\">\n\t\t\t\t<div class=\"elementor-widget-container\">\n\t\t\t\t\t<h2 class=\"elementor-heading-title elementor-size-default\">K\u00f6k Kanal Tedavisi<\/h2>\t\t\t\t<\/div>\n\t\t\t\t<\/div>\n\t\t\t\t<div class=\"elementor-element elementor-element-1cf0f1c elementor-widget__width-initial syd-sticky-section-no elementor-widget elementor-widget-text-editor\" data-id=\"1cf0f1c\" data-element_type=\"widget\" data-widget_type=\"text-editor.default\">\n\t\t\t\t<div class=\"elementor-widget-container\">\n\t\t\t\t\t\t\t\t\t<p>Endodontik tedavi olarak da bilinen k\u00f6k kanal tedavisi, ciddi \u015fekilde enfekte olmu\u015f veya \u00e7\u00fcr\u00fcm\u00fc\u015f bir di\u015fi tedavi etmek ve kurtarmak i\u00e7in yap\u0131lan bir di\u015f tedavi prosed\u00fcr\u00fcd\u00fcr. Bu prosed\u00fcr, enfekte veya hasarl\u0131 pulpan\u0131n di\u015fin i\u00e7inden \u00e7\u0131kar\u0131lmas\u0131n\u0131, k\u00f6k kanallar\u0131n\u0131n temizlenmesini ve dezenfekte edilmesini ve daha sonra olu\u015fabilecek enfeksiyonu \u00f6nlemek i\u00e7in doldurulmas\u0131n\u0131 ve tamamen kapat\u0131lmas\u0131n\u0131 i\u00e7erir.<\/p>\t\t\t\t\t\t\t\t<\/div>\n\t\t\t\t<\/div>\n\t\t\t\t\t<\/div>\n\t\t<\/div>\n\t\t\t\t<div data-aos=\"\" class=\"elementor-column elementor-col-50 elementor-top-column elementor-element elementor-element-bc4d4c0 syd-sticky-section-no\" data-id=\"bc4d4c0\" data-element_type=\"column\" data-settings=\"{&quot;tp_sticky_col_effect_enable&quot;:false}\">\n\t\t\t<div class=\"elementor-widget-wrap elementor-element-populated\">\n\t\t\t\t\t\t<div class=\"elementor-element elementor-element-48dd569 syd-sticky-section-no elementor-widget elementor-widget-image\" data-id=\"48dd569\" data-element_type=\"widget\" data-widget_type=\"image.default\">\n\t\t\t\t<div class=\"elementor-widget-container\">\n\t\t\t\t\t\t\t\t\t<\/div>\n\t\t\t\t<\/div>\n\t\t\t\t\t<\/div>\n\t\t<\/div>\n\t\t\t\t\t<\/div>\n\t\t<\/section>\n\t\t<div class=\"elementor-element elementor-element-99fe56d e-flex e-con-boxed syd-sticky-section-no e-con e-parent\" data-id=\"99fe56d\" data-element_type=\"container\">\n\t\t\t\t\t<div class=\"e-con-inner\">\n\t\t\t\t<div class=\"elementor-element elementor-element-def30c4 syd-sticky-section-no elementor-widget elementor-widget-text-editor\" data-id=\"def30c4\" data-element_type=\"widget\" data-widget_type=\"text-editor.default\">\n\t\t\t\t<div class=\"elementor-widget-container\">\n\t\t\t\t\t\t\t\t\t<p>K\u00f6k kanal tedavisinin \u00f6nemi:<br \/><br \/>1. Pulpa ve di\u015f yap\u0131s\u0131: Pulpa, sinirleri, kan damarlar\u0131n\u0131 ve ba\u011f dokusunu i\u00e7eren di\u015fin i\u00e7indeki yumu\u015fak dokudur. Pulpa, derin \u00e7\u00fcr\u00fcme, \u00e7atlaklar, yaralar veya tekrarlanan di\u015f prosed\u00fcrleri nedeniyle enfekte veya iltihapl\u0131 hale geldi\u011finde, etkilenen pulpay\u0131 \u00e7\u0131karmak i\u00e7in k\u00f6k kanal tedavisi gereklidir.<br \/>2. K\u00f6k kanal tedavisi ne zaman gerekir: Kanal tedavisi tipik olarak di\u015f pulpas\u0131 geri d\u00f6n\u00fc\u015f\u00fcms\u00fcz \u015fekilde hasar g\u00f6rd\u00fc\u011f\u00fcnde veya enfekte oldu\u011funda \u00f6nerilir. \u015eiddetli di\u015f a\u011fr\u0131s\u0131, s\u0131ca\u011fa veya so\u011fu\u011fa kar\u015f\u0131 uzun s\u00fcreli hassasiyet, \u015fi\u015flik, hassasiyet veya di\u015f etlerinde g\u00f6zle g\u00f6r\u00fcl\u00fcr bir apse, k\u00f6k kanal tedavisine ihtiya\u00e7 duyuldu\u011funu g\u00f6sterebilecek semptomlard\u0131r.<br \/>3. Prosed\u00fcre genel bak\u0131\u015f:<br \/>\u2013 Anestezi: \u0130\u015flemin rahat ge\u00e7mesi i\u00e7in di\u015f ve \u00e7evresi lokal anestezi ile uyu\u015fturulur.<br \/>\u2013 \u0130ltihapl\u0131 pulpay\u0131 \u00e7\u0131karma: Pulpaya ve k\u00f6k kanallar\u0131na eri\u015fmek i\u00e7in di\u015fte bir a\u00e7\u0131kl\u0131k olu\u015fturulur. Enfekte veya iltihapl\u0131 pulpa, \u00f6zel dental aletler kullan\u0131larak dikkatlice \u00e7\u0131kar\u0131l\u0131r.<br \/>\u2013 Temizleme ve \u015fekillendirme: K\u00f6k kanallar\u0131 temizlenir ve geride kalan enfekte dokular\u0131 da \u00e7\u0131karmak ve dolgu malzemesi i\u00e7in alan olu\u015fturmak \u00fczere k\u00fc\u00e7\u00fck frez ve e\u011feler kullan\u0131larak \u015fekillendirilir.<br \/>\u2013 Y\u0131kama: K\u00f6k kanallar\u0131, dezenfekte etmek ve birikintileri gidermek i\u00e7in, antimikrobiyal bir sol\u00fcsyonla y\u0131kan\u0131r.<br \/>\u2013 Dolgu: Temizlenen ve \u015fekillendirilen k\u00f6k kanallar\u0131 gutta-percha ad\u0131 verilen biyouyumlu bir malzeme ile doldurulur. Kau\u00e7uk benzeri bir formda yerle\u015ftirilir ve kanallar\u0131 tamamen kapat\u0131r.<br \/>\u2013 Restorasyon: K\u00f6k kanal tedavisinden sonra, di\u015fte olu\u015fturulan giri\u015f a\u00e7\u0131kl\u0131\u011f\u0131 ge\u00e7ici veya kal\u0131c\u0131 bir dolgu malzemesi ile doldurulur. Baz\u0131 durumlarda, tedavi edilen di\u015fe, ek g\u00fc\u00e7 ve koruma sa\u011flamak i\u00e7in bir kuron, kaplama kullan\u0131labilir.<br \/>4. Tedavi sonras\u0131 bak\u0131m: Kanal tedavisinden sonra, iyi a\u011f\u0131z hijyeni uygulamalar\u0131n\u0131 s\u00fcrd\u00fcrmek ve kontroller i\u00e7in di\u015f hekimini d\u00fczenli olarak ziyaret etmek \u00f6nemlidir. Tedavi edilen di\u015fin g\u00fcc\u00fcn\u00fc ve i\u015flevselli\u011fini eski haline getirmek i\u00e7in bir di\u015f kronu veya ba\u015fka bir onar\u0131c\u0131 tedavi gerekebilir.<br \/><br \/>Kanal tedavisi genellikle ve yanl\u0131\u015f bir inan\u0131\u015fla a\u011fr\u0131l\u0131 bir i\u015flem olarak alg\u0131lan\u0131r. Ancak, modern tekniklerin ve anestezinin kullan\u0131m\u0131 sayesinde, i\u015flem, genellikle standart bir di\u015f dolgusundan daha rahats\u0131z edici de\u011fildir. Asl\u0131nda kanal tedavisinin amac\u0131 di\u015f a\u011fr\u0131s\u0131n\u0131n giderilmesi ve enfeksiyonun ortadan kald\u0131r\u0131lmas\u0131d\u0131r.<br \/><br \/>Kanal tedavisi yap\u0131larak do\u011fal di\u015fin kurtar\u0131lmas\u0131yla, normal \u0131s\u0131rma ve \u00e7i\u011fneme fonksiyonlar\u0131n\u0131n geri kazan\u0131lmas\u0131, kom\u015fu di\u015flerin kaymas\u0131n\u0131n \u00f6nlenmesi ve g\u00fcl\u00fc\u015f\u00fcn do\u011fal g\u00f6r\u00fcn\u00fcm\u00fcn\u00fcn korunmas\u0131 gibi bir\u00e7ok fayda sa\u011flan\u0131r.<br \/>Di\u015f durumunuzu de\u011ferlendirmek ve k\u00f6k kanal tedavisinin durumunuz i\u00e7in uygun \u00e7\u00f6z\u00fcm olup olmad\u0131\u011f\u0131n\u0131 belirlemek i\u00e7in deneyimli bir di\u015f hekimine dan\u0131\u015fman\u0131z \u00f6nemlidir.<\/p>\t\t\t\t\t\t\t\t<\/div>\n\t\t\t\t<\/div>\n\t\t\t\t\t<\/div>\n\t\t\t\t<\/div>\n\t\t\t\t<section class=\"elementor-section elementor-top-section elementor-element elementor-element-cfed380 elementor-section-content-middle elementor-section-boxed elementor-section-height-default elementor-section-height-default tp-parallax-no syd-sticky-section-no\" data-id=\"cfed380\" data-element_type=\"section\" data-settings=\"{&quot;background_background&quot;:&quot;classic&quot;,&quot;tp_sticky_sec_effect_enable&quot;:false}\">\n\t\t\t\t\t\t<div class=\"elementor-container elementor-column-gap-default\">\n\t\t\t\t\t<div data-aos=\"\" class=\"elementor-column elementor-col-50 elementor-top-column elementor-element elementor-element-d8fac92 syd-sticky-section-no\" data-id=\"d8fac92\" data-element_type=\"column\" data-settings=\"{&quot;tp_sticky_col_effect_enable&quot;:false}\">\n\t\t\t<div class=\"elementor-widget-wrap elementor-element-populated\">\n\t\t\t\t\t\t<div class=\"elementor-element elementor-element-ea4173f syd-sticky-section-no elementor-widget elementor-widget-heading\" data-id=\"ea4173f\" data-element_type=\"widget\" data-widget_type=\"heading.default\">\n\t\t\t\t<div class=\"elementor-widget-container\">\n\t\t\t\t\t<h2 class=\"elementor-heading-title elementor-size-default\">Sorular\u0131n\u0131z m\u0131 var?<\/h2>\t\t\t\t<\/div>\n\t\t\t\t<\/div>\n\t\t\t\t\t<\/div>\n\t\t<\/div>\n\t\t\t\t<div data-aos=\"\" class=\"elementor-column elementor-col-50 elementor-top-column elementor-element elementor-element-7aa5769 syd-sticky-section-no\" data-id=\"7aa5769\" data-element_type=\"column\" data-settings=\"{&quot;tp_sticky_col_effect_enable&quot;:false}\">\n\t\t\t<div class=\"elementor-widget-wrap elementor-element-populated\">\n\t\t\t\t\t\t<div class=\"elementor-element elementor-element-9c6e3e1 elementor-align-right elementor-mobile-align-center syd-sticky-section-no elementor-widget elementor-widget-button\" data-id=\"9c6e3e1\" data-element_type=\"widget\" data-widget_type=\"button.default\">\n\t\t\t\t<div class=\"elementor-widget-container\">\n\t\t\t\t\t\t\t\t\t<div class=\"elementor-button-wrapper\">\n\t\t\t\t\t<a class=\"elementor-button elementor-button-link elementor-size-sm\" href=\"https:\/\/healthagentsturkey.com\/iletisim\/\">\n\t\t\t\t\t\t<span class=\"elementor-button-content-wrapper\">\n\t\t\t\t\t\t\t\t\t<span class=\"elementor-button-text\">Bize Ula\u015f\u0131n<\/span>\n\t\t\t\t\t<\/span>\n\t\t\t\t\t<\/a>\n\t\t\t\t<\/div>\n\t\t\t\t\t\t\t\t<\/div>\n\t\t\t\t<\/div>\n\t\t\t\t\t<\/div>\n\t\t<\/div>\n\t\t\t\t\t<\/div>\n\t\t<\/section>\n\t\t\t\t<\/div>\n\t\t","protected":false},"excerpt":{"rendered":"<p>K\u00f6k Kanal Tedavisi Endodontik tedavi olarak da bilinen k\u00f6k kanal tedavisi, ciddi \u015fekilde enfekte olmu\u015f veya \u00e7\u00fcr\u00fcm\u00fc\u015f bir di\u015fi tedavi etmek ve [&hellip;]<\/p>\n","protected":false},"author":1,"featured_media":0,"parent":1622,"menu_order":0,"comment_status":"closed","ping_status":"closed","template":"elementor_header_footer","meta":{"_eb_attr":"","footnotes":""},"class_list":["post-1828","page","type-page","status-publish","hentry"],"_links":{"self":[{"href":"https:\/\/healthagentsturkey.com\/tr\/wp-json\/wp\/v2\/pages\/1828","targetHints":{"allow":["GET"]}}],"collection":[{"href":"https:\/\/healthagentsturkey.com\/tr\/wp-json\/wp\/v2\/pages"}],"about":[{"href":"https:\/\/healthagentsturkey.com\/tr\/wp-json\/wp\/v2\/types\/page"}],"author":[{"embeddable":true,"href":"https:\/\/healthagentsturkey.com\/tr\/wp-json\/wp\/v2\/users\/1"}],"replies":[{"embeddable":true,"href":"https:\/\/healthagentsturkey.com\/tr\/wp-json\/wp\/v2\/comments?post=1828"}],"version-history":[{"count":1,"href":"https:\/\/healthagentsturkey.com\/tr\/wp-json\/wp\/v2\/pages\/1828\/revisions"}],"predecessor-version":[{"id":4782,"href":"https:\/\/healthagentsturkey.com\/tr\/wp-json\/wp\/v2\/pages\/1828\/revisions\/4782"}],"up":[{"embeddable":true,"href":"https:\/\/healthagentsturkey.com\/tr\/wp-json\/wp\/v2\/pages\/1622"}],"wp:attachment":[{"href":"https:\/\/healthagentsturkey.com\/tr\/wp-json\/wp\/v2\/media?parent=1828"}],"curies":[{"name":"wp","href":"https:\/\/api.w.org\/{rel}","templated":true}]}}