{"id":1826,"date":"2023-11-20T14:26:30","date_gmt":"2023-11-20T14:26:30","guid":{"rendered":"https:\/\/healthagentsturkey.com\/?page_id=1826"},"modified":"2026-02-25T10:31:55","modified_gmt":"2026-02-25T07:31:55","slug":"inlay-ve-onlay-dolgular","status":"publish","type":"page","link":"https:\/\/healthagentsturkey.com\/tr\/tedavi\/dis\/restoratif-dis-hekimligi\/inlay-ve-onlay-dolgular\/","title":{"rendered":"Inlay ve Onlay Dolgular"},"content":{"rendered":"\t\t<div data-elementor-type=\"wp-page\" data-elementor-id=\"1826\" class=\"elementor elementor-1826\" data-elementor-post-type=\"page\">\n\t\t\t\t\t\t<section class=\"elementor-section elementor-top-section elementor-element elementor-element-eedafb9 elementor-section-content-middle elementor-section-boxed elementor-section-height-default elementor-section-height-default tp-parallax-no syd-sticky-section-no\" data-id=\"eedafb9\" data-element_type=\"section\" data-settings=\"{&quot;tp_sticky_sec_effect_enable&quot;:false}\">\n\t\t\t\t\t\t<div class=\"elementor-container elementor-column-gap-default\">\n\t\t\t\t\t<div data-aos=\"\" class=\"elementor-column elementor-col-50 elementor-top-column elementor-element elementor-element-571508b syd-sticky-section-no\" data-id=\"571508b\" data-element_type=\"column\" data-settings=\"{&quot;tp_sticky_col_effect_enable&quot;:false}\">\n\t\t\t<div class=\"elementor-widget-wrap elementor-element-populated\">\n\t\t\t\t\t\t<div class=\"elementor-element elementor-element-2fc2cb6 syd-sticky-section-no elementor-widget elementor-widget-heading\" data-id=\"2fc2cb6\" data-element_type=\"widget\" data-widget_type=\"heading.default\">\n\t\t\t\t<div class=\"elementor-widget-container\">\n\t\t\t\t\t<h2 class=\"elementor-heading-title elementor-size-default\">Inlay ve Onlay Dolgular<\/h2>\t\t\t\t<\/div>\n\t\t\t\t<\/div>\n\t\t\t\t<div class=\"elementor-element elementor-element-1cf0f1c elementor-widget__width-initial syd-sticky-section-no elementor-widget elementor-widget-text-editor\" data-id=\"1cf0f1c\" data-element_type=\"widget\" data-widget_type=\"text-editor.default\">\n\t\t\t\t<div class=\"elementor-widget-container\">\n\t\t\t\t\t\t\t\t\t<p>Inlay ve onlay tedavileri, orta ila ileri derecede \u00e7\u00fcr\u00fcm\u00fc\u015f veya hasar g\u00f6rm\u00fc\u015f di\u015fleri onarmak i\u00e7in kullan\u0131lan di\u015f restorasyonlar\u0131d\u0131r. Do\u011fal di\u015f yap\u0131s\u0131n\u0131 daha fazla koruduklar\u0131 i\u00e7in di\u015f kuronlar\u0131na k\u0131yasla daha konservatif se\u00e7enekler olarak kabul edilirler. Inlay ve onlay tedaviler, bir di\u015f laboratuvar\u0131nda \u00fcretilen ve daha sonra ilgili di\u015fe yap\u0131\u015ft\u0131r\u0131lan \u00f6zel yap\u0131m (custom) restorasyonlard\u0131r.<br \/><br \/>Inlay ve Onlay aras\u0131ndaki temel farklar \u015funlard\u0131r:<\/p>\t\t\t\t\t\t\t\t<\/div>\n\t\t\t\t<\/div>\n\t\t\t\t\t<\/div>\n\t\t<\/div>\n\t\t\t\t<div data-aos=\"\" class=\"elementor-column elementor-col-50 elementor-top-column elementor-element elementor-element-bc4d4c0 syd-sticky-section-no\" data-id=\"bc4d4c0\" data-element_type=\"column\" data-settings=\"{&quot;tp_sticky_col_effect_enable&quot;:false}\">\n\t\t\t<div class=\"elementor-widget-wrap elementor-element-populated\">\n\t\t\t\t\t\t<div class=\"elementor-element elementor-element-48dd569 syd-sticky-section-no elementor-widget elementor-widget-image\" data-id=\"48dd569\" data-element_type=\"widget\" data-widget_type=\"image.default\">\n\t\t\t\t<div class=\"elementor-widget-container\">\n\t\t\t\t\t\t\t\t\t<\/div>\n\t\t\t\t<\/div>\n\t\t\t\t\t<\/div>\n\t\t<\/div>\n\t\t\t\t\t<\/div>\n\t\t<\/section>\n\t\t<div class=\"elementor-element elementor-element-99fe56d e-flex e-con-boxed syd-sticky-section-no e-con e-parent\" data-id=\"99fe56d\" data-element_type=\"container\">\n\t\t\t\t\t<div class=\"e-con-inner\">\n\t\t\t\t<div class=\"elementor-element elementor-element-def30c4 syd-sticky-section-no elementor-widget elementor-widget-text-editor\" data-id=\"def30c4\" data-element_type=\"widget\" data-widget_type=\"text-editor.default\">\n\t\t\t\t<div class=\"elementor-widget-container\">\n\t\t\t\t\t\t\t\t\t<p>1. Inlay: Hasar veya \u00e7\u00fcr\u00fcme, di\u015fin \u00e7i\u011fneme y\u00fczeyi (t\u00fcberk\u00fclleri) ve di\u015f u\u00e7lar\u0131 aras\u0131ndaki alanlarla s\u0131n\u0131rl\u0131 oldu\u011funda Inlay tedavi uygulan\u0131r. Dolgulara benzerler ancak a\u011fz\u0131n d\u0131\u015f\u0131nda \u00fcretilirler ve daha sonra yerine yap\u0131\u015ft\u0131r\u0131l\u0131rlar. Inlay, tipik olarak porselen, kompozit rezin veya alt\u0131n gibi malzemelerden yap\u0131l\u0131r.<br \/>2. Onlay: Bazen, k\u0131smi kuron olarak adland\u0131r\u0131lan onlay, hasar veya \u00e7\u00fcr\u00fcme, di\u015fin bir veya daha fazla t\u00fcberk\u00fcl\u00fcne uzand\u0131\u011f\u0131nda veya di\u015fin daha b\u00fcy\u00fck bir b\u00f6l\u00fcm\u00fcn\u00fc kapsad\u0131\u011f\u0131nda yap\u0131l\u0131r. Inlay tedaviye k\u0131yasla daha geni\u015f bir y\u00fczey alan\u0131 kaplar ve di\u015fin t\u00fcberk\u00fcl\u00fcne ve alt kenarlar\u0131na kadar uzanabilirler. Onlay, bir di\u015f laboratuvar\u0131nda \u00f6zel olarak yap\u0131l\u0131r ve daha sonra di\u015fe yap\u0131\u015ft\u0131r\u0131l\u0131r. Inlay gibi porselen, kompozit rezin veya alt\u0131n gibi malzemelerden yap\u0131labilirler.<br \/>Inlay veya onlay i\u015flemi genellikle a\u015fa\u011f\u0131daki ad\u0131mlar\u0131 i\u00e7erir:<br \/>1. Te\u015fhis ve tedavi planlamas\u0131: Di\u015f hekimi di\u015fi inceler ve en uygun tedavinin inlay m\u0131 yoksa onlay m\u0131 olaca\u011f\u0131na karar verir. Hasar\u0131n veya \u00e7\u00fcr\u00fcmenin boyutunu de\u011ferlendirmek i\u00e7in r\u00f6ntgen veya di\u011fer g\u00f6r\u00fcnt\u00fcleme teknikleri kullan\u0131labilir.<br \/>2. Di\u015fin haz\u0131rlanmas\u0131: Etkilenen di\u015f, \u00e7\u00fcr\u00fcm\u00fc\u015f veya hasar g\u00f6rm\u00fc\u015f alanlar \u00e7\u0131kar\u0131larak haz\u0131rlan\u0131r. Di\u015f hekimi, inlay veya onlay malzemesinin uygun \u015fekilde oturmas\u0131 i\u00e7in di\u015fte gerekli y\u00fczeyi olu\u015fturur.<br \/>3. \u00d6l\u00e7\u00fc: Haz\u0131rlanan di\u015fin \u00f6l\u00e7\u00fcs\u00fc dental silikon veya dijital tarama kullan\u0131larak al\u0131n\u0131r. Bu \u00f6l\u00e7\u00fc, ki\u015fiye \u00f6zel restorasyonu imal edecek olan di\u015f laboratuvar\u0131 i\u00e7in bir model g\u00f6revi g\u00f6r\u00fcr.<br \/>4. Ge\u00e7ici restorasyon: Inlay veya onlay yap\u0131l\u0131rken, di\u015fi korumak i\u00e7in, \u00fczerine ge\u00e7ici bir dolgu veya restorasyon yap\u0131labilir.<br \/>5. Yerle\u015ftirme: Inlay veya onlay haz\u0131r oldu\u011funda, di\u015f yap\u0131\u015ft\u0131r\u0131c\u0131s\u0131 kullan\u0131larak di\u015fe yap\u0131\u015ft\u0131r\u0131l\u0131r. Di\u015f hekimi, restorasyonu yerinde kal\u0131c\u0131 olarak sabitlemeden \u00f6nce, oturma, hizalama ve kapan\u0131\u015f\u0131n do\u011fru \u015fekilde olmas\u0131n\u0131 sa\u011flayacakt\u0131r.<br \/>Inlay ve onlay \u00e7e\u015fitli avantajlar sunar:<br \/>\u2013 Do\u011fal di\u015f yap\u0131s\u0131n\u0131n korunmas\u0131: Inlay ve onlay, di\u015f kronlar\u0131na k\u0131yasla do\u011fal di\u015fi daha fazla koruyarak sa\u011fl\u0131kl\u0131 di\u015f yap\u0131s\u0131n\u0131n minimum d\u00fczeyde \u00e7\u0131kar\u0131lmas\u0131n\u0131 gerektirir.<br \/>\u2013 Dayan\u0131kl\u0131l\u0131k: Normal \u0131s\u0131rma ve \u00e7i\u011fneme kuvvetlerine dayanabilen dayan\u0131kl\u0131 malzemelerden yap\u0131lm\u0131\u015ft\u0131r.<br \/>\u2013 Estetik: Inlay ve onlay, do\u011fal di\u015flerin rengine ve \u015fekline uyacak \u015fekilde ki\u015fiye \u00f6zel olarak \u00fcretilebildi\u011fi i\u00e7in do\u011fal ve sorunsuz bir g\u00f6r\u00fcn\u00fcm sa\u011flar.<br \/>\u2013 Koruma: Inlay ve onlay, daha fazla hasar veya \u00e7\u00fcr\u00fck olu\u015fma riskini azaltarak, kalan di\u015f yap\u0131s\u0131n\u0131 g\u00fc\u00e7lendirmeye ve korumaya yard\u0131mc\u0131 olurlar.<br \/><br \/>Inlay ve onlay, hasar g\u00f6rm\u00fc\u015f bir di\u015fin g\u00fcc\u00fcn\u00fc, i\u015flevini ve esteti\u011fini geri kazand\u0131rabilen uzun \u00f6m\u00fcrl\u00fc restorasyonlard\u0131r. Di\u015f hekiminiz \u00f6zel durumunuzu de\u011ferlendirir ve hasar\u0131n boyutu, yeri ve estetik a\u00e7\u0131s\u0131ndan en uygun tedavi se\u00e7ene\u011fini \u00f6nerir.<\/p>\t\t\t\t\t\t\t\t<\/div>\n\t\t\t\t<\/div>\n\t\t\t\t\t<\/div>\n\t\t\t\t<\/div>\n\t\t\t\t<section class=\"elementor-section elementor-top-section elementor-element elementor-element-cfed380 elementor-section-content-middle elementor-section-boxed elementor-section-height-default elementor-section-height-default tp-parallax-no syd-sticky-section-no\" data-id=\"cfed380\" data-element_type=\"section\" data-settings=\"{&quot;background_background&quot;:&quot;classic&quot;,&quot;tp_sticky_sec_effect_enable&quot;:false}\">\n\t\t\t\t\t\t<div class=\"elementor-container elementor-column-gap-default\">\n\t\t\t\t\t<div data-aos=\"\" class=\"elementor-column elementor-col-50 elementor-top-column elementor-element elementor-element-d8fac92 syd-sticky-section-no\" data-id=\"d8fac92\" data-element_type=\"column\" data-settings=\"{&quot;tp_sticky_col_effect_enable&quot;:false}\">\n\t\t\t<div class=\"elementor-widget-wrap elementor-element-populated\">\n\t\t\t\t\t\t<div class=\"elementor-element elementor-element-ea4173f syd-sticky-section-no elementor-widget elementor-widget-heading\" data-id=\"ea4173f\" data-element_type=\"widget\" data-widget_type=\"heading.default\">\n\t\t\t\t<div class=\"elementor-widget-container\">\n\t\t\t\t\t<h2 class=\"elementor-heading-title elementor-size-default\">Sorular\u0131n\u0131z m\u0131 var?<\/h2>\t\t\t\t<\/div>\n\t\t\t\t<\/div>\n\t\t\t\t\t<\/div>\n\t\t<\/div>\n\t\t\t\t<div data-aos=\"\" class=\"elementor-column elementor-col-50 elementor-top-column elementor-element elementor-element-7aa5769 syd-sticky-section-no\" data-id=\"7aa5769\" data-element_type=\"column\" data-settings=\"{&quot;tp_sticky_col_effect_enable&quot;:false}\">\n\t\t\t<div class=\"elementor-widget-wrap elementor-element-populated\">\n\t\t\t\t\t\t<div class=\"elementor-element elementor-element-9c6e3e1 elementor-align-right elementor-mobile-align-center syd-sticky-section-no elementor-widget elementor-widget-button\" data-id=\"9c6e3e1\" data-element_type=\"widget\" data-widget_type=\"button.default\">\n\t\t\t\t<div class=\"elementor-widget-container\">\n\t\t\t\t\t\t\t\t\t<div class=\"elementor-button-wrapper\">\n\t\t\t\t\t<a class=\"elementor-button elementor-button-link elementor-size-sm\" href=\"https:\/\/healthagentsturkey.com\/iletisim\/\">\n\t\t\t\t\t\t<span class=\"elementor-button-content-wrapper\">\n\t\t\t\t\t\t\t\t\t<span class=\"elementor-button-text\">Bize Ula\u015f\u0131n<\/span>\n\t\t\t\t\t<\/span>\n\t\t\t\t\t<\/a>\n\t\t\t\t<\/div>\n\t\t\t\t\t\t\t\t<\/div>\n\t\t\t\t<\/div>\n\t\t\t\t\t<\/div>\n\t\t<\/div>\n\t\t\t\t\t<\/div>\n\t\t<\/section>\n\t\t\t\t<\/div>\n\t\t","protected":false},"excerpt":{"rendered":"<p>Inlay ve Onlay Dolgular Inlay ve onlay tedavileri, orta ila ileri derecede \u00e7\u00fcr\u00fcm\u00fc\u015f veya hasar g\u00f6rm\u00fc\u015f di\u015fleri onarmak i\u00e7in kullan\u0131lan di\u015f restorasyonlar\u0131d\u0131r. [&hellip;]<\/p>\n","protected":false},"author":1,"featured_media":0,"parent":1622,"menu_order":0,"comment_status":"closed","ping_status":"closed","template":"elementor_header_footer","meta":{"_eb_attr":"","footnotes":""},"class_list":["post-1826","page","type-page","status-publish","hentry"],"_links":{"self":[{"href":"https:\/\/healthagentsturkey.com\/tr\/wp-json\/wp\/v2\/pages\/1826","targetHints":{"allow":["GET"]}}],"collection":[{"href":"https:\/\/healthagentsturkey.com\/tr\/wp-json\/wp\/v2\/pages"}],"about":[{"href":"https:\/\/healthagentsturkey.com\/tr\/wp-json\/wp\/v2\/types\/page"}],"author":[{"embeddable":true,"href":"https:\/\/healthagentsturkey.com\/tr\/wp-json\/wp\/v2\/users\/1"}],"replies":[{"embeddable":true,"href":"https:\/\/healthagentsturkey.com\/tr\/wp-json\/wp\/v2\/comments?post=1826"}],"version-history":[{"count":1,"href":"https:\/\/healthagentsturkey.com\/tr\/wp-json\/wp\/v2\/pages\/1826\/revisions"}],"predecessor-version":[{"id":4781,"href":"https:\/\/healthagentsturkey.com\/tr\/wp-json\/wp\/v2\/pages\/1826\/revisions\/4781"}],"up":[{"embeddable":true,"href":"https:\/\/healthagentsturkey.com\/tr\/wp-json\/wp\/v2\/pages\/1622"}],"wp:attachment":[{"href":"https:\/\/healthagentsturkey.com\/tr\/wp-json\/wp\/v2\/media?parent=1826"}],"curies":[{"name":"wp","href":"https:\/\/api.w.org\/{rel}","templated":true}]}}