{"id":1824,"date":"2023-11-20T14:53:37","date_gmt":"2023-11-20T14:53:37","guid":{"rendered":"https:\/\/healthagentsturkey.com\/?page_id=1824"},"modified":"2026-02-25T10:31:55","modified_gmt":"2026-02-25T07:31:55","slug":"estetik-kompozit","status":"publish","type":"page","link":"https:\/\/healthagentsturkey.com\/tr\/tedavi\/dis\/restoratif-dis-hekimligi\/estetik-kompozit\/","title":{"rendered":"Estetik Kompozit"},"content":{"rendered":"\t\t<div data-elementor-type=\"wp-page\" data-elementor-id=\"1824\" class=\"elementor elementor-1824\" data-elementor-post-type=\"page\">\n\t\t\t\t\t\t<section class=\"elementor-section elementor-top-section elementor-element elementor-element-eedafb9 elementor-section-content-middle elementor-section-boxed elementor-section-height-default elementor-section-height-default tp-parallax-no syd-sticky-section-no\" data-id=\"eedafb9\" data-element_type=\"section\" data-settings=\"{&quot;tp_sticky_sec_effect_enable&quot;:false}\">\n\t\t\t\t\t\t<div class=\"elementor-container elementor-column-gap-default\">\n\t\t\t\t\t<div data-aos=\"\" class=\"elementor-column elementor-col-50 elementor-top-column elementor-element elementor-element-571508b syd-sticky-section-no\" data-id=\"571508b\" data-element_type=\"column\" data-settings=\"{&quot;tp_sticky_col_effect_enable&quot;:false}\">\n\t\t\t<div class=\"elementor-widget-wrap elementor-element-populated\">\n\t\t\t\t\t\t<div class=\"elementor-element elementor-element-2fc2cb6 syd-sticky-section-no elementor-widget elementor-widget-heading\" data-id=\"2fc2cb6\" data-element_type=\"widget\" data-widget_type=\"heading.default\">\n\t\t\t\t<div class=\"elementor-widget-container\">\n\t\t\t\t\t<h2 class=\"elementor-heading-title elementor-size-default\">Estetik Kompozit Dolgu Tedavisi<\/h2>\t\t\t\t<\/div>\n\t\t\t\t<\/div>\n\t\t\t\t<div class=\"elementor-element elementor-element-1cf0f1c elementor-widget__width-initial syd-sticky-section-no elementor-widget elementor-widget-text-editor\" data-id=\"1cf0f1c\" data-element_type=\"widget\" data-widget_type=\"text-editor.default\">\n\t\t\t\t<div class=\"elementor-widget-container\">\n\t\t\t\t\t\t\t\t\t<p>Ayn\u0131 zamanda dental kompozit dolgu olarak da bilinen estetik kompozit dolgu tedavisi; di\u015flerin g\u00f6r\u00fcn\u00fcm\u00fcn\u00fc iyile\u015ftirmek i\u00e7in di\u015f renginde bir kompozit rezin malzemesinin uygulanmas\u0131n\u0131 i\u00e7eren kozmetik di\u015f tedavisidir.\u00c7e\u015fitli kozmetik kayg\u0131lar\u0131 ve k\u00fc\u00e7\u00fck di\u015f kusurlar\u0131n\u0131 gidermek i\u00e7in kullan\u0131lan \u00e7ok y\u00f6nl\u00fc ve nispeten invaziv olmayan bir prosed\u00fcrd\u00fcr.<\/p><p>Bir kompozit dolgu tedavisi s\u0131ras\u0131nda, tipik olarak a\u015fa\u011f\u0131daki ad\u0131mlar takip edilir:<\/p>\t\t\t\t\t\t\t\t<\/div>\n\t\t\t\t<\/div>\n\t\t\t\t\t<\/div>\n\t\t<\/div>\n\t\t\t\t<div data-aos=\"\" class=\"elementor-column elementor-col-50 elementor-top-column elementor-element elementor-element-bc4d4c0 syd-sticky-section-no\" data-id=\"bc4d4c0\" data-element_type=\"column\" data-settings=\"{&quot;tp_sticky_col_effect_enable&quot;:false}\">\n\t\t\t<div class=\"elementor-widget-wrap elementor-element-populated\">\n\t\t\t\t\t\t<div class=\"elementor-element elementor-element-48dd569 syd-sticky-section-no elementor-widget elementor-widget-image\" data-id=\"48dd569\" data-element_type=\"widget\" data-widget_type=\"image.default\">\n\t\t\t\t<div class=\"elementor-widget-container\">\n\t\t\t\t\t\t\t\t\t<\/div>\n\t\t\t\t<\/div>\n\t\t\t\t\t<\/div>\n\t\t<\/div>\n\t\t\t\t\t<\/div>\n\t\t<\/section>\n\t\t<div class=\"elementor-element elementor-element-99fe56d e-flex e-con-boxed syd-sticky-section-no e-con e-parent\" data-id=\"99fe56d\" data-element_type=\"container\">\n\t\t\t\t\t<div class=\"e-con-inner\">\n\t\t\t\t<div class=\"elementor-element elementor-element-def30c4 syd-sticky-section-no elementor-widget elementor-widget-text-editor\" data-id=\"def30c4\" data-element_type=\"widget\" data-widget_type=\"text-editor.default\">\n\t\t\t\t<div class=\"elementor-widget-container\">\n\t\t\t\t\t\t\t\t\t<section class=\"elementor-section elementor-top-section elementor-element elementor-element-b77 elementor-reverse-mobile elementor-section-boxed elementor-section-height-default elementor-section-height-default elementskit-parallax-multi-container\" data-id=\"b77\" data-element_type=\"section\"><div class=\"elementor-container elementor-column-gap-default\"><div class=\"elementor-column elementor-col-100 elementor-top-column elementor-element elementor-element-6976\" data-id=\"6976\" data-element_type=\"column\"><div class=\"elementor-widget-wrap elementor-element-populated\"><div class=\"elementor-element elementor-element-3023 elementor-widget elementor-widget-text-editor\" data-id=\"3023\" data-element_type=\"widget\" data-widget_type=\"text-editor.default\"><div class=\"elementor-widget-container\"><p>1. Di\u015f y\u00fczeyinin a\u015f\u0131nd\u0131r\u0131lmas\u0131: \u00c7o\u011fu durumda, di\u015f y\u00fczeyinde yap\u0131lmas\u0131 planlanan a\u015f\u0131nd\u0131rma minimum d\u00fczeydedir veya gerekli de\u011fildir. Di\u015f hekimi di\u015f y\u00fczeyini temizler ve ba\u011flanma dayan\u0131m\u0131n\u0131 art\u0131rmak i\u00e7in hafif bir asitleme sol\u00fcsyonu kullanarak hafif\u00e7e p\u00fcr\u00fczlendirir.<br \/>2. Kompozit rezin uygulamas\u0131: Di\u015f hekimi, di\u015flerinizin do\u011fal rengine \u00e7ok yak\u0131n bir kompozit dolgu tonu se\u00e7ecektir. Dolgu, di\u015fe katmanlar halinde uygulan\u0131r ve her katman \u00f6zel bir \u0131\u015f\u0131k kullan\u0131larak sertle\u015ftirilir veya k\u00fcrlenir.<br \/>3. \u015eekillendirme: Kompozit rezin sertle\u015ftikten sonra, di\u015f hekimi istenen g\u00f6r\u00fcn\u00fcm\u00fc elde etmek i\u00e7in yap\u0131lan dolguyu \u015fekillendirir. Rezini di\u015fin do\u011fal konturlar\u0131na uyacak ve uygun kapan\u0131\u015f hizalamas\u0131n\u0131 sa\u011flayacak \u015fekilde konturlar.<br \/>4. Kompozit Dolgunun Parlat\u0131lmas\u0131: Di\u015f hekimi, p\u00fcr\u00fczs\u00fcz ve do\u011fal g\u00f6r\u00fcn\u00fcml\u00fc bir y\u00fczey elde etmek i\u00e7in \u015fekli daha da d\u00fczeltecek ve parlat\u0131r.<br \/><br \/>Kompozit dolgu tedavisi, a\u015fa\u011f\u0131daki \u00e7e\u015fitli kozmetik sorunlar\u0131 \u00e7\u00f6zebilir:<\/p><p><br \/>1. K\u0131r\u0131lm\u0131\u015f veya \u00e7atlam\u0131\u015f di\u015flerin onar\u0131lmas\u0131: Kompozit dolgu, k\u00fc\u00e7\u00fck k\u0131r\u0131klar veya \u00e7atlaklar olan bir di\u015fin \u015feklini ve i\u015flevini eski haline getirebilir.<br \/>2. Di\u015fler aras\u0131ndaki bo\u015fluklar\u0131n doldurulmas\u0131: Kompozit dolgu, di\u015fler aras\u0131ndaki k\u00fc\u00e7\u00fck bo\u015fluklar\u0131 kapatarak daha d\u00fczg\u00fcn ve estetik bir g\u00fcl\u00fc\u015f sa\u011flar.<br \/>3. Rengi solmu\u015f di\u015fi kapatma: Solmu\u015f veya lekelenmi\u015f di\u015fler, \u00e7evre di\u015flerin rengiyle e\u015fle\u015fen kompozit rezin uygulanarak iyile\u015ftirilebilir.<br \/>4. D\u00fczensiz di\u015flerin yeniden \u015fekillendirilmesi: Kompozit dolgu, daha uyumlu bir g\u00fcl\u00fcmseme olu\u015fturmak i\u00e7in di\u015flerin \u015feklini ve boyutunu de\u011fi\u015ftirebilir.<br \/>5. A\u00e7\u0131kta kalan di\u015f k\u00f6klerinin kapat\u0131lmas\u0131: Di\u015f etleri \u00e7ekildi\u011finde di\u015flerin k\u00f6k y\u00fczeyleri a\u00e7\u0131\u011fa \u00e7\u0131kabilir. Kompozit dolgu, bu hassas b\u00f6lgeleri kapatmak ve korumak i\u00e7in kullan\u0131labilir.<br \/>Kompozit dolgu, kaplama veya kron gibi di\u011fer se\u00e7eneklere k\u0131yasla nispeten h\u0131zl\u0131 ve uygun maliyetli bir kozmetik tedavidir. Bununla birlikte, porselen gibi malzemelere k\u0131yasla, kompozit dolgulu restorasyonlar\u0131n zamanla lekelenmeye ve a\u015f\u0131nmaya daha yatk\u0131n olabilece\u011fini unutmamak \u00f6nemlidir. Rutin a\u011f\u0131z hijyeni uygulamalar\u0131 ve di\u015f hekimi ziyaretleri, restore edilmi\u015f t\u00fcm di\u015flerin g\u00f6r\u00fcn\u00fcm\u00fcn\u00fcn korunmas\u0131na yard\u0131mc\u0131 olur.<\/p><\/div><\/div><\/div><\/div><\/div><\/section><section class=\"elementor-section elementor-top-section elementor-element elementor-element-115940a4 elementor-section-boxed elementor-section-height-default elementor-section-height-default elementskit-parallax-multi-container\" data-id=\"115940a4\" data-element_type=\"section\"><div class=\"elementor-container elementor-column-gap-default\"><div class=\"elementor-column elementor-col-100 elementor-top-column elementor-element elementor-element-693e5205\" data-id=\"693e5205\" data-element_type=\"column\"><div class=\"elementor-widget-wrap elementor-element-populated\"><div class=\"elementor-element elementor-element-7917969d elementor-widget elementor-widget-elementskit-heading animated fadeInUp\" data-id=\"7917969d\" data-element_type=\"widget\" data-settings=\"{&quot;_animation&quot;:&quot;fadeInUp&quot;,&quot;_animation_delay&quot;:0}\" data-widget_type=\"elementskit-heading.default\"><div class=\"elementor-widget-container\"><div class=\"ekit-wid-con\"><div class=\"ekit-heading elementskit-section-title-wraper text_center   ekit_heading_tablet-   ekit_heading_mobile-\">\u00a0<\/div><\/div><\/div><\/div><\/div><\/div><\/div><\/section>\t\t\t\t\t\t\t\t<\/div>\n\t\t\t\t<\/div>\n\t\t\t\t\t<\/div>\n\t\t\t\t<\/div>\n\t\t\t\t<section class=\"elementor-section elementor-top-section elementor-element elementor-element-cfed380 elementor-section-content-middle elementor-section-boxed elementor-section-height-default elementor-section-height-default tp-parallax-no syd-sticky-section-no\" data-id=\"cfed380\" data-element_type=\"section\" data-settings=\"{&quot;background_background&quot;:&quot;classic&quot;,&quot;tp_sticky_sec_effect_enable&quot;:false}\">\n\t\t\t\t\t\t<div class=\"elementor-container elementor-column-gap-default\">\n\t\t\t\t\t<div data-aos=\"\" class=\"elementor-column elementor-col-50 elementor-top-column elementor-element elementor-element-d8fac92 syd-sticky-section-no\" data-id=\"d8fac92\" data-element_type=\"column\" data-settings=\"{&quot;tp_sticky_col_effect_enable&quot;:false}\">\n\t\t\t<div class=\"elementor-widget-wrap elementor-element-populated\">\n\t\t\t\t\t\t<div class=\"elementor-element elementor-element-ea4173f syd-sticky-section-no elementor-widget elementor-widget-heading\" data-id=\"ea4173f\" data-element_type=\"widget\" data-widget_type=\"heading.default\">\n\t\t\t\t<div class=\"elementor-widget-container\">\n\t\t\t\t\t<h2 class=\"elementor-heading-title elementor-size-default\">Sorular\u0131n\u0131z m\u0131 var?<\/h2>\t\t\t\t<\/div>\n\t\t\t\t<\/div>\n\t\t\t\t\t<\/div>\n\t\t<\/div>\n\t\t\t\t<div data-aos=\"\" class=\"elementor-column elementor-col-50 elementor-top-column elementor-element elementor-element-7aa5769 syd-sticky-section-no\" data-id=\"7aa5769\" data-element_type=\"column\" data-settings=\"{&quot;tp_sticky_col_effect_enable&quot;:false}\">\n\t\t\t<div class=\"elementor-widget-wrap elementor-element-populated\">\n\t\t\t\t\t\t<div class=\"elementor-element elementor-element-9c6e3e1 elementor-align-right elementor-mobile-align-center syd-sticky-section-no elementor-widget elementor-widget-button\" data-id=\"9c6e3e1\" data-element_type=\"widget\" data-widget_type=\"button.default\">\n\t\t\t\t<div class=\"elementor-widget-container\">\n\t\t\t\t\t\t\t\t\t<div class=\"elementor-button-wrapper\">\n\t\t\t\t\t<a class=\"elementor-button elementor-button-link elementor-size-sm\" href=\"https:\/\/healthagentsturkey.com\/iletisim\/\">\n\t\t\t\t\t\t<span class=\"elementor-button-content-wrapper\">\n\t\t\t\t\t\t\t\t\t<span class=\"elementor-button-text\">Bize Ula\u015f\u0131n<\/span>\n\t\t\t\t\t<\/span>\n\t\t\t\t\t<\/a>\n\t\t\t\t<\/div>\n\t\t\t\t\t\t\t\t<\/div>\n\t\t\t\t<\/div>\n\t\t\t\t\t<\/div>\n\t\t<\/div>\n\t\t\t\t\t<\/div>\n\t\t<\/section>\n\t\t\t\t<\/div>\n\t\t","protected":false},"excerpt":{"rendered":"<p>Estetik Kompozit Dolgu Tedavisi Ayn\u0131 zamanda dental kompozit dolgu olarak da bilinen estetik kompozit dolgu tedavisi di\u015flerin g\u00f6r\u00fcn\u00fcm\u00fcn\u00fc iyile\u015ftirmek i\u00e7in di\u015f renginde [&hellip;]<\/p>\n","protected":false},"author":1,"featured_media":0,"parent":1622,"menu_order":0,"comment_status":"closed","ping_status":"closed","template":"elementor_header_footer","meta":{"_eb_attr":"","footnotes":""},"class_list":["post-1824","page","type-page","status-publish","hentry"],"_links":{"self":[{"href":"https:\/\/healthagentsturkey.com\/tr\/wp-json\/wp\/v2\/pages\/1824","targetHints":{"allow":["GET"]}}],"collection":[{"href":"https:\/\/healthagentsturkey.com\/tr\/wp-json\/wp\/v2\/pages"}],"about":[{"href":"https:\/\/healthagentsturkey.com\/tr\/wp-json\/wp\/v2\/types\/page"}],"author":[{"embeddable":true,"href":"https:\/\/healthagentsturkey.com\/tr\/wp-json\/wp\/v2\/users\/1"}],"replies":[{"embeddable":true,"href":"https:\/\/healthagentsturkey.com\/tr\/wp-json\/wp\/v2\/comments?post=1824"}],"version-history":[{"count":1,"href":"https:\/\/healthagentsturkey.com\/tr\/wp-json\/wp\/v2\/pages\/1824\/revisions"}],"predecessor-version":[{"id":4779,"href":"https:\/\/healthagentsturkey.com\/tr\/wp-json\/wp\/v2\/pages\/1824\/revisions\/4779"}],"up":[{"embeddable":true,"href":"https:\/\/healthagentsturkey.com\/tr\/wp-json\/wp\/v2\/pages\/1622"}],"wp:attachment":[{"href":"https:\/\/healthagentsturkey.com\/tr\/wp-json\/wp\/v2\/media?parent=1824"}],"curies":[{"name":"wp","href":"https:\/\/api.w.org\/{rel}","templated":true}]}}