{"id":1692,"date":"2023-11-19T23:32:19","date_gmt":"2023-11-19T23:32:19","guid":{"rendered":"https:\/\/healthagentsturkey.com\/?page_id=1692"},"modified":"2026-02-25T10:31:55","modified_gmt":"2026-02-25T07:31:55","slug":"3d-tomografi","status":"publish","type":"page","link":"https:\/\/healthagentsturkey.com\/tr\/tedavi\/dis\/implant-dis-hekimligi\/3d-tomografi\/","title":{"rendered":"3D Tomografi"},"content":{"rendered":"\t\t<div data-elementor-type=\"wp-page\" data-elementor-id=\"1692\" class=\"elementor elementor-1692\" data-elementor-post-type=\"page\">\n\t\t\t\t\t\t<section class=\"elementor-section elementor-top-section elementor-element elementor-element-eedafb9 elementor-section-content-middle elementor-section-boxed elementor-section-height-default elementor-section-height-default tp-parallax-no syd-sticky-section-no\" data-id=\"eedafb9\" data-element_type=\"section\" data-settings=\"{&quot;tp_sticky_sec_effect_enable&quot;:false}\">\n\t\t\t\t\t\t<div class=\"elementor-container elementor-column-gap-default\">\n\t\t\t\t\t<div data-aos=\"\" class=\"elementor-column elementor-col-50 elementor-top-column elementor-element elementor-element-571508b syd-sticky-section-no\" data-id=\"571508b\" data-element_type=\"column\" data-settings=\"{&quot;tp_sticky_col_effect_enable&quot;:false}\">\n\t\t\t<div class=\"elementor-widget-wrap elementor-element-populated\">\n\t\t\t\t\t\t<div class=\"elementor-element elementor-element-2fc2cb6 syd-sticky-section-no elementor-widget elementor-widget-heading\" data-id=\"2fc2cb6\" data-element_type=\"widget\" data-widget_type=\"heading.default\">\n\t\t\t\t<div class=\"elementor-widget-container\">\n\t\t\t\t\t<h2 class=\"elementor-heading-title elementor-size-default\">3D Tomografi<\/h2>\t\t\t\t<\/div>\n\t\t\t\t<\/div>\n\t\t\t\t<div class=\"elementor-element elementor-element-1cf0f1c elementor-widget__width-initial syd-sticky-section-no elementor-widget elementor-widget-text-editor\" data-id=\"1cf0f1c\" data-element_type=\"widget\" data-widget_type=\"text-editor.default\">\n\t\t\t\t<div class=\"elementor-widget-container\">\n\t\t\t\t\t\t\t\t\t<p>Di\u015f hekimli\u011finde konik \u0131\u015f\u0131nl\u0131 bilgisayarl\u0131 tomografi (CBCT) olarak da bilinen 3D dental tomografi, a\u011f\u0131z, \u00e7ene ve y\u00fcz yap\u0131lar\u0131n\u0131n \u00fc\u00e7 boyutlu, y\u00fcksek \u00e7\u00f6z\u00fcn\u00fcrl\u00fckl\u00fc g\u00f6r\u00fcnt\u00fclerini sa\u011flayan geli\u015fmi\u015f bir g\u00f6r\u00fcnt\u00fcleme tekni\u011fidir. Di\u015f hekimleri ve a\u011f\u0131z cerrahlar\u0131 taraf\u0131ndan te\u015fhis, tedavi planlamas\u0131 ve cerrahi rehberlik amac\u0131yla kullan\u0131lan de\u011ferli bir ara\u00e7t\u0131r.<\/p><p>3D dental tomografinin baz\u0131 \u00f6nemli \u00f6zellikleri \u015funlard\u0131r:<\/p>\t\t\t\t\t\t\t\t<\/div>\n\t\t\t\t<\/div>\n\t\t\t\t\t<\/div>\n\t\t<\/div>\n\t\t\t\t<div data-aos=\"\" class=\"elementor-column elementor-col-50 elementor-top-column elementor-element elementor-element-bc4d4c0 syd-sticky-section-no\" data-id=\"bc4d4c0\" data-element_type=\"column\" data-settings=\"{&quot;tp_sticky_col_effect_enable&quot;:false}\">\n\t\t\t<div class=\"elementor-widget-wrap elementor-element-populated\">\n\t\t\t\t\t\t<div class=\"elementor-element elementor-element-48dd569 syd-sticky-section-no elementor-widget elementor-widget-image\" data-id=\"48dd569\" data-element_type=\"widget\" data-widget_type=\"image.default\">\n\t\t\t\t<div class=\"elementor-widget-container\">\n\t\t\t\t\t\t\t\t\t<\/div>\n\t\t\t\t<\/div>\n\t\t\t\t\t<\/div>\n\t\t<\/div>\n\t\t\t\t\t<\/div>\n\t\t<\/section>\n\t\t<div class=\"elementor-element elementor-element-99fe56d e-flex e-con-boxed syd-sticky-section-no e-con e-parent\" data-id=\"99fe56d\" data-element_type=\"container\">\n\t\t\t\t\t<div class=\"e-con-inner\">\n\t\t\t\t<div class=\"elementor-element elementor-element-def30c4 syd-sticky-section-no elementor-widget elementor-widget-text-editor\" data-id=\"def30c4\" data-element_type=\"widget\" data-widget_type=\"text-editor.default\">\n\t\t\t\t<div class=\"elementor-widget-container\">\n\t\t\t\t\t\t\t\t\t<ol><li>G\u00f6r\u00fcnt\u00fcleme teknolojisi: 3D dental tomografi, hastan\u0131n ba\u015f\u0131n\u0131n etraf\u0131ndaki \u00e7e\u015fitli a\u00e7\u0131lardan bir dizi g\u00f6r\u00fcnt\u00fc yakalamak i\u00e7in koni \u015feklinde bir r\u00f6ntgen \u0131\u015f\u0131n\u0131 ve \u00f6zel bir detekt\u00f6r kullan\u0131r. Bu g\u00f6r\u00fcnt\u00fcler daha sonra di\u015f ve y\u00fcz yap\u0131lar\u0131n\u0131n ayr\u0131nt\u0131l\u0131 bir 3D temsilini olu\u015fturmak i\u00e7in bilgisayar yaz\u0131l\u0131m\u0131 taraf\u0131ndan birle\u015ftirilir.<\/li><li>Kapsaml\u0131 g\u00f6r\u00fcnt\u00fcleme: \u0130ki boyutlu g\u00f6r\u00fcnt\u00fcler sa\u011flayan geleneksel di\u015f r\u00f6ntgenlerinin aksine, 3D di\u015f tomografisi di\u015flerin, \u00e7ene kemi\u011finin, temporomandibular eklemlerin (TMJ), sin\u00fcslerin, sinirlerin ve di\u011fer anatomik yap\u0131lar\u0131n kapsaml\u0131 bir g\u00f6r\u00fcnt\u00fcs\u00fcn\u00fc sunar. B\u00f6ylece, daha do\u011fru de\u011ferlendirmeler ve te\u015fhisler yap\u0131lmas\u0131 sa\u011flan\u0131r.<\/li><li>Te\u015fhise katk\u0131s\u0131: 3D dental tomografi \u00f6zellikle g\u00f6m\u00fcl\u00fc di\u015fler, dental enfeksiyonlar, temporomandibular eklem bozukluklar\u0131 ve \u00e7ene kemi\u011fi veya sin\u00fcs bo\u015fluklar\u0131ndaki anormallikler gibi karma\u015f\u0131k dental durumlar\u0131n de\u011ferlendirilmesinde yararl\u0131d\u0131r. Yap\u0131lar\u0131n boyutu, \u015fekli ve konumu hakk\u0131nda ayr\u0131nt\u0131l\u0131 bilgi vererek daha kesin tedavi planlamas\u0131 sa\u011flar.<\/li><li>Tedavi planlamas\u0131 ve cerrahi rehberlik: 3D dental tomografi ile di\u015f hekimleri ve a\u011f\u0131z cerrahlar\u0131 karma\u015f\u0131k dental prosed\u00fcrleri daha y\u00fcksek do\u011frulukla planlayabilir ve sim\u00fcle edebilirler. Bu sayede dental implantlar\u0131n optimal yerle\u015fimini belirlemeye, a\u015f\u0131lama prosed\u00fcrleri i\u00e7in kemik kalitesini ve miktar\u0131n\u0131 de\u011ferlendirmeye, ortodontik tedaviye rehberlik etmeye ve a\u011f\u0131z ve \u00e7ene-y\u00fcz ameliyatlar\u0131na yard\u0131mc\u0131 olur.<\/li><li>Azalt\u0131lm\u0131\u015f radyasyon maruziyeti: 3D dental tomografi, geleneksel di\u015f r\u00f6ntgenlerine k\u0131yasla daha y\u00fcksek radyasyon dozu i\u00e7erirken, teknoloji radyasyon maruziyetini en aza indirecek \u015fekilde ilerlemi\u015ftir. CBCT makineleri, daha d\u00fc\u015f\u00fck radyasyon dozlar\u0131yla y\u00fcksek kaliteli g\u00f6r\u00fcnt\u00fcler \u00fcretecek \u015fekilde tasarlanm\u0131\u015ft\u0131r ve bu da onu hastalar i\u00e7in daha g\u00fcvenli bir se\u00e7enek haline getirir.<\/li><li>Hastayla daha iyi ileti\u015fim: Dental tomografi taraf\u0131ndan olu\u015fturulan ayr\u0131nt\u0131l\u0131 3D g\u00f6r\u00fcnt\u00fcler, di\u015f hekimi ve hasta aras\u0131nda a\u00e7\u0131k bir ileti\u015fim kurulmas\u0131n\u0131 sa\u011flar. G\u00f6rsel sunum, hastalar\u0131n, di\u015f durumlar\u0131n\u0131, tedavi se\u00e7eneklerini ve olas\u0131 sonu\u00e7lar\u0131 anlamalar\u0131na yard\u0131mc\u0131 olarak bilgiye dayal\u0131 karar vermeyi te\u015fvik eder.<\/li><\/ol><p>3D dental tomografinin, tan\u0131sal faydalar\u0131n radyasyon risklerine g\u00f6re daha a\u011f\u0131r bast\u0131\u011f\u0131nda kullan\u0131ld\u0131\u011f\u0131n\u0131 bilmek \u00f6nemlidir. Di\u015f hekimleri ve a\u011f\u0131z cerrahlar\u0131, 3D g\u00f6r\u00fcnt\u00fclemenin gereklili\u011fini belirlemek i\u00e7in her vakay\u0131 ayr\u0131 ayr\u0131 de\u011ferlendirecek ve uygun oldu\u011funda alternatif g\u00f6r\u00fcnt\u00fcleme y\u00f6ntemlerini de\u011ferlendirecektir.<\/p><p>Her zaman oldu\u011fu gibi, di\u015flerinizin tam olarak neye ihtiyac\u0131 oldu\u011funu g\u00f6r\u00fc\u015fmek ve durumunuza en uygun te\u015fhis ve tedavi planlama tekniklerini belirlemek i\u00e7in kalifiye bir di\u015f hekimine dan\u0131\u015fman\u0131z \u00f6nerilir.<\/p>\t\t\t\t\t\t\t\t<\/div>\n\t\t\t\t<\/div>\n\t\t\t\t\t<\/div>\n\t\t\t\t<\/div>\n\t\t\t\t<section class=\"elementor-section elementor-top-section elementor-element elementor-element-cfed380 elementor-section-content-middle elementor-section-boxed elementor-section-height-default elementor-section-height-default tp-parallax-no syd-sticky-section-no\" data-id=\"cfed380\" data-element_type=\"section\" data-settings=\"{&quot;background_background&quot;:&quot;classic&quot;,&quot;tp_sticky_sec_effect_enable&quot;:false}\">\n\t\t\t\t\t\t<div class=\"elementor-container elementor-column-gap-default\">\n\t\t\t\t\t<div data-aos=\"\" class=\"elementor-column elementor-col-50 elementor-top-column elementor-element elementor-element-d8fac92 syd-sticky-section-no\" data-id=\"d8fac92\" data-element_type=\"column\" data-settings=\"{&quot;tp_sticky_col_effect_enable&quot;:false}\">\n\t\t\t<div class=\"elementor-widget-wrap elementor-element-populated\">\n\t\t\t\t\t\t<div class=\"elementor-element elementor-element-ea4173f syd-sticky-section-no elementor-widget elementor-widget-heading\" data-id=\"ea4173f\" data-element_type=\"widget\" data-widget_type=\"heading.default\">\n\t\t\t\t<div class=\"elementor-widget-container\">\n\t\t\t\t\t<h2 class=\"elementor-heading-title elementor-size-default\">Sorular\u0131n\u0131z m\u0131 var?<\/h2>\t\t\t\t<\/div>\n\t\t\t\t<\/div>\n\t\t\t\t\t<\/div>\n\t\t<\/div>\n\t\t\t\t<div data-aos=\"\" class=\"elementor-column elementor-col-50 elementor-top-column elementor-element elementor-element-7aa5769 syd-sticky-section-no\" data-id=\"7aa5769\" data-element_type=\"column\" data-settings=\"{&quot;tp_sticky_col_effect_enable&quot;:false}\">\n\t\t\t<div class=\"elementor-widget-wrap elementor-element-populated\">\n\t\t\t\t\t\t<div class=\"elementor-element elementor-element-9c6e3e1 elementor-align-right elementor-mobile-align-center syd-sticky-section-no elementor-widget elementor-widget-button\" data-id=\"9c6e3e1\" data-element_type=\"widget\" data-widget_type=\"button.default\">\n\t\t\t\t<div class=\"elementor-widget-container\">\n\t\t\t\t\t\t\t\t\t<div class=\"elementor-button-wrapper\">\n\t\t\t\t\t<a class=\"elementor-button elementor-button-link elementor-size-sm\" href=\"https:\/\/healthagentsturkey.com\/iletisim\/\">\n\t\t\t\t\t\t<span class=\"elementor-button-content-wrapper\">\n\t\t\t\t\t\t\t\t\t<span class=\"elementor-button-text\">Bize Ula\u015f\u0131n<\/span>\n\t\t\t\t\t<\/span>\n\t\t\t\t\t<\/a>\n\t\t\t\t<\/div>\n\t\t\t\t\t\t\t\t<\/div>\n\t\t\t\t<\/div>\n\t\t\t\t\t<\/div>\n\t\t<\/div>\n\t\t\t\t\t<\/div>\n\t\t<\/section>\n\t\t\t\t<\/div>\n\t\t","protected":false},"excerpt":{"rendered":"<p>3D Tomografi Di\u015f hekimli\u011finde konik \u0131\u015f\u0131nl\u0131 bilgisayarl\u0131 tomografi (CBCT) olarak da bilinen 3D dental tomografi, a\u011f\u0131z, \u00e7ene ve y\u00fcz yap\u0131lar\u0131n\u0131n \u00fc\u00e7 boyutlu, [&hellip;]<\/p>\n","protected":false},"author":1,"featured_media":0,"parent":1620,"menu_order":0,"comment_status":"closed","ping_status":"closed","template":"elementor_header_footer","meta":{"_eb_attr":"","footnotes":""},"class_list":["post-1692","page","type-page","status-publish","hentry"],"_links":{"self":[{"href":"https:\/\/healthagentsturkey.com\/tr\/wp-json\/wp\/v2\/pages\/1692","targetHints":{"allow":["GET"]}}],"collection":[{"href":"https:\/\/healthagentsturkey.com\/tr\/wp-json\/wp\/v2\/pages"}],"about":[{"href":"https:\/\/healthagentsturkey.com\/tr\/wp-json\/wp\/v2\/types\/page"}],"author":[{"embeddable":true,"href":"https:\/\/healthagentsturkey.com\/tr\/wp-json\/wp\/v2\/users\/1"}],"replies":[{"embeddable":true,"href":"https:\/\/healthagentsturkey.com\/tr\/wp-json\/wp\/v2\/comments?post=1692"}],"version-history":[{"count":1,"href":"https:\/\/healthagentsturkey.com\/tr\/wp-json\/wp\/v2\/pages\/1692\/revisions"}],"predecessor-version":[{"id":4773,"href":"https:\/\/healthagentsturkey.com\/tr\/wp-json\/wp\/v2\/pages\/1692\/revisions\/4773"}],"up":[{"embeddable":true,"href":"https:\/\/healthagentsturkey.com\/tr\/wp-json\/wp\/v2\/pages\/1620"}],"wp:attachment":[{"href":"https:\/\/healthagentsturkey.com\/tr\/wp-json\/wp\/v2\/media?parent=1692"}],"curies":[{"name":"wp","href":"https:\/\/api.w.org\/{rel}","templated":true}]}}