{"id":1624,"date":"2023-11-19T19:56:01","date_gmt":"2023-11-19T19:56:01","guid":{"rendered":"https:\/\/healthagentsturkey.com\/?page_id=1624"},"modified":"2026-02-25T10:31:55","modified_gmt":"2026-02-25T07:31:55","slug":"hollywood-gulus-tasarimi","status":"publish","type":"page","link":"https:\/\/healthagentsturkey.com\/tr\/tedavi\/dis\/estetik-dis-hekimligi\/hollywood-gulus-tasarimi\/","title":{"rendered":"Hollywood G\u00fcl\u00fc\u015f Tasar\u0131m\u0131"},"content":{"rendered":"\t\t<div data-elementor-type=\"wp-page\" data-elementor-id=\"1624\" class=\"elementor elementor-1624\" data-elementor-post-type=\"page\">\n\t\t\t\t\t\t<section class=\"elementor-section elementor-top-section elementor-element elementor-element-eedafb9 elementor-section-content-middle elementor-section-boxed elementor-section-height-default elementor-section-height-default tp-parallax-no syd-sticky-section-no\" data-id=\"eedafb9\" data-element_type=\"section\" data-settings=\"{&quot;tp_sticky_sec_effect_enable&quot;:false}\">\n\t\t\t\t\t\t<div class=\"elementor-container elementor-column-gap-default\">\n\t\t\t\t\t<div data-aos=\"\" class=\"elementor-column elementor-col-50 elementor-top-column elementor-element elementor-element-571508b syd-sticky-section-no\" data-id=\"571508b\" data-element_type=\"column\" data-settings=\"{&quot;tp_sticky_col_effect_enable&quot;:false}\">\n\t\t\t<div class=\"elementor-widget-wrap elementor-element-populated\">\n\t\t\t\t\t\t<div class=\"elementor-element elementor-element-2fc2cb6 syd-sticky-section-no elementor-widget elementor-widget-heading\" data-id=\"2fc2cb6\" data-element_type=\"widget\" data-widget_type=\"heading.default\">\n\t\t\t\t<div class=\"elementor-widget-container\">\n\t\t\t\t\t<h2 class=\"elementor-heading-title elementor-size-default\">Hollywood G\u00fcl\u00fc\u015f\u00fc<\/h2>\t\t\t\t<\/div>\n\t\t\t\t<\/div>\n\t\t\t\t<div class=\"elementor-element elementor-element-1cf0f1c syd-sticky-section-no elementor-widget elementor-widget-text-editor\" data-id=\"1cf0f1c\" data-element_type=\"widget\" data-widget_type=\"text-editor.default\">\n\t\t\t\t<div class=\"elementor-widget-container\">\n\t\t\t\t\t\t\t\t\t<p>\u201cHollywood G\u00fcl\u00fc\u015f\u00fc\u201d terimi, Hollywood \u00fcnl\u00fclerinde s\u0131kl\u0131kla g\u00f6r\u00fclen g\u00fcl\u00fc\u015fe benzer, estetik a\u00e7\u0131dan ho\u015f, parlak ve simetrik bir dizi di\u015f olu\u015fturmay\u0131 ama\u00e7layan bir di\u015f tedavisi veya kozmetik di\u015f hekimli\u011fi t\u00fcr\u00fcn\u00fc ifade eder. M\u00fckemmel hizalanm\u0131\u015f, beyaz ve iyi \u015fekillendirilmi\u015f di\u015fler ay\u0131rt edici \u00f6zellikleridir.<\/p><p>Hollywood g\u00fcl\u00fc\u015f\u00fc tipik olarak di\u015f beyazlatma, di\u015f kaplamalar\u0131, di\u015f kronlar\u0131, di\u015f implantlar\u0131, ortodontik tedaviler ve di\u015f eti hatlar\u0131n\u0131 konturlama gibi \u00e7e\u015fitli di\u015f prosed\u00fcrlerinin bir kombinasyonunu i\u00e7erir. Bu tedaviler, di\u015f renginin solmas\u0131, yanl\u0131\u015f hizalama, bo\u015fluklar, \u00e7entikler ve di\u011fer kozmetik kusurlar gibi farkl\u0131 di\u015f sorunlar\u0131n\u0131 gidermek i\u00e7in tasarlanm\u0131\u015ft\u0131r.<\/p>\t\t\t\t\t\t\t\t<\/div>\n\t\t\t\t<\/div>\n\t\t\t\t\t<\/div>\n\t\t<\/div>\n\t\t\t\t<div data-aos=\"\" class=\"elementor-column elementor-col-50 elementor-top-column elementor-element elementor-element-bc4d4c0 syd-sticky-section-no\" data-id=\"bc4d4c0\" data-element_type=\"column\" data-settings=\"{&quot;tp_sticky_col_effect_enable&quot;:false}\">\n\t\t\t<div class=\"elementor-widget-wrap elementor-element-populated\">\n\t\t\t\t\t\t<div class=\"elementor-element elementor-element-48dd569 syd-sticky-section-no elementor-widget elementor-widget-image\" data-id=\"48dd569\" data-element_type=\"widget\" data-widget_type=\"image.default\">\n\t\t\t\t<div class=\"elementor-widget-container\">\n\t\t\t\t\t\t\t\t\t<\/div>\n\t\t\t\t<\/div>\n\t\t\t\t\t<\/div>\n\t\t<\/div>\n\t\t\t\t\t<\/div>\n\t\t<\/section>\n\t\t<div class=\"elementor-element elementor-element-99fe56d e-flex e-con-boxed syd-sticky-section-no e-con e-parent\" data-id=\"99fe56d\" data-element_type=\"container\">\n\t\t\t\t\t<div class=\"e-con-inner\">\n\t\t\t\t<div class=\"elementor-element elementor-element-def30c4 syd-sticky-section-no elementor-widget elementor-widget-text-editor\" data-id=\"def30c4\" data-element_type=\"widget\" data-widget_type=\"text-editor.default\">\n\t\t\t\t<div class=\"elementor-widget-container\">\n\t\t\t\t\t\t\t\t\t<p>Di\u015f beyazlatma yayg\u0131n olarak lekeleri ve renk bozulmalar\u0131n\u0131 gidermek i\u00e7in kullan\u0131l\u0131rken, di\u015f kaplamalar\u0131, g\u00f6r\u00fcn\u00fcmlerini iyile\u015ftirmek i\u00e7in di\u015flerin \u00f6n y\u00fczeyine yap\u0131\u015ft\u0131r\u0131lan porselen veya kompozit re\u00e7ineden yap\u0131lm\u0131\u015f ince kabuklard\u0131r. Di\u015f kronlar\u0131, \u015feklini, boyutunu, dayan\u0131kl\u0131l\u0131\u011f\u0131n\u0131 ve g\u00f6r\u00fcn\u00fcm\u00fcn\u00fc eski haline getirmek i\u00e7in t\u00fcm di\u015fi kaplayan di\u015f \u015feklindeki kapaklard\u0131r. Di\u015f implantlar\u0131, eksik di\u015flerin yerine kullan\u0131l\u0131r ve yanl\u0131\u015f hizalanmay\u0131 d\u00fczeltmek ve daha d\u00fcz bir g\u00fcl\u00fc\u015f elde etmek i\u00e7in di\u015f teli veya hizalay\u0131c\u0131 gibi ortodontik tedaviler kullan\u0131labilir. Di\u015f eti hatt\u0131n\u0131 yeniden \u015fekillendirmek ve daha dengeli bir g\u00fcl\u00fc\u015f yaratmak i\u00e7in di\u015f eti konturu yap\u0131labilir.<\/p><p>Hollywood g\u00fcl\u00fc\u015f\u00fcn\u00fcn amac\u0131, ki\u015finin genel y\u00fcz esteti\u011fini geli\u015ftiren g\u00f6z kama\u015ft\u0131r\u0131c\u0131, \u00e7ekici bir g\u00fcl\u00fc\u015f yaratmakt\u0131r. Hollywood g\u00fcl\u00fc\u015f\u00fc sadece Hollywood\u2019da de\u011fil, \u0131\u015f\u0131lt\u0131l\u0131 ve kendine g\u00fcvenen bir g\u00fcl\u00fc\u015f\u00fc arzulayan bireyler aras\u0131nda da pop\u00fcler bir ak\u0131m haline geldi. Bir Hollywood g\u00fcl\u00fc\u015f\u00fcne ula\u015fman\u0131n, bireyin benzersiz di\u015f ihtiya\u00e7lar\u0131 ve tercihlerine dayal\u0131 olarak \u00f6zelle\u015ftirilmi\u015f bir tedavi plan\u0131 gerektirebilece\u011fini ve kalifiye bir di\u015f hekimi veya kozmetik di\u015f hekimi ile kons\u00fcltasyonun \u00f6nerildi\u011fini unutmamak \u00f6nemlidir.<\/p>\t\t\t\t\t\t\t\t<\/div>\n\t\t\t\t<\/div>\n\t\t\t\t\t<\/div>\n\t\t\t\t<\/div>\n\t\t\t\t<section class=\"elementor-section elementor-top-section elementor-element elementor-element-cfed380 elementor-section-content-middle elementor-section-boxed elementor-section-height-default elementor-section-height-default tp-parallax-no syd-sticky-section-no\" data-id=\"cfed380\" data-element_type=\"section\" data-settings=\"{&quot;background_background&quot;:&quot;classic&quot;,&quot;tp_sticky_sec_effect_enable&quot;:false}\">\n\t\t\t\t\t\t<div class=\"elementor-container elementor-column-gap-default\">\n\t\t\t\t\t<div data-aos=\"\" class=\"elementor-column elementor-col-50 elementor-top-column elementor-element elementor-element-d8fac92 syd-sticky-section-no\" data-id=\"d8fac92\" data-element_type=\"column\" data-settings=\"{&quot;tp_sticky_col_effect_enable&quot;:false}\">\n\t\t\t<div class=\"elementor-widget-wrap elementor-element-populated\">\n\t\t\t\t\t\t<div class=\"elementor-element elementor-element-ea4173f syd-sticky-section-no elementor-widget elementor-widget-heading\" data-id=\"ea4173f\" data-element_type=\"widget\" data-widget_type=\"heading.default\">\n\t\t\t\t<div class=\"elementor-widget-container\">\n\t\t\t\t\t<h2 class=\"elementor-heading-title elementor-size-default\">Sorular\u0131n\u0131z m\u0131 var?<\/h2>\t\t\t\t<\/div>\n\t\t\t\t<\/div>\n\t\t\t\t\t<\/div>\n\t\t<\/div>\n\t\t\t\t<div data-aos=\"\" class=\"elementor-column elementor-col-50 elementor-top-column elementor-element elementor-element-7aa5769 syd-sticky-section-no\" data-id=\"7aa5769\" data-element_type=\"column\" data-settings=\"{&quot;tp_sticky_col_effect_enable&quot;:false}\">\n\t\t\t<div class=\"elementor-widget-wrap elementor-element-populated\">\n\t\t\t\t\t\t<div class=\"elementor-element elementor-element-9c6e3e1 elementor-align-right elementor-mobile-align-center syd-sticky-section-no elementor-widget elementor-widget-button\" data-id=\"9c6e3e1\" data-element_type=\"widget\" data-widget_type=\"button.default\">\n\t\t\t\t<div class=\"elementor-widget-container\">\n\t\t\t\t\t\t\t\t\t<div class=\"elementor-button-wrapper\">\n\t\t\t\t\t<a class=\"elementor-button elementor-button-link elementor-size-sm\" href=\"https:\/\/healthagentsturkey.com\/iletisim\/\">\n\t\t\t\t\t\t<span class=\"elementor-button-content-wrapper\">\n\t\t\t\t\t\t\t\t\t<span class=\"elementor-button-text\">Bize Ula\u015f\u0131n<\/span>\n\t\t\t\t\t<\/span>\n\t\t\t\t\t<\/a>\n\t\t\t\t<\/div>\n\t\t\t\t\t\t\t\t<\/div>\n\t\t\t\t<\/div>\n\t\t\t\t\t<\/div>\n\t\t<\/div>\n\t\t\t\t\t<\/div>\n\t\t<\/section>\n\t\t\t\t<\/div>\n\t\t","protected":false},"excerpt":{"rendered":"<p>Hollywood G\u00fcl\u00fc\u015f\u00fc \u201cHollywood G\u00fcl\u00fc\u015f\u00fc\u201d terimi, Hollywood \u00fcnl\u00fclerinde s\u0131kl\u0131kla g\u00f6r\u00fclen g\u00fcl\u00fc\u015fe benzer, estetik a\u00e7\u0131dan ho\u015f, parlak ve simetrik bir dizi di\u015f olu\u015fturmay\u0131 ama\u00e7layan [&hellip;]<\/p>\n","protected":false},"author":1,"featured_media":0,"parent":1618,"menu_order":0,"comment_status":"closed","ping_status":"closed","template":"elementor_header_footer","meta":{"_eb_attr":"","footnotes":""},"class_list":["post-1624","page","type-page","status-publish","hentry"],"_links":{"self":[{"href":"https:\/\/healthagentsturkey.com\/tr\/wp-json\/wp\/v2\/pages\/1624","targetHints":{"allow":["GET"]}}],"collection":[{"href":"https:\/\/healthagentsturkey.com\/tr\/wp-json\/wp\/v2\/pages"}],"about":[{"href":"https:\/\/healthagentsturkey.com\/tr\/wp-json\/wp\/v2\/types\/page"}],"author":[{"embeddable":true,"href":"https:\/\/healthagentsturkey.com\/tr\/wp-json\/wp\/v2\/users\/1"}],"replies":[{"embeddable":true,"href":"https:\/\/healthagentsturkey.com\/tr\/wp-json\/wp\/v2\/comments?post=1624"}],"version-history":[{"count":1,"href":"https:\/\/healthagentsturkey.com\/tr\/wp-json\/wp\/v2\/pages\/1624\/revisions"}],"predecessor-version":[{"id":4769,"href":"https:\/\/healthagentsturkey.com\/tr\/wp-json\/wp\/v2\/pages\/1624\/revisions\/4769"}],"up":[{"embeddable":true,"href":"https:\/\/healthagentsturkey.com\/tr\/wp-json\/wp\/v2\/pages\/1618"}],"wp:attachment":[{"href":"https:\/\/healthagentsturkey.com\/tr\/wp-json\/wp\/v2\/media?parent=1624"}],"curies":[{"name":"wp","href":"https:\/\/api.w.org\/{rel}","templated":true}]}}