{"id":1582,"date":"2023-11-18T23:25:44","date_gmt":"2023-11-18T23:25:44","guid":{"rendered":"https:\/\/healthagentsturkey.com\/?page_id=1582"},"modified":"2026-02-25T10:31:57","modified_gmt":"2026-02-25T07:31:57","slug":"sac-lazeri","status":"publish","type":"page","link":"https:\/\/healthagentsturkey.com\/tr\/tedavi\/sac-ekimi\/sac-lazeri\/","title":{"rendered":"Sa\u00e7 Lazeri"},"content":{"rendered":"\t\t<div data-elementor-type=\"wp-page\" data-elementor-id=\"1582\" class=\"elementor elementor-1582\" data-elementor-post-type=\"page\">\n\t\t\t\t\t\t<section class=\"elementor-section elementor-top-section elementor-element elementor-element-eedafb9 elementor-section-content-middle elementor-section-boxed elementor-section-height-default elementor-section-height-default tp-parallax-no syd-sticky-section-no\" data-id=\"eedafb9\" data-element_type=\"section\" data-settings=\"{&quot;tp_sticky_sec_effect_enable&quot;:false}\">\n\t\t\t\t\t\t<div class=\"elementor-container elementor-column-gap-default\">\n\t\t\t\t\t<div data-aos=\"\" class=\"elementor-column elementor-col-50 elementor-top-column elementor-element elementor-element-571508b syd-sticky-section-no\" data-id=\"571508b\" data-element_type=\"column\" data-settings=\"{&quot;tp_sticky_col_effect_enable&quot;:false}\">\n\t\t\t<div class=\"elementor-widget-wrap elementor-element-populated\">\n\t\t\t\t\t\t<div class=\"elementor-element elementor-element-2fc2cb6 syd-sticky-section-no elementor-widget elementor-widget-heading\" data-id=\"2fc2cb6\" data-element_type=\"widget\" data-widget_type=\"heading.default\">\n\t\t\t\t<div class=\"elementor-widget-container\">\n\t\t\t\t\t<h2 class=\"elementor-heading-title elementor-size-default\">Sa\u00e7 Lazeri Nedir?<\/h2>\t\t\t\t<\/div>\n\t\t\t\t<\/div>\n\t\t\t\t<div class=\"elementor-element elementor-element-1cf0f1c elementor-widget__width-initial syd-sticky-section-no elementor-widget elementor-widget-text-editor\" data-id=\"1cf0f1c\" data-element_type=\"widget\" data-widget_type=\"text-editor.default\">\n\t\t\t\t<div class=\"elementor-widget-container\">\n\t\t\t\t\t\t\t\t\t<p><b><i>Sa\u00e7 lazeri<\/i><\/b>,\u00a0<a href=\"https:\/\/tr.wikipedia.org\/wiki\/Sa%C3%A7_d%C3%B6k%C3%BClmesi\">sa\u00e7 d\u00f6k\u00fclme<\/a>sini \u00f6nlemek veya durdurmak i\u00e7in kullan\u0131lan bir t\u00fcr lazer terapisidir. Bu terapi, sa\u00e7 k\u00f6klerine do\u011fru dalga boyunda lazer \u0131\u015f\u0131\u011f\u0131 vererek sa\u00e7 b\u00fcy\u00fcmesini art\u0131rmay\u0131 ama\u00e7l\u0131yor.\u00a0<b><i>Sa\u00e7 lazeri<\/i><\/b>\u00a0tedavisi, genellikle seanslar halinde ve birka\u00e7 ay boyunca uygulan\u0131yor. Bu tedavi y\u00f6ntemi, erkek tipi kellik gibi sa\u00e7 kayb\u0131n\u0131n erken d\u00f6nemlerinde kullan\u0131l\u0131yor.<\/p><p><b>Sa\u00e7 lazeri nas\u0131l yap\u0131l\u0131r?<\/b><\/p><p><b><i>Sa\u00e7 lazeri<\/i><\/b>\u00a0tedavisi, \u00f6zel bir cihaz arac\u0131l\u0131\u011f\u0131yla deriye do\u011fru dalga boyunda d\u00fc\u015f\u00fck seviyeli lazer \u0131\u015f\u0131\u011f\u0131 g\u00f6nderilerek ger\u00e7ekle\u015ftiriliyor. Tedavi seanslar\u0131, uzman taraf\u0131ndan yap\u0131l\u0131yor ve genellikle birka\u00e7 ay boyunca haftada birka\u00e7 kez uygulan\u0131yor.<\/p><p>\u00a0<\/p>\t\t\t\t\t\t\t\t<\/div>\n\t\t\t\t<\/div>\n\t\t\t\t\t<\/div>\n\t\t<\/div>\n\t\t\t\t<div data-aos=\"\" class=\"elementor-column elementor-col-50 elementor-top-column elementor-element elementor-element-bc4d4c0 syd-sticky-section-no\" data-id=\"bc4d4c0\" data-element_type=\"column\" data-settings=\"{&quot;tp_sticky_col_effect_enable&quot;:false}\">\n\t\t\t<div class=\"elementor-widget-wrap elementor-element-populated\">\n\t\t\t\t\t\t<div class=\"elementor-element elementor-element-48dd569 syd-sticky-section-no elementor-widget elementor-widget-image\" data-id=\"48dd569\" data-element_type=\"widget\" data-widget_type=\"image.default\">\n\t\t\t\t<div class=\"elementor-widget-container\">\n\t\t\t\t\t\t\t\t\t<\/div>\n\t\t\t\t<\/div>\n\t\t\t\t\t<\/div>\n\t\t<\/div>\n\t\t\t\t\t<\/div>\n\t\t<\/section>\n\t\t<div class=\"elementor-element elementor-element-0260b06 e-flex e-con-boxed syd-sticky-section-no e-con e-parent\" data-id=\"0260b06\" data-element_type=\"container\">\n\t\t\t\t\t<div class=\"e-con-inner\">\n\t\t\t\t<div class=\"elementor-element elementor-element-ebb047d syd-sticky-section-no elementor-widget elementor-widget-text-editor\" data-id=\"ebb047d\" data-element_type=\"widget\" data-widget_type=\"text-editor.default\">\n\t\t\t\t<div class=\"elementor-widget-container\">\n\t\t\t\t\t\t\t\t\t<p>Tedavi s\u0131ras\u0131nda ki\u015fi, \u00f6zel bir ba\u015fl\u0131k tak\u0131yor ve lazer cihaz\u0131 deriye y\u00f6nlendiriliyor. Cihaz, sa\u00e7 k\u00f6klerine ula\u015farak d\u00fc\u015f\u00fck seviyeli\u00a0<b><i>lazer \u0131\u015f\u0131\u011f\u0131<\/i><\/b>\u00a0veriyor. Lazer \u0131\u015f\u0131\u011f\u0131, sa\u00e7 k\u00f6klerini uyararak sa\u00e7 b\u00fcy\u00fcmesini te\u015fvik etmeyi ama\u00e7l\u0131yor.<\/p><p>Tedavi seanslar\u0131 genellikle 15-30 dakika s\u00fcr\u00fcyor ve a\u011fr\u0131s\u0131z.\u00a0<b><i>Sa\u00e7 lazeri tedavisi<\/i><\/b>, genellikle birka\u00e7 ay s\u00fcren bir s\u00fcre\u00e7 ve tam sonu\u00e7lar i\u00e7in birka\u00e7 seans\u0131n tamamlanmas\u0131 gerekebiliyor.<\/p><p><b>Sa\u00e7 lazeri i\u015fleminin avantajlar\u0131 nelerdir?<\/b><\/p><ul><li aria-level=\"1\">Sa\u00e7 lazeri tedavisi s\u0131ras\u0131nda a\u011fr\u0131 veya rahats\u0131zl\u0131k hissedilmiyor.<\/li><li aria-level=\"1\">Tedavi, herhangi bir ciddi yan etki olu\u015fturmuyor.<\/li><li aria-level=\"1\">Sa\u00e7 kayb\u0131n\u0131 \u00f6nlemeye yard\u0131mc\u0131 oluyor.<\/li><li aria-level=\"1\">Sa\u00e7 lazeri tedavisi,\u00a0<a href=\"https:\/\/tr.wikipedia.org\/wiki\/Sa%C3%A7\">sa\u00e7<\/a>\u00a0k\u00f6klerine d\u00fc\u015f\u00fck seviyeli lazer \u0131\u015f\u0131\u011f\u0131 vererek sa\u00e7 b\u00fcy\u00fcmesini art\u0131r\u0131yor.<\/li><li aria-level=\"1\">G\u00fcvenli bir tedavi oldu\u011fundan bir\u00e7ok ki\u015fi taraf\u0131ndan kullan\u0131l\u0131yor.<\/li><\/ul><p><b><br \/>Sa\u00e7 lazeri i\u015fleminin dezavantajlar\u0131 nelerdir?<\/b><\/p><ul><li aria-level=\"1\">Etkili sonu\u00e7lar zaman alabiliyor.<\/li><li aria-level=\"1\"><a href=\"https:\/\/tr.wikipedia.org\/wiki\/Enfeksiyon_hastal%C4%B1klar%C4%B1\">Enfeksiyon ihtimali<\/a>\u00a0vard\u0131r.<\/li><li aria-level=\"1\">Tamamen\u00a0<a href=\"https:\/\/tr.wikipedia.org\/wiki\/Sa%C3%A7\">sa\u00e7<\/a>\u00a0kayb\u0131n\u0131 \u00f6nleyemiyor.<\/li><li aria-level=\"1\">Tedavi maliyetli olabiliyor.<\/li><li aria-level=\"1\">Herkese uygun bir tedavi olmayabiliyor.<\/li><li aria-level=\"1\">Nadiren, sa\u00e7 lazeri tedavisinden sonra k\u0131zar\u0131kl\u0131k,\u00a0<a href=\"https:\/\/tr.wikipedia.org\/wiki\/Ka%C5%9F%C4%B1nt%C4%B1\">ka\u015f\u0131nt\u0131<\/a>\u00a0veya \u015fi\u015flik gibi yan etkiler olu\u015fabiliyor.<\/li><\/ul><p><b><br \/>Sa\u00e7 lazeri i\u00e7in nereye gidebilirim?<\/b><\/p><p><a href=\"https:\/\/tr.wikipedia.org\/wiki\/Sa%C4%9Fl%C4%B1k\">Sa\u011fl\u0131k<\/a>\u00a0sekt\u00f6r\u00fcnde \u00f6nceli\u011fimiz her zaman hasta memnuniyeti ve sa\u011fl\u0131\u011f\u0131 olmu\u015ftur.\u00a0<b>Health Agents;<\/b>\u00a0modern teknoloji ve en son t\u0131bbi yeniliklerle donat\u0131lm\u0131\u015f bir ortamda, alan\u0131nda uzman doktorlar taraf\u0131ndan hizmet veriyor. Size en iyi hizmeti sunmak i\u00e7in her zaman yan\u0131n\u0131zday\u0131z ve ger\u00e7ekle\u015ftirdi\u011fimiz cerrahi i\u015flemlerde elde etti\u011fimiz ba\u015far\u0131larla gurur duyuyoruz. Bu nedenle\u00a0<b>Health Agents<\/b>\u00a0b\u00fcnyesindeki doktorlar\u0131m\u0131z, uzmanl\u0131klar\u0131 ve deneyimleri sayesinde t\u00fcm t\u0131bbi i\u015flemlerde oldu\u011fu gibi\u00a0<b><i>sa\u00e7 lazeri<\/i><\/b>\u00a0i\u015flemleri i\u00e7in de s\u0131kl\u0131kla tercih ediliyor. Siz de g\u00fcvenle bizi tercih edebilirsiniz.<\/p>\t\t\t\t\t\t\t\t<\/div>\n\t\t\t\t<\/div>\n\t\t\t\t\t<\/div>\n\t\t\t\t<\/div>\n\t\t\t\t<section class=\"elementor-section elementor-top-section elementor-element elementor-element-cfed380 elementor-section-content-middle elementor-section-boxed elementor-section-height-default elementor-section-height-default tp-parallax-no syd-sticky-section-no\" data-id=\"cfed380\" data-element_type=\"section\" data-settings=\"{&quot;background_background&quot;:&quot;classic&quot;,&quot;tp_sticky_sec_effect_enable&quot;:false}\">\n\t\t\t\t\t\t<div class=\"elementor-container elementor-column-gap-default\">\n\t\t\t\t\t<div data-aos=\"\" class=\"elementor-column elementor-col-50 elementor-top-column elementor-element elementor-element-d8fac92 syd-sticky-section-no\" data-id=\"d8fac92\" data-element_type=\"column\" data-settings=\"{&quot;tp_sticky_col_effect_enable&quot;:false}\">\n\t\t\t<div class=\"elementor-widget-wrap elementor-element-populated\">\n\t\t\t\t\t\t<div class=\"elementor-element elementor-element-ea4173f syd-sticky-section-no elementor-widget elementor-widget-heading\" data-id=\"ea4173f\" data-element_type=\"widget\" data-widget_type=\"heading.default\">\n\t\t\t\t<div class=\"elementor-widget-container\">\n\t\t\t\t\t<h2 class=\"elementor-heading-title elementor-size-default\">Sorular\u0131n\u0131z m\u0131 var?<\/h2>\t\t\t\t<\/div>\n\t\t\t\t<\/div>\n\t\t\t\t\t<\/div>\n\t\t<\/div>\n\t\t\t\t<div data-aos=\"\" class=\"elementor-column elementor-col-50 elementor-top-column elementor-element elementor-element-7aa5769 syd-sticky-section-no\" data-id=\"7aa5769\" data-element_type=\"column\" data-settings=\"{&quot;tp_sticky_col_effect_enable&quot;:false}\">\n\t\t\t<div class=\"elementor-widget-wrap elementor-element-populated\">\n\t\t\t\t\t\t<div class=\"elementor-element elementor-element-9c6e3e1 elementor-align-right elementor-mobile-align-center syd-sticky-section-no elementor-widget elementor-widget-button\" data-id=\"9c6e3e1\" data-element_type=\"widget\" data-widget_type=\"button.default\">\n\t\t\t\t<div class=\"elementor-widget-container\">\n\t\t\t\t\t\t\t\t\t<div class=\"elementor-button-wrapper\">\n\t\t\t\t\t<a class=\"elementor-button elementor-button-link elementor-size-sm\" href=\"https:\/\/healthagentsturkey.com\/iletisim\/\">\n\t\t\t\t\t\t<span class=\"elementor-button-content-wrapper\">\n\t\t\t\t\t\t\t\t\t<span class=\"elementor-button-text\">Bize Ula\u015f\u0131n<\/span>\n\t\t\t\t\t<\/span>\n\t\t\t\t\t<\/a>\n\t\t\t\t<\/div>\n\t\t\t\t\t\t\t\t<\/div>\n\t\t\t\t<\/div>\n\t\t\t\t\t<\/div>\n\t\t<\/div>\n\t\t\t\t\t<\/div>\n\t\t<\/section>\n\t\t\t\t<\/div>\n\t\t","protected":false},"excerpt":{"rendered":"<p>Sa\u00e7 Lazeri Nedir? Sa\u00e7 lazeri,\u00a0sa\u00e7 d\u00f6k\u00fclmesini \u00f6nlemek veya durdurmak i\u00e7in kullan\u0131lan bir t\u00fcr lazer terapisidir. Bu terapi, sa\u00e7 k\u00f6klerine do\u011fru dalga boyunda [&hellip;]<\/p>\n","protected":false},"author":1,"featured_media":0,"parent":1407,"menu_order":0,"comment_status":"closed","ping_status":"closed","template":"elementor_header_footer","meta":{"_eb_attr":"","footnotes":""},"class_list":["post-1582","page","type-page","status-publish","hentry"],"_links":{"self":[{"href":"https:\/\/healthagentsturkey.com\/tr\/wp-json\/wp\/v2\/pages\/1582","targetHints":{"allow":["GET"]}}],"collection":[{"href":"https:\/\/healthagentsturkey.com\/tr\/wp-json\/wp\/v2\/pages"}],"about":[{"href":"https:\/\/healthagentsturkey.com\/tr\/wp-json\/wp\/v2\/types\/page"}],"author":[{"embeddable":true,"href":"https:\/\/healthagentsturkey.com\/tr\/wp-json\/wp\/v2\/users\/1"}],"replies":[{"embeddable":true,"href":"https:\/\/healthagentsturkey.com\/tr\/wp-json\/wp\/v2\/comments?post=1582"}],"version-history":[{"count":1,"href":"https:\/\/healthagentsturkey.com\/tr\/wp-json\/wp\/v2\/pages\/1582\/revisions"}],"predecessor-version":[{"id":4803,"href":"https:\/\/healthagentsturkey.com\/tr\/wp-json\/wp\/v2\/pages\/1582\/revisions\/4803"}],"up":[{"embeddable":true,"href":"https:\/\/healthagentsturkey.com\/tr\/wp-json\/wp\/v2\/pages\/1407"}],"wp:attachment":[{"href":"https:\/\/healthagentsturkey.com\/tr\/wp-json\/wp\/v2\/media?parent=1582"}],"curies":[{"name":"wp","href":"https:\/\/api.w.org\/{rel}","templated":true}]}}