{"id":1426,"date":"2023-11-18T02:41:22","date_gmt":"2023-11-18T02:41:22","guid":{"rendered":"https:\/\/healthagentsturkey.com\/?page_id=1426"},"modified":"2026-02-25T10:31:57","modified_gmt":"2026-02-25T07:31:57","slug":"safir-fue-sac-ekimi-nedir","status":"publish","type":"page","link":"https:\/\/healthagentsturkey.com\/tr\/tedavi\/sac-ekimi\/safir-fue-sac-ekimi-nedir\/","title":{"rendered":"Safir FUE Sa\u00e7 Ekimi Nedir?"},"content":{"rendered":"\t\t<div data-elementor-type=\"wp-page\" data-elementor-id=\"1426\" class=\"elementor elementor-1426\" data-elementor-post-type=\"page\">\n\t\t\t\t\t\t<section class=\"elementor-section elementor-top-section elementor-element elementor-element-eedafb9 elementor-section-content-middle elementor-section-boxed elementor-section-height-default elementor-section-height-default tp-parallax-no syd-sticky-section-no\" data-id=\"eedafb9\" data-element_type=\"section\" data-settings=\"{&quot;tp_sticky_sec_effect_enable&quot;:false}\">\n\t\t\t\t\t\t<div class=\"elementor-container elementor-column-gap-default\">\n\t\t\t\t\t<div data-aos=\"\" class=\"elementor-column elementor-col-50 elementor-top-column elementor-element elementor-element-571508b syd-sticky-section-no\" data-id=\"571508b\" data-element_type=\"column\" data-settings=\"{&quot;tp_sticky_col_effect_enable&quot;:false}\">\n\t\t\t<div class=\"elementor-widget-wrap elementor-element-populated\">\n\t\t\t\t\t\t<div class=\"elementor-element elementor-element-2fc2cb6 syd-sticky-section-no elementor-widget elementor-widget-heading\" data-id=\"2fc2cb6\" data-element_type=\"widget\" data-widget_type=\"heading.default\">\n\t\t\t\t<div class=\"elementor-widget-container\">\n\t\t\t\t\t<h2 class=\"elementor-heading-title elementor-size-default\">Safir FUE Sa\u00e7 Ekimi Nedir?<\/h2>\t\t\t\t<\/div>\n\t\t\t\t<\/div>\n\t\t\t\t<div class=\"elementor-element elementor-element-1cf0f1c elementor-widget__width-initial syd-sticky-section-no elementor-widget elementor-widget-text-editor\" data-id=\"1cf0f1c\" data-element_type=\"widget\" data-widget_type=\"text-editor.default\">\n\t\t\t\t<div class=\"elementor-widget-container\">\n\t\t\t\t\t\t\t\t\t<p><b><i>Safir FUE sa\u00e7 ekimi<\/i><\/b>\u00a0(<a href=\"https:\/\/tr.wikipedia.org\/wiki\/Folik%C3%BCler_%C3%BCnite_ekstraksiyonu#:~:text=Folik%C3%BCler%20transfer%20(FT)%20olarak%20da,ila%20d%C3%B6rt%20sa%C3%A7tan%20olu%C5%9Fan%20gruplard%C4%B1r.\">Folik\u00fcler \u00dcnite Ekstraksiyonu<\/a>),\u00a0sa\u00e7\u00a0k\u00f6klerinin \u00e7\u0131kar\u0131lmas\u0131 i\u00e7in kesiler yapmak \u00fczere safirden yap\u0131lm\u0131\u015f \u00f6zel bir alet kullanan bir sa\u00e7 ekimi tekni\u011fi. Safir; dayan\u0131kl\u0131l\u0131\u011f\u0131, keskinli\u011fi ve biyouyumlulu\u011fu ile bilinen y\u00fcksek kaliteli bir malzeme.\u00a0<b><i>Safir FUE sa\u00e7 ekiminde<\/i><\/b>\u00a0safir b\u0131\u00e7aklar\u0131n kullan\u0131m\u0131, \u00f6zellikle T\u00fcrkiye\u2019de son y\u0131llarda pop\u00fclerlik kazanan nispeten yeni bir teknik.<\/p>\t\t\t\t\t\t\t\t<\/div>\n\t\t\t\t<\/div>\n\t\t\t\t\t<\/div>\n\t\t<\/div>\n\t\t\t\t<div data-aos=\"\" class=\"elementor-column elementor-col-50 elementor-top-column elementor-element elementor-element-bc4d4c0 syd-sticky-section-no\" data-id=\"bc4d4c0\" data-element_type=\"column\" data-settings=\"{&quot;tp_sticky_col_effect_enable&quot;:false}\">\n\t\t\t<div class=\"elementor-widget-wrap elementor-element-populated\">\n\t\t\t\t\t\t<div class=\"elementor-element elementor-element-48dd569 syd-sticky-section-no elementor-widget elementor-widget-image\" data-id=\"48dd569\" data-element_type=\"widget\" data-widget_type=\"image.default\">\n\t\t\t\t<div class=\"elementor-widget-container\">\n\t\t\t\t\t\t\t\t\t<\/div>\n\t\t\t\t<\/div>\n\t\t\t\t\t<\/div>\n\t\t<\/div>\n\t\t\t\t\t<\/div>\n\t\t<\/section>\n\t\t<div class=\"elementor-element elementor-element-0260b06 e-flex e-con-boxed syd-sticky-section-no e-con e-parent\" data-id=\"0260b06\" data-element_type=\"container\">\n\t\t\t\t\t<div class=\"e-con-inner\">\n\t\t\t\t<div class=\"elementor-element elementor-element-ebb047d syd-sticky-section-no elementor-widget elementor-widget-text-editor\" data-id=\"ebb047d\" data-element_type=\"widget\" data-widget_type=\"text-editor.default\">\n\t\t\t\t<div class=\"elementor-widget-container\">\n\t\t\t\t\t\t\t\t\t<p>Safir FUE sa\u00e7 ekiminde kullan\u0131lan safir b\u0131\u00e7aklar \u00e7ok ince ve keskin, bu da kafa derisinde daha k\u00fc\u00e7\u00fck ve daha hassas kesiler yap\u0131lmas\u0131na olanak tan\u0131yor. Bu sayede \u00e7evre dokulara daha az zarar veriliyor, kanama azal\u0131yor ve iyile\u015fme s\u00fcresi h\u0131zlan\u0131yor. Bu k\u00fc\u00e7\u00fck kesiler ayn\u0131 zamanda tek bir seansta daha fazla&nbsp;<a href=\"https:\/\/tr.wikipedia.org\/wiki\/Sa%C3%A7\" style=\"background-color: rgb(255, 255, 255);\">sa\u00e7<\/a>&nbsp;k\u00f6k\u00fcn\u00fcn nakledilebilece\u011fi anlam\u0131na geliyor, b\u00f6ylece&nbsp;<span style=\"font-weight: 700;\"><i>Safir FUE sa\u00e7 ekimi<\/i><\/span>&nbsp;ile daha yo\u011fun ve daha do\u011fal g\u00f6r\u00fcn\u00fcml\u00fc bir sa\u00e7 \u00e7izgisi m\u00fcmk\u00fcn oluyor.<b><br><\/b><\/p><p><b>T\u00fcrkiye Safir FUE Sa\u00e7 Ekiminde Neden Bu Kadar Pop\u00fcler?<\/b><\/p>\n<ul>\n<li><a href=\"https:\/\/tr.wikipedia.org\/wiki\/T%C3%BCrkiye\">T\u00fcrkiye<\/a>, Safir FUE sa\u00e7 ekimi de d\u00e2hil olmak \u00fczere bir\u00e7ok sa\u00e7 ekimi tekni\u011finde uzmanla\u015fm\u0131\u015f \u00e7ok say\u0131da yetenekli doktorlara sahip.<\/li>\n<li><a href=\"https:\/\/tr.wikipedia.org\/wiki\/T%C3%BCrkiye\">T\u00fcrkiye<\/a>, Safir FUE sa\u00e7 ekimi i\u00e7in \u00f6zel ara\u00e7lar ve ekipmanlar da dahil olmak \u00fczere ileri teknoloji ve ekipman kullanan bir\u00e7ok son teknoloji sa\u00e7 ekimi klini\u011fine ev sahipli\u011fi yap\u0131yor.<\/li>\n<li>T\u00fcrkiye\u2019deki sa\u00e7 ekimi prosed\u00fcrleri genellikle&nbsp;<a href=\"https:\/\/tr.wikipedia.org\/wiki\/Avrupa#:~:text=Avrupa%2C%20kuzeyde%20Arktik%20Okyanusu%2C%20bat%C4%B1da,yollar%C4%B1%20ile%20ayr%C4%B1ld%C4%B1%C4%9F%C4%B1%20kabul%20edilir.\">Avrupa<\/a>&nbsp;ve&nbsp;<a href=\"https:\/\/tr.wikipedia.org\/wiki\/Amerika_Birle%C5%9Fik_Devletleri\">Amerika Birle\u015fik Devletleri<\/a>&nbsp;de d\u00e2hil olmak \u00fczere di\u011fer bir\u00e7ok \u00fclkeye g\u00f6re daha ekonomik.<\/li>\n<li><a href=\"https:\/\/tr.wikipedia.org\/wiki\/T%C3%BCrkiye\">T\u00fcrkiye<\/a>, ziyaret edilebilecek bir\u00e7ok g\u00fczel ve tarihi mek\u00e2na sahip pop\u00fcler bir turizm merkezi ve bu da buray\u0131&nbsp;<a href=\"https:\/\/tr.wikipedia.org\/wiki\/Sa%C4%9Fl%C4%B1k_turizmi\">sa\u011fl\u0131k turizmi<\/a> i\u00e7in ideal bir yer haline getiriyor.<\/li>\n<\/ul>\n<p><b>Safir FUE sa\u00e7 ekimi i\u00e7in nereye gidebilirim?<\/b><\/p>\n<p><a href=\"https:\/\/tr.wikipedia.org\/wiki\/Sa%C4%9Fl%C4%B1k\">Sa\u011fl\u0131k<\/a>&nbsp;sekt\u00f6r\u00fcnde \u00f6nceli\u011fimiz her zaman hasta memnuniyeti ve sa\u011fl\u0131\u011f\u0131 olmu\u015ftur.&nbsp;<b>Health Agents;<\/b>&nbsp;modern teknoloji ve en son t\u0131bbi yeniliklerle donat\u0131lm\u0131\u015f bir ortamda, alan\u0131nda uzman doktorlar taraf\u0131ndan hizmet veriyor. Size en iyi hizmeti sunmak i\u00e7in her zaman yan\u0131n\u0131zday\u0131z ve ger\u00e7ekle\u015ftirdi\u011fimiz cerrahi i\u015flemlerde elde etti\u011fimiz ba\u015far\u0131larla gurur duyuyoruz. Bu nedenle&nbsp;<b>Health Agents<\/b>&nbsp;b\u00fcnyesindeki doktorlar\u0131m\u0131z, uzmanl\u0131klar\u0131 ve deneyimleri sayesinde t\u00fcm t\u0131bbi i\u015flemlerde oldu\u011fu gibi&nbsp;<b><i>Safir FUE sa\u00e7 ekimi&nbsp;<\/i><\/b>i\u015flemi i\u00e7in de s\u0131kl\u0131kla tercih ediliyor. Siz de g\u00fcvenle bizi tercih edebilirsiniz.<\/p>\t\t\t\t\t\t\t\t<\/div>\n\t\t\t\t<\/div>\n\t\t\t\t\t<\/div>\n\t\t\t\t<\/div>\n\t\t\t\t<section class=\"elementor-section elementor-top-section elementor-element elementor-element-cfed380 elementor-section-content-middle elementor-section-boxed elementor-section-height-default elementor-section-height-default tp-parallax-no syd-sticky-section-no\" data-id=\"cfed380\" data-element_type=\"section\" data-settings=\"{&quot;background_background&quot;:&quot;classic&quot;,&quot;tp_sticky_sec_effect_enable&quot;:false}\">\n\t\t\t\t\t\t<div class=\"elementor-container elementor-column-gap-default\">\n\t\t\t\t\t<div data-aos=\"\" class=\"elementor-column elementor-col-50 elementor-top-column elementor-element elementor-element-d8fac92 syd-sticky-section-no\" data-id=\"d8fac92\" data-element_type=\"column\" data-settings=\"{&quot;tp_sticky_col_effect_enable&quot;:false}\">\n\t\t\t<div class=\"elementor-widget-wrap elementor-element-populated\">\n\t\t\t\t\t\t<div class=\"elementor-element elementor-element-ea4173f syd-sticky-section-no elementor-widget elementor-widget-heading\" data-id=\"ea4173f\" data-element_type=\"widget\" data-widget_type=\"heading.default\">\n\t\t\t\t<div class=\"elementor-widget-container\">\n\t\t\t\t\t<h2 class=\"elementor-heading-title elementor-size-default\">Sorular\u0131n\u0131z m\u0131 var?<\/h2>\t\t\t\t<\/div>\n\t\t\t\t<\/div>\n\t\t\t\t\t<\/div>\n\t\t<\/div>\n\t\t\t\t<div data-aos=\"\" class=\"elementor-column elementor-col-50 elementor-top-column elementor-element elementor-element-7aa5769 syd-sticky-section-no\" data-id=\"7aa5769\" data-element_type=\"column\" data-settings=\"{&quot;tp_sticky_col_effect_enable&quot;:false}\">\n\t\t\t<div class=\"elementor-widget-wrap elementor-element-populated\">\n\t\t\t\t\t\t<div class=\"elementor-element elementor-element-9c6e3e1 elementor-align-right elementor-mobile-align-center syd-sticky-section-no elementor-widget elementor-widget-button\" data-id=\"9c6e3e1\" data-element_type=\"widget\" data-widget_type=\"button.default\">\n\t\t\t\t<div class=\"elementor-widget-container\">\n\t\t\t\t\t\t\t\t\t<div class=\"elementor-button-wrapper\">\n\t\t\t\t\t<a class=\"elementor-button elementor-button-link elementor-size-sm\" href=\"https:\/\/healthagentsturkey.com\/iletisim\/\">\n\t\t\t\t\t\t<span class=\"elementor-button-content-wrapper\">\n\t\t\t\t\t\t\t\t\t<span class=\"elementor-button-text\">Bize Ula\u015f\u0131n<\/span>\n\t\t\t\t\t<\/span>\n\t\t\t\t\t<\/a>\n\t\t\t\t<\/div>\n\t\t\t\t\t\t\t\t<\/div>\n\t\t\t\t<\/div>\n\t\t\t\t\t<\/div>\n\t\t<\/div>\n\t\t\t\t\t<\/div>\n\t\t<\/section>\n\t\t\t\t<\/div>\n\t\t","protected":false},"excerpt":{"rendered":"<p>Safir FUE Sa\u00e7 Ekimi Nedir? Safir FUE sa\u00e7 ekimi\u00a0(Folik\u00fcler \u00dcnite Ekstraksiyonu),\u00a0sa\u00e7\u00a0k\u00f6klerinin \u00e7\u0131kar\u0131lmas\u0131 i\u00e7in kesiler yapmak \u00fczere safirden yap\u0131lm\u0131\u015f \u00f6zel bir alet kullanan [&hellip;]<\/p>\n","protected":false},"author":1,"featured_media":0,"parent":1407,"menu_order":0,"comment_status":"closed","ping_status":"closed","template":"elementor_header_footer","meta":{"_eb_attr":"","footnotes":""},"class_list":["post-1426","page","type-page","status-publish","hentry"],"_links":{"self":[{"href":"https:\/\/healthagentsturkey.com\/tr\/wp-json\/wp\/v2\/pages\/1426","targetHints":{"allow":["GET"]}}],"collection":[{"href":"https:\/\/healthagentsturkey.com\/tr\/wp-json\/wp\/v2\/pages"}],"about":[{"href":"https:\/\/healthagentsturkey.com\/tr\/wp-json\/wp\/v2\/types\/page"}],"author":[{"embeddable":true,"href":"https:\/\/healthagentsturkey.com\/tr\/wp-json\/wp\/v2\/users\/1"}],"replies":[{"embeddable":true,"href":"https:\/\/healthagentsturkey.com\/tr\/wp-json\/wp\/v2\/comments?post=1426"}],"version-history":[{"count":1,"href":"https:\/\/healthagentsturkey.com\/tr\/wp-json\/wp\/v2\/pages\/1426\/revisions"}],"predecessor-version":[{"id":4804,"href":"https:\/\/healthagentsturkey.com\/tr\/wp-json\/wp\/v2\/pages\/1426\/revisions\/4804"}],"up":[{"embeddable":true,"href":"https:\/\/healthagentsturkey.com\/tr\/wp-json\/wp\/v2\/pages\/1407"}],"wp:attachment":[{"href":"https:\/\/healthagentsturkey.com\/tr\/wp-json\/wp\/v2\/media?parent=1426"}],"curies":[{"name":"wp","href":"https:\/\/api.w.org\/{rel}","templated":true}]}}