{"id":1414,"date":"2023-11-18T01:55:42","date_gmt":"2023-11-18T01:55:42","guid":{"rendered":"https:\/\/healthagentsturkey.com\/?page_id=1414"},"modified":"2026-02-25T10:31:57","modified_gmt":"2026-02-25T07:31:57","slug":"robotik-sac-ekimi","status":"publish","type":"page","link":"https:\/\/healthagentsturkey.com\/tr\/tedavi\/sac-ekimi\/robotik-sac-ekimi\/","title":{"rendered":"Robotik Sa\u00e7 Ekimi"},"content":{"rendered":"\t\t<div data-elementor-type=\"wp-page\" data-elementor-id=\"1414\" class=\"elementor elementor-1414\" data-elementor-post-type=\"page\">\n\t\t\t\t\t\t<section class=\"elementor-section elementor-top-section elementor-element elementor-element-eedafb9 elementor-section-content-middle elementor-section-boxed elementor-section-height-default elementor-section-height-default tp-parallax-no syd-sticky-section-no\" data-id=\"eedafb9\" data-element_type=\"section\" data-settings=\"{&quot;tp_sticky_sec_effect_enable&quot;:false}\">\n\t\t\t\t\t\t<div class=\"elementor-container elementor-column-gap-default\">\n\t\t\t\t\t<div data-aos=\"\" class=\"elementor-column elementor-col-50 elementor-top-column elementor-element elementor-element-571508b syd-sticky-section-no\" data-id=\"571508b\" data-element_type=\"column\" data-settings=\"{&quot;tp_sticky_col_effect_enable&quot;:false}\">\n\t\t\t<div class=\"elementor-widget-wrap elementor-element-populated\">\n\t\t\t\t\t\t<div class=\"elementor-element elementor-element-2fc2cb6 syd-sticky-section-no elementor-widget elementor-widget-heading\" data-id=\"2fc2cb6\" data-element_type=\"widget\" data-widget_type=\"heading.default\">\n\t\t\t\t<div class=\"elementor-widget-container\">\n\t\t\t\t\t<h2 class=\"elementor-heading-title elementor-size-default\">Robotik Sa\u00e7 Ekimi Nedir?<\/h2>\t\t\t\t<\/div>\n\t\t\t\t<\/div>\n\t\t\t\t<div class=\"elementor-element elementor-element-1cf0f1c syd-sticky-section-no elementor-widget elementor-widget-text-editor\" data-id=\"1cf0f1c\" data-element_type=\"widget\" data-widget_type=\"text-editor.default\">\n\t\t\t\t<div class=\"elementor-widget-container\">\n\t\t\t\t\t\t\t\t\t<p><b><i>Robotik sa\u00e7 ekimi<\/i><\/b>,\u00a0sa\u00e7 ekimi\u00a0i\u015flemini ger\u00e7ekle\u015ftirmek i\u00e7in robotik teknolojinin kullan\u0131ld\u0131\u011f\u0131 bir sa\u00e7 restorasyon y\u00f6ntemidir. Bu y\u00f6ntemde, robotik teknolojinin derideki sa\u00e7 k\u00f6klerini tespit etmesine ve transplantasyon i\u015flemi i\u00e7in gerekli olan sa\u00e7 k\u00f6klerini h\u0131zl\u0131 ve do\u011fru bir \u015fekilde toplamas\u0131na olanak tan\u0131yan \u00f6zel bir cihaz kullan\u0131l\u0131yor.<\/p><p><em><strong>Robotik sa\u00e7 ekimi\u00a0i\u015flemi<\/strong><\/em>\u00a0bir dizi kamera, sens\u00f6r ve bilgisayar program\u0131 kullan\u0131larak ger\u00e7ekle\u015ftiriliyor. Robotik cihaz, sa\u00e7 k\u00f6klerinin yerini tespit ediyor, sa\u00e7 k\u00f6klerini hasars\u0131z bir \u015fekilde topluyor ve ard\u0131ndan toplanan sa\u00e7 k\u00f6klerini transplantasyon i\u015flemi i\u00e7in kullan\u0131labilecek \u015fekilde sakl\u0131yor.\u00a0<\/p><p><span style=\"font-weight: bold;\"><i>Robotik sa\u00e7 ekimi<\/i><\/span>\u00a0manuel sa\u00e7 ekimi y\u00f6ntemlerine g\u00f6re daha h\u0131zl\u0131 ve daha do\u011fru bir \u015fekilde i\u015flem yapabilmesiyle \u00f6ne \u00e7\u0131k\u0131yor.\u00a0<\/p>\t\t\t\t\t\t\t\t<\/div>\n\t\t\t\t<\/div>\n\t\t\t\t\t<\/div>\n\t\t<\/div>\n\t\t\t\t<div data-aos=\"\" class=\"elementor-column elementor-col-50 elementor-top-column elementor-element elementor-element-bc4d4c0 syd-sticky-section-no\" data-id=\"bc4d4c0\" data-element_type=\"column\" data-settings=\"{&quot;tp_sticky_col_effect_enable&quot;:false}\">\n\t\t\t<div class=\"elementor-widget-wrap elementor-element-populated\">\n\t\t\t\t\t\t<div class=\"elementor-element elementor-element-48dd569 syd-sticky-section-no elementor-widget elementor-widget-image\" data-id=\"48dd569\" data-element_type=\"widget\" data-widget_type=\"image.default\">\n\t\t\t\t<div class=\"elementor-widget-container\">\n\t\t\t\t\t\t\t\t\t<\/div>\n\t\t\t\t<\/div>\n\t\t\t\t\t<\/div>\n\t\t<\/div>\n\t\t\t\t\t<\/div>\n\t\t<\/section>\n\t\t<div class=\"elementor-element elementor-element-0260b06 e-flex e-con-boxed syd-sticky-section-no e-con e-parent\" data-id=\"0260b06\" data-element_type=\"container\">\n\t\t\t\t\t<div class=\"e-con-inner\">\n\t\t\t\t<div class=\"elementor-element elementor-element-ebb047d syd-sticky-section-no elementor-widget elementor-widget-text-editor\" data-id=\"ebb047d\" data-element_type=\"widget\" data-widget_type=\"text-editor.default\">\n\t\t\t\t<div class=\"elementor-widget-container\">\n\t\t\t\t\t\t\t\t\t<p>\u00a0<\/p><h4><b>Robotik sa\u00e7 ekimi nas\u0131l yap\u0131l\u0131r?<\/b><\/h4><p><b><i>Sa\u00e7 ekimi<\/i><\/b>\u00a0i\u015flemi yap\u0131lacak b\u00f6lge\u00a0<b>lokal anestezi<\/b>\u00a0kullan\u0131larak uyu\u015fturulur. Daha sonra, deri \u00f6zel bir sol\u00fcsyonla temizlenir ve haz\u0131rlan\u0131r. Sa\u00e7 k\u00f6kleri,\u00a0<b>sa\u00e7 d\u00f6k\u00fclmesi<\/b>\u00a0olan veya seyrek alanlara ekilir. Bu i\u015flem robotik cihaz taraf\u0131ndan ger\u00e7ekle\u015ftirilir.\u00a0<a href=\"https:\/\/healthagentsturkey.com\/tedavi\/sac-ekimi\/\">Sa\u00e7 ekimi<\/a>\u00a0i\u015flemi tamamland\u0131ktan sonra, i\u015flem alan\u0131 birka\u00e7 g\u00fcn boyunca \u00f6zel bir bandajla kapl\u0131 kal\u0131r. Hasta, birka\u00e7 g\u00fcn i\u00e7inde normal aktivitelerine d\u00f6nebilir.<\/p><p><b>Robotik sa\u00e7 ekimi i\u015fleminin avantajlar\u0131 nelerdir?<\/b><\/p><ul><li aria-level=\"1\">Daha do\u011fal bir g\u00f6r\u00fcn\u00fcm elde edilir.<\/li><li aria-level=\"1\">K\u0131sa bir s\u00fcrede daha fazla\u00a0<b><i>sa\u00e7 k\u00f6k\u00fc<\/i><\/b>\u00a0ekilebilir.<\/li><li aria-level=\"1\">Daha az i\u015f y\u00fck\u00fc gerektirir.<\/li><li aria-level=\"1\">Daha az hasara neden olur.<\/li><li aria-level=\"1\">\u0130yile\u015fme s\u00fcresi daha k\u0131sad\u0131r.<\/li><\/ul><p><b><br \/>Robotik sa\u00e7 ekimi i\u015fleminin dezavantajlar\u0131 nelerdir?<\/b><\/p><ul><li aria-level=\"1\">Manuel sa\u00e7 ekimine g\u00f6re daha pahal\u0131d\u0131r.<\/li><li aria-level=\"1\">Uzmanl\u0131k gerektirir.<\/li><li aria-level=\"1\">Do\u011fru yap\u0131lmad\u0131\u011f\u0131nda transplantasyon ba\u015far\u0131s\u0131zl\u0131\u011f\u0131 riski mevcuttur.<\/li><li aria-level=\"1\">Robotik sa\u00e7 ekimi i\u015flemi,\u00a0<b><i>manuel sa\u00e7 ekimine<\/i><\/b>\u00a0g\u00f6re daha uzun s\u00fcrebilir.<\/li><\/ul><p><b><br \/>Robotik sa\u00e7 ekimi i\u00e7in nereye gidebilirim?<\/b><\/p><p>Sa\u011fl\u0131k sekt\u00f6r\u00fcnde \u00f6nceli\u011fimiz her zaman hasta memnuniyeti ve sa\u011fl\u0131\u011f\u0131 olmu\u015ftur.\u00a0<b>Health Agents<\/b>\u00a0modern teknoloji ve en son t\u0131bbi yeniliklerle donat\u0131lm\u0131\u015f bir ortamda, alan\u0131nda uzman doktorlar taraf\u0131ndan hizmet veriyor. Size en iyi hizmeti sunmak i\u00e7in her zaman yan\u0131n\u0131zday\u0131z ve ger\u00e7ekle\u015ftirdi\u011fimiz cerrahi i\u015flemlerde elde etti\u011fimiz ba\u015far\u0131larla gurur duyuyoruz. Bu nedenle\u00a0<b>Health Agents<\/b>\u00a0b\u00fcnyesindeki doktorlar\u0131m\u0131z, uzmanl\u0131klar\u0131 ve deneyimleri sayesinde t\u00fcm t\u0131bbi i\u015flemlerde oldu\u011fu gibi\u00a0<b><i>robotik sa\u00e7 ekimi<\/i><\/b>\u00a0i\u015flemleri i\u00e7in de s\u0131kl\u0131kla tercih ediliyor. Siz de g\u00fcvenle bizi tercih edebilirsiniz.<\/p>\t\t\t\t\t\t\t\t<\/div>\n\t\t\t\t<\/div>\n\t\t\t\t\t<\/div>\n\t\t\t\t<\/div>\n\t\t\t\t<section class=\"elementor-section elementor-top-section elementor-element elementor-element-cfed380 elementor-section-content-middle elementor-section-boxed elementor-section-height-default elementor-section-height-default tp-parallax-no syd-sticky-section-no\" data-id=\"cfed380\" data-element_type=\"section\" data-settings=\"{&quot;background_background&quot;:&quot;classic&quot;,&quot;tp_sticky_sec_effect_enable&quot;:false}\">\n\t\t\t\t\t\t<div class=\"elementor-container elementor-column-gap-default\">\n\t\t\t\t\t<div data-aos=\"\" class=\"elementor-column elementor-col-50 elementor-top-column elementor-element elementor-element-d8fac92 syd-sticky-section-no\" data-id=\"d8fac92\" data-element_type=\"column\" data-settings=\"{&quot;tp_sticky_col_effect_enable&quot;:false}\">\n\t\t\t<div class=\"elementor-widget-wrap elementor-element-populated\">\n\t\t\t\t\t\t<div class=\"elementor-element elementor-element-ea4173f syd-sticky-section-no elementor-widget elementor-widget-heading\" data-id=\"ea4173f\" data-element_type=\"widget\" data-widget_type=\"heading.default\">\n\t\t\t\t<div class=\"elementor-widget-container\">\n\t\t\t\t\t<h2 class=\"elementor-heading-title elementor-size-default\">Sorular\u0131n\u0131z m\u0131 var?<\/h2>\t\t\t\t<\/div>\n\t\t\t\t<\/div>\n\t\t\t\t\t<\/div>\n\t\t<\/div>\n\t\t\t\t<div data-aos=\"\" class=\"elementor-column elementor-col-50 elementor-top-column elementor-element elementor-element-7aa5769 syd-sticky-section-no\" data-id=\"7aa5769\" data-element_type=\"column\" data-settings=\"{&quot;tp_sticky_col_effect_enable&quot;:false}\">\n\t\t\t<div class=\"elementor-widget-wrap elementor-element-populated\">\n\t\t\t\t\t\t<div class=\"elementor-element elementor-element-9c6e3e1 elementor-align-right elementor-mobile-align-center syd-sticky-section-no elementor-widget elementor-widget-button\" data-id=\"9c6e3e1\" data-element_type=\"widget\" data-widget_type=\"button.default\">\n\t\t\t\t<div class=\"elementor-widget-container\">\n\t\t\t\t\t\t\t\t\t<div class=\"elementor-button-wrapper\">\n\t\t\t\t\t<a class=\"elementor-button elementor-button-link elementor-size-sm\" href=\"https:\/\/healthagentsturkey.com\/iletisim\/\">\n\t\t\t\t\t\t<span class=\"elementor-button-content-wrapper\">\n\t\t\t\t\t\t\t\t\t<span class=\"elementor-button-text\">Bize Ula\u015f\u0131n<\/span>\n\t\t\t\t\t<\/span>\n\t\t\t\t\t<\/a>\n\t\t\t\t<\/div>\n\t\t\t\t\t\t\t\t<\/div>\n\t\t\t\t<\/div>\n\t\t\t\t\t<\/div>\n\t\t<\/div>\n\t\t\t\t\t<\/div>\n\t\t<\/section>\n\t\t\t\t<\/div>\n\t\t","protected":false},"excerpt":{"rendered":"<p>Robotik Sa\u00e7 Ekimi Nedir? Robotik sa\u00e7 ekimi,\u00a0sa\u00e7 ekimi\u00a0i\u015flemini ger\u00e7ekle\u015ftirmek i\u00e7in robotik teknolojinin kullan\u0131ld\u0131\u011f\u0131 bir sa\u00e7 restorasyon y\u00f6ntemidir. Bu y\u00f6ntemde, robotik teknolojinin derideki [&hellip;]<\/p>\n","protected":false},"author":1,"featured_media":0,"parent":1407,"menu_order":0,"comment_status":"closed","ping_status":"closed","template":"elementor_header_footer","meta":{"_eb_attr":"","footnotes":""},"class_list":["post-1414","page","type-page","status-publish","hentry"],"_links":{"self":[{"href":"https:\/\/healthagentsturkey.com\/tr\/wp-json\/wp\/v2\/pages\/1414","targetHints":{"allow":["GET"]}}],"collection":[{"href":"https:\/\/healthagentsturkey.com\/tr\/wp-json\/wp\/v2\/pages"}],"about":[{"href":"https:\/\/healthagentsturkey.com\/tr\/wp-json\/wp\/v2\/types\/page"}],"author":[{"embeddable":true,"href":"https:\/\/healthagentsturkey.com\/tr\/wp-json\/wp\/v2\/users\/1"}],"replies":[{"embeddable":true,"href":"https:\/\/healthagentsturkey.com\/tr\/wp-json\/wp\/v2\/comments?post=1414"}],"version-history":[{"count":1,"href":"https:\/\/healthagentsturkey.com\/tr\/wp-json\/wp\/v2\/pages\/1414\/revisions"}],"predecessor-version":[{"id":4802,"href":"https:\/\/healthagentsturkey.com\/tr\/wp-json\/wp\/v2\/pages\/1414\/revisions\/4802"}],"up":[{"embeddable":true,"href":"https:\/\/healthagentsturkey.com\/tr\/wp-json\/wp\/v2\/pages\/1407"}],"wp:attachment":[{"href":"https:\/\/healthagentsturkey.com\/tr\/wp-json\/wp\/v2\/media?parent=1414"}],"curies":[{"name":"wp","href":"https:\/\/api.w.org\/{rel}","templated":true}]}}