{"id":1339,"date":"2023-11-16T13:59:28","date_gmt":"2023-11-16T13:59:28","guid":{"rendered":"https:\/\/healthagentsturkey.com\/?page_id=1339"},"modified":"2023-11-24T19:55:06","modified_gmt":"2023-11-24T16:55:06","slug":"biz","status":"publish","type":"page","link":"https:\/\/healthagentsturkey.com\/tr\/hakkimizda\/biz\/","title":{"rendered":"Biz Kimiz?"},"content":{"rendered":"\t\t<div data-elementor-type=\"wp-page\" data-elementor-id=\"1339\" class=\"elementor elementor-1339\" data-elementor-post-type=\"page\">\n\t\t\t\t<div class=\"elementor-element elementor-element-cd92900 e-flex e-con-boxed syd-sticky-section-no e-con e-parent\" data-id=\"cd92900\" data-element_type=\"container\">\n\t\t\t\t\t<div class=\"e-con-inner\">\n\t\t<div class=\"elementor-element elementor-element-061bc86 e-con-full e-flex syd-sticky-section-no e-con e-child\" data-id=\"061bc86\" data-element_type=\"container\">\n\t\t\t\t<div class=\"elementor-element elementor-element-11a8724 syd-sticky-section-no elementor-widget elementor-widget-heading\" data-id=\"11a8724\" data-element_type=\"widget\" data-widget_type=\"heading.default\">\n\t\t\t\t<div class=\"elementor-widget-container\">\n\t\t\t\t\t<h2 class=\"elementor-heading-title elementor-size-default\">Biz Kimiz<\/h2>\t\t\t\t<\/div>\n\t\t\t\t<\/div>\n\t\t\t\t<div class=\"elementor-element elementor-element-da00dac elementor-drop-cap-yes elementor-drop-cap-view-default syd-sticky-section-no elementor-widget elementor-widget-text-editor\" data-id=\"da00dac\" data-element_type=\"widget\" data-settings=\"{&quot;drop_cap&quot;:&quot;yes&quot;}\" data-widget_type=\"text-editor.default\">\n\t\t\t\t<div class=\"elementor-widget-container\">\n\t\t\t\t\t\t\t\t\t<p style=\"text-align: left;\">H<b>ealth Agents<\/b> ihtiya\u00e7 duyulan her t\u0131bbi bran\u015fta uzmanla\u015farak hastalar\u0131na\u00a0 kaliteli hizmetler sunan \u00f6nc\u00fc bir sa\u011fl\u0131k kurulu\u015fu. <b>Health Agents <\/b>b\u00fcnyesinde bulunan ve alan\u0131nda uzman sa\u011fl\u0131k personeli; hastalar\u0131n sa\u011fl\u0131k ve g\u00fczellik ihtiya\u00e7lar\u0131n\u0131 en \u00fcst d\u00fczeyde kar\u015f\u0131lamak i\u00e7in son teknolojik cihazlarla donat\u0131lm\u0131\u015f modern bir tesis sunuyor.<\/p><p><b>Health Agents<\/b> sa\u011fl\u0131k hizmetleri yelpazesi; ameliyats\u0131z estetik i\u015flemlerden, meme esteti\u011fi, kar\u0131n germe, burun esteti\u011fi, liposuction gibi pop\u00fcler estetik cerrahi i\u015flemlerine kadar geni\u015fliyor. Bunun yan\u0131 s\u0131ra Health Agents, metabolik cerrahi hizmetleri de sunuyor. Uzman doktorlar\u0131m\u0131z; obezite tedavisi, metabolik cerrahi ve diyabet tedavisi gibi bir\u00e7ok konuda son derece deneyimli hizmetler sunmaktad\u0131r.<\/p>\t\t\t\t\t\t\t\t<\/div>\n\t\t\t\t<\/div>\n\t\t\t\t<div class=\"elementor-element elementor-element-d0f6c3a syd-sticky-section-no elementor-widget elementor-widget-heading\" data-id=\"d0f6c3a\" data-element_type=\"widget\" data-widget_type=\"heading.default\">\n\t\t\t\t<div class=\"elementor-widget-container\">\n\t\t\t\t\t<h6 class=\"elementor-heading-title elementor-size-default\">HEALTH AGENTS<\/h6>\t\t\t\t<\/div>\n\t\t\t\t<\/div>\n\t\t\t\t<\/div>\n\t\t<div class=\"elementor-element elementor-element-41e8977 e-con-full e-flex syd-sticky-section-no e-con e-child\" data-id=\"41e8977\" data-element_type=\"container\">\n\t\t\t\t<div class=\"elementor-element elementor-element-f4b4211 syd-sticky-section-no elementor-widget elementor-widget-image\" data-id=\"f4b4211\" data-element_type=\"widget\" data-widget_type=\"image.default\">\n\t\t\t\t<div class=\"elementor-widget-container\">\n\t\t\t\t\t\t\t\t\t\t\t\t\t\t\t<img fetchpriority=\"high\" decoding=\"async\" width=\"628\" height=\"428\" src=\"https:\/\/healthagentsturkey.com\/wp-content\/uploads\/2023\/11\/Varlik-1@4x-1.png\" class=\"attachment-large size-large wp-image-764\" alt=\"\" srcset=\"https:\/\/healthagentsturkey.com\/wp-content\/uploads\/2023\/11\/Varlik-1@4x-1.png 628w, https:\/\/healthagentsturkey.com\/wp-content\/uploads\/2023\/11\/Varlik-1@4x-1-300x204.png 300w, https:\/\/healthagentsturkey.com\/wp-content\/uploads\/2023\/11\/Varlik-1@4x-1-230x157.png 230w, https:\/\/healthagentsturkey.com\/wp-content\/uploads\/2023\/11\/Varlik-1@4x-1-350x239.png 350w, https:\/\/healthagentsturkey.com\/wp-content\/uploads\/2023\/11\/Varlik-1@4x-1-480x327.png 480w\" sizes=\"(max-width: 628px) 100vw, 628px\" \/>\t\t\t\t\t\t\t\t\t\t\t\t\t\t\t<\/div>\n\t\t\t\t<\/div>\n\t\t\t\t<\/div>\n\t\t<div class=\"elementor-element elementor-element-44d51ab e-con-full e-flex syd-sticky-section-no e-con e-child\" data-id=\"44d51ab\" data-element_type=\"container\">\n\t\t\t\t<div class=\"elementor-element elementor-element-4c17323 syd-sticky-section-no elementor-widget elementor-widget-text-editor\" data-id=\"4c17323\" data-element_type=\"widget\" data-widget_type=\"text-editor.default\">\n\t\t\t\t<div class=\"elementor-widget-container\">\n\t\t\t\t\t\t\t\t\t<p>\u0130stanbul\u2019da bulunan<b> Health Agents<\/b>, hastalar\u0131na sadece en y\u00fcksek kalitede hizmet sunmakla kalm\u0131yor, ayn\u0131 zamanda hastalar\u0131n\u0131n konforu ve rahatl\u0131\u011f\u0131 i\u00e7in \u00f6zenle tasarlanm\u0131\u015f bir klinik ortam\u0131 sunuyor. <b>Health Agents<\/b>;\u00a0 hastalar\u0131na kusursuz bir hizmet sunarak, estetik ve metabolik cerrahi gibi bir\u00e7ok konuda birinci s\u0131n\u0131f bir deneyim sa\u011fl\u0131yor. <b>Health Agents<\/b> b\u00fcnyesindeki uzman sa\u011fl\u0131k kadromuz, teknolojik cihazlar ve modern tesisleri sayesinde, hastalar\u0131n g\u00fcvenini kazanmay\u0131 ba\u015far\u0131yor. Sa\u011fl\u0131k ve g\u00fczellik alan\u0131nda uzmanla\u015fm\u0131\u015f, deneyimli ve kaliteli bir hizmet ar\u0131yorsan\u0131z,<\/p><blockquote><p><b>Health Agents<\/b> tam size g\u00f6re.<\/p><\/blockquote>\t\t\t\t\t\t\t\t<\/div>\n\t\t\t\t<\/div>\n\t\t\t\t<\/div>\n\t\t\t\t\t<\/div>\n\t\t\t\t<\/div>\n\t\t\t\t<\/div>\n\t\t","protected":false},"excerpt":{"rendered":"<p>Biz Kimiz Health Agents ihtiya\u00e7 duyulan her t\u0131bbi bran\u015fta uzmanla\u015farak hastalar\u0131na\u00a0 kaliteli hizmetler sunan \u00f6nc\u00fc bir sa\u011fl\u0131k kurulu\u015fu. Health Agents b\u00fcnyesinde bulunan [&hellip;]<\/p>\n","protected":false},"author":1,"featured_media":0,"parent":401,"menu_order":0,"comment_status":"closed","ping_status":"closed","template":"page-templates\/page_front-page.php","meta":{"_eb_attr":"","footnotes":""},"class_list":["post-1339","page","type-page","status-publish","hentry"],"_links":{"self":[{"href":"https:\/\/healthagentsturkey.com\/tr\/wp-json\/wp\/v2\/pages\/1339","targetHints":{"allow":["GET"]}}],"collection":[{"href":"https:\/\/healthagentsturkey.com\/tr\/wp-json\/wp\/v2\/pages"}],"about":[{"href":"https:\/\/healthagentsturkey.com\/tr\/wp-json\/wp\/v2\/types\/page"}],"author":[{"embeddable":true,"href":"https:\/\/healthagentsturkey.com\/tr\/wp-json\/wp\/v2\/users\/1"}],"replies":[{"embeddable":true,"href":"https:\/\/healthagentsturkey.com\/tr\/wp-json\/wp\/v2\/comments?post=1339"}],"version-history":[{"count":0,"href":"https:\/\/healthagentsturkey.com\/tr\/wp-json\/wp\/v2\/pages\/1339\/revisions"}],"up":[{"embeddable":true,"href":"https:\/\/healthagentsturkey.com\/tr\/wp-json\/wp\/v2\/pages\/401"}],"wp:attachment":[{"href":"https:\/\/healthagentsturkey.com\/tr\/wp-json\/wp\/v2\/media?parent=1339"}],"curies":[{"name":"wp","href":"https:\/\/api.w.org\/{rel}","templated":true}]}}