{"id":1093,"date":"2023-11-12T16:44:20","date_gmt":"2023-11-12T16:44:20","guid":{"rendered":"https:\/\/healthagentsturkey.com\/?page_id=1093"},"modified":"2023-12-29T05:46:54","modified_gmt":"2023-12-29T02:46:54","slug":"baskandan","status":"publish","type":"page","link":"https:\/\/healthagentsturkey.com\/tr\/hakkimizda\/baskandan\/","title":{"rendered":"Ba\u015fkan\u0131n Mesaj\u0131"},"content":{"rendered":"\t\t<div data-elementor-type=\"wp-page\" data-elementor-id=\"1093\" class=\"elementor elementor-1093\" data-elementor-post-type=\"page\">\n\t\t\t\t<div class=\"elementor-element elementor-element-cd92900 e-flex e-con-boxed syd-sticky-section-no e-con e-parent\" data-id=\"cd92900\" data-element_type=\"container\">\n\t\t\t\t\t<div class=\"e-con-inner\">\n\t\t<div class=\"elementor-element elementor-element-061bc86 e-con-full e-flex syd-sticky-section-no e-con e-child\" data-id=\"061bc86\" data-element_type=\"container\">\n\t\t\t\t<div class=\"elementor-element elementor-element-11a8724 syd-sticky-section-no elementor-widget elementor-widget-heading\" data-id=\"11a8724\" data-element_type=\"widget\" data-widget_type=\"heading.default\">\n\t\t\t\t<div class=\"elementor-widget-container\">\n\t\t\t\t\t<h2 class=\"elementor-heading-title elementor-size-default\">Ba\u015fkan\u0131n Mesaj\u0131<\/h2>\t\t\t\t<\/div>\n\t\t\t\t<\/div>\n\t\t\t\t<div class=\"elementor-element elementor-element-da00dac syd-sticky-section-no elementor-widget elementor-widget-text-editor\" data-id=\"da00dac\" data-element_type=\"widget\" data-widget_type=\"text-editor.default\">\n\t\t\t\t<div class=\"elementor-widget-container\">\n\t\t\t\t\t\t\t\t\t<p><strong>D\u00fcnya Sa\u011fl\u0131k \u00d6rg\u00fct\u00fc taraf\u0131ndan 1946 y\u0131l\u0131nda yay\u0131nlanan anayasaya g\u00f6re sa\u011fl\u0131k hakk\u0131, \u0131rk, din, siyasi inan\u00e7, ekonomik ve sosyal stat\u00fc fark\u0131 g\u00f6zetmeksizin her bireyin m\u00fcmk\u00fcn olan en y\u00fcksek sa\u011fl\u0131k standard\u0131na ula\u015fmay\u0131 hedefleyen temel haklar\u0131ndan biridir.<\/strong><\/p><p>Bir N\u00f6roloji Uzman\u0131 olarak, T\u00fcrkiye&#8217;deki 20 y\u0131ll\u0131k meslek hayat\u0131m boyunca, eri\u015filebilir ve kaliteli sa\u011fl\u0131k hizmetinin her bireyin hakk\u0131 oldu\u011funa inand\u0131m ve hastalar\u0131ma bu \u00e7er\u00e7evede hizmet verdim.<br \/>Sa\u011fl\u0131k Ajanlar\u0131 olarak, d\u00fcnyan\u0131n neresinde olursa olsun, hastalar\u0131n kaliteli ve ekonomik olarak eri\u015filebilir, tan\u0131lar\u0131n\u0131n h\u0131zl\u0131 ve do\u011fru konuldu\u011fu ve gerekli tedaviyi ald\u0131klar\u0131 sa\u011fl\u0131k hizmetlerine ula\u015fmalar\u0131n\u0131 sa\u011flamay\u0131 hedefliyoruz.<\/p><p>Sa\u011fl\u0131k hizmetlerine eri\u015fimi sa\u011flarken \u0131rk, dil, din, cinsiyet ayr\u0131m\u0131 g\u00f6zetmeksizin ve temel etik de\u011ferlere uygun olarak kaliteli hizmet sunulmas\u0131n\u0131 sa\u011flamay\u0131 g\u00f6revimiz olarak kabul ediyoruz.<\/p>\t\t\t\t\t\t\t\t<\/div>\n\t\t\t\t<\/div>\n\t\t\t\t<div class=\"elementor-element elementor-element-d0f6c3a syd-sticky-section-no elementor-widget elementor-widget-heading\" data-id=\"d0f6c3a\" data-element_type=\"widget\" data-widget_type=\"heading.default\">\n\t\t\t\t<div class=\"elementor-widget-container\">\n\t\t\t\t\t<h6 class=\"elementor-heading-title elementor-size-default\">HEALTH AGENTS TURKEY<\/h6>\t\t\t\t<\/div>\n\t\t\t\t<\/div>\n\t\t\t\t<\/div>\n\t\t<div class=\"elementor-element elementor-element-41e8977 e-con-full e-flex syd-sticky-section-no e-con e-child\" data-id=\"41e8977\" data-element_type=\"container\">\n\t\t\t\t<div class=\"elementor-element elementor-element-f4b4211 syd-sticky-section-no elementor-widget elementor-widget-image\" data-id=\"f4b4211\" data-element_type=\"widget\" data-widget_type=\"image.default\">\n\t\t\t\t<div class=\"elementor-widget-container\">\n\t\t\t\t\t\t\t\t\t\t\t\t\t\t\t<img fetchpriority=\"high\" decoding=\"async\" width=\"450\" height=\"450\" src=\"https:\/\/healthagentsturkey.com\/wp-content\/uploads\/2023\/11\/binnur.png\" class=\"attachment-large size-large wp-image-1026\" alt=\"\" srcset=\"https:\/\/healthagentsturkey.com\/wp-content\/uploads\/2023\/11\/binnur.png.webp 450w, https:\/\/healthagentsturkey.com\/wp-content\/uploads\/2023\/11\/binnur-300x300.png.webp 300w, https:\/\/healthagentsturkey.com\/wp-content\/uploads\/2023\/11\/binnur-150x150.png.webp 150w, https:\/\/healthagentsturkey.com\/wp-content\/uploads\/2023\/11\/binnur-230x230.png.webp 230w, https:\/\/healthagentsturkey.com\/wp-content\/uploads\/2023\/11\/binnur-350x350.png.webp 350w\" sizes=\"(max-width: 450px) 100vw, 450px\" \/>\t\t\t\t\t\t\t\t\t\t\t\t\t\t\t<\/div>\n\t\t\t\t<\/div>\n\t\t\t\t<\/div>\n\t\t<div class=\"elementor-element elementor-element-44d51ab e-con-full e-flex syd-sticky-section-no e-con e-child\" data-id=\"44d51ab\" data-element_type=\"container\">\n\t\t\t\t<div class=\"elementor-element elementor-element-4c17323 syd-sticky-section-no elementor-widget elementor-widget-text-editor\" data-id=\"4c17323\" data-element_type=\"widget\" data-widget_type=\"text-editor.default\">\n\t\t\t\t<div class=\"elementor-widget-container\">\n\t\t\t\t\t\t\t\t\t<p>Hastalar\u0131n hizmet ald\u0131klar\u0131 sa\u011fl\u0131k kurulu\u015fundan sa\u011fl\u0131klar\u0131 hakk\u0131nda g\u00fcvenilir ve tatmin edici bilgi alma hakk\u0131n\u0131 taahh\u00fct ediyor, ayn\u0131 zamanda ki\u015fisel bilgilerinin korunmas\u0131n\u0131 garanti ediyoruz.<\/p>\n<p>\u0130\u015fbirli\u011fi yapt\u0131\u011f\u0131m\u0131z sa\u011fl\u0131k kurulu\u015flar\u0131n\u0131n bilimsel ve t\u0131bbi gereklilikleri kar\u015f\u0131lamas\u0131, nitelikli sa\u011fl\u0131k personeline, bilimsel olarak onaylanm\u0131\u015f ila\u00e7lara ve hastane ekipmanlar\u0131na sahip olmas\u0131 gerekmektedir. Sa\u011fl\u0131k Acenteleri olarak, T.C. Sa\u011fl\u0131k Bakanl\u0131\u011f\u0131 taraf\u0131ndan denetlenmi\u015f ve Sa\u011fl\u0131k Turizmi Yetki Belgesi alm\u0131\u015f sa\u011fl\u0131k kurulu\u015flar\u0131 ile \u00e7al\u0131\u015fmaktay\u0131z.<\/p>\n<p>Sa\u011fl\u0131k hakk\u0131 insani de\u011ferlerimiz aras\u0131nda en temel olan\u0131d\u0131r ve bu de\u011fere duydu\u011fumuz sayg\u0131 \u00e7er\u00e7evesinde hizmetlerimizin kalitesini s\u00fcrekli iyile\u015ftirmek ve korumak i\u00e7in geri bildirimlerinizi de\u011ferlendiriyoruz. Talepleriniz daha da iyile\u015ftirme i\u00e7in bir f\u0131rsatt\u0131r.<\/p>\n<p>Hepinize sa\u011fl\u0131kl\u0131 g\u00fcnler dilerim.<\/p>\n<p><strong>Dr. Binnur \u00d6ZKAR<\/strong><\/p>\n<p><strong style=\"text-align: var(--text-align);\">N\u00f6rolog<\/strong><\/p><p><strong style=\"text-align: var(--text-align);\">Health Agents Grup Ba\u015fkan\u0131<\/strong><br><\/p>\t\t\t\t\t\t\t\t<\/div>\n\t\t\t\t<\/div>\n\t\t\t\t<\/div>\n\t\t\t\t\t<\/div>\n\t\t\t\t<\/div>\n\t\t\t\t<\/div>\n\t\t","protected":false},"excerpt":{"rendered":"<p>Ba\u015fkan\u0131n Mesaj\u0131 D\u00fcnya Sa\u011fl\u0131k \u00d6rg\u00fct\u00fc taraf\u0131ndan 1946 y\u0131l\u0131nda yay\u0131nlanan anayasaya g\u00f6re sa\u011fl\u0131k hakk\u0131, \u0131rk, din, siyasi inan\u00e7, ekonomik ve sosyal stat\u00fc fark\u0131 [&hellip;]<\/p>\n","protected":false},"author":1,"featured_media":0,"parent":401,"menu_order":0,"comment_status":"closed","ping_status":"closed","template":"page-templates\/page_front-page.php","meta":{"_eb_attr":"","footnotes":""},"class_list":["post-1093","page","type-page","status-publish","hentry"],"_links":{"self":[{"href":"https:\/\/healthagentsturkey.com\/tr\/wp-json\/wp\/v2\/pages\/1093","targetHints":{"allow":["GET"]}}],"collection":[{"href":"https:\/\/healthagentsturkey.com\/tr\/wp-json\/wp\/v2\/pages"}],"about":[{"href":"https:\/\/healthagentsturkey.com\/tr\/wp-json\/wp\/v2\/types\/page"}],"author":[{"embeddable":true,"href":"https:\/\/healthagentsturkey.com\/tr\/wp-json\/wp\/v2\/users\/1"}],"replies":[{"embeddable":true,"href":"https:\/\/healthagentsturkey.com\/tr\/wp-json\/wp\/v2\/comments?post=1093"}],"version-history":[{"count":0,"href":"https:\/\/healthagentsturkey.com\/tr\/wp-json\/wp\/v2\/pages\/1093\/revisions"}],"up":[{"embeddable":true,"href":"https:\/\/healthagentsturkey.com\/tr\/wp-json\/wp\/v2\/pages\/401"}],"wp:attachment":[{"href":"https:\/\/healthagentsturkey.com\/tr\/wp-json\/wp\/v2\/media?parent=1093"}],"curies":[{"name":"wp","href":"https:\/\/api.w.org\/{rel}","templated":true}]}}