{"id":556,"date":"2021-11-02T08:56:58","date_gmt":"2021-11-02T08:56:58","guid":{"rendered":"https:\/\/demo.athemes.com\/sydney-main\/?page_id=556"},"modified":"2023-12-24T00:02:31","modified_gmt":"2023-12-23T21:02:31","slug":"hizmetler","status":"publish","type":"page","link":"https:\/\/healthagentsturkey.com\/ru\/hizmetler\/","title":{"rendered":"\u041d\u0410\u0428\u0418 \u0423\u0421\u041b\u0423\u0413\u0418"},"content":{"rendered":"<div data-elementor-type=\"wp-page\" data-elementor-id=\"556\" class=\"elementor elementor-556\" data-elementor-post-type=\"page\">\n\t\t\t\t<div class=\"elementor-element elementor-element-3f10615 e-flex e-con-boxed syd-sticky-section-no e-con e-parent\" data-id=\"3f10615\" data-element_type=\"container\" data-settings=\"{&quot;animation&quot;:&quot;none&quot;}\">\n\t\t\t\t\t<div class=\"e-con-inner\">\n\t\t<div class=\"elementor-element elementor-element-9ecf30a e-con-full e-flex syd-sticky-section-no e-con e-child\" data-id=\"9ecf30a\" data-element_type=\"container\">\n\t\t\t\t<div class=\"elementor-element elementor-element-fa421ff ekit-equal-height-enable syd-sticky-section-no elementor-invisible elementor-widget elementor-widget-elementskit-icon-box\" data-id=\"fa421ff\" data-element_type=\"widget\" data-settings=\"{&quot;_animation&quot;:&quot;fadeIn&quot;,&quot;_animation_delay&quot;:100}\" data-widget_type=\"elementskit-icon-box.default\">\n\t\t\t\t<div class=\"elementor-widget-container\">\n\t\t\t\t\t<div class=\"ekit-wid-con\" >        <!-- link opening -->\n                <a href=\"https:\/\/healthagentsturkey.com\/ru\/hizmetler\/tibbi\/\" class=\"ekit_global_links\">\n                <!-- end link opening -->\n\n        <div class=\"elementskit-infobox text-left text- icon-lef-right-aligin elementor-animation-  gradient-active  hover_from_left\">\n                        <div class=\"box-body\">\n                            <h3 class=\"elementskit-info-box-title\">\n                    \u041c\u0415\u0414\u0418\u0426\u0418\u041d\u0421\u041a\u0418\u0415 \u0423\u0421\u041b\u0423\u0413\u0418                <\/h3>\n                        \t\t  \t<p>\u0414\u043b\u044f \u043f\u043e\u043b\u0443\u0447\u0435\u043d\u0438\u044f \u0438\u043d\u0444\u043e\u0440\u043c\u0430\u0446\u0438\u0438 \u043e \u043d\u0430\u0448\u0438\u0445 \u043f\u0440\u043e\u0446\u0435\u0434\u0443\u0440\u0430\u0445 \u0438 \u0434\u0440\u0443\u0433\u0438\u0445...<\/p>\n                                <\/div>\n        \n        <div class=\"icon-hover\">\n            <i aria-hidden=\"true\" class=\"icon icon-medicine-1\"><\/i>        <\/div>\n\n        \n        \n                <\/div>\n                <\/a>\n        <\/div>\t\t\t\t<\/div>\n\t\t\t\t<\/div>\n\t\t\t\t<\/div>\n\t\t<div class=\"elementor-element elementor-element-94638c6 e-con-full e-flex syd-sticky-section-no e-con e-child\" data-id=\"94638c6\" data-element_type=\"container\">\n\t\t\t\t<div class=\"elementor-element elementor-element-66cdc24 ekit-equal-height-enable syd-sticky-section-no elementor-invisible elementor-widget elementor-widget-elementskit-icon-box\" data-id=\"66cdc24\" data-element_type=\"widget\" data-settings=\"{&quot;_animation&quot;:&quot;fadeIn&quot;,&quot;_animation_delay&quot;:200}\" data-widget_type=\"elementskit-icon-box.default\">\n\t\t\t\t<div class=\"elementor-widget-container\">\n\t\t\t\t\t<div class=\"ekit-wid-con\" >        <!-- link opening -->\n                <a href=\"https:\/\/healthagentsturkey.com\/ru\/hizmetler\/ulasim\/\" class=\"ekit_global_links\">\n                <!-- end link opening -->\n\n        <div class=\"elementskit-infobox text-left text- icon-lef-right-aligin elementor-animation-  gradient-active  hover_from_left\">\n                        <div class=\"box-body\">\n                            <h3 class=\"elementskit-info-box-title\">\n                    \u0422\u0420\u0410\u041d\u0421\u041f\u041e\u0420\u0422\u041d\u042b\u0415 \u0423\u0421\u041b\u0423\u0413\u0418                <\/h3>\n                        \t\t  \t<p>VIP-\u0442\u0440\u0430\u043d\u0441\u0444\u0435\u0440 \u0438\u0437 \u0430\u044d\u0440\u043e\u043f\u043e\u0440\u0442\u0430 \u0438 \u043c\u043d\u043e\u0433\u043e\u0435 \u0434\u0440\u0443\u0433\u043e\u0435...<\/p>\n                                <\/div>\n        \n        <div class=\"icon-hover\">\n            <i aria-hidden=\"true\" class=\"icon icon-van\"><\/i>        <\/div>\n\n        \n        \n                <\/div>\n                <\/a>\n        <\/div>\t\t\t\t<\/div>\n\t\t\t\t<\/div>\n\t\t\t\t<\/div>\n\t\t<div class=\"elementor-element elementor-element-04229a1 e-con-full e-flex syd-sticky-section-no e-con e-child\" data-id=\"04229a1\" data-element_type=\"container\">\n\t\t\t\t<div class=\"elementor-element elementor-element-76b182f ekit-equal-height-enable syd-sticky-section-no elementor-invisible elementor-widget elementor-widget-elementskit-icon-box\" data-id=\"76b182f\" data-element_type=\"widget\" data-settings=\"{&quot;_animation&quot;:&quot;fadeIn&quot;,&quot;_animation_delay&quot;:300}\" data-widget_type=\"elementskit-icon-box.default\">\n\t\t\t\t<div class=\"elementor-widget-container\">\n\t\t\t\t\t<div class=\"ekit-wid-con\" >        <!-- link opening -->\n                <a href=\"https:\/\/healthagentsturkey.com\/ru\/hizmetler\/konaklama\/\" class=\"ekit_global_links\">\n                <!-- end link opening -->\n\n        <div class=\"elementskit-infobox text-left text- icon-lef-right-aligin elementor-animation-  gradient-active  hover_from_left\">\n                        <div class=\"box-body\">\n                            <h3 class=\"elementskit-info-box-title\">\n                    \u0423\u0421\u041b\u0423\u0413\u0418 \u041f\u041e \u0420\u0410\u0417\u041c\u0415\u0429\u0415\u041d\u0418\u042e                <\/h3>\n                        \t\t  \t<p>\u041a\u0430\u043a \u0438 \u0432\u0435\u0441\u044c \u043f\u0440\u043e\u0446\u0435\u0441\u0441 \u043b\u0435\u0447\u0435\u043d\u0438\u044f, \u043f\u043b\u0430\u043d\u0438\u0440\u0443\u0439\u0442\u0435 \u0441\u0432\u043e\u0435 \u043f\u0440\u043e\u0436\u0438\u0432\u0430\u043d\u0438\u0435 \u0432\u043c\u0435\u0441\u0442\u0435 \u0441 \u043d\u0430\u0448\u0438\u043c\u0438 \u0441\u043f\u0435\u0446\u0438\u0430\u043b\u0438\u0441\u0442\u0430\u043c\u0438.<\/p>\n                                <\/div>\n        \n        <div class=\"icon-hover\">\n            <i aria-hidden=\"true\" class=\"material-icons md-hotel\"><\/i>        <\/div>\n\n        \n        \n                <\/div>\n                <\/a>\n        <\/div>\t\t\t\t<\/div>\n\t\t\t\t<\/div>\n\t\t\t\t<\/div>\n\t\t<div class=\"elementor-element elementor-element-9acb761 e-con-full e-flex syd-sticky-section-no e-con e-child\" data-id=\"9acb761\" data-element_type=\"container\">\n\t\t\t\t<div class=\"elementor-element elementor-element-7daddf6 ekit-equal-height-enable syd-sticky-section-no elementor-invisible elementor-widget elementor-widget-elementskit-icon-box\" data-id=\"7daddf6\" data-element_type=\"widget\" data-settings=\"{&quot;_animation&quot;:&quot;fadeIn&quot;,&quot;_animation_delay&quot;:400}\" data-widget_type=\"elementskit-icon-box.default\">\n\t\t\t\t<div class=\"elementor-widget-container\">\n\t\t\t\t\t<div class=\"ekit-wid-con\" >        <!-- link opening -->\n                <a href=\"https:\/\/healthagentsturkey.com\/ru\/hizmetler\/bakim\/\" class=\"ekit_global_links\">\n                <!-- end link opening -->\n\n        <div class=\"elementskit-infobox text-left text- icon-lef-right-aligin elementor-animation-  gradient-active  hover_from_left\">\n                        <div class=\"box-body\">\n                            <h3 class=\"elementskit-info-box-title\">\n                    \u0422\u0415\u0425\u041d\u0418\u0427\u0415\u0421\u041a\u041e\u0415 \u041e\u0411\u0421\u041b\u0423\u0416\u0418\u0412\u0410\u041d\u0418\u0415                <\/h3>\n                        \t\t  \t<p>\u0414\u043b\u044f \u043f\u043e\u043b\u0443\u0447\u0435\u043d\u0438\u044f \u0438\u043d\u0444\u043e\u0440\u043c\u0430\u0446\u0438\u0438 \u043e \u043d\u0430\u0448\u0438\u0445 \u0443\u0441\u043b\u0443\u0433\u0430\u0445 \u043f\u043e \u0443\u0445\u043e\u0434\u0443 \u0438 \u043f\u043e\u0434\u0434\u0435\u0440\u0436\u043a\u0435, \u043d\u0435\u043e\u0431\u0445\u043e\u0434\u0438\u043c\u044b\u0445 \u0432\u0430\u043c \u0432 \u0431\u043e\u043b\u044c\u043d\u0438\u0446\u0435...<\/p>\n                                <\/div>\n        \n        <div class=\"icon-hover\">\n            <i aria-hidden=\"true\" class=\"icon icon-leaf\"><\/i>        <\/div>\n\n        \n        \n                <\/div>\n                <\/a>\n        <\/div>\t\t\t\t<\/div>\n\t\t\t\t<\/div>\n\t\t\t\t<\/div>\n\t\t<div class=\"elementor-element elementor-element-ec1dd0e e-con-full e-flex syd-sticky-section-no e-con e-child\" data-id=\"ec1dd0e\" data-element_type=\"container\">\n\t\t\t\t<div class=\"elementor-element elementor-element-ae82fb7 ekit-equal-height-enable syd-sticky-section-no elementor-invisible elementor-widget elementor-widget-elementskit-icon-box\" data-id=\"ae82fb7\" data-element_type=\"widget\" data-settings=\"{&quot;_animation&quot;:&quot;fadeIn&quot;,&quot;_animation_delay&quot;:500}\" data-widget_type=\"elementskit-icon-box.default\">\n\t\t\t\t<div class=\"elementor-widget-container\">\n\t\t\t\t\t<div class=\"ekit-wid-con\" >        <!-- link opening -->\n                <a href=\"https:\/\/healthagentsturkey.com\/ru\/hizmetler\/tibbi\/\" class=\"ekit_global_links\">\n                <!-- end link opening -->\n\n        <div class=\"elementskit-infobox text-left text- icon-lef-right-aligin elementor-animation-  gradient-active  hover_from_left\">\n                        <div class=\"box-body\">\n                            <h3 class=\"elementskit-info-box-title\">\n                    \u041a\u041e\u041d\u0421\u0410\u041b\u0422\u0418\u041d\u0413                <\/h3>\n                        \t\t  \t<p>\u041d\u0430\u0448\u0438 \u0441\u043f\u0435\u0446\u0438\u0430\u043b\u0438\u0441\u0442\u044b \u043e\u0442\u0432\u0435\u0442\u044f\u0442 \u043d\u0430 \u0432\u0441\u0435 \u0432\u0430\u0448\u0438 \u0432\u043e\u043f\u0440\u043e\u0441\u044b \u043e \u043c\u0435\u0434\u0438\u0446\u0438\u043d\u0441\u043a\u043e\u043c \u0442\u0443\u0440\u0438\u0437\u043c\u0435 \u0438 \u043b\u0435\u0447\u0435\u043d\u0438\u0438.<\/p>\n                                <\/div>\n        \n        <div class=\"icon-hover\">\n            <i aria-hidden=\"true\" class=\"icon icon-information\"><\/i>        <\/div>\n\n        \n        \n                <\/div>\n                <\/a>\n        <\/div>\t\t\t\t<\/div>\n\t\t\t\t<\/div>\n\t\t\t\t<\/div>\n\t\t<div class=\"elementor-element elementor-element-40da546 e-con-full e-flex syd-sticky-section-no e-con e-child\" data-id=\"40da546\" data-element_type=\"container\">\n\t\t\t\t<div class=\"elementor-element elementor-element-4e7c864 ekit-equal-height-enable syd-sticky-section-no elementor-invisible elementor-widget elementor-widget-elementskit-icon-box\" data-id=\"4e7c864\" data-element_type=\"widget\" data-settings=\"{&quot;_animation&quot;:&quot;fadeIn&quot;,&quot;_animation_delay&quot;:600}\" data-widget_type=\"elementskit-icon-box.default\">\n\t\t\t\t<div class=\"elementor-widget-container\">\n\t\t\t\t\t<div class=\"ekit-wid-con\" >        <!-- link opening -->\n                <a href=\"https:\/\/healthagentsturkey.com\/ru\/hizmetler\/tibbi\/\" class=\"ekit_global_links\">\n                <!-- end link opening -->\n\n        <div class=\"elementskit-infobox text-left text- icon-lef-right-aligin elementor-animation-  gradient-active  hover_from_left\">\n                        <div class=\"box-body\">\n                            <h3 class=\"elementskit-info-box-title\">\n                    \u041e\u041d\u041b\u0410\u0419\u041d-\u0423\u0421\u041b\u0423\u0413\u0418                <\/h3>\n                        \t\t  \t<p>\u041e\u043d\u043b\u0430\u0439\u043d-\u043e\u0431\u0441\u043b\u0435\u0434\u043e\u0432\u0430\u043d\u0438\u0435 \u0438 \u043a\u043e\u043d\u0441\u0443\u043b\u044c\u0442\u0430\u0446\u0438\u0438 \u0441 \u043d\u0430\u0448\u0438\u043c\u0438 \u0441\u043f\u0435\u0446\u0438\u0430\u043b\u0438\u0441\u0442\u0430\u043c\u0438...<\/p>\n                                <\/div>\n        \n        <div class=\"icon-hover\">\n            <i aria-hidden=\"true\" class=\"icon icon-internet\"><\/i>        <\/div>\n\n        \n        \n                <\/div>\n                <\/a>\n        <\/div>\t\t\t\t<\/div>\n\t\t\t\t<\/div>\n\t\t\t\t<\/div>\n\t\t\t\t\t<\/div>\n\t\t\t\t<\/div>\n\t\t\t\t<\/div>","protected":false},"excerpt":{"rendered":"<p>TIBB\u0130 H\u0130ZMETLER Tedavilerimiz ve daha fazlas\u0131 hakk\u0131nda bilgi i\u00e7in&#8230; ULA\u015eIM H\u0130ZMETLER\u0130 VIP havaalan\u0131 transfer ve daha fazlas\u0131&#8230; KONAKLAMA H\u0130ZMETLER\u0130 Tedavi s\u00fcrecinizin tamam\u0131 [&hellip;]<\/p>","protected":false},"author":1,"featured_media":0,"parent":0,"menu_order":0,"comment_status":"closed","ping_status":"closed","template":"page-templates\/page_front-page.php","meta":{"_eb_attr":"","footnotes":""},"class_list":["post-556","page","type-page","status-publish","hentry"],"_links":{"self":[{"href":"https:\/\/healthagentsturkey.com\/ru\/wp-json\/wp\/v2\/pages\/556","targetHints":{"allow":["GET"]}}],"collection":[{"href":"https:\/\/healthagentsturkey.com\/ru\/wp-json\/wp\/v2\/pages"}],"about":[{"href":"https:\/\/healthagentsturkey.com\/ru\/wp-json\/wp\/v2\/types\/page"}],"author":[{"embeddable":true,"href":"https:\/\/healthagentsturkey.com\/ru\/wp-json\/wp\/v2\/users\/1"}],"replies":[{"embeddable":true,"href":"https:\/\/healthagentsturkey.com\/ru\/wp-json\/wp\/v2\/comments?post=556"}],"version-history":[{"count":0,"href":"https:\/\/healthagentsturkey.com\/ru\/wp-json\/wp\/v2\/pages\/556\/revisions"}],"wp:attachment":[{"href":"https:\/\/healthagentsturkey.com\/ru\/wp-json\/wp\/v2\/media?parent=556"}],"curies":[{"name":"wp","href":"https:\/\/api.w.org\/{rel}","templated":true}]}}