{"id":3023,"date":"2023-12-06T20:52:22","date_gmt":"2023-12-06T17:52:22","guid":{"rendered":"https:\/\/healthagentsturkey.com\/?page_id=3023"},"modified":"2026-02-25T10:31:56","modified_gmt":"2026-02-25T07:31:56","slug":"obezite","status":"publish","type":"page","link":"https:\/\/healthagentsturkey.com\/ru\/tedavi\/obezite\/","title":{"rendered":"\u0425\u0438\u0440\u0443\u0440\u0433\u0438\u044f \u043e\u0436\u0438\u0440\u0435\u043d\u0438\u044f"},"content":{"rendered":"<div data-elementor-type=\"wp-page\" data-elementor-id=\"3023\" class=\"elementor elementor-3023\" data-elementor-post-type=\"page\">\n\t\t\t\t\t\t<section class=\"elementor-section elementor-top-section elementor-element elementor-element-eedafb9 elementor-section-content-middle elementor-section-boxed elementor-section-height-default elementor-section-height-default tp-parallax-no syd-sticky-section-no\" data-id=\"eedafb9\" data-element_type=\"section\" data-settings=\"{&quot;tp_sticky_sec_effect_enable&quot;:false}\">\n\t\t\t\t\t\t<div class=\"elementor-container elementor-column-gap-default\">\n\t\t\t\t\t<div data-aos=\"\" class=\"elementor-column elementor-col-50 elementor-top-column elementor-element elementor-element-571508b syd-sticky-section-no\" data-id=\"571508b\" data-element_type=\"column\" data-settings=\"{&quot;tp_sticky_col_effect_enable&quot;:false}\">\n\t\t\t<div class=\"elementor-widget-wrap elementor-element-populated\">\n\t\t\t\t\t\t<div class=\"elementor-element elementor-element-2fc2cb6 syd-sticky-section-no elementor-widget elementor-widget-heading\" data-id=\"2fc2cb6\" data-element_type=\"widget\" data-widget_type=\"heading.default\">\n\t\t\t\t<div class=\"elementor-widget-container\">\n\t\t\t\t\t<h2 class=\"elementor-heading-title elementor-size-default\">\u0425\u0438\u0440\u0443\u0440\u0433\u0438\u044f \u043e\u0436\u0438\u0440\u0435\u043d\u0438\u044f<\/h2>\t\t\t\t<\/div>\n\t\t\t\t<\/div>\n\t\t\t\t<div class=\"elementor-element elementor-element-cc5cdb2 syd-sticky-section-no elementor-widget elementor-widget-heading\" data-id=\"cc5cdb2\" data-element_type=\"widget\" data-widget_type=\"heading.default\">\n\t\t\t\t<div class=\"elementor-widget-container\">\n\t\t\t\t\t<h6 class=\"elementor-heading-title elementor-size-default\">\u0421\u0434\u0435\u043b\u0430\u0439\u0442\u0435 \u0448\u0430\u0433 \u043a \u0437\u0434\u043e\u0440\u043e\u0432\u043e\u0439 \u0436\u0438\u0437\u043d\u0438 \u0431\u043b\u0430\u0433\u043e\u0434\u0430\u0440\u044f \u043d\u0430\u0448\u0435\u043c\u0443 \u043e\u043f\u044b\u0442\u0443<\/h6>\t\t\t\t<\/div>\n\t\t\t\t<\/div>\n\t\t\t\t<div class=\"elementor-element elementor-element-1cf0f1c syd-sticky-section-no elementor-widget elementor-widget-text-editor\" data-id=\"1cf0f1c\" data-element_type=\"widget\" data-widget_type=\"text-editor.default\">\n\t\t\t\t<div class=\"elementor-widget-container\">\n\t\t\t\t\t\t\t\t\t<p><strong>\u041c\u0435\u0434\u0438\u0446\u0438\u043d\u0441\u043a\u0438\u0435 \u0430\u0433\u0435\u043d\u0442\u044b \u0422\u0443\u0440\u0446\u0438\u044f <\/strong>\u043a\u0430\u043a, <strong>\u0431\u0430\u0440\u0438\u0430\u0442\u0440\u0438\u0447\u0435\u0441\u043a\u0430\u044f \u0445\u0438\u0440\u0443\u0440\u0433\u0438\u044f<\/strong> \u043e\u0442\u043a\u0440\u044b\u0432\u0430\u0435\u0442 \u0434\u043b\u044f \u0432\u0430\u0441 \u0434\u0432\u0435\u0440\u0438 \u0437\u0434\u043e\u0440\u043e\u0432\u043e\u0439 \u0436\u0438\u0437\u043d\u0438 \u0431\u043b\u0430\u0433\u043e\u0434\u0430\u0440\u044f \u0441\u0432\u043e\u0435\u043c\u0443 \u043e\u043f\u044b\u0442\u0443. <strong>\u041e\u0436\u0438\u0440\u0435\u043d\u0438\u0435<\/strong>\u042d\u0442\u043e \u043c\u043e\u0436\u0435\u0442 \u043f\u0440\u0438\u0432\u0435\u0441\u0442\u0438 \u043a \u0440\u044f\u0434\u0443 \u043f\u0440\u043e\u0431\u043b\u0435\u043c \u0441\u043e \u0437\u0434\u043e\u0440\u043e\u0432\u044c\u0435\u043c \u0438 \u043d\u0435\u0433\u0430\u0442\u0438\u0432\u043d\u043e \u043f\u043e\u0432\u043b\u0438\u044f\u0442\u044c \u043d\u0430 \u043a\u0430\u0447\u0435\u0441\u0442\u0432\u043e \u0436\u0438\u0437\u043d\u0438. \u041d\u043e \u043d\u0435 \u0432\u043e\u043b\u043d\u0443\u0439\u0442\u0435\u0441\u044c, \u0432\u0435\u0434\u044c \u043d\u0430\u0448\u0438 \u043e\u043f\u044b\u0442\u043d\u044b\u0435 \u0445\u0438\u0440\u0443\u0440\u0433\u0438, \u0440\u0430\u0437\u0440\u0430\u0431\u043e\u0442\u0430\u0432 \u0438\u043d\u0434\u0438\u0432\u0438\u0434\u0443\u0430\u043b\u044c\u043d\u044b\u0439 \u043f\u043b\u0430\u043d \u043b\u0435\u0447\u0435\u043d\u0438\u044f <strong>\u043e\u0436\u0438\u0440\u0435\u043d\u0438\u0435<\/strong> \u043f\u043e\u043c\u043e\u0436\u0435\u0442 \u0432\u0430\u043c \u044d\u0444\u0444\u0435\u043a\u0442\u0438\u0432\u043d\u043e \u0431\u043e\u0440\u043e\u0442\u044c\u0441\u044f \u0441 \u043f\u0440\u043e\u0431\u043b\u0435\u043c\u043e\u0439.<\/p><p><strong>\u0425\u0438\u0440\u0443\u0440\u0433\u0438\u044f \u043e\u0436\u0438\u0440\u0435\u043d\u0438\u044f<\/strong>\u041f\u0440\u043e\u0446\u0435\u0434\u0443\u0440\u0430 \u0432\u043a\u043b\u044e\u0447\u0430\u0435\u0442 \u0432 \u0441\u0435\u0431\u044f \u0440\u044f\u0434 \u0445\u0438\u0440\u0443\u0440\u0433\u0438\u0447\u0435\u0441\u043a\u0438\u0445 \u0432\u043c\u0435\u0448\u0430\u0442\u0435\u043b\u044c\u0441\u0442\u0432, \u043d\u0430\u043f\u0440\u0430\u0432\u043b\u0435\u043d\u043d\u044b\u0445 \u043d\u0430 \u0441\u043d\u0438\u0436\u0435\u043d\u0438\u0435 \u0432\u0435\u0441\u0430, \u0438 \u044d\u0442\u0438 \u043f\u0440\u043e\u0446\u0435\u0434\u0443\u0440\u044b \u0438\u0433\u0440\u0430\u044e\u0442 \u0432\u0430\u0436\u043d\u0443\u044e \u0440\u043e\u043b\u044c \u0432 \u043e\u0431\u0435\u0441\u043f\u0435\u0447\u0435\u043d\u0438\u0438 \u0432\u0430\u043c \u0431\u043e\u043b\u0435\u0435 \u0437\u0434\u043e\u0440\u043e\u0432\u043e\u0439 \u0436\u0438\u0437\u043d\u0438. <strong>\u0410\u0433\u0435\u043d\u0442\u0441\u0442\u0432\u043e \u043e\u0437\u0434\u043e\u0440\u043e\u0432\u0438\u0442\u0435\u043b\u044c\u043d\u043e\u0433\u043e \u0442\u0443\u0440\u0438\u0437\u043c\u0430<\/strong>\u0431\u0443\u0434\u0435\u0442 \u0440\u0430\u0434\u0430 \u0441\u043e\u0442\u0440\u0443\u0434\u043d\u0438\u0447\u0430\u0442\u044c \u0441 \u043e\u043f\u044b\u0442\u043d\u043e\u0439 \u043a\u043e\u043c\u0430\u043d\u0434\u043e\u0439, \u0447\u0442\u043e\u0431\u044b \u043f\u043e\u043c\u043e\u0447\u044c \u0432\u0430\u043c \u043e\u043f\u0440\u0435\u0434\u0435\u043b\u0438\u0442\u044c \u043d\u0430\u0438\u0431\u043e\u043b\u0435\u0435 \u043f\u043e\u0434\u0445\u043e\u0434\u044f\u0449\u0438\u0435 \u0434\u043b\u044f \u0432\u0430\u0441 \u0432\u0430\u0440\u0438\u0430\u043d\u0442\u044b \u0431\u0430\u0440\u0438\u0430\u0442\u0440\u0438\u0447\u0435\u0441\u043a\u043e\u0439 \u0445\u0438\u0440\u0443\u0440\u0433\u0438\u0438.<\/p><p>\u0417\u0434\u043e\u0440\u043e\u0432\u044c\u0435 \u0438 \u0441\u0447\u0430\u0441\u0442\u044c\u0435 - \u043d\u0430\u0448\u0438 \u043f\u0440\u0438\u043e\u0440\u0438\u0442\u0435\u0442\u044b. \u0411\u043b\u0430\u0433\u043e\u0434\u0430\u0440\u044f \u043d\u0430\u0448\u0435\u043c\u0443 \u043e\u043f\u044b\u0442\u0443 \u0432 \u043e\u0431\u043b\u0430\u0441\u0442\u0438 \u0431\u0430\u0440\u0438\u0430\u0442\u0440\u0438\u0447\u0435\u0441\u043a\u043e\u0439 \u0445\u0438\u0440\u0443\u0440\u0433\u0438\u0438 \u0438 \u0438\u043d\u0434\u0438\u0432\u0438\u0434\u0443\u0430\u043b\u044c\u043d\u043e\u043c\u0443 \u043f\u043e\u0434\u0445\u043e\u0434\u0443 \u043c\u044b \u0441\u0447\u0438\u0442\u0430\u0435\u043c \u0437\u0430 \u0447\u0435\u0441\u0442\u044c \u043f\u043e\u043c\u043e\u0447\u044c \u0432\u0430\u043c \u0441\u0434\u0435\u043b\u0430\u0442\u044c \u0448\u0430\u0433 \u043a \u0437\u0434\u043e\u0440\u043e\u0432\u043e\u0439 \u0436\u0438\u0437\u043d\u0438.<\/p>\t\t\t\t\t\t\t\t<\/div>\n\t\t\t\t<\/div>\n\t\t\t\t\t<\/div>\n\t\t<\/div>\n\t\t\t\t<div data-aos=\"\" class=\"elementor-column elementor-col-50 elementor-top-column elementor-element elementor-element-bc4d4c0 syd-sticky-section-no\" data-id=\"bc4d4c0\" data-element_type=\"column\" data-settings=\"{&quot;tp_sticky_col_effect_enable&quot;:false}\">\n\t\t\t<div class=\"elementor-widget-wrap elementor-element-populated\">\n\t\t\t\t\t\t<div class=\"elementor-element elementor-element-48dd569 syd-sticky-section-no elementor-widget elementor-widget-image\" data-id=\"48dd569\" data-element_type=\"widget\" data-widget_type=\"image.default\">\n\t\t\t\t<div class=\"elementor-widget-container\">\n\t\t\t\t\t\t\t\t\t<\/div>\n\t\t\t\t<\/div>\n\t\t\t\t\t<\/div>\n\t\t<\/div>\n\t\t\t\t\t<\/div>\n\t\t<\/section>\n\t\t\t\t<\/div>","protected":false},"excerpt":{"rendered":"<p>Obezite Cerrahisi Sa\u011fl\u0131kl\u0131 Bir Hayata Uzmanl\u0131\u011f\u0131m\u0131z ile Ad\u0131m At\u0131n Health Agents Turkey olarak, obezite cerrahisi konusundaki uzmanl\u0131\u011f\u0131 ile size sa\u011fl\u0131kl\u0131 bir ya\u015fam\u0131n [&hellip;]<\/p>","protected":false},"author":1,"featured_media":0,"parent":899,"menu_order":0,"comment_status":"closed","ping_status":"closed","template":"elementor_header_footer","meta":{"_eb_attr":"","footnotes":""},"class_list":["post-3023","page","type-page","status-publish","hentry"],"_links":{"self":[{"href":"https:\/\/healthagentsturkey.com\/ru\/wp-json\/wp\/v2\/pages\/3023","targetHints":{"allow":["GET"]}}],"collection":[{"href":"https:\/\/healthagentsturkey.com\/ru\/wp-json\/wp\/v2\/pages"}],"about":[{"href":"https:\/\/healthagentsturkey.com\/ru\/wp-json\/wp\/v2\/types\/page"}],"author":[{"embeddable":true,"href":"https:\/\/healthagentsturkey.com\/ru\/wp-json\/wp\/v2\/users\/1"}],"replies":[{"embeddable":true,"href":"https:\/\/healthagentsturkey.com\/ru\/wp-json\/wp\/v2\/comments?post=3023"}],"version-history":[{"count":1,"href":"https:\/\/healthagentsturkey.com\/ru\/wp-json\/wp\/v2\/pages\/3023\/revisions"}],"predecessor-version":[{"id":4793,"href":"https:\/\/healthagentsturkey.com\/ru\/wp-json\/wp\/v2\/pages\/3023\/revisions\/4793"}],"up":[{"embeddable":true,"href":"https:\/\/healthagentsturkey.com\/ru\/wp-json\/wp\/v2\/pages\/899"}],"wp:attachment":[{"href":"https:\/\/healthagentsturkey.com\/ru\/wp-json\/wp\/v2\/media?parent=3023"}],"curies":[{"name":"wp","href":"https:\/\/api.w.org\/{rel}","templated":true}]}}