{"id":2968,"date":"2023-12-02T19:05:42","date_gmt":"2023-12-02T16:05:42","guid":{"rendered":"https:\/\/healthagentsturkey.com\/?page_id=2968"},"modified":"2026-02-25T10:31:58","modified_gmt":"2026-02-25T07:31:58","slug":"labioplasti","status":"publish","type":"page","link":"https:\/\/healthagentsturkey.com\/ru\/tedavi\/uroloji\/labioplasti\/","title":{"rendered":"\u041b\u0430\u0431\u0438\u043e\u043f\u043b\u0430\u0441\u0442\u0438\u043a\u0430"},"content":{"rendered":"<div data-elementor-type=\"wp-page\" data-elementor-id=\"2968\" class=\"elementor elementor-2968\" data-elementor-post-type=\"page\">\n\t\t\t\t\t\t<section class=\"elementor-section elementor-top-section elementor-element elementor-element-eedafb9 elementor-section-content-middle elementor-section-boxed elementor-section-height-default elementor-section-height-default tp-parallax-no syd-sticky-section-no\" data-id=\"eedafb9\" data-element_type=\"section\" data-settings=\"{&quot;tp_sticky_sec_effect_enable&quot;:false}\">\n\t\t\t\t\t\t<div class=\"elementor-container elementor-column-gap-default\">\n\t\t\t\t\t<div data-aos=\"\" class=\"elementor-column elementor-col-50 elementor-top-column elementor-element elementor-element-571508b syd-sticky-section-no\" data-id=\"571508b\" data-element_type=\"column\" data-settings=\"{&quot;tp_sticky_col_effect_enable&quot;:false}\">\n\t\t\t<div class=\"elementor-widget-wrap elementor-element-populated\">\n\t\t\t\t\t\t<div class=\"elementor-element elementor-element-2fc2cb6 syd-sticky-section-no elementor-widget elementor-widget-heading\" data-id=\"2fc2cb6\" data-element_type=\"widget\" data-widget_type=\"heading.default\">\n\t\t\t\t<div class=\"elementor-widget-container\">\n\t\t\t\t\t<h2 class=\"elementor-heading-title elementor-size-default\">\u041b\u0430\u0431\u0438\u043e\u043f\u043b\u0430\u0441\u0442\u0438\u043a\u0430\n<\/h2>\t\t\t\t<\/div>\n\t\t\t\t<\/div>\n\t\t\t\t<div class=\"elementor-element elementor-element-cc5cdb2 syd-sticky-section-no elementor-widget elementor-widget-heading\" data-id=\"cc5cdb2\" data-element_type=\"widget\" data-widget_type=\"heading.default\">\n\t\t\t\t<div class=\"elementor-widget-container\">\n\t\t\t\t\t<h6 class=\"elementor-heading-title elementor-size-default\">\u041c\u0438\u043d\u043e\u0440\u0430 \u0438 \u041c\u0430\u0439\u043e\u0440\u0430<\/h6>\t\t\t\t<\/div>\n\t\t\t\t<\/div>\n\t\t\t\t<div class=\"elementor-element elementor-element-1cf0f1c syd-sticky-section-no elementor-widget elementor-widget-text-editor\" data-id=\"1cf0f1c\" data-element_type=\"widget\" data-widget_type=\"text-editor.default\">\n\t\t\t\t<div class=\"elementor-widget-container\">\n\t\t\t\t\t\t\t\t\t<p>\u041b\u0430\u0431\u0438\u0430\u043f\u043b\u0430\u0441\u0442\u0438\u043a\u0430 - \u044d\u0442\u043e \u044d\u0441\u0442\u0435\u0442\u0438\u0447\u0435\u0441\u043a\u0430\u044f \u0438 \u0444\u0443\u043d\u043a\u0446\u0438\u043e\u043d\u0430\u043b\u044c\u043d\u0430\u044f \u0445\u0438\u0440\u0443\u0440\u0433\u0438\u0447\u0435\u0441\u043a\u0430\u044f \u043f\u0440\u043e\u0446\u0435\u0434\u0443\u0440\u0430, \u043a\u043e\u0442\u043e\u0440\u0430\u044f \u043f\u0440\u043e\u0432\u043e\u0434\u0438\u0442\u0441\u044f \u0434\u043b\u044f \u0443\u043b\u0443\u0447\u0448\u0435\u043d\u0438\u044f \u044d\u0441\u0442\u0435\u0442\u0438\u0447\u0435\u0441\u043a\u043e\u0433\u043e \u0432\u0438\u0434\u0430 \u043e\u0431\u043b\u0430\u0441\u0442\u0438 \u0433\u0435\u043d\u0438\u0442\u0430\u043b\u0438\u0439. \u041d\u0430\u0448\u0438 \u043e\u043f\u044b\u0442\u043d\u044b\u0435 \u043f\u043b\u0430\u0441\u0442\u0438\u0447\u0435\u0441\u043a\u0438\u0435 \u0445\u0438\u0440\u0443\u0440\u0433\u0438 \u0441\u0442\u0440\u0435\u043c\u044f\u0442\u0441\u044f \u0434\u043e\u0441\u0442\u0438\u0447\u044c \u044d\u0441\u0442\u0435\u0442\u0438\u0447\u043d\u044b\u0445 \u0438 \u0435\u0441\u0442\u0435\u0441\u0442\u0432\u0435\u043d\u043d\u044b\u0445 \u0440\u0435\u0437\u0443\u043b\u044c\u0442\u0430\u0442\u043e\u0432 \u0441 \u043f\u043e\u043c\u043e\u0449\u044c\u044e \u043f\u0440\u043e\u0446\u0435\u0434\u0443\u0440 \u043b\u0430\u0431\u0438\u0430\u043f\u043b\u0430\u0441\u0442\u0438\u043a\u0438, \u0440\u0430\u0437\u0440\u0430\u0431\u043e\u0442\u0430\u043d\u043d\u044b\u0445 \u0432 \u0441\u043e\u043e\u0442\u0432\u0435\u0442\u0441\u0442\u0432\u0438\u0438 \u0441 \u0432\u0430\u0448\u0438\u043c\u0438 \u043b\u0438\u0447\u043d\u044b\u043c\u0438 \u043e\u0436\u0438\u0434\u0430\u043d\u0438\u044f\u043c\u0438. \u0421 \u043f\u043e\u043c\u043e\u0449\u044c\u044e \u044d\u0442\u043e\u0439 \u0441\u043f\u0435\u0446\u0438\u0430\u043b\u044c\u043d\u043e\u0439 \u0443\u0441\u043b\u0443\u0433\u0438 \u043c\u044b \u0441\u0442\u0440\u0435\u043c\u0438\u043c\u0441\u044f \u043e\u0431\u0435\u0441\u043f\u0435\u0447\u0438\u0442\u044c \u043d\u0430\u0448\u0438\u043c \u043f\u0430\u0446\u0438\u0435\u043d\u0442\u0430\u043c \u043a\u043e\u043c\u0444\u043e\u0440\u0442 \u0438 \u0443\u0432\u0435\u0440\u0435\u043d\u043d\u043e\u0441\u0442\u044c \u0432 \u0441\u0435\u0431\u0435.<\/p>\t\t\t\t\t\t\t\t<\/div>\n\t\t\t\t<\/div>\n\t\t\t\t\t<\/div>\n\t\t<\/div>\n\t\t\t\t<div data-aos=\"\" class=\"elementor-column elementor-col-50 elementor-top-column elementor-element elementor-element-bc4d4c0 syd-sticky-section-no\" data-id=\"bc4d4c0\" data-element_type=\"column\" data-settings=\"{&quot;tp_sticky_col_effect_enable&quot;:false}\">\n\t\t\t<div class=\"elementor-widget-wrap elementor-element-populated\">\n\t\t\t\t\t\t<div class=\"elementor-element elementor-element-48dd569 syd-sticky-section-no elementor-widget elementor-widget-image\" data-id=\"48dd569\" data-element_type=\"widget\" data-widget_type=\"image.default\">\n\t\t\t\t<div class=\"elementor-widget-container\">\n\t\t\t\t\t\t\t\t\t<\/div>\n\t\t\t\t<\/div>\n\t\t\t\t\t<\/div>\n\t\t<\/div>\n\t\t\t\t\t<\/div>\n\t\t<\/section>\n\t\t\t\t<\/div>","protected":false},"excerpt":{"rendered":"<p>Labioplasti Minora ve Majora Labioplasti, estetik ve fonksiyonel bir cerrahi prosed\u00fcrd\u00fcr ve genital b\u00f6lgenin estetik g\u00f6r\u00fcn\u00fcm\u00fcn\u00fc iyile\u015ftirmek amac\u0131yla ger\u00e7ekle\u015ftirilir. Uzman plastik cerrahlar\u0131m\u0131z, [&hellip;]<\/p>","protected":false},"author":1,"featured_media":0,"parent":932,"menu_order":0,"comment_status":"closed","ping_status":"closed","template":"elementor_header_footer","meta":{"_eb_attr":"","footnotes":""},"class_list":["post-2968","page","type-page","status-publish","hentry"],"_links":{"self":[{"href":"https:\/\/healthagentsturkey.com\/ru\/wp-json\/wp\/v2\/pages\/2968","targetHints":{"allow":["GET"]}}],"collection":[{"href":"https:\/\/healthagentsturkey.com\/ru\/wp-json\/wp\/v2\/pages"}],"about":[{"href":"https:\/\/healthagentsturkey.com\/ru\/wp-json\/wp\/v2\/types\/page"}],"author":[{"embeddable":true,"href":"https:\/\/healthagentsturkey.com\/ru\/wp-json\/wp\/v2\/users\/1"}],"replies":[{"embeddable":true,"href":"https:\/\/healthagentsturkey.com\/ru\/wp-json\/wp\/v2\/comments?post=2968"}],"version-history":[{"count":1,"href":"https:\/\/healthagentsturkey.com\/ru\/wp-json\/wp\/v2\/pages\/2968\/revisions"}],"predecessor-version":[{"id":4811,"href":"https:\/\/healthagentsturkey.com\/ru\/wp-json\/wp\/v2\/pages\/2968\/revisions\/4811"}],"up":[{"embeddable":true,"href":"https:\/\/healthagentsturkey.com\/ru\/wp-json\/wp\/v2\/pages\/932"}],"wp:attachment":[{"href":"https:\/\/healthagentsturkey.com\/ru\/wp-json\/wp\/v2\/media?parent=2968"}],"curies":[{"name":"wp","href":"https:\/\/api.w.org\/{rel}","templated":true}]}}