{"id":2846,"date":"2023-12-01T22:29:54","date_gmt":"2023-12-01T19:29:54","guid":{"rendered":"https:\/\/healthagentsturkey.com\/?page_id=2846"},"modified":"2023-12-23T14:52:32","modified_gmt":"2023-12-23T11:52:32","slug":"tercumanlik","status":"publish","type":"page","link":"https:\/\/healthagentsturkey.com\/ru\/hizmetler\/tercumanlik\/","title":{"rendered":"\u0423\u0441\u043b\u0443\u0433\u0438 \u043f\u0435\u0440\u0435\u0432\u043e\u0434\u0430"},"content":{"rendered":"<div data-elementor-type=\"wp-page\" data-elementor-id=\"2846\" class=\"elementor elementor-2846\" data-elementor-post-type=\"page\">\n\t\t\t\t\t\t<section class=\"elementor-section elementor-top-section elementor-element elementor-element-eedafb9 elementor-section-content-middle elementor-section-boxed elementor-section-height-default elementor-section-height-default tp-parallax-no syd-sticky-section-no\" data-id=\"eedafb9\" data-element_type=\"section\" data-settings=\"{&quot;tp_sticky_sec_effect_enable&quot;:false}\">\n\t\t\t\t\t\t<div class=\"elementor-container elementor-column-gap-default\">\n\t\t\t\t\t<div data-aos=\"\" class=\"elementor-column elementor-col-50 elementor-top-column elementor-element elementor-element-571508b syd-sticky-section-no\" data-id=\"571508b\" data-element_type=\"column\" data-settings=\"{&quot;tp_sticky_col_effect_enable&quot;:false}\">\n\t\t\t<div class=\"elementor-widget-wrap elementor-element-populated\">\n\t\t\t\t\t\t<div class=\"elementor-element elementor-element-2fc2cb6 syd-sticky-section-no elementor-widget elementor-widget-heading\" data-id=\"2fc2cb6\" data-element_type=\"widget\" data-widget_type=\"heading.default\">\n\t\t\t\t<div class=\"elementor-widget-container\">\n\t\t\t\t\t<h2 class=\"elementor-heading-title elementor-size-default\">\u0423\u0441\u043b\u0443\u0433\u0438 \u043f\u0435\u0440\u0435\u0432\u043e\u0434\u0430<\/h2>\t\t\t\t<\/div>\n\t\t\t\t<\/div>\n\t\t\t\t<div class=\"elementor-element elementor-element-1cf0f1c syd-sticky-section-no elementor-widget elementor-widget-text-editor\" data-id=\"1cf0f1c\" data-element_type=\"widget\" data-widget_type=\"text-editor.default\">\n\t\t\t\t<div class=\"elementor-widget-container\">\n\t\t\t\t\t\t\t\t\t<p>\u041d\u0430\u0448\u0438 \u043f\u0440\u043e\u0444\u0435\u0441\u0441\u0438\u043e\u043d\u0430\u043b\u044c\u043d\u044b\u0435 \u043f\u0435\u0440\u0435\u0432\u043e\u0434\u0447\u0438\u043a\u0438 \u0443\u0441\u0442\u0440\u0430\u043d\u044f\u044e\u0442 \u044f\u0437\u044b\u043a\u043e\u0432\u044b\u0435 \u0431\u0430\u0440\u044c\u0435\u0440\u044b \u0438 \u0434\u0435\u043b\u0430\u044e\u0442 \u043f\u0440\u043e\u0446\u0435\u0441\u0441 \u043b\u0435\u0447\u0435\u043d\u0438\u044f \u043f\u0430\u0446\u0438\u0435\u043d\u0442\u043e\u0432 \u0431\u043e\u043b\u0435\u0435 \u043f\u043e\u043d\u044f\u0442\u043d\u044b\u043c \u0438 \u044d\u0444\u0444\u0435\u043a\u0442\u0438\u0432\u043d\u044b\u043c. \u041d\u0430\u0448\u0430 \u043a\u043e\u043c\u043f\u0430\u043d\u0438\u044f \u0441\u043f\u0435\u0446\u0438\u0430\u043b\u0438\u0437\u0438\u0440\u0443\u0435\u0442\u0441\u044f \u043d\u0430 \u043f\u0435\u0440\u0435\u0432\u043e\u0434\u0435 \u043c\u0435\u0434\u0438\u0446\u0438\u043d\u0441\u043a\u0438\u0445 \u0437\u0430\u043a\u043b\u044e\u0447\u0435\u043d\u0438\u0439, \u043f\u043b\u0430\u043d\u043e\u0432 \u043b\u0435\u0447\u0435\u043d\u0438\u044f \u0438 \u043c\u0435\u0434\u0438\u0446\u0438\u043d\u0441\u043a\u043e\u0439 \u0434\u043e\u043a\u0443\u043c\u0435\u043d\u0442\u0430\u0446\u0438\u0438 \u043d\u0430 \u0440\u0430\u0437\u043b\u0438\u0447\u043d\u044b\u0435 \u044f\u0437\u044b\u043a\u0438.<\/p><p><strong>\u041f\u043e\u0447\u0435\u043c\u0443 \u043c\u044b?<\/strong><\/p><p><strong>\u041f\u0435\u0440\u0435\u0432\u043e\u0434\u0447\u0438\u043a\u0438-\u044d\u043a\u0441\u043f\u0435\u0440\u0442\u044b<\/strong><em>:<\/em> \u041d\u0430\u0448\u0438 \u0441\u043f\u0435\u0446\u0438\u0430\u043b\u0438\u0437\u0438\u0440\u043e\u0432\u0430\u043d\u043d\u044b\u0435 \u043f\u0435\u0440\u0435\u0432\u043e\u0434\u0447\u0438\u043a\u0438 - \u043f\u0440\u043e\u0444\u0435\u0441\u0441\u0438\u043e\u043d\u0430\u043b\u044b, \u0445\u043e\u0440\u043e\u0448\u043e \u0432\u043b\u0430\u0434\u0435\u044e\u0449\u0438\u0435 \u043c\u0435\u0434\u0438\u0446\u0438\u043d\u0441\u043a\u043e\u0439 \u0442\u0435\u0440\u043c\u0438\u043d\u043e\u043b\u043e\u0433\u0438\u0435\u0439 \u0438 \u043e\u0431\u043b\u0430\u0434\u0430\u044e\u0449\u0438\u0435 \u0432\u044b\u0441\u043e\u043a\u0438\u043c\u0438 \u043a\u043e\u043c\u043c\u0443\u043d\u0438\u043a\u0430\u0442\u0438\u0432\u043d\u044b\u043c\u0438 \u043d\u0430\u0432\u044b\u043a\u0430\u043c\u0438.<\/p><p><strong>\u041a\u043e\u043d\u0444\u0438\u0434\u0435\u043d\u0446\u0438\u0430\u043b\u044c\u043d\u043e\u0441\u0442\u044c \u0438 \u0431\u0435\u0437\u043e\u043f\u0430\u0441\u043d\u043e\u0441\u0442\u044c<\/strong><em>:<\/em> \u041f\u043e\u0441\u043a\u043e\u043b\u044c\u043a\u0443 \u043c\u0435\u0434\u0438\u0446\u0438\u043d\u0441\u043a\u0430\u044f \u0438\u043d\u0444\u043e\u0440\u043c\u0430\u0446\u0438\u044f \u044f\u0432\u043b\u044f\u0435\u0442\u0441\u044f \u0447\u0430\u0441\u0442\u043d\u043e\u0439 \u0438 \u043a\u043e\u043d\u0444\u0438\u0434\u0435\u043d\u0446\u0438\u0430\u043b\u044c\u043d\u043e\u0439, \u043c\u044b \u0441\u043e\u0431\u043b\u044e\u0434\u0430\u0435\u043c \u0432\u044b\u0441\u043e\u0447\u0430\u0439\u0448\u0438\u0435 \u0441\u0442\u0430\u043d\u0434\u0430\u0440\u0442\u044b \u043a\u043e\u043d\u0444\u0438\u0434\u0435\u043d\u0446\u0438\u0430\u043b\u044c\u043d\u043e\u0441\u0442\u0438 \u0438 \u0431\u0435\u0437\u043e\u043f\u0430\u0441\u043d\u043e\u0441\u0442\u0438 \u043f\u0440\u0438 \u043e\u043a\u0430\u0437\u0430\u043d\u0438\u0438 \u043f\u0435\u0440\u0435\u0432\u043e\u0434\u0447\u0435\u0441\u043a\u0438\u0445 \u0443\u0441\u043b\u0443\u0433.<\/p><p><strong>\u0411\u044b\u0441\u0442\u0440\u043e\u0435 \u0438 \u044d\u0444\u0444\u0435\u043a\u0442\u0438\u0432\u043d\u043e\u0435 \u043e\u0431\u0441\u043b\u0443\u0436\u0438\u0432\u0430\u043d\u0438\u0435<\/strong><em>:<\/em> \u041c\u044b \u043f\u0440\u0435\u0434\u043b\u0430\u0433\u0430\u0435\u043c \u0431\u044b\u0441\u0442\u0440\u044b\u0435 \u0440\u0435\u0448\u0435\u043d\u0438\u044f \u0434\u043b\u044f \u044d\u043a\u0441\u0442\u0440\u0435\u043d\u043d\u044b\u0445 \u0441\u0438\u0442\u0443\u0430\u0446\u0438\u0439, \u0447\u0442\u043e\u0431\u044b \u0432\u044b \u043d\u0435 \u0442\u0435\u0440\u044f\u043b\u0438 \u0432\u0440\u0435\u043c\u044f \u043d\u0430 \u043e\u0431\u0449\u0435\u043d\u0438\u0435 \u043c\u0435\u0436\u0434\u0443 \u043f\u0430\u0446\u0438\u0435\u043d\u0442\u0430\u043c\u0438 \u0438 \u043c\u0435\u0434\u0438\u0446\u0438\u043d\u0441\u043a\u0438\u043c\u0438 \u0440\u0430\u0431\u043e\u0442\u043d\u0438\u043a\u0430\u043c\u0438.<\/p>\t\t\t\t\t\t\t\t<\/div>\n\t\t\t\t<\/div>\n\t\t\t\t\t<\/div>\n\t\t<\/div>\n\t\t\t\t<div data-aos=\"\" class=\"elementor-column elementor-col-50 elementor-top-column elementor-element elementor-element-bc4d4c0 syd-sticky-section-no\" data-id=\"bc4d4c0\" data-element_type=\"column\" data-settings=\"{&quot;tp_sticky_col_effect_enable&quot;:false}\">\n\t\t\t<div class=\"elementor-widget-wrap elementor-element-populated\">\n\t\t\t\t\t\t<div class=\"elementor-element elementor-element-48dd569 syd-sticky-section-no elementor-widget elementor-widget-image\" data-id=\"48dd569\" data-element_type=\"widget\" data-widget_type=\"image.default\">\n\t\t\t\t<div class=\"elementor-widget-container\">\n\t\t\t\t\t\t\t\t\t\t\t\t\t\t\t<img fetchpriority=\"high\" decoding=\"async\" width=\"1024\" height=\"1024\" src=\"https:\/\/healthagentsturkey.com\/wp-content\/uploads\/2023\/12\/9731554-1024x1024.jpg\" class=\"attachment-large size-large wp-image-2884\" alt=\"\" srcset=\"https:\/\/healthagentsturkey.com\/wp-content\/uploads\/2023\/12\/9731554-1024x1024.jpg 1024w, https:\/\/healthagentsturkey.com\/wp-content\/uploads\/2023\/12\/9731554-300x300.jpg 300w, https:\/\/healthagentsturkey.com\/wp-content\/uploads\/2023\/12\/9731554-150x150.jpg 150w, https:\/\/healthagentsturkey.com\/wp-content\/uploads\/2023\/12\/9731554-768x768.jpg 768w, https:\/\/healthagentsturkey.com\/wp-content\/uploads\/2023\/12\/9731554-1536x1536.jpg 1536w, https:\/\/healthagentsturkey.com\/wp-content\/uploads\/2023\/12\/9731554-2048x2048.jpg 2048w, https:\/\/healthagentsturkey.com\/wp-content\/uploads\/2023\/12\/9731554-1000x1000.jpg 1000w, https:\/\/healthagentsturkey.com\/wp-content\/uploads\/2023\/12\/9731554-230x230.jpg 230w, https:\/\/healthagentsturkey.com\/wp-content\/uploads\/2023\/12\/9731554-350x350.jpg 350w, https:\/\/healthagentsturkey.com\/wp-content\/uploads\/2023\/12\/9731554-480x480.jpg 480w\" sizes=\"(max-width: 1024px) 100vw, 1024px\" \/>\t\t\t\t\t\t\t\t\t\t\t\t\t\t\t<\/div>\n\t\t\t\t<\/div>\n\t\t\t\t\t<\/div>\n\t\t<\/div>\n\t\t\t\t\t<\/div>\n\t\t<\/section>\n\t\t<div class=\"elementor-element elementor-element-dc81268 e-flex e-con-boxed syd-sticky-section-no e-con e-parent\" data-id=\"dc81268\" data-element_type=\"container\">\n\t\t\t\t\t<div class=\"e-con-inner\">\n\t\t\t\t<div class=\"elementor-element elementor-element-1a5f713 syd-sticky-section-no elementor-widget elementor-widget-text-editor\" data-id=\"1a5f713\" data-element_type=\"widget\" data-widget_type=\"text-editor.default\">\n\t\t\t\t<div class=\"elementor-widget-container\">\n\t\t\t\t\t\t\t\t\t<p><strong>\u0421\u0432\u044f\u0436\u0438\u0442\u0435\u0441\u044c \u0441 \u043d\u0430\u043c\u0438:<\/strong><\/p><p>\u041d\u0435 \u0441\u0442\u0435\u0441\u043d\u044f\u0439\u0442\u0435\u0441\u044c \u043e\u0431\u0440\u0430\u0449\u0430\u0442\u044c\u0441\u044f \u043a \u043d\u0430\u043c, \u0447\u0442\u043e\u0431\u044b \u043f\u043e\u043b\u0443\u0447\u0438\u0442\u044c \u0434\u043e\u043f\u043e\u043b\u043d\u0438\u0442\u0435\u043b\u044c\u043d\u0443\u044e \u0438\u043d\u0444\u043e\u0440\u043c\u0430\u0446\u0438\u044e \u043e\u0431 \u0443\u0441\u043b\u0443\u0433\u0430\u0445 \u043f\u043e \u043f\u043e\u0448\u0438\u0432\u0443 \u043e\u0434\u0435\u0436\u0434\u044b \u0434\u043b\u044f \u043e\u0437\u0434\u043e\u0440\u043e\u0432\u0438\u0442\u0435\u043b\u044c\u043d\u043e\u0433\u043e \u0442\u0443\u0440\u0438\u0437\u043c\u0430 \u0438\u043b\u0438 \u0432\u043e\u0441\u043f\u043e\u043b\u044c\u0437\u043e\u0432\u0430\u0442\u044c\u0441\u044f \u043d\u0430\u0448\u0438\u043c\u0438 \u0443\u0441\u043b\u0443\u0433\u0430\u043c\u0438. \u041d\u0430\u0448\u0430 \u043f\u0440\u043e\u0444\u0435\u0441\u0441\u0438\u043e\u043d\u0430\u043b\u044c\u043d\u0430\u044f \u043a\u043e\u043c\u0430\u043d\u0434\u0430 \u0433\u043e\u0442\u043e\u0432\u0430 \u043f\u0440\u0435\u0434\u043b\u043e\u0436\u0438\u0442\u044c \u0432\u0430\u043c \u043d\u0430\u0438\u0431\u043e\u043b\u0435\u0435 \u043f\u043e\u0434\u0445\u043e\u0434\u044f\u0449\u0438\u0435 \u0440\u0435\u0448\u0435\u043d\u0438\u044f.<\/p>\t\t\t\t\t\t\t\t<\/div>\n\t\t\t\t<\/div>\n\t\t\t\t\t<\/div>\n\t\t\t\t<\/div>\n\t\t\t\t<section class=\"elementor-section elementor-top-section elementor-element elementor-element-5b93669 elementor-section-content-middle elementor-section-boxed elementor-section-height-default elementor-section-height-default tp-parallax-no syd-sticky-section-no\" data-id=\"5b93669\" data-element_type=\"section\" data-settings=\"{&quot;background_background&quot;:&quot;classic&quot;,&quot;tp_sticky_sec_effect_enable&quot;:false}\">\n\t\t\t\t\t\t<div class=\"elementor-container elementor-column-gap-default\">\n\t\t\t\t\t<div data-aos=\"\" class=\"elementor-column elementor-col-50 elementor-top-column elementor-element elementor-element-25c7cd3 syd-sticky-section-no\" data-id=\"25c7cd3\" data-element_type=\"column\" data-settings=\"{&quot;tp_sticky_col_effect_enable&quot;:false}\">\n\t\t\t<div class=\"elementor-widget-wrap elementor-element-populated\">\n\t\t\t\t\t\t<div class=\"elementor-element elementor-element-64ab903 syd-sticky-section-no elementor-widget elementor-widget-heading\" data-id=\"64ab903\" data-element_type=\"widget\" data-widget_type=\"heading.default\">\n\t\t\t\t<div class=\"elementor-widget-container\">\n\t\t\t\t\t<h2 class=\"elementor-heading-title elementor-size-default\">\u0423 \u0432\u0430\u0441 \u0435\u0441\u0442\u044c \u0432\u043e\u043f\u0440\u043e\u0441\u044b?<\/h2>\t\t\t\t<\/div>\n\t\t\t\t<\/div>\n\t\t\t\t\t<\/div>\n\t\t<\/div>\n\t\t\t\t<div data-aos=\"\" class=\"elementor-column elementor-col-50 elementor-top-column elementor-element elementor-element-08a4a69 syd-sticky-section-no\" data-id=\"08a4a69\" data-element_type=\"column\" data-settings=\"{&quot;tp_sticky_col_effect_enable&quot;:false}\">\n\t\t\t<div class=\"elementor-widget-wrap elementor-element-populated\">\n\t\t\t\t\t\t<div class=\"elementor-element elementor-element-edbd630 elementor-align-right elementor-mobile-align-center syd-sticky-section-no elementor-widget elementor-widget-button\" data-id=\"edbd630\" data-element_type=\"widget\" data-widget_type=\"button.default\">\n\t\t\t\t<div class=\"elementor-widget-container\">\n\t\t\t\t\t\t\t\t\t<div class=\"elementor-button-wrapper\">\n\t\t\t\t\t<a class=\"elementor-button elementor-button-link elementor-size-sm\" href=\"https:\/\/healthagentsturkey.com\/ru\/iletisim\/\">\n\t\t\t\t\t\t<span class=\"elementor-button-content-wrapper\">\n\t\t\t\t\t\t\t\t\t<span class=\"elementor-button-text\">\u0421\u0432\u044f\u0436\u0438\u0442\u0435\u0441\u044c \u0441 \u043d\u0430\u043c\u0438<\/span>\n\t\t\t\t\t<\/span>\n\t\t\t\t\t<\/a>\n\t\t\t\t<\/div>\n\t\t\t\t\t\t\t\t<\/div>\n\t\t\t\t<\/div>\n\t\t\t\t\t<\/div>\n\t\t<\/div>\n\t\t\t\t\t<\/div>\n\t\t<\/section>\n\t\t\t\t<\/div>","protected":false},"excerpt":{"rendered":"<p>Terc\u00fcmanl\u0131k Hizmetleri Profesyonel terc\u00fcmanlar\u0131m\u0131z, dil engelini ortadan kald\u0131rarak hastalar\u0131n tedavi s\u00fcre\u00e7lerini daha anla\u015f\u0131l\u0131r ve etkili k\u0131lar. \u015eirketimiz, \u00e7e\u015fitli dillerde sa\u011fl\u0131k raporlar\u0131, tedavi [&hellip;]<\/p>","protected":false},"author":1,"featured_media":0,"parent":556,"menu_order":0,"comment_status":"closed","ping_status":"closed","template":"page-templates\/page_front-page.php","meta":{"_eb_attr":"","footnotes":""},"class_list":["post-2846","page","type-page","status-publish","hentry"],"_links":{"self":[{"href":"https:\/\/healthagentsturkey.com\/ru\/wp-json\/wp\/v2\/pages\/2846","targetHints":{"allow":["GET"]}}],"collection":[{"href":"https:\/\/healthagentsturkey.com\/ru\/wp-json\/wp\/v2\/pages"}],"about":[{"href":"https:\/\/healthagentsturkey.com\/ru\/wp-json\/wp\/v2\/types\/page"}],"author":[{"embeddable":true,"href":"https:\/\/healthagentsturkey.com\/ru\/wp-json\/wp\/v2\/users\/1"}],"replies":[{"embeddable":true,"href":"https:\/\/healthagentsturkey.com\/ru\/wp-json\/wp\/v2\/comments?post=2846"}],"version-history":[{"count":0,"href":"https:\/\/healthagentsturkey.com\/ru\/wp-json\/wp\/v2\/pages\/2846\/revisions"}],"up":[{"embeddable":true,"href":"https:\/\/healthagentsturkey.com\/ru\/wp-json\/wp\/v2\/pages\/556"}],"wp:attachment":[{"href":"https:\/\/healthagentsturkey.com\/ru\/wp-json\/wp\/v2\/media?parent=2846"}],"curies":[{"name":"wp","href":"https:\/\/api.w.org\/{rel}","templated":true}]}}