{"id":1339,"date":"2023-11-16T13:59:28","date_gmt":"2023-11-16T13:59:28","guid":{"rendered":"https:\/\/healthagentsturkey.com\/?page_id=1339"},"modified":"2023-11-24T19:55:06","modified_gmt":"2023-11-24T16:55:06","slug":"biz","status":"publish","type":"page","link":"https:\/\/healthagentsturkey.com\/ru\/hakkimizda\/biz\/","title":{"rendered":"\u041a\u0442\u043e \u043c\u044b?"},"content":{"rendered":"<div data-elementor-type=\"wp-page\" data-elementor-id=\"1339\" class=\"elementor elementor-1339\" data-elementor-post-type=\"page\">\n\t\t\t\t<div class=\"elementor-element elementor-element-cd92900 e-flex e-con-boxed syd-sticky-section-no e-con e-parent\" data-id=\"cd92900\" data-element_type=\"container\">\n\t\t\t\t\t<div class=\"e-con-inner\">\n\t\t<div class=\"elementor-element elementor-element-061bc86 e-con-full e-flex syd-sticky-section-no e-con e-child\" data-id=\"061bc86\" data-element_type=\"container\">\n\t\t\t\t<div class=\"elementor-element elementor-element-11a8724 syd-sticky-section-no elementor-widget elementor-widget-heading\" data-id=\"11a8724\" data-element_type=\"widget\" data-widget_type=\"heading.default\">\n\t\t\t\t<div class=\"elementor-widget-container\">\n\t\t\t\t\t<h2 class=\"elementor-heading-title elementor-size-default\">\u041a\u0442\u043e \u043c\u044b<\/h2>\t\t\t\t<\/div>\n\t\t\t\t<\/div>\n\t\t\t\t<div class=\"elementor-element elementor-element-da00dac elementor-drop-cap-yes elementor-drop-cap-view-default syd-sticky-section-no elementor-widget elementor-widget-text-editor\" data-id=\"da00dac\" data-element_type=\"widget\" data-settings=\"{&quot;drop_cap&quot;:&quot;yes&quot;}\" data-widget_type=\"text-editor.default\">\n\t\t\t\t<div class=\"elementor-widget-container\">\n\t\t\t\t\t\t\t\t\t<p style=\"text-align: left;\">H<b>\u0410\u0433\u0435\u043d\u0442\u044b \u0437\u0434\u0440\u0430\u0432\u043e\u043e\u0445\u0440\u0430\u043d\u0435\u043d\u0438\u044f<\/b> \u044d\u0442\u043e \u043f\u0435\u0440\u0435\u0434\u043e\u0432\u043e\u0435 \u043c\u0435\u0434\u0438\u0446\u0438\u043d\u0441\u043a\u043e\u0435 \u0443\u0447\u0440\u0435\u0436\u0434\u0435\u043d\u0438\u0435, \u043a\u043e\u0442\u043e\u0440\u043e\u0435 \u043f\u0440\u0435\u0434\u043b\u0430\u0433\u0430\u0435\u0442 \u043a\u0430\u0447\u0435\u0441\u0442\u0432\u0435\u043d\u043d\u044b\u0435 \u0443\u0441\u043b\u0443\u0433\u0438 \u0441\u0432\u043e\u0438\u043c \u043f\u0430\u0446\u0438\u0435\u043d\u0442\u0430\u043c, \u0441\u043f\u0435\u0446\u0438\u0430\u043b\u0438\u0437\u0438\u0440\u0443\u044f\u0441\u044c \u043d\u0430 \u0432\u0441\u0435\u0445 \u043d\u0435\u043e\u0431\u0445\u043e\u0434\u0438\u043c\u044b\u0445 \u043e\u0442\u0440\u0430\u0441\u043b\u044f\u0445 \u043c\u0435\u0434\u0438\u0446\u0438\u043d\u044b. <b>\u0410\u0433\u0435\u043d\u0442\u044b \u0437\u0434\u0440\u0430\u0432\u043e\u043e\u0445\u0440\u0430\u043d\u0435\u043d\u0438\u044f <\/b>\u041c\u0435\u0434\u0438\u0446\u0438\u043d\u0441\u043a\u0438\u0439 \u043f\u0435\u0440\u0441\u043e\u043d\u0430\u043b, \u044f\u0432\u043b\u044f\u044e\u0449\u0438\u0439\u0441\u044f \u044d\u043a\u0441\u043f\u0435\u0440\u0442\u043e\u043c \u0432 \u0441\u0432\u043e\u0435\u0439 \u043e\u0431\u043b\u0430\u0441\u0442\u0438, \u043f\u0440\u0435\u0434\u043b\u0430\u0433\u0430\u0435\u0442 \u0441\u043e\u0432\u0440\u0435\u043c\u0435\u043d\u043d\u044b\u0439 \u043a\u043e\u043c\u043f\u043b\u0435\u043a\u0441, \u043e\u0441\u043d\u0430\u0449\u0435\u043d\u043d\u044b\u0439 \u043d\u043e\u0432\u0435\u0439\u0448\u0438\u043c \u0442\u0435\u0445\u043d\u043e\u043b\u043e\u0433\u0438\u0447\u0435\u0441\u043a\u0438\u043c \u043e\u0431\u043e\u0440\u0443\u0434\u043e\u0432\u0430\u043d\u0438\u0435\u043c, \u0447\u0442\u043e\u0431\u044b \u0443\u0434\u043e\u0432\u043b\u0435\u0442\u0432\u043e\u0440\u0438\u0442\u044c \u043f\u043e\u0442\u0440\u0435\u0431\u043d\u043e\u0441\u0442\u0438 \u043f\u0430\u0446\u0438\u0435\u043d\u0442\u043e\u0432 \u0432 \u0437\u0434\u043e\u0440\u043e\u0432\u044c\u0435 \u0438 \u043a\u0440\u0430\u0441\u043e\u0442\u0435 \u043d\u0430 \u0441\u0430\u043c\u043e\u043c \u0432\u044b\u0441\u043e\u043a\u043e\u043c \u0443\u0440\u043e\u0432\u043d\u0435.<\/p><p><b>\u0410\u0433\u0435\u043d\u0442\u044b \u0437\u0434\u0440\u0430\u0432\u043e\u043e\u0445\u0440\u0430\u043d\u0435\u043d\u0438\u044f<\/b> \u0421\u043f\u0435\u043a\u0442\u0440 \u043c\u0435\u0434\u0438\u0446\u0438\u043d\u0441\u043a\u0438\u0445 \u0443\u0441\u043b\u0443\u0433 \u043f\u0440\u043e\u0441\u0442\u0438\u0440\u0430\u0435\u0442\u0441\u044f \u043e\u0442 \u043d\u0435\u0445\u0438\u0440\u0443\u0440\u0433\u0438\u0447\u0435\u0441\u043a\u0438\u0445 \u044d\u0441\u0442\u0435\u0442\u0438\u0447\u0435\u0441\u043a\u0438\u0445 \u043f\u0440\u043e\u0446\u0435\u0434\u0443\u0440 \u0434\u043e \u043f\u043e\u043f\u0443\u043b\u044f\u0440\u043d\u044b\u0445 \u044d\u0441\u0442\u0435\u0442\u0438\u0447\u0435\u0441\u043a\u0438\u0445 \u0445\u0438\u0440\u0443\u0440\u0433\u0438\u0447\u0435\u0441\u043a\u0438\u0445 \u043f\u0440\u043e\u0446\u0435\u0434\u0443\u0440, \u0442\u0430\u043a\u0438\u0445 \u043a\u0430\u043a \u044d\u0441\u0442\u0435\u0442\u0438\u043a\u0430 \u0433\u0440\u0443\u0434\u0438, \u043f\u043e\u0434\u0442\u044f\u0436\u043a\u0430 \u0436\u0438\u0432\u043e\u0442\u0430, \u0440\u0438\u043d\u043e\u043f\u043b\u0430\u0441\u0442\u0438\u043a\u0430, \u043b\u0438\u043f\u043e\u0441\u0430\u043a\u0446\u0438\u044f. \u041a\u0440\u043e\u043c\u0435 \u0442\u043e\u0433\u043e, Health Agents \u043f\u0440\u0435\u0434\u043b\u0430\u0433\u0430\u0435\u0442 \u0443\u0441\u043b\u0443\u0433\u0438 \u043f\u043e \u043c\u0435\u0442\u0430\u0431\u043e\u043b\u0438\u0447\u0435\u0441\u043a\u043e\u0439 \u0445\u0438\u0440\u0443\u0440\u0433\u0438\u0438. \u041d\u0430\u0448\u0438 \u0432\u0440\u0430\u0447\u0438-\u0441\u043f\u0435\u0446\u0438\u0430\u043b\u0438\u0441\u0442\u044b \u043f\u0440\u0435\u0434\u043b\u0430\u0433\u0430\u044e\u0442 \u0432\u044b\u0441\u043e\u043a\u043e\u043a\u0432\u0430\u043b\u0438\u0444\u0438\u0446\u0438\u0440\u043e\u0432\u0430\u043d\u043d\u044b\u0435 \u0443\u0441\u043b\u0443\u0433\u0438 \u0432\u043e \u043c\u043d\u043e\u0433\u0438\u0445 \u043e\u0431\u043b\u0430\u0441\u0442\u044f\u0445, \u0442\u0430\u043a\u0438\u0445 \u043a\u0430\u043a \u043b\u0435\u0447\u0435\u043d\u0438\u0435 \u043e\u0436\u0438\u0440\u0435\u043d\u0438\u044f, \u043c\u0435\u0442\u0430\u0431\u043e\u043b\u0438\u0447\u0435\u0441\u043a\u0430\u044f \u0445\u0438\u0440\u0443\u0440\u0433\u0438\u044f \u0438 \u043b\u0435\u0447\u0435\u043d\u0438\u0435 \u0434\u0438\u0430\u0431\u0435\u0442\u0430.<\/p>\t\t\t\t\t\t\t\t<\/div>\n\t\t\t\t<\/div>\n\t\t\t\t<div class=\"elementor-element elementor-element-d0f6c3a syd-sticky-section-no elementor-widget elementor-widget-heading\" data-id=\"d0f6c3a\" data-element_type=\"widget\" data-widget_type=\"heading.default\">\n\t\t\t\t<div class=\"elementor-widget-container\">\n\t\t\t\t\t<h6 class=\"elementor-heading-title elementor-size-default\">\u0410\u0413\u0415\u041d\u0422\u0421\u0422\u0412\u041e \u0417\u0414\u041e\u0420\u041e\u0412\u042c\u042f<\/h6>\t\t\t\t<\/div>\n\t\t\t\t<\/div>\n\t\t\t\t<\/div>\n\t\t<div class=\"elementor-element elementor-element-41e8977 e-con-full e-flex syd-sticky-section-no e-con e-child\" data-id=\"41e8977\" data-element_type=\"container\">\n\t\t\t\t<div class=\"elementor-element elementor-element-f4b4211 syd-sticky-section-no elementor-widget elementor-widget-image\" data-id=\"f4b4211\" data-element_type=\"widget\" data-widget_type=\"image.default\">\n\t\t\t\t<div class=\"elementor-widget-container\">\n\t\t\t\t\t\t\t\t\t\t\t\t\t\t\t<img fetchpriority=\"high\" decoding=\"async\" width=\"628\" height=\"428\" src=\"https:\/\/healthagentsturkey.com\/wp-content\/uploads\/2023\/11\/Varlik-1@4x-1.png\" class=\"attachment-large size-large wp-image-764\" alt=\"\" srcset=\"https:\/\/healthagentsturkey.com\/wp-content\/uploads\/2023\/11\/Varlik-1@4x-1.png 628w, https:\/\/healthagentsturkey.com\/wp-content\/uploads\/2023\/11\/Varlik-1@4x-1-300x204.png 300w, https:\/\/healthagentsturkey.com\/wp-content\/uploads\/2023\/11\/Varlik-1@4x-1-230x157.png 230w, https:\/\/healthagentsturkey.com\/wp-content\/uploads\/2023\/11\/Varlik-1@4x-1-350x239.png 350w, https:\/\/healthagentsturkey.com\/wp-content\/uploads\/2023\/11\/Varlik-1@4x-1-480x327.png 480w\" sizes=\"(max-width: 628px) 100vw, 628px\" \/>\t\t\t\t\t\t\t\t\t\t\t\t\t\t\t<\/div>\n\t\t\t\t<\/div>\n\t\t\t\t<\/div>\n\t\t<div class=\"elementor-element elementor-element-44d51ab e-con-full e-flex syd-sticky-section-no e-con e-child\" data-id=\"44d51ab\" data-element_type=\"container\">\n\t\t\t\t<div class=\"elementor-element elementor-element-4c17323 syd-sticky-section-no elementor-widget elementor-widget-text-editor\" data-id=\"4c17323\" data-element_type=\"widget\" data-widget_type=\"text-editor.default\">\n\t\t\t\t<div class=\"elementor-widget-container\">\n\t\t\t\t\t\t\t\t\t<p>\u0420\u0430\u0441\u043f\u043e\u043b\u043e\u0436\u0435\u043d \u0432 \u0421\u0442\u0430\u043c\u0431\u0443\u043b\u0435<b> \u0410\u0433\u0435\u043d\u0442\u044b \u0437\u0434\u0440\u0430\u0432\u043e\u043e\u0445\u0440\u0430\u043d\u0435\u043d\u0438\u044f<\/b>\u041a\u043b\u0438\u043d\u0438\u043a\u0430 \u043f\u0440\u0435\u0434\u043b\u0430\u0433\u0430\u0435\u0442 \u0441\u0432\u043e\u0438\u043c \u043f\u0430\u0446\u0438\u0435\u043d\u0442\u0430\u043c \u043d\u0435 \u0442\u043e\u043b\u044c\u043a\u043e \u0432\u044b\u0441\u043e\u0447\u0430\u0439\u0448\u0435\u0435 \u043a\u0430\u0447\u0435\u0441\u0442\u0432\u043e \u043e\u0431\u0441\u043b\u0443\u0436\u0438\u0432\u0430\u043d\u0438\u044f, \u043d\u043e \u0438 \u043e\u0431\u0441\u0442\u0430\u043d\u043e\u0432\u043a\u0443, \u0442\u0449\u0430\u0442\u0435\u043b\u044c\u043d\u043e \u043f\u0440\u043e\u0434\u0443\u043c\u0430\u043d\u043d\u0443\u044e \u0434\u043b\u044f \u043a\u043e\u043c\u0444\u043e\u0440\u0442\u0430 \u0438 \u0443\u0434\u043e\u0431\u0441\u0442\u0432\u0430 \u043f\u0430\u0446\u0438\u0435\u043d\u0442\u043e\u0432. <b>\u0410\u0433\u0435\u043d\u0442\u044b \u0437\u0434\u0440\u0430\u0432\u043e\u043e\u0445\u0440\u0430\u043d\u0435\u043d\u0438\u044f<\/b>; \u043e\u0431\u0435\u0441\u043f\u0435\u0447\u0438\u0432\u0430\u0435\u0442 \u0431\u0435\u0437\u0443\u043f\u0440\u0435\u0447\u043d\u044b\u0439 \u0441\u0435\u0440\u0432\u0438\u0441 \u0434\u043b\u044f \u0441\u0432\u043e\u0438\u0445 \u043f\u0430\u0446\u0438\u0435\u043d\u0442\u043e\u0432, \u043f\u0440\u0435\u0434\u043e\u0441\u0442\u0430\u0432\u043b\u044f\u044f \u043f\u0435\u0440\u0432\u043e\u043a\u043b\u0430\u0441\u0441\u043d\u044b\u0439 \u043e\u043f\u044b\u0442 \u0432\u043e \u043c\u043d\u043e\u0433\u0438\u0445 \u043e\u0431\u043b\u0430\u0441\u0442\u044f\u0445, \u0442\u0430\u043a\u0438\u0445 \u043a\u0430\u043a \u044d\u0441\u0442\u0435\u0442\u0438\u0447\u0435\u0441\u043a\u0430\u044f \u0438 \u043c\u0435\u0442\u0430\u0431\u043e\u043b\u0438\u0447\u0435\u0441\u043a\u0430\u044f \u0445\u0438\u0440\u0443\u0440\u0433\u0438\u044f. <b>\u0410\u0433\u0435\u043d\u0442\u044b \u0437\u0434\u0440\u0430\u0432\u043e\u043e\u0445\u0440\u0430\u043d\u0435\u043d\u0438\u044f<\/b> \u0411\u043b\u0430\u0433\u043e\u0434\u0430\u0440\u044f \u043a\u0432\u0430\u043b\u0438\u0444\u0438\u0446\u0438\u0440\u043e\u0432\u0430\u043d\u043d\u043e\u043c\u0443 \u043c\u0435\u0434\u0438\u0446\u0438\u043d\u0441\u043a\u043e\u043c\u0443 \u043f\u0435\u0440\u0441\u043e\u043d\u0430\u043b\u0443, \u0442\u0435\u0445\u043d\u043e\u043b\u043e\u0433\u0438\u0447\u043d\u043e\u043c\u0443 \u043e\u0431\u043e\u0440\u0443\u0434\u043e\u0432\u0430\u043d\u0438\u044e \u0438 \u0441\u043e\u0432\u0440\u0435\u043c\u0435\u043d\u043d\u043e\u0439 \u043c\u0430\u0442\u0435\u0440\u0438\u0430\u043b\u044c\u043d\u043e-\u0442\u0435\u0445\u043d\u0438\u0447\u0435\u0441\u043a\u043e\u0439 \u0431\u0430\u0437\u0435 \u0435\u0439 \u0443\u0434\u0430\u0435\u0442\u0441\u044f \u0437\u0430\u0432\u043e\u0435\u0432\u044b\u0432\u0430\u0442\u044c \u0434\u043e\u0432\u0435\u0440\u0438\u0435 \u043f\u0430\u0446\u0438\u0435\u043d\u0442\u043e\u0432. \u0415\u0441\u043b\u0438 \u0432\u044b \u0438\u0449\u0435\u0442\u0435 \u043e\u043f\u044b\u0442\u043d\u044b\u0439 \u0438 \u043a\u0430\u0447\u0435\u0441\u0442\u0432\u0435\u043d\u043d\u044b\u0439 \u0441\u0435\u0440\u0432\u0438\u0441, \u0441\u043f\u0435\u0446\u0438\u0430\u043b\u0438\u0437\u0438\u0440\u0443\u044e\u0449\u0438\u0439\u0441\u044f \u043d\u0430 \u0437\u0434\u043e\u0440\u043e\u0432\u044c\u0435 \u0438 \u043a\u0440\u0430\u0441\u043e\u0442\u0435,<\/p><blockquote><p><b>\u0410\u0433\u0435\u043d\u0442\u044b \u0437\u0434\u0440\u0430\u0432\u043e\u043e\u0445\u0440\u0430\u043d\u0435\u043d\u0438\u044f<\/b> \u0434\u043b\u044f \u0432\u0430\u0441.<\/p><\/blockquote>\t\t\t\t\t\t\t\t<\/div>\n\t\t\t\t<\/div>\n\t\t\t\t<\/div>\n\t\t\t\t\t<\/div>\n\t\t\t\t<\/div>\n\t\t\t\t<\/div>","protected":false},"excerpt":{"rendered":"<p>Biz Kimiz Health Agents ihtiya\u00e7 duyulan her t\u0131bbi bran\u015fta uzmanla\u015farak hastalar\u0131na\u00a0 kaliteli hizmetler sunan \u00f6nc\u00fc bir sa\u011fl\u0131k kurulu\u015fu. Health Agents b\u00fcnyesinde bulunan [&hellip;]<\/p>","protected":false},"author":1,"featured_media":0,"parent":401,"menu_order":0,"comment_status":"closed","ping_status":"closed","template":"page-templates\/page_front-page.php","meta":{"_eb_attr":"","footnotes":""},"class_list":["post-1339","page","type-page","status-publish","hentry"],"_links":{"self":[{"href":"https:\/\/healthagentsturkey.com\/ru\/wp-json\/wp\/v2\/pages\/1339","targetHints":{"allow":["GET"]}}],"collection":[{"href":"https:\/\/healthagentsturkey.com\/ru\/wp-json\/wp\/v2\/pages"}],"about":[{"href":"https:\/\/healthagentsturkey.com\/ru\/wp-json\/wp\/v2\/types\/page"}],"author":[{"embeddable":true,"href":"https:\/\/healthagentsturkey.com\/ru\/wp-json\/wp\/v2\/users\/1"}],"replies":[{"embeddable":true,"href":"https:\/\/healthagentsturkey.com\/ru\/wp-json\/wp\/v2\/comments?post=1339"}],"version-history":[{"count":0,"href":"https:\/\/healthagentsturkey.com\/ru\/wp-json\/wp\/v2\/pages\/1339\/revisions"}],"up":[{"embeddable":true,"href":"https:\/\/healthagentsturkey.com\/ru\/wp-json\/wp\/v2\/pages\/401"}],"wp:attachment":[{"href":"https:\/\/healthagentsturkey.com\/ru\/wp-json\/wp\/v2\/media?parent=1339"}],"curies":[{"name":"wp","href":"https:\/\/api.w.org\/{rel}","templated":true}]}}