{"id":1093,"date":"2023-11-12T16:44:20","date_gmt":"2023-11-12T16:44:20","guid":{"rendered":"https:\/\/healthagentsturkey.com\/?page_id=1093"},"modified":"2023-12-29T05:46:54","modified_gmt":"2023-12-29T02:46:54","slug":"baskandan","status":"publish","type":"page","link":"https:\/\/healthagentsturkey.com\/ru\/hakkimizda\/baskandan\/","title":{"rendered":"\u041f\u043e\u0441\u043b\u0430\u043d\u0438\u0435 \u043f\u0440\u0435\u0437\u0438\u0434\u0435\u043d\u0442\u0430"},"content":{"rendered":"<div data-elementor-type=\"wp-page\" data-elementor-id=\"1093\" class=\"elementor elementor-1093\" data-elementor-post-type=\"page\">\n\t\t\t\t<div class=\"elementor-element elementor-element-cd92900 e-flex e-con-boxed syd-sticky-section-no e-con e-parent\" data-id=\"cd92900\" data-element_type=\"container\">\n\t\t\t\t\t<div class=\"e-con-inner\">\n\t\t<div class=\"elementor-element elementor-element-061bc86 e-con-full e-flex syd-sticky-section-no e-con e-child\" data-id=\"061bc86\" data-element_type=\"container\">\n\t\t\t\t<div class=\"elementor-element elementor-element-11a8724 syd-sticky-section-no elementor-widget elementor-widget-heading\" data-id=\"11a8724\" data-element_type=\"widget\" data-widget_type=\"heading.default\">\n\t\t\t\t<div class=\"elementor-widget-container\">\n\t\t\t\t\t<h2 class=\"elementor-heading-title elementor-size-default\">\u041f\u043e\u0441\u043b\u0430\u043d\u0438\u0435 \u043f\u0440\u0435\u0437\u0438\u0434\u0435\u043d\u0442\u0430<\/h2>\t\t\t\t<\/div>\n\t\t\t\t<\/div>\n\t\t\t\t<div class=\"elementor-element elementor-element-da00dac syd-sticky-section-no elementor-widget elementor-widget-text-editor\" data-id=\"da00dac\" data-element_type=\"widget\" data-widget_type=\"text-editor.default\">\n\t\t\t\t<div class=\"elementor-widget-container\">\n\t\t\t\t\t\t\t\t\t<p><strong>\u0421\u043e\u0433\u043b\u0430\u0441\u043d\u043e \u043a\u043e\u043d\u0441\u0442\u0438\u0442\u0443\u0446\u0438\u0438, \u043e\u043f\u0443\u0431\u043b\u0438\u043a\u043e\u0432\u0430\u043d\u043d\u043e\u0439 \u0412\u0441\u0435\u043c\u0438\u0440\u043d\u043e\u0439 \u043e\u0440\u0433\u0430\u043d\u0438\u0437\u0430\u0446\u0438\u0435\u0439 \u0437\u0434\u0440\u0430\u0432\u043e\u043e\u0445\u0440\u0430\u043d\u0435\u043d\u0438\u044f \u0432 1946 \u0433\u043e\u0434\u0443, \u043f\u0440\u0430\u0432\u043e \u043d\u0430 \u0437\u0434\u043e\u0440\u043e\u0432\u044c\u0435 - \u043e\u0434\u043d\u043e \u0438\u0437 \u043e\u0441\u043d\u043e\u0432\u043d\u044b\u0445 \u043f\u0440\u0430\u0432 \u043a\u0430\u0436\u0434\u043e\u0433\u043e \u0447\u0435\u043b\u043e\u0432\u0435\u043a\u0430, \u043d\u0435\u0437\u0430\u0432\u0438\u0441\u0438\u043c\u043e \u043e\u0442 \u0440\u0430\u0441\u044b, \u0440\u0435\u043b\u0438\u0433\u0438\u0438, \u043f\u043e\u043b\u0438\u0442\u0438\u0447\u0435\u0441\u043a\u0438\u0445 \u0443\u0431\u0435\u0436\u0434\u0435\u043d\u0438\u0439, \u044d\u043a\u043e\u043d\u043e\u043c\u0438\u0447\u0435\u0441\u043a\u043e\u0433\u043e \u0438 \u0441\u043e\u0446\u0438\u0430\u043b\u044c\u043d\u043e\u0433\u043e \u043f\u043e\u043b\u043e\u0436\u0435\u043d\u0438\u044f, \u043d\u0430\u043f\u0440\u0430\u0432\u043b\u0435\u043d\u043d\u043e\u0435 \u043d\u0430 \u0434\u043e\u0441\u0442\u0438\u0436\u0435\u043d\u0438\u0435 \u043c\u0430\u043a\u0441\u0438\u043c\u0430\u043b\u044c\u043d\u043e \u0432\u043e\u0437\u043c\u043e\u0436\u043d\u043e\u0433\u043e \u0443\u0440\u043e\u0432\u043d\u044f \u0437\u0434\u043e\u0440\u043e\u0432\u044c\u044f.<\/strong><\/p><p>\u041a\u0430\u043a \u043d\u0435\u0432\u0440\u043e\u043b\u043e\u0433, \u043d\u0430 \u043f\u0440\u043e\u0442\u044f\u0436\u0435\u043d\u0438\u0438 \u0432\u0441\u0435\u0439 \u0441\u0432\u043e\u0435\u0439 20-\u043b\u0435\u0442\u043d\u0435\u0439 \u043a\u0430\u0440\u044c\u0435\u0440\u044b \u0432 \u0422\u0443\u0440\u0446\u0438\u0438 \u044f \u0432\u0441\u0435\u0433\u0434\u0430 \u0432\u0435\u0440\u0438\u043b, \u0447\u0442\u043e \u0434\u043e\u0441\u0442\u0443\u043f\u043d\u043e\u0435 \u0438 \u043a\u0430\u0447\u0435\u0441\u0442\u0432\u0435\u043d\u043d\u043e\u0435 \u0437\u0434\u0440\u0430\u0432\u043e\u043e\u0445\u0440\u0430\u043d\u0435\u043d\u0438\u0435 - \u044d\u0442\u043e \u043f\u0440\u0430\u0432\u043e \u043a\u0430\u0436\u0434\u043e\u0433\u043e \u0447\u0435\u043b\u043e\u0432\u0435\u043a\u0430, \u0438 \u044f \u043e\u0431\u0441\u043b\u0443\u0436\u0438\u0432\u0430\u043b \u0441\u0432\u043e\u0438\u0445 \u043f\u0430\u0446\u0438\u0435\u043d\u0442\u043e\u0432 \u0432 \u044d\u0442\u0438\u0445 \u0440\u0430\u043c\u043a\u0430\u0445.<br \/>\u041a\u0430\u043a \u0430\u0433\u0435\u043d\u0442\u044b \u0437\u0434\u0440\u0430\u0432\u043e\u043e\u0445\u0440\u0430\u043d\u0435\u043d\u0438\u044f \u043c\u044b \u0441\u0442\u0440\u0435\u043c\u0438\u043c\u0441\u044f \u043a \u0442\u043e\u043c\u0443, \u0447\u0442\u043e\u0431\u044b \u043f\u0430\u0446\u0438\u0435\u043d\u0442\u044b, \u0433\u0434\u0435 \u0431\u044b \u043e\u043d\u0438 \u043d\u0438 \u043d\u0430\u0445\u043e\u0434\u0438\u043b\u0438\u0441\u044c, \u0438\u043c\u0435\u043b\u0438 \u0434\u043e\u0441\u0442\u0443\u043f \u043a \u043a\u0430\u0447\u0435\u0441\u0442\u0432\u0435\u043d\u043d\u044b\u043c \u0438 \u044d\u043a\u043e\u043d\u043e\u043c\u0438\u0447\u0435\u0441\u043a\u0438 \u0434\u043e\u0441\u0442\u0443\u043f\u043d\u044b\u043c \u043c\u0435\u0434\u0438\u0446\u0438\u043d\u0441\u043a\u0438\u043c \u0443\u0441\u043b\u0443\u0433\u0430\u043c, \u0433\u0434\u0435 \u0438\u043c \u0431\u044b\u0441\u0442\u0440\u043e \u0438 \u0442\u043e\u0447\u043d\u043e \u0441\u0442\u0430\u0432\u044f\u0442 \u0434\u0438\u0430\u0433\u043d\u043e\u0437 \u0438 \u043d\u0430\u0437\u043d\u0430\u0447\u0430\u044e\u0442 \u043d\u0435\u043e\u0431\u0445\u043e\u0434\u0438\u043c\u043e\u0435 \u043b\u0435\u0447\u0435\u043d\u0438\u0435.<\/p><p>\u041e\u0431\u0435\u0441\u043f\u0435\u0447\u0438\u0432\u0430\u044f \u0434\u043e\u0441\u0442\u0443\u043f \u043a \u043c\u0435\u0434\u0438\u0446\u0438\u043d\u0441\u043a\u0438\u043c \u0443\u0441\u043b\u0443\u0433\u0430\u043c, \u043c\u044b \u0441\u0447\u0438\u0442\u0430\u0435\u043c \u0441\u0432\u043e\u0438\u043c \u0434\u043e\u043b\u0433\u043e\u043c \u0433\u0430\u0440\u0430\u043d\u0442\u0438\u0440\u043e\u0432\u0430\u0442\u044c \u043f\u0440\u0435\u0434\u043e\u0441\u0442\u0430\u0432\u043b\u0435\u043d\u0438\u0435 \u043a\u0430\u0447\u0435\u0441\u0442\u0432\u0435\u043d\u043d\u044b\u0445 \u0443\u0441\u043b\u0443\u0433 \u0431\u0435\u0437 \u0434\u0438\u0441\u043a\u0440\u0438\u043c\u0438\u043d\u0430\u0446\u0438\u0438 \u043f\u043e \u043f\u0440\u0438\u0437\u043d\u0430\u043a\u0443 \u0440\u0430\u0441\u044b, \u044f\u0437\u044b\u043a\u0430, \u0440\u0435\u043b\u0438\u0433\u0438\u0438, \u043f\u043e\u043b\u0430 \u0438 \u0432 \u0441\u043e\u043e\u0442\u0432\u0435\u0442\u0441\u0442\u0432\u0438\u0438 \u0441 \u043e\u0441\u043d\u043e\u0432\u043d\u044b\u043c\u0438 \u044d\u0442\u0438\u0447\u0435\u0441\u043a\u0438\u043c\u0438 \u0446\u0435\u043d\u043d\u043e\u0441\u0442\u044f\u043c\u0438.<\/p>\t\t\t\t\t\t\t\t<\/div>\n\t\t\t\t<\/div>\n\t\t\t\t<div class=\"elementor-element elementor-element-d0f6c3a syd-sticky-section-no elementor-widget elementor-widget-heading\" data-id=\"d0f6c3a\" data-element_type=\"widget\" data-widget_type=\"heading.default\">\n\t\t\t\t<div class=\"elementor-widget-container\">\n\t\t\t\t\t<h6 class=\"elementor-heading-title elementor-size-default\">\u041c\u0415\u0414\u0418\u0426\u0418\u041d\u0421\u041a\u0418\u0415 \u0410\u0413\u0415\u041d\u0422\u042b \u0422\u0423\u0420\u0426\u0418\u042f<\/h6>\t\t\t\t<\/div>\n\t\t\t\t<\/div>\n\t\t\t\t<\/div>\n\t\t<div class=\"elementor-element elementor-element-41e8977 e-con-full e-flex syd-sticky-section-no e-con e-child\" data-id=\"41e8977\" data-element_type=\"container\">\n\t\t\t\t<div class=\"elementor-element elementor-element-f4b4211 syd-sticky-section-no elementor-widget elementor-widget-image\" data-id=\"f4b4211\" data-element_type=\"widget\" data-widget_type=\"image.default\">\n\t\t\t\t<div class=\"elementor-widget-container\">\n\t\t\t\t\t\t\t\t\t\t\t\t\t\t\t<img fetchpriority=\"high\" decoding=\"async\" width=\"450\" height=\"450\" src=\"https:\/\/healthagentsturkey.com\/wp-content\/uploads\/2023\/11\/binnur.png\" class=\"attachment-large size-large wp-image-1026\" alt=\"\" srcset=\"https:\/\/healthagentsturkey.com\/wp-content\/uploads\/2023\/11\/binnur.png.webp 450w, https:\/\/healthagentsturkey.com\/wp-content\/uploads\/2023\/11\/binnur-300x300.png.webp 300w, https:\/\/healthagentsturkey.com\/wp-content\/uploads\/2023\/11\/binnur-150x150.png.webp 150w, https:\/\/healthagentsturkey.com\/wp-content\/uploads\/2023\/11\/binnur-230x230.png.webp 230w, https:\/\/healthagentsturkey.com\/wp-content\/uploads\/2023\/11\/binnur-350x350.png.webp 350w\" sizes=\"(max-width: 450px) 100vw, 450px\" \/>\t\t\t\t\t\t\t\t\t\t\t\t\t\t\t<\/div>\n\t\t\t\t<\/div>\n\t\t\t\t<\/div>\n\t\t<div class=\"elementor-element elementor-element-44d51ab e-con-full e-flex syd-sticky-section-no e-con e-child\" data-id=\"44d51ab\" data-element_type=\"container\">\n\t\t\t\t<div class=\"elementor-element elementor-element-4c17323 syd-sticky-section-no elementor-widget elementor-widget-text-editor\" data-id=\"4c17323\" data-element_type=\"widget\" data-widget_type=\"text-editor.default\">\n\t\t\t\t<div class=\"elementor-widget-container\">\n\t\t\t\t\t\t\t\t\t<p>\u041c\u044b \u0441\u0442\u0440\u0435\u043c\u0438\u043c\u0441\u044f \u043e\u0431\u0435\u0441\u043f\u0435\u0447\u0438\u0442\u044c \u043f\u0440\u0430\u0432\u043e \u043f\u0430\u0446\u0438\u0435\u043d\u0442\u043e\u0432 \u043d\u0430 \u043f\u043e\u043b\u0443\u0447\u0435\u043d\u0438\u0435 \u0434\u043e\u0441\u0442\u043e\u0432\u0435\u0440\u043d\u043e\u0439 \u0438 \u0443\u0434\u043e\u0432\u043b\u0435\u0442\u0432\u043e\u0440\u0438\u0442\u0435\u043b\u044c\u043d\u043e\u0439 \u0438\u043d\u0444\u043e\u0440\u043c\u0430\u0446\u0438\u0438 \u043e \u0441\u0432\u043e\u0435\u043c \u0437\u0434\u043e\u0440\u043e\u0432\u044c\u0435 \u043e\u0442 \u043c\u0435\u0434\u0438\u0446\u0438\u043d\u0441\u043a\u043e\u0439 \u043e\u0440\u0433\u0430\u043d\u0438\u0437\u0430\u0446\u0438\u0438, \u0432 \u043a\u043e\u0442\u043e\u0440\u043e\u0439 \u043e\u043d\u0438 \u043f\u043e\u043b\u0443\u0447\u0430\u044e\u0442 \u0443\u0441\u043b\u0443\u0433\u0438, \u0438 \u0432 \u0442\u043e \u0436\u0435 \u0432\u0440\u0435\u043c\u044f \u0433\u0430\u0440\u0430\u043d\u0442\u0438\u0440\u0443\u0435\u043c \u0437\u0430\u0449\u0438\u0442\u0443 \u0438\u0445 \u043f\u0435\u0440\u0441\u043e\u043d\u0430\u043b\u044c\u043d\u044b\u0445 \u0434\u0430\u043d\u043d\u044b\u0445.<\/p>\n<p>\u041c\u0435\u0434\u0438\u0446\u0438\u043d\u0441\u043a\u0438\u0435 \u0443\u0447\u0440\u0435\u0436\u0434\u0435\u043d\u0438\u044f, \u0441 \u043a\u043e\u0442\u043e\u0440\u044b\u043c\u0438 \u043c\u044b \u0441\u043e\u0442\u0440\u0443\u0434\u043d\u0438\u0447\u0430\u0435\u043c, \u0434\u043e\u043b\u0436\u043d\u044b \u0441\u043e\u043e\u0442\u0432\u0435\u0442\u0441\u0442\u0432\u043e\u0432\u0430\u0442\u044c \u043d\u0430\u0443\u0447\u043d\u044b\u043c \u0438 \u043c\u0435\u0434\u0438\u0446\u0438\u043d\u0441\u043a\u0438\u043c \u0442\u0440\u0435\u0431\u043e\u0432\u0430\u043d\u0438\u044f\u043c, \u0438\u043c\u0435\u0442\u044c \u043a\u0432\u0430\u043b\u0438\u0444\u0438\u0446\u0438\u0440\u043e\u0432\u0430\u043d\u043d\u044b\u0439 \u043c\u0435\u0434\u0438\u0446\u0438\u043d\u0441\u043a\u0438\u0439 \u043f\u0435\u0440\u0441\u043e\u043d\u0430\u043b, \u043d\u0430\u0443\u0447\u043d\u043e \u043e\u0434\u043e\u0431\u0440\u0435\u043d\u043d\u044b\u0435 \u043b\u0435\u043a\u0430\u0440\u0441\u0442\u0432\u0430 \u0438 \u0431\u043e\u043b\u044c\u043d\u0438\u0447\u043d\u043e\u0435 \u043e\u0431\u043e\u0440\u0443\u0434\u043e\u0432\u0430\u043d\u0438\u0435. \u041a\u0430\u043a \u0430\u0433\u0435\u043d\u0442\u0441\u0442\u0432\u0430 \u0437\u0434\u0440\u0430\u0432\u043e\u043e\u0445\u0440\u0430\u043d\u0435\u043d\u0438\u044f, \u043c\u044b \u0440\u0430\u0431\u043e\u0442\u0430\u0435\u043c \u0441 \u043c\u0435\u0434\u0438\u0446\u0438\u043d\u0441\u043a\u0438\u043c\u0438 \u0443\u0447\u0440\u0435\u0436\u0434\u0435\u043d\u0438\u044f\u043c\u0438, \u043a\u043e\u0442\u043e\u0440\u044b\u0435 \u043f\u0440\u043e\u0448\u043b\u0438 \u043f\u0440\u043e\u0432\u0435\u0440\u043a\u0443 \u041c\u0438\u043d\u0438\u0441\u0442\u0435\u0440\u0441\u0442\u0432\u0430 \u0437\u0434\u0440\u0430\u0432\u043e\u043e\u0445\u0440\u0430\u043d\u0435\u043d\u0438\u044f \u0438 \u043f\u043e\u043b\u0443\u0447\u0438\u043b\u0438 \u0441\u0435\u0440\u0442\u0438\u0444\u0438\u043a\u0430\u0442 \u0440\u0430\u0437\u0440\u0435\u0448\u0435\u043d\u0438\u044f \u043d\u0430 \u043c\u0435\u0434\u0438\u0446\u0438\u043d\u0441\u043a\u0438\u0439 \u0442\u0443\u0440\u0438\u0437\u043c.<\/p>\n<p>\u041f\u0440\u0430\u0432\u043e \u043d\u0430 \u0437\u0434\u043e\u0440\u043e\u0432\u044c\u0435 - \u043e\u0434\u043d\u0430 \u0438\u0437 \u0441\u0430\u043c\u044b\u0445 \u0433\u043b\u0430\u0432\u043d\u044b\u0445 \u0447\u0435\u043b\u043e\u0432\u0435\u0447\u0435\u0441\u043a\u0438\u0445 \u0446\u0435\u043d\u043d\u043e\u0441\u0442\u0435\u0439, \u0438 \u0432 \u0440\u0430\u043c\u043a\u0430\u0445 \u043d\u0430\u0448\u0435\u0433\u043e \u0443\u0432\u0430\u0436\u0435\u043d\u0438\u044f \u043a \u044d\u0442\u043e\u0439 \u0446\u0435\u043d\u043d\u043e\u0441\u0442\u0438 \u043c\u044b \u043e\u0446\u0435\u043d\u0438\u0432\u0430\u0435\u043c \u0432\u0430\u0448\u0438 \u043e\u0442\u0437\u044b\u0432\u044b, \u0447\u0442\u043e\u0431\u044b \u043f\u043e\u0441\u0442\u043e\u044f\u043d\u043d\u043e \u0443\u043b\u0443\u0447\u0448\u0430\u0442\u044c \u0438 \u043f\u043e\u0434\u0434\u0435\u0440\u0436\u0438\u0432\u0430\u0442\u044c \u043a\u0430\u0447\u0435\u0441\u0442\u0432\u043e \u043d\u0430\u0448\u0438\u0445 \u0443\u0441\u043b\u0443\u0433. \u0412\u0430\u0448\u0438 \u043f\u043e\u0436\u0435\u043b\u0430\u043d\u0438\u044f - \u044d\u0442\u043e \u0432\u043e\u0437\u043c\u043e\u0436\u043d\u043e\u0441\u0442\u044c \u0434\u043b\u044f \u0434\u0430\u043b\u044c\u043d\u0435\u0439\u0448\u0435\u0433\u043e \u0441\u043e\u0432\u0435\u0440\u0448\u0435\u043d\u0441\u0442\u0432\u043e\u0432\u0430\u043d\u0438\u044f.<\/p>\n<p>\u0416\u0435\u043b\u0430\u044e \u0432\u0441\u0435\u043c \u0432\u0430\u043c \u0437\u0434\u043e\u0440\u043e\u0432\u043e\u0433\u043e \u0434\u043d\u044f.<\/p>\n<p><strong>\u0414\u043e\u043a\u0442\u043e\u0440 \u0411\u0438\u043d\u043d\u0443\u0440 \u041e\u0417\u041a\u0410\u0420<\/strong><\/p>\n<p><strong style=\"text-align: var(--text-align);\">\u041d\u0435\u0432\u0440\u043e\u043b\u043e\u0433<\/strong><\/p><p><strong style=\"text-align: var(--text-align);\">\u041f\u0440\u0435\u0437\u0438\u0434\u0435\u043d\u0442 \u0433\u0440\u0443\u043f\u043f\u044b \u043c\u0435\u0434\u0438\u0446\u0438\u043d\u0441\u043a\u0438\u0445 \u0430\u0433\u0435\u043d\u0442\u043e\u0432<\/strong><br><\/p>\t\t\t\t\t\t\t\t<\/div>\n\t\t\t\t<\/div>\n\t\t\t\t<\/div>\n\t\t\t\t\t<\/div>\n\t\t\t\t<\/div>\n\t\t\t\t<\/div>","protected":false},"excerpt":{"rendered":"<p>Ba\u015fkan\u0131n Mesaj\u0131 D\u00fcnya Sa\u011fl\u0131k \u00d6rg\u00fct\u00fc taraf\u0131ndan 1946 y\u0131l\u0131nda yay\u0131nlanan anayasaya g\u00f6re sa\u011fl\u0131k hakk\u0131, \u0131rk, din, siyasi inan\u00e7, ekonomik ve sosyal stat\u00fc fark\u0131 [&hellip;]<\/p>","protected":false},"author":1,"featured_media":0,"parent":401,"menu_order":0,"comment_status":"closed","ping_status":"closed","template":"page-templates\/page_front-page.php","meta":{"_eb_attr":"","footnotes":""},"class_list":["post-1093","page","type-page","status-publish","hentry"],"_links":{"self":[{"href":"https:\/\/healthagentsturkey.com\/ru\/wp-json\/wp\/v2\/pages\/1093","targetHints":{"allow":["GET"]}}],"collection":[{"href":"https:\/\/healthagentsturkey.com\/ru\/wp-json\/wp\/v2\/pages"}],"about":[{"href":"https:\/\/healthagentsturkey.com\/ru\/wp-json\/wp\/v2\/types\/page"}],"author":[{"embeddable":true,"href":"https:\/\/healthagentsturkey.com\/ru\/wp-json\/wp\/v2\/users\/1"}],"replies":[{"embeddable":true,"href":"https:\/\/healthagentsturkey.com\/ru\/wp-json\/wp\/v2\/comments?post=1093"}],"version-history":[{"count":0,"href":"https:\/\/healthagentsturkey.com\/ru\/wp-json\/wp\/v2\/pages\/1093\/revisions"}],"up":[{"embeddable":true,"href":"https:\/\/healthagentsturkey.com\/ru\/wp-json\/wp\/v2\/pages\/401"}],"wp:attachment":[{"href":"https:\/\/healthagentsturkey.com\/ru\/wp-json\/wp\/v2\/media?parent=1093"}],"curies":[{"name":"wp","href":"https:\/\/api.w.org\/{rel}","templated":true}]}}