{"id":928,"date":"2023-11-12T08:56:57","date_gmt":"2023-11-12T08:56:57","guid":{"rendered":"https:\/\/healthagentsturkey.com\/?page_id=928"},"modified":"2026-02-25T10:31:54","modified_gmt":"2026-02-25T07:31:54","slug":"dis22","status":"publish","type":"page","link":"https:\/\/healthagentsturkey.com\/fr\/tedavi\/dis22\/","title":{"rendered":"Traitements dentaires"},"content":{"rendered":"<div data-elementor-type=\"wp-page\" data-elementor-id=\"928\" class=\"elementor elementor-928\" data-elementor-post-type=\"page\">\n\t\t\t\t\t\t<section class=\"elementor-section elementor-top-section elementor-element elementor-element-eedafb9 elementor-section-content-middle elementor-section-boxed elementor-section-height-default elementor-section-height-default tp-parallax-no syd-sticky-section-no\" data-id=\"eedafb9\" data-element_type=\"section\" data-settings=\"{&quot;tp_sticky_sec_effect_enable&quot;:false}\">\n\t\t\t\t\t\t<div class=\"elementor-container elementor-column-gap-default\">\n\t\t\t\t\t<div data-aos=\"\" class=\"elementor-column elementor-col-50 elementor-top-column elementor-element elementor-element-571508b syd-sticky-section-no\" data-id=\"571508b\" data-element_type=\"column\" data-settings=\"{&quot;tp_sticky_col_effect_enable&quot;:false}\">\n\t\t\t<div class=\"elementor-widget-wrap elementor-element-populated\">\n\t\t\t\t\t\t<div class=\"elementor-element elementor-element-fb80230 syd-sticky-section-no elementor-widget elementor-widget-heading\" data-id=\"fb80230\" data-element_type=\"widget\" data-widget_type=\"heading.default\">\n\t\t\t\t<div class=\"elementor-widget-container\">\n\t\t\t\t\t<h6 class=\"elementor-heading-title elementor-size-default\">TRAITEMENTS<\/h6>\t\t\t\t<\/div>\n\t\t\t\t<\/div>\n\t\t\t\t<div class=\"elementor-element elementor-element-2fc2cb6 syd-sticky-section-no elementor-widget elementor-widget-heading\" data-id=\"2fc2cb6\" data-element_type=\"widget\" data-widget_type=\"heading.default\">\n\t\t\t\t<div class=\"elementor-widget-container\">\n\t\t\t\t\t<h2 class=\"elementor-heading-title elementor-size-default\">Traitements dentaires<\/h2>\t\t\t\t<\/div>\n\t\t\t\t<\/div>\n\t\t\t\t<div class=\"elementor-element elementor-element-1cf0f1c syd-sticky-section-no elementor-widget elementor-widget-text-editor\" data-id=\"1cf0f1c\" data-element_type=\"widget\" data-widget_type=\"text-editor.default\">\n\t\t\t\t<div class=\"elementor-widget-container\">\n\t\t\t\t\t\t\t\t\t<div class=\"chat-history-scroll-container ng-tns-c1017943837-2 show-bottom-shadow ng-trigger ng-trigger-resetChat\"><div class=\"conversation-container ng-tns-c1017943837-2 narrow-container ng-star-inserted\"><div class=\"ng-tns-c2771231018-27\"><div class=\"response-container ng-tns-c71079910-28 response-container-has-multiple-responses\"><div class=\"presented-response-container ng-tns-c71079910-28\"><div class=\"response-container-content ng-tns-c71079910-28\"><div class=\"response-content ng-trigger ng-trigger-responsePopulation ng-tns-c71079910-28 ng-animate-disabled\"><div class=\"markdown markdown-main-panel\" dir=\"ltr\"><p data-sourcepos=\"1:1-1:24\"><strong>Qu'est-ce que l'odontologie ?<\/strong><\/p><p data-sourcepos=\"3:1-3:197\">L'odontologie est une branche de la m\u00e9decine qui s'occupe de la sant\u00e9 dentaire et buccale. Les dentistes diagnostiquent, traitent et prot\u00e8gent les dents, les gencives, la langue et les autres structures et fonctions de la cavit\u00e9 buccale.<\/p><p data-sourcepos=\"5:1-5:25\"><strong>Types de dentisterie<\/strong><\/p><p data-sourcepos=\"7:1-7:65\">L'odontologie comprend diff\u00e9rentes sp\u00e9cialit\u00e9s, telles que<\/p><ul data-sourcepos=\"9:1-23:0\"><li data-sourcepos=\"9:1-10:30\"><strong>Dentisterie g\u00e9n\u00e9rale :<\/strong>\u00a0Traite les caries, les maladies des gencives, la perte de dents et d'autres probl\u00e8mes dentaires courants.<br \/><div class=\"attachment-container search-images\">\u00a0<\/div><\/li><li data-sourcepos=\"11:1-12:20\"><strong>Orthodontie<\/strong> Il applique un traitement orthodontique pour assurer la croissance et le d\u00e9veloppement corrects des dents et de la m\u00e2choire.<\/li><li data-sourcepos=\"13:1-14:20\"><strong>Endodontie<\/strong>\u00a0Il effectue des interventions sur les racines et les nerfs des dents pour traiter les maux de dents et les infections.<\/li><li data-sourcepos=\"15:1-16:25\"><strong>Parodontologie<\/strong>\u00a0Diagnostiquer, traiter et pr\u00e9venir les maladies des gencives.<\/li><li data-sourcepos=\"17:1-18:35\"><strong>Dentisterie restauratrice :<\/strong>\u00a0Il effectue des interventions telles que des plombages, des facettes, des couronnes et des bridges pour r\u00e9parer les caries, les fractures dentaires et d'autres dommages.<\/li><li data-sourcepos=\"19:1-20:30\"><strong>Dentisterie p\u00e9diatrique :<\/strong>\u00a0Fournit des services de dentisterie pour prot\u00e9ger la sant\u00e9 dentaire et bucco-dentaire des enfants et des adolescents.<\/li><li data-sourcepos=\"21:1-23:0\"><strong>Implantologie dentaire :<\/strong>\u00a0Les implants sont pos\u00e9s pour compenser la perte de dents.<\/li><\/ul><p data-sourcepos=\"24:1-24:27\"><strong>Que fait la dentisterie ?<\/strong><\/p><p data-sourcepos=\"26:1-26:69\">Les dentistes proposent diff\u00e9rents services dentaires, tels que<\/p><ul data-sourcepos=\"28:1-39:0\"><li data-sourcepos=\"28:1-28:178\"><strong>Examens et nettoyages dentaires :<\/strong>\u00a0Les dentistes recommandent des examens et des nettoyages dentaires r\u00e9guliers pour examiner les dents et les gencives et d\u00e9tecter d'\u00e9ventuels probl\u00e8mes.<\/li><li data-sourcepos=\"29:1-29:92\"><strong>Remplissage :<\/strong>\u00a0Elle utilise des plombages de la couleur de la dent pour r\u00e9parer les caries ou d'autres dommages.<\/li><li data-sourcepos=\"30:1-30:104\"><strong>Rev\u00eatements<\/strong>\u00a0Elle utilise des facettes plus grandes, de la couleur des dents, pour recouvrir les dents endommag\u00e9es ou manquantes.<\/li><li data-sourcepos=\"31:1-31:127\"><strong>Couronnes<\/strong>\u00a0Il utilise des facettes encore plus grandes, de la couleur des dents, pour recouvrir compl\u00e8tement et soutenir les dents endommag\u00e9es ou manquantes.<\/li><li data-sourcepos=\"32:1-32:96\"><strong>Ponts<\/strong>\u00a0Un ensemble de couronnes utilis\u00e9es pour relier deux ou plusieurs dents manquantes.<\/li><li data-sourcepos=\"33:1-33:111\"><strong>Proth\u00e8ses<\/strong>\u00a0Les proth\u00e8ses amovibles sont utilis\u00e9es pour les patients \u00e0 qui il manque tout ou partie des dents.<\/li><li data-sourcepos=\"34:1-34:88\"><strong>Blanchiment des dents :<\/strong>\u00a0Il applique des traitements de blanchiment des dents pour \u00e9claircir la couleur de vos dents.<\/li><li data-sourcepos=\"35:1-35:130\"><strong>Traitement orthodontique :<\/strong>\u00a0Il applique un traitement orthodontique pour assurer la croissance et le d\u00e9veloppement corrects des dents et de la m\u00e2choire.<\/li><li data-sourcepos=\"36:1-36:83\"><strong>Traitement des gencives :<\/strong>\u00a0Diagnostiquer, traiter et pr\u00e9venir les maladies des gencives.<\/li><li data-sourcepos=\"37:1-37:132\"><strong>Traitement des racines des dents :<\/strong>\u00a0Il effectue des interventions sur les racines et les nerfs des dents pour traiter les maux de dents et les infections.<\/li><li data-sourcepos=\"38:1-39:0\"><strong>Implants dentaires :<\/strong>\u00a0Les implants sont pos\u00e9s pour compenser la perte de dents.<\/li><\/ul><\/div><\/div><\/div><\/div><\/div><\/div><\/div><\/div>\t\t\t\t\t\t\t\t<\/div>\n\t\t\t\t<\/div>\n\t\t\t\t\t<\/div>\n\t\t<\/div>\n\t\t\t\t<div data-aos=\"\" class=\"elementor-column elementor-col-50 elementor-top-column elementor-element elementor-element-bc4d4c0 syd-sticky-section-no\" data-id=\"bc4d4c0\" data-element_type=\"column\" data-settings=\"{&quot;tp_sticky_col_effect_enable&quot;:false}\">\n\t\t\t<div class=\"elementor-widget-wrap elementor-element-populated\">\n\t\t\t\t\t\t<div class=\"elementor-element elementor-element-48dd569 syd-sticky-section-no elementor-widget elementor-widget-image\" data-id=\"48dd569\" data-element_type=\"widget\" data-widget_type=\"image.default\">\n\t\t\t\t<div class=\"elementor-widget-container\">\n\t\t\t\t\t\t\t\t\t<\/div>\n\t\t\t\t<\/div>\n\t\t\t\t<div class=\"elementor-element elementor-element-8476e36 syd-sticky-section-no elementor-widget elementor-widget-text-editor\" data-id=\"8476e36\" data-element_type=\"widget\" data-widget_type=\"text-editor.default\">\n\t\t\t\t<div class=\"elementor-widget-container\">\n\t\t\t\t\t\t\t\t\t<p data-sourcepos=\"40:1-40:34\"><strong>Pourquoi la dentisterie est-elle importante ?<\/strong><\/p><p data-sourcepos=\"42:1-42:220\">Des dents et des gencives saines sont importantes pour une bonne sant\u00e9 g\u00e9n\u00e9rale. Les caries, les maladies des gencives et d'autres probl\u00e8mes dentaires peuvent entra\u00eener des douleurs, des infections et m\u00eame des probl\u00e8mes de sant\u00e9 graves tels que les maladies cardiaques, les accidents vasculaires c\u00e9r\u00e9braux et le diab\u00e8te.<\/p><p data-sourcepos=\"44:1-44:149\">Des visites r\u00e9guli\u00e8res chez le dentiste sont le meilleur moyen de pr\u00e9server la sant\u00e9 des dents et des gencives et de diagnostiquer et traiter rapidement les probl\u00e8mes dentaires.<\/p><p data-sourcepos=\"1:1-1:29\"><strong>Dentisterie \u00e0 Istanbul<\/strong><\/p><p data-sourcepos=\"3:1-3:226\">Istanbul, en Turquie, est l'une des villes les plus anciennes et les plus importantes du monde. C'est \u00e9galement l'une des destinations les plus populaires du monde en mati\u00e8re de tourisme de sant\u00e9. La dentisterie est l'un des services de sant\u00e9 les plus populaires offerts \u00e0 Istanbul.<\/p><p data-sourcepos=\"5:1-5:264\">Il y a plusieurs raisons de pratiquer l'art dentaire \u00e0 Istanbul. Tout d'abord, Istanbul abrite certains des meilleurs dentistes du monde. Ces dentistes suivent les derni\u00e8res \u00e9volutions dans le domaine de la dentisterie et proposent des traitements de la plus haute qualit\u00e9.<\/p><p data-sourcepos=\"7:1-7:219\">Deuxi\u00e8mement, les services de dentisterie \u00e0 Istanbul sont plus abordables que dans de nombreuses autres r\u00e9gions du monde. Istanbul est donc une option int\u00e9ressante pour les patients \u00e0 la recherche de solutions dentaires abordables.<\/p><p data-sourcepos=\"9:1-9:174\">Troisi\u00e8mement, Istanbul est une ville dynamique et cosmopolite qui a beaucoup \u00e0 offrir aux visiteurs. Cela peut faire de votre voyage dentaire une exp\u00e9rience agr\u00e9able et inoubliable.<\/p>\t\t\t\t\t\t\t\t<\/div>\n\t\t\t\t<\/div>\n\t\t\t\t\t<\/div>\n\t\t<\/div>\n\t\t\t\t\t<\/div>\n\t\t<\/section>\n\t\t\t\t<section class=\"elementor-section elementor-top-section elementor-element elementor-element-0202058 elementor-section-content-middle elementor-section-boxed elementor-section-height-default elementor-section-height-default tp-parallax-no syd-sticky-section-no\" data-id=\"0202058\" data-element_type=\"section\" data-settings=\"{&quot;background_background&quot;:&quot;classic&quot;,&quot;tp_sticky_sec_effect_enable&quot;:false}\">\n\t\t\t\t\t\t<div class=\"elementor-container elementor-column-gap-default\">\n\t\t\t\t\t<div data-aos=\"\" class=\"elementor-column elementor-col-50 elementor-top-column elementor-element elementor-element-76846c7 syd-sticky-section-no\" data-id=\"76846c7\" data-element_type=\"column\" data-settings=\"{&quot;tp_sticky_col_effect_enable&quot;:false}\">\n\t\t\t<div class=\"elementor-widget-wrap elementor-element-populated\">\n\t\t\t\t\t\t<div class=\"elementor-element elementor-element-2f05a8b syd-sticky-section-no elementor-widget elementor-widget-heading\" data-id=\"2f05a8b\" data-element_type=\"widget\" data-widget_type=\"heading.default\">\n\t\t\t\t<div class=\"elementor-widget-container\">\n\t\t\t\t\t<h2 class=\"elementor-heading-title elementor-size-default\">Avez-vous des questions ?<\/h2>\t\t\t\t<\/div>\n\t\t\t\t<\/div>\n\t\t\t\t\t<\/div>\n\t\t<\/div>\n\t\t\t\t<div data-aos=\"\" class=\"elementor-column elementor-col-50 elementor-top-column elementor-element elementor-element-6816d86 syd-sticky-section-no\" data-id=\"6816d86\" data-element_type=\"column\" data-settings=\"{&quot;tp_sticky_col_effect_enable&quot;:false}\">\n\t\t\t<div class=\"elementor-widget-wrap elementor-element-populated\">\n\t\t\t\t\t\t<div class=\"elementor-element elementor-element-2ce152d elementor-align-right elementor-mobile-align-center syd-sticky-section-no elementor-widget elementor-widget-button\" data-id=\"2ce152d\" data-element_type=\"widget\" data-widget_type=\"button.default\">\n\t\t\t\t<div class=\"elementor-widget-container\">\n\t\t\t\t\t\t\t\t\t<div class=\"elementor-button-wrapper\">\n\t\t\t\t\t<a class=\"elementor-button elementor-button-link elementor-size-sm\" href=\"https:\/\/healthagentsturkey.com\/fr\/iletisim\/\">\n\t\t\t\t\t\t<span class=\"elementor-button-content-wrapper\">\n\t\t\t\t\t\t\t\t\t<span class=\"elementor-button-text\">Contactez nous<\/span>\n\t\t\t\t\t<\/span>\n\t\t\t\t\t<\/a>\n\t\t\t\t<\/div>\n\t\t\t\t\t\t\t\t<\/div>\n\t\t\t\t<\/div>\n\t\t\t\t\t<\/div>\n\t\t<\/div>\n\t\t\t\t\t<\/div>\n\t\t<\/section>\n\t\t\t\t<\/div>","protected":false},"excerpt":{"rendered":"<p>TEDAV\u0130LER Di\u015f Tedavileri Di\u015f Hekimli\u011fi Nedir? Di\u015f hekimli\u011fi, di\u015f ve a\u011f\u0131z sa\u011fl\u0131\u011f\u0131 ile ilgilenen bir t\u0131p dal\u0131d\u0131r. Di\u015f hekimleri, di\u015fleri, di\u015f etlerini, [&hellip;]<\/p>","protected":false},"author":1,"featured_media":0,"parent":899,"menu_order":0,"comment_status":"closed","ping_status":"closed","template":"elementor_header_footer","meta":{"_eb_attr":"","footnotes":""},"class_list":["post-928","page","type-page","status-publish","hentry"],"_links":{"self":[{"href":"https:\/\/healthagentsturkey.com\/fr\/wp-json\/wp\/v2\/pages\/928","targetHints":{"allow":["GET"]}}],"collection":[{"href":"https:\/\/healthagentsturkey.com\/fr\/wp-json\/wp\/v2\/pages"}],"about":[{"href":"https:\/\/healthagentsturkey.com\/fr\/wp-json\/wp\/v2\/types\/page"}],"author":[{"embeddable":true,"href":"https:\/\/healthagentsturkey.com\/fr\/wp-json\/wp\/v2\/users\/1"}],"replies":[{"embeddable":true,"href":"https:\/\/healthagentsturkey.com\/fr\/wp-json\/wp\/v2\/comments?post=928"}],"version-history":[{"count":1,"href":"https:\/\/healthagentsturkey.com\/fr\/wp-json\/wp\/v2\/pages\/928\/revisions"}],"predecessor-version":[{"id":4762,"href":"https:\/\/healthagentsturkey.com\/fr\/wp-json\/wp\/v2\/pages\/928\/revisions\/4762"}],"up":[{"embeddable":true,"href":"https:\/\/healthagentsturkey.com\/fr\/wp-json\/wp\/v2\/pages\/899"}],"wp:attachment":[{"href":"https:\/\/healthagentsturkey.com\/fr\/wp-json\/wp\/v2\/media?parent=928"}],"curies":[{"name":"wp","href":"https:\/\/api.w.org\/{rel}","templated":true}]}}