{"id":401,"date":"2021-11-01T11:30:50","date_gmt":"2021-11-01T11:30:50","guid":{"rendered":"https:\/\/demo.athemes.com\/sydney-main\/?page_id=401"},"modified":"2023-12-18T15:37:40","modified_gmt":"2023-12-18T12:37:40","slug":"hakkimizda","status":"publish","type":"page","link":"https:\/\/healthagentsturkey.com\/fr\/hakkimizda\/","title":{"rendered":"\u00c0 PROPOS DE NOUS"},"content":{"rendered":"<div data-elementor-type=\"wp-page\" data-elementor-id=\"401\" class=\"elementor elementor-401\" data-elementor-post-type=\"page\">\n\t\t\t\t\t\t<section class=\"elementor-section elementor-top-section elementor-element elementor-element-eedafb9 elementor-section-content-middle elementor-section-boxed elementor-section-height-default elementor-section-height-default tp-parallax-no syd-sticky-section-no\" data-id=\"eedafb9\" data-element_type=\"section\" data-settings=\"{&quot;tp_sticky_sec_effect_enable&quot;:false}\">\n\t\t\t\t\t\t<div class=\"elementor-container elementor-column-gap-default\">\n\t\t\t\t\t<div data-aos=\"\" class=\"elementor-column elementor-col-50 elementor-top-column elementor-element elementor-element-571508b syd-sticky-section-no\" data-id=\"571508b\" data-element_type=\"column\" data-settings=\"{&quot;tp_sticky_col_effect_enable&quot;:false}\">\n\t\t\t<div class=\"elementor-widget-wrap elementor-element-populated\">\n\t\t\t\t\t\t<div class=\"elementor-element elementor-element-fb80230 syd-sticky-section-no elementor-widget elementor-widget-heading\" data-id=\"fb80230\" data-element_type=\"widget\" data-widget_type=\"heading.default\">\n\t\t\t\t<div class=\"elementor-widget-container\">\n\t\t\t\t\t<h6 class=\"elementor-heading-title elementor-size-default\">Agents de sant\u00e9<\/h6>\t\t\t\t<\/div>\n\t\t\t\t<\/div>\n\t\t\t\t<div class=\"elementor-element elementor-element-2fc2cb6 syd-sticky-section-no elementor-widget elementor-widget-heading\" data-id=\"2fc2cb6\" data-element_type=\"widget\" data-widget_type=\"heading.default\">\n\t\t\t\t<div class=\"elementor-widget-container\">\n\t\t\t\t\t<h2 class=\"elementor-heading-title elementor-size-default\">\u00c0 propos de nous<\/h2>\t\t\t\t<\/div>\n\t\t\t\t<\/div>\n\t\t\t\t<div class=\"elementor-element elementor-element-1cf0f1c syd-sticky-section-no elementor-widget elementor-widget-text-editor\" data-id=\"1cf0f1c\" data-element_type=\"widget\" data-widget_type=\"text-editor.default\">\n\t\t\t\t<div class=\"elementor-widget-container\">\n\t\t\t\t\t\t\t\t\t<p><strong>Agents de sant\u00e9<\/strong>est un nouveau prestataire de soins de sant\u00e9 qui offre \u00e0 ses patients une vari\u00e9t\u00e9 de services, y compris des proc\u00e9dures esth\u00e9tiques et dentaires. <strong>Agents de sant\u00e9<\/strong> Le personnel m\u00e9dical sur place est sp\u00e9cialis\u00e9 dans sa discipline et met \u00e0 la disposition des patients un \u00e9tablissement moderne \u00e9quip\u00e9 des derni\u00e8res technologies pour r\u00e9pondre aux normes les plus \u00e9lev\u00e9es en mati\u00e8re de sant\u00e9 et de soins esth\u00e9tiques.<\/p><p><strong>Agents de sant\u00e9<\/strong>offre une vari\u00e9t\u00e9 de services m\u00e9dicaux allant des proc\u00e9dures esth\u00e9tiques non chirurgicales aux op\u00e9rations esth\u00e9tiques chirurgicales bien connues telles que la liposuccion, la plastie abdominale, la rhinoplastie et l'augmentation mammaire. En outre <strong>Agents de sant\u00e9<\/strong> propose \u00e9galement des services de chirurgie m\u00e9tabolique. Nos m\u00e9decins sp\u00e9cialis\u00e9s poss\u00e8dent une vaste exp\u00e9rience dans divers domaines, notamment le traitement de l'ob\u00e9sit\u00e9, la chirurgie m\u00e9tabolique et le traitement du diab\u00e8te.<\/p><p>Situ\u00e9 \u00e0 Istanbul <b>Agents de sant\u00e9<\/b>La clinique offre \u00e0 ses patients non seulement un service de la plus haute qualit\u00e9, mais aussi une atmosph\u00e8re soigneusement cr\u00e9\u00e9e pour leur confort et leur commodit\u00e9. <b>Agents de sant\u00e9<\/b>Il offre une exp\u00e9rience de premier ordre dans de nombreux domaines tels que la chirurgie esth\u00e9tique et m\u00e9tabolique en fournissant un service de qualit\u00e9 sup\u00e9rieure \u00e0 ses patients. <b>Agents de sant\u00e9<\/b>Notre personnel m\u00e9dical qualifi\u00e9, nos appareils technologiques de pointe et nos installations modernes sont \u00e0 m\u00eame de gagner la confiance des patients. Si vous \u00eates \u00e0 la recherche d'un service exp\u00e9riment\u00e9 et de qualit\u00e9 sp\u00e9cialis\u00e9 dans la sant\u00e9 et la beaut\u00e9 <b>Agents de sant\u00e9<\/b> pour vous !<\/p>\t\t\t\t\t\t\t\t<\/div>\n\t\t\t\t<\/div>\n\t\t\t\t\t<\/div>\n\t\t<\/div>\n\t\t\t\t<div data-aos=\"\" class=\"elementor-column elementor-col-50 elementor-top-column elementor-element elementor-element-bc4d4c0 syd-sticky-section-no\" data-id=\"bc4d4c0\" data-element_type=\"column\" data-settings=\"{&quot;tp_sticky_col_effect_enable&quot;:false}\">\n\t\t\t<div class=\"elementor-widget-wrap elementor-element-populated\">\n\t\t\t\t\t\t<div class=\"elementor-element elementor-element-48dd569 syd-sticky-section-no elementor-widget elementor-widget-image\" data-id=\"48dd569\" data-element_type=\"widget\" data-widget_type=\"image.default\">\n\t\t\t\t<div class=\"elementor-widget-container\">\n\t\t\t\t\t\t\t\t\t\t\t\t\t\t\t<img fetchpriority=\"high\" decoding=\"async\" width=\"802\" height=\"1024\" src=\"https:\/\/healthagentsturkey.com\/wp-content\/uploads\/2021\/11\/Rectangle-604-2-1-802x1024.jpg\" class=\"attachment-large size-large wp-image-409\" alt=\"\" srcset=\"https:\/\/healthagentsturkey.com\/wp-content\/uploads\/2021\/11\/Rectangle-604-2-1-802x1024.jpg 802w, https:\/\/healthagentsturkey.com\/wp-content\/uploads\/2021\/11\/Rectangle-604-2-1-235x300.jpg 235w, https:\/\/healthagentsturkey.com\/wp-content\/uploads\/2021\/11\/Rectangle-604-2-1-768x980.jpg 768w, https:\/\/healthagentsturkey.com\/wp-content\/uploads\/2021\/11\/Rectangle-604-2-1-230x294.jpg 230w, https:\/\/healthagentsturkey.com\/wp-content\/uploads\/2021\/11\/Rectangle-604-2-1-350x447.jpg 350w, https:\/\/healthagentsturkey.com\/wp-content\/uploads\/2021\/11\/Rectangle-604-2-1-480x613.jpg 480w, https:\/\/healthagentsturkey.com\/wp-content\/uploads\/2021\/11\/Rectangle-604-2-1.jpg 811w\" sizes=\"(max-width: 802px) 100vw, 802px\" \/>\t\t\t\t\t\t\t\t\t\t\t\t\t\t\t<\/div>\n\t\t\t\t<\/div>\n\t\t\t\t\t<\/div>\n\t\t<\/div>\n\t\t\t\t\t<\/div>\n\t\t<\/section>\n\t\t\t\t<section class=\"elementor-section elementor-top-section elementor-element elementor-element-cfed380 elementor-section-content-middle elementor-section-boxed elementor-section-height-default elementor-section-height-default tp-parallax-no syd-sticky-section-no\" data-id=\"cfed380\" data-element_type=\"section\" data-settings=\"{&quot;background_background&quot;:&quot;classic&quot;,&quot;tp_sticky_sec_effect_enable&quot;:false}\">\n\t\t\t\t\t\t<div class=\"elementor-container elementor-column-gap-default\">\n\t\t\t\t\t<div data-aos=\"\" class=\"elementor-column elementor-col-50 elementor-top-column elementor-element elementor-element-d8fac92 syd-sticky-section-no\" data-id=\"d8fac92\" data-element_type=\"column\" data-settings=\"{&quot;tp_sticky_col_effect_enable&quot;:false}\">\n\t\t\t<div class=\"elementor-widget-wrap elementor-element-populated\">\n\t\t\t\t\t\t<div class=\"elementor-element elementor-element-ea4173f elementor-widget__width-initial syd-sticky-section-no elementor-widget elementor-widget-heading\" data-id=\"ea4173f\" data-element_type=\"widget\" data-widget_type=\"heading.default\">\n\t\t\t\t<div class=\"elementor-widget-container\">\n\t\t\t\t\t<h2 class=\"elementor-heading-title elementor-size-default\">AVEZ-VOUS DES SUGGESTIONS \u00c0 NOUS FAIRE ?<\/h2>\t\t\t\t<\/div>\n\t\t\t\t<\/div>\n\t\t\t\t\t<\/div>\n\t\t<\/div>\n\t\t\t\t<div data-aos=\"\" class=\"elementor-column elementor-col-50 elementor-top-column elementor-element elementor-element-7aa5769 syd-sticky-section-no\" data-id=\"7aa5769\" data-element_type=\"column\" data-settings=\"{&quot;tp_sticky_col_effect_enable&quot;:false}\">\n\t\t\t<div class=\"elementor-widget-wrap elementor-element-populated\">\n\t\t\t\t\t\t<div class=\"elementor-element elementor-element-9c6e3e1 elementor-align-right elementor-mobile-align-center syd-sticky-section-no elementor-widget elementor-widget-button\" data-id=\"9c6e3e1\" data-element_type=\"widget\" data-widget_type=\"button.default\">\n\t\t\t\t<div class=\"elementor-widget-container\">\n\t\t\t\t\t\t\t\t\t<div class=\"elementor-button-wrapper\">\n\t\t\t\t\t<a class=\"elementor-button elementor-button-link elementor-size-sm\" href=\"https:\/\/healthagentsturkey.com\/fr\/iletisim\/\">\n\t\t\t\t\t\t<span class=\"elementor-button-content-wrapper\">\n\t\t\t\t\t\t\t\t\t<span class=\"elementor-button-text\">CONTACTEZ-NOUS<\/span>\n\t\t\t\t\t<\/span>\n\t\t\t\t\t<\/a>\n\t\t\t\t<\/div>\n\t\t\t\t\t\t\t\t<\/div>\n\t\t\t\t<\/div>\n\t\t\t\t\t<\/div>\n\t\t<\/div>\n\t\t\t\t\t<\/div>\n\t\t<\/section>\n\t\t\t\t<\/div>","protected":false},"excerpt":{"rendered":"<p>Health Agents Hakk\u0131m\u0131zda Health Agents, hastalar\u0131na estetik ve di\u015f prosed\u00fcrleri de dahil olmak \u00fczere \u00e7e\u015fitli hizmetler sunan geli\u015fmekte olan bir sa\u011fl\u0131k hizmeti [&hellip;]<\/p>","protected":false},"author":1,"featured_media":0,"parent":0,"menu_order":0,"comment_status":"closed","ping_status":"closed","template":"page-templates\/page_front-page.php","meta":{"_eb_attr":"","footnotes":""},"class_list":["post-401","page","type-page","status-publish","hentry"],"_links":{"self":[{"href":"https:\/\/healthagentsturkey.com\/fr\/wp-json\/wp\/v2\/pages\/401","targetHints":{"allow":["GET"]}}],"collection":[{"href":"https:\/\/healthagentsturkey.com\/fr\/wp-json\/wp\/v2\/pages"}],"about":[{"href":"https:\/\/healthagentsturkey.com\/fr\/wp-json\/wp\/v2\/types\/page"}],"author":[{"embeddable":true,"href":"https:\/\/healthagentsturkey.com\/fr\/wp-json\/wp\/v2\/users\/1"}],"replies":[{"embeddable":true,"href":"https:\/\/healthagentsturkey.com\/fr\/wp-json\/wp\/v2\/comments?post=401"}],"version-history":[{"count":0,"href":"https:\/\/healthagentsturkey.com\/fr\/wp-json\/wp\/v2\/pages\/401\/revisions"}],"wp:attachment":[{"href":"https:\/\/healthagentsturkey.com\/fr\/wp-json\/wp\/v2\/media?parent=401"}],"curies":[{"name":"wp","href":"https:\/\/api.w.org\/{rel}","templated":true}]}}