{"id":3165,"date":"2023-12-22T04:12:46","date_gmt":"2023-12-22T01:12:46","guid":{"rendered":"https:\/\/healthagentsturkey.com\/?page_id=3165"},"modified":"2026-02-25T10:31:56","modified_gmt":"2026-02-25T07:31:56","slug":"rinoplasti","status":"publish","type":"page","link":"https:\/\/healthagentsturkey.com\/fr\/tedavi\/estetik\/rinoplasti\/","title":{"rendered":"Rhinoplastie"},"content":{"rendered":"<div data-elementor-type=\"wp-page\" data-elementor-id=\"3165\" class=\"elementor elementor-3165\" data-elementor-post-type=\"page\">\n\t\t\t\t\t\t<section class=\"elementor-section elementor-top-section elementor-element elementor-element-eedafb9 elementor-section-content-middle elementor-section-boxed elementor-section-height-default elementor-section-height-default tp-parallax-no syd-sticky-section-no\" data-id=\"eedafb9\" data-element_type=\"section\" data-settings=\"{&quot;tp_sticky_sec_effect_enable&quot;:false}\">\n\t\t\t\t\t\t<div class=\"elementor-container elementor-column-gap-default\">\n\t\t\t\t\t<div data-aos=\"\" class=\"elementor-column elementor-col-50 elementor-top-column elementor-element elementor-element-571508b syd-sticky-section-no\" data-id=\"571508b\" data-element_type=\"column\" data-settings=\"{&quot;tp_sticky_col_effect_enable&quot;:false}\">\n\t\t\t<div class=\"elementor-widget-wrap elementor-element-populated\">\n\t\t\t\t\t\t<div class=\"elementor-element elementor-element-2fc2cb6 syd-sticky-section-no elementor-widget elementor-widget-heading\" data-id=\"2fc2cb6\" data-element_type=\"widget\" data-widget_type=\"heading.default\">\n\t\t\t\t<div class=\"elementor-widget-container\">\n\t\t\t\t\t<h2 class=\"elementor-heading-title elementor-size-default\">Esth\u00e9tique du nez<\/h2>\t\t\t\t<\/div>\n\t\t\t\t<\/div>\n\t\t\t\t<div class=\"elementor-element elementor-element-6e5f253 syd-sticky-section-no elementor-widget elementor-widget-heading\" data-id=\"6e5f253\" data-element_type=\"widget\" data-widget_type=\"heading.default\">\n\t\t\t\t<div class=\"elementor-widget-container\">\n\t\t\t\t\t<h6 class=\"elementor-heading-title elementor-size-default\">Rhinoplastie<\/h6>\t\t\t\t<\/div>\n\t\t\t\t<\/div>\n\t\t\t\t<div class=\"elementor-element elementor-element-1cf0f1c elementor-widget__width-initial syd-sticky-section-no elementor-widget elementor-widget-text-editor\" data-id=\"1cf0f1c\" data-element_type=\"widget\" data-widget_type=\"text-editor.default\">\n\t\t\t\t<div class=\"elementor-widget-container\">\n\t\t\t\t\t\t\t\t\t<p><strong>Qu'est-ce que la rhinoplastie ?<\/strong><\/p><p><strong>Rhinoplastie<\/strong>est le processus de reconstruction et de remodelage du nez. L'objectif est d'am\u00e9liorer l'esth\u00e9tique et la fonction du nez. La chirurgie esth\u00e9tique du nez en m\u00e9decine <strong>rhinoplastie<\/strong>est l'une des chirurgies esth\u00e9tiques les plus courantes aujourd'hui. Les femmes et les hommes sont couramment <strong>rhinoplastie<\/strong> ils vous obligent \u00e0 le faire.<\/p><p>La partie inf\u00e9rieure du nez est constitu\u00e9e de cartilage et la partie sup\u00e9rieure d'os. <strong>Rhinoplastie<\/strong>est le processus de remodelage de l'os, du cartilage, de la peau ou, si n\u00e9cessaire, des trois.<\/p>\t\t\t\t\t\t\t\t<\/div>\n\t\t\t\t<\/div>\n\t\t\t\t\t<\/div>\n\t\t<\/div>\n\t\t\t\t<div data-aos=\"\" class=\"elementor-column elementor-col-50 elementor-top-column elementor-element elementor-element-bc4d4c0 syd-sticky-section-no\" data-id=\"bc4d4c0\" data-element_type=\"column\" data-settings=\"{&quot;tp_sticky_col_effect_enable&quot;:false}\">\n\t\t\t<div class=\"elementor-widget-wrap elementor-element-populated\">\n\t\t\t\t\t\t<div class=\"elementor-element elementor-element-48dd569 syd-sticky-section-no elementor-widget elementor-widget-image\" data-id=\"48dd569\" data-element_type=\"widget\" data-widget_type=\"image.default\">\n\t\t\t\t<div class=\"elementor-widget-container\">\n\t\t\t\t\t\t\t\t\t<\/div>\n\t\t\t\t<\/div>\n\t\t\t\t\t<\/div>\n\t\t<\/div>\n\t\t\t\t\t<\/div>\n\t\t<\/section>\n\t\t<div class=\"elementor-element elementor-element-99fe56d e-flex e-con-boxed syd-sticky-section-no e-con e-parent\" data-id=\"99fe56d\" data-element_type=\"container\">\n\t\t\t\t\t<div class=\"e-con-inner\">\n\t\t\t\t<div class=\"elementor-element elementor-element-def30c4 syd-sticky-section-no elementor-widget elementor-widget-text-editor\" data-id=\"def30c4\" data-element_type=\"widget\" data-widget_type=\"text-editor.default\">\n\t\t\t\t<div class=\"elementor-widget-container\">\n\t\t\t\t\t\t\t\t\t<p><span style=\"font-weight: 600;\">Pourquoi la rhinoplastie est-elle pratiqu\u00e9e ?<\/span>?<\/p><p><b>Rhinoplastie<\/b>En d'autres termes, la rhinoplastie est une intervention privil\u00e9gi\u00e9e pour des raisons \u00e0 la fois esth\u00e9tiques et fonctionnelles. Les raisons pour lesquelles cette op\u00e9ration est pratiqu\u00e9e varient. Voici les raisons les plus courantes :\"<\/p><ul><li>Correction des d\u00e9formations caus\u00e9es par les blessures,<\/li><li>\u00c9limination des difficult\u00e9s respiratoires caus\u00e9es par la forme,<\/li><li>Correction des d\u00e9fauts nasaux cong\u00e9nitaux ou acquis,<\/li><li>Pour mieux respirer,<\/li><\/ul><ul><li>Pour obtenir une apparence plus esth\u00e9tique<\/li><\/ul><p><b>Rhinoplastie <\/b>Pour ces raisons et d'autres similaires, des op\u00e9rations sont r\u00e9alis\u00e9es afin d'am\u00e9liorer la qualit\u00e9 de vie de la personne et d'am\u00e9liorer la zone nasale d'un point de vue fonctionnel et esth\u00e9tique. Ce processus est fa\u00e7onn\u00e9 en fonction des besoins et des attentes sp\u00e9cifiques de la personne.<\/p><p><strong>Comment la rhinoplastie est-elle pratiqu\u00e9e ?<\/strong><\/p><p><strong>Rhinoplastie<\/strong>consiste \u00e0 modifier le cartilage, l'os et la couche de peau du nez. Avant de planifier l'op\u00e9ration, le chirurgien examine le visage de la personne. Il \u00e9value la peau du nez, la structure du visage et les pr\u00e9f\u00e9rences de la personne. Un plan et une forme personnalis\u00e9s sont d\u00e9termin\u00e9s.<\/p><p><strong>Rhinoplastie<\/strong> L'intervention chirurgicale est pratiqu\u00e9e de deux mani\u00e8res. Elle peut \u00eatre ouverte ou ferm\u00e9e.<\/p><p>Dans le cas d'une op\u00e9ration ferm\u00e9e, le chirurgien passe par le nez. Dans le cas d'une op\u00e9ration ouverte, le chirurgien ouvre la pointe du nez sur 3 cm et travaille \u00e0 partir de la pointe du nez. Le choix de l'une ou l'autre de ces techniques est laiss\u00e9 \u00e0 l'appr\u00e9ciation du chirurgien et du patient.<\/p><p>Cartilage de la pointe du nez, \u00e9paisseur de la peau, <b>rhinoplastie<\/b>Les effets de la respiration sont d\u00e9termin\u00e9s.<\/p><p>Aujourd'hui, gr\u00e2ce \u00e0 l'\u00e9volution de la technologie, le nez du patient est photographi\u00e9. \u00c0 l'aide d'un programme informatique <b>rhinoplastie<\/b> puis le r\u00e9sultat du nez est examin\u00e9. Par exemple, si le patient a un petit menton, le m\u00e9decin discute \u00e9galement avec lui de l'augmentation du menton. Apr\u00e8s une op\u00e9ration du nez, le patient sort g\u00e9n\u00e9ralement de l'h\u00f4pital le jour m\u00eame.<\/p><p>Comme pour toutes les op\u00e9rations chirurgicales, les risques de saignement, d'infection et de sensibilit\u00e9 \u00e0 l'anesth\u00e9sie sont toujours pr\u00e9sents dans la rhinoplastie, bien que faibles.<\/p><p>Parfois sp\u00e9cifiques \u00e0 une op\u00e9ration ;<\/p><ul><li>Difficult\u00e9s respiratoires<\/li><li>Congestion nasale<\/li><li>Gonflement<\/li><li>Structure du nez irr\u00e9guli\u00e8re<\/li><li>D\u00e9coloration ou ecchymoses<\/li><li>Engourdissement dans et autour du nez<\/li><\/ul><ul><li>Perforation du septum<\/li><\/ul><p>Dans ce cas, une r\u00e9intervention peut s'av\u00e9rer n\u00e9cessaire en fonction de l'importance du sympt\u00f4me.<\/p><p><strong>Rhinoplastie<\/strong> Les chirurgies du nez sont comme une bo\u00eete ferm\u00e9e. Le cartilage et l'os du nez gu\u00e9rissent ind\u00e9pendamment l'un de l'autre et \u00e0 des moments diff\u00e9rents. Le chirurgien coupe tout le nez d'un c\u00f4t\u00e9 et parfois l'ajoute et le fa\u00e7onne.<\/p><p><strong>Que se passe-t-il apr\u00e8s une rhinoplastie ?<\/strong><\/p><ul><li>Si vous fumez, vous devriez arr\u00eater ou faire une pause. Le tabagisme prolonge le processus de cicatrisation postop\u00e9ratoire et augmente le risque d'infection.<\/li><li><strong>Rhinoplastie<\/strong> Apr\u00e8s l'op\u00e9ration, les pansements internes restent en place pendant une semaine en moyenne. Pour le soutenir et le prot\u00e9ger, le chirurgien peut parfois poser une attelle sur le nez.<\/li><\/ul><div>\u00a0<\/div><div><p><strong>Prix de la rhinoplastie<\/strong><\/p><\/div><div><span style=\"color: #374151; font-family: S\u00f6hne, ui-sans-serif, system-ui, -apple-system, 'Segoe UI', Roboto, Ubuntu, Cantarell, 'Noto Sans', sans-serif, 'Helvetica Neue', Arial, 'Apple Color Emoji', 'Segoe UI Emoji', 'Segoe UI Symbol', 'Noto Color Emoji'; white-space-collapse: preserve;\">Les prix de la rhinoplastie, c'est-\u00e0-dire des op\u00e9rations de rhinoplastie, varient en fonction de divers facteurs. Ces facteurs comprennent l'exp\u00e9rience du m\u00e9decin, les normes de l'h\u00f4pital choisi, la qualit\u00e9 de l'\u00e9quipement et des mat\u00e9riaux utilis\u00e9s pour l'op\u00e9ration. Par cons\u00e9quent, les prix de la rhinoplastie sont d\u00e9termin\u00e9s individuellement.<\/span><span style=\"text-align: var(--text-align);\">\u00a0<\/span><\/div><p>N'oubliez pas que chaque patient est unique. Contactez nos sp\u00e9cialistes pour obtenir un plan de traitement personnalis\u00e9 et une offre.<\/p>\t\t\t\t\t\t\t\t<\/div>\n\t\t\t\t<\/div>\n\t\t\t\t\t<\/div>\n\t\t\t\t<\/div>\n\t\t\t\t<section class=\"elementor-section elementor-top-section elementor-element elementor-element-cfed380 elementor-section-content-middle elementor-section-boxed elementor-section-height-default elementor-section-height-default tp-parallax-no syd-sticky-section-no\" data-id=\"cfed380\" data-element_type=\"section\" data-settings=\"{&quot;background_background&quot;:&quot;classic&quot;,&quot;tp_sticky_sec_effect_enable&quot;:false}\">\n\t\t\t\t\t\t<div class=\"elementor-container elementor-column-gap-default\">\n\t\t\t\t\t<div data-aos=\"\" class=\"elementor-column elementor-col-50 elementor-top-column elementor-element elementor-element-d8fac92 syd-sticky-section-no\" data-id=\"d8fac92\" data-element_type=\"column\" data-settings=\"{&quot;tp_sticky_col_effect_enable&quot;:false}\">\n\t\t\t<div class=\"elementor-widget-wrap elementor-element-populated\">\n\t\t\t\t\t\t<div class=\"elementor-element elementor-element-ea4173f syd-sticky-section-no elementor-widget elementor-widget-heading\" data-id=\"ea4173f\" data-element_type=\"widget\" data-widget_type=\"heading.default\">\n\t\t\t\t<div class=\"elementor-widget-container\">\n\t\t\t\t\t<h2 class=\"elementor-heading-title elementor-size-default\">Avez-vous des questions ?<\/h2>\t\t\t\t<\/div>\n\t\t\t\t<\/div>\n\t\t\t\t\t<\/div>\n\t\t<\/div>\n\t\t\t\t<div data-aos=\"\" class=\"elementor-column elementor-col-50 elementor-top-column elementor-element elementor-element-7aa5769 syd-sticky-section-no\" data-id=\"7aa5769\" data-element_type=\"column\" data-settings=\"{&quot;tp_sticky_col_effect_enable&quot;:false}\">\n\t\t\t<div class=\"elementor-widget-wrap elementor-element-populated\">\n\t\t\t\t\t\t<div class=\"elementor-element elementor-element-9c6e3e1 elementor-align-right elementor-mobile-align-center syd-sticky-section-no elementor-widget elementor-widget-button\" data-id=\"9c6e3e1\" data-element_type=\"widget\" data-widget_type=\"button.default\">\n\t\t\t\t<div class=\"elementor-widget-container\">\n\t\t\t\t\t\t\t\t\t<div class=\"elementor-button-wrapper\">\n\t\t\t\t\t<a class=\"elementor-button elementor-button-link elementor-size-sm\" href=\"https:\/\/healthagentsturkey.com\/fr\/iletisim\/\">\n\t\t\t\t\t\t<span class=\"elementor-button-content-wrapper\">\n\t\t\t\t\t\t\t\t\t<span class=\"elementor-button-text\">Contactez nous<\/span>\n\t\t\t\t\t<\/span>\n\t\t\t\t\t<\/a>\n\t\t\t\t<\/div>\n\t\t\t\t\t\t\t\t<\/div>\n\t\t\t\t<\/div>\n\t\t\t\t\t<\/div>\n\t\t<\/div>\n\t\t\t\t\t<\/div>\n\t\t<\/section>\n\t\t\t\t<\/div>","protected":false},"excerpt":{"rendered":"<p>Burun Esteti\u011fi Rh\u0131noplasty Rinoplasti Nedir? Rinoplasti, burnu yeniden yap\u0131land\u0131rma, yeniden \u015fekil verme i\u015flemidir. Burnu estetik ve fonksiyonel olarak daha iyi hale getirmek [&hellip;]<\/p>","protected":false},"author":1,"featured_media":0,"parent":934,"menu_order":0,"comment_status":"closed","ping_status":"closed","template":"elementor_header_footer","meta":{"_eb_attr":"","footnotes":""},"class_list":["post-3165","page","type-page","status-publish","hentry"],"_links":{"self":[{"href":"https:\/\/healthagentsturkey.com\/fr\/wp-json\/wp\/v2\/pages\/3165","targetHints":{"allow":["GET"]}}],"collection":[{"href":"https:\/\/healthagentsturkey.com\/fr\/wp-json\/wp\/v2\/pages"}],"about":[{"href":"https:\/\/healthagentsturkey.com\/fr\/wp-json\/wp\/v2\/types\/page"}],"author":[{"embeddable":true,"href":"https:\/\/healthagentsturkey.com\/fr\/wp-json\/wp\/v2\/users\/1"}],"replies":[{"embeddable":true,"href":"https:\/\/healthagentsturkey.com\/fr\/wp-json\/wp\/v2\/comments?post=3165"}],"version-history":[{"count":1,"href":"https:\/\/healthagentsturkey.com\/fr\/wp-json\/wp\/v2\/pages\/3165\/revisions"}],"predecessor-version":[{"id":4789,"href":"https:\/\/healthagentsturkey.com\/fr\/wp-json\/wp\/v2\/pages\/3165\/revisions\/4789"}],"up":[{"embeddable":true,"href":"https:\/\/healthagentsturkey.com\/fr\/wp-json\/wp\/v2\/pages\/934"}],"wp:attachment":[{"href":"https:\/\/healthagentsturkey.com\/fr\/wp-json\/wp\/v2\/media?parent=3165"}],"curies":[{"name":"wp","href":"https:\/\/api.w.org\/{rel}","templated":true}]}}