{"id":3023,"date":"2023-12-06T20:52:22","date_gmt":"2023-12-06T17:52:22","guid":{"rendered":"https:\/\/healthagentsturkey.com\/?page_id=3023"},"modified":"2026-02-25T10:31:56","modified_gmt":"2026-02-25T07:31:56","slug":"obezite","status":"publish","type":"page","link":"https:\/\/healthagentsturkey.com\/fr\/tedavi\/obezite\/","title":{"rendered":"Chirurgie de l'ob\u00e9sit\u00e9"},"content":{"rendered":"<div data-elementor-type=\"wp-page\" data-elementor-id=\"3023\" class=\"elementor elementor-3023\" data-elementor-post-type=\"page\">\n\t\t\t\t\t\t<section class=\"elementor-section elementor-top-section elementor-element elementor-element-eedafb9 elementor-section-content-middle elementor-section-boxed elementor-section-height-default elementor-section-height-default tp-parallax-no syd-sticky-section-no\" data-id=\"eedafb9\" data-element_type=\"section\" data-settings=\"{&quot;tp_sticky_sec_effect_enable&quot;:false}\">\n\t\t\t\t\t\t<div class=\"elementor-container elementor-column-gap-default\">\n\t\t\t\t\t<div data-aos=\"\" class=\"elementor-column elementor-col-50 elementor-top-column elementor-element elementor-element-571508b syd-sticky-section-no\" data-id=\"571508b\" data-element_type=\"column\" data-settings=\"{&quot;tp_sticky_col_effect_enable&quot;:false}\">\n\t\t\t<div class=\"elementor-widget-wrap elementor-element-populated\">\n\t\t\t\t\t\t<div class=\"elementor-element elementor-element-2fc2cb6 syd-sticky-section-no elementor-widget elementor-widget-heading\" data-id=\"2fc2cb6\" data-element_type=\"widget\" data-widget_type=\"heading.default\">\n\t\t\t\t<div class=\"elementor-widget-container\">\n\t\t\t\t\t<h2 class=\"elementor-heading-title elementor-size-default\">Chirurgie de l'ob\u00e9sit\u00e9<\/h2>\t\t\t\t<\/div>\n\t\t\t\t<\/div>\n\t\t\t\t<div class=\"elementor-element elementor-element-cc5cdb2 syd-sticky-section-no elementor-widget elementor-widget-heading\" data-id=\"cc5cdb2\" data-element_type=\"widget\" data-widget_type=\"heading.default\">\n\t\t\t\t<div class=\"elementor-widget-container\">\n\t\t\t\t\t<h6 class=\"elementor-heading-title elementor-size-default\">Notre expertise au service d'une vie saine<\/h6>\t\t\t\t<\/div>\n\t\t\t\t<\/div>\n\t\t\t\t<div class=\"elementor-element elementor-element-1cf0f1c syd-sticky-section-no elementor-widget elementor-widget-text-editor\" data-id=\"1cf0f1c\" data-element_type=\"widget\" data-widget_type=\"text-editor.default\">\n\t\t\t\t<div class=\"elementor-widget-container\">\n\t\t\t\t\t\t\t\t\t<p><strong>Agents de sant\u00e9 Turquie <\/strong>comme, <strong>chirurgie bariatrique<\/strong> vous ouvre les portes d'une vie saine gr\u00e2ce \u00e0 son expertise. <strong>Ob\u00e9sit\u00e9<\/strong>Elle peut entra\u00eener un certain nombre de probl\u00e8mes de sant\u00e9 et avoir une incidence n\u00e9gative sur la qualit\u00e9 de vie. Mais ne vous inqui\u00e9tez pas, car nos chirurgiens experts, avec des plans de traitement personnalis\u00e9s <strong>l'ob\u00e9sit\u00e9<\/strong> vous aidera \u00e0 lutter efficacement contre votre probl\u00e8me.<\/p><p><strong>Chirurgie de l'ob\u00e9sit\u00e9<\/strong>La proc\u00e9dure comprend une s\u00e9rie d'interventions chirurgicales visant \u00e0 la perte de poids, et ces interventions jouent un r\u00f4le important pour vous permettre de mener une vie plus saine. <strong>Agence de tourisme de sant\u00e9<\/strong>est heureux de travailler avec une \u00e9quipe exp\u00e9riment\u00e9e pour vous aider \u00e0 d\u00e9terminer les options de chirurgie bariatrique les plus appropri\u00e9es pour vous.<\/p><p>La sant\u00e9 et le bonheur sont nos priorit\u00e9s. Gr\u00e2ce \u00e0 notre expertise en chirurgie bariatrique et \u00e0 notre approche personnalis\u00e9e, nous sommes honor\u00e9s de vous aider \u00e0 entrer dans une vie saine.<\/p>\t\t\t\t\t\t\t\t<\/div>\n\t\t\t\t<\/div>\n\t\t\t\t\t<\/div>\n\t\t<\/div>\n\t\t\t\t<div data-aos=\"\" class=\"elementor-column elementor-col-50 elementor-top-column elementor-element elementor-element-bc4d4c0 syd-sticky-section-no\" data-id=\"bc4d4c0\" data-element_type=\"column\" data-settings=\"{&quot;tp_sticky_col_effect_enable&quot;:false}\">\n\t\t\t<div class=\"elementor-widget-wrap elementor-element-populated\">\n\t\t\t\t\t\t<div class=\"elementor-element elementor-element-48dd569 syd-sticky-section-no elementor-widget elementor-widget-image\" data-id=\"48dd569\" data-element_type=\"widget\" data-widget_type=\"image.default\">\n\t\t\t\t<div class=\"elementor-widget-container\">\n\t\t\t\t\t\t\t\t\t<\/div>\n\t\t\t\t<\/div>\n\t\t\t\t\t<\/div>\n\t\t<\/div>\n\t\t\t\t\t<\/div>\n\t\t<\/section>\n\t\t\t\t<\/div>","protected":false},"excerpt":{"rendered":"<p>Obezite Cerrahisi Sa\u011fl\u0131kl\u0131 Bir Hayata Uzmanl\u0131\u011f\u0131m\u0131z ile Ad\u0131m At\u0131n Health Agents Turkey olarak, obezite cerrahisi konusundaki uzmanl\u0131\u011f\u0131 ile size sa\u011fl\u0131kl\u0131 bir ya\u015fam\u0131n [&hellip;]<\/p>","protected":false},"author":1,"featured_media":0,"parent":899,"menu_order":0,"comment_status":"closed","ping_status":"closed","template":"elementor_header_footer","meta":{"_eb_attr":"","footnotes":""},"class_list":["post-3023","page","type-page","status-publish","hentry"],"_links":{"self":[{"href":"https:\/\/healthagentsturkey.com\/fr\/wp-json\/wp\/v2\/pages\/3023","targetHints":{"allow":["GET"]}}],"collection":[{"href":"https:\/\/healthagentsturkey.com\/fr\/wp-json\/wp\/v2\/pages"}],"about":[{"href":"https:\/\/healthagentsturkey.com\/fr\/wp-json\/wp\/v2\/types\/page"}],"author":[{"embeddable":true,"href":"https:\/\/healthagentsturkey.com\/fr\/wp-json\/wp\/v2\/users\/1"}],"replies":[{"embeddable":true,"href":"https:\/\/healthagentsturkey.com\/fr\/wp-json\/wp\/v2\/comments?post=3023"}],"version-history":[{"count":1,"href":"https:\/\/healthagentsturkey.com\/fr\/wp-json\/wp\/v2\/pages\/3023\/revisions"}],"predecessor-version":[{"id":4793,"href":"https:\/\/healthagentsturkey.com\/fr\/wp-json\/wp\/v2\/pages\/3023\/revisions\/4793"}],"up":[{"embeddable":true,"href":"https:\/\/healthagentsturkey.com\/fr\/wp-json\/wp\/v2\/pages\/899"}],"wp:attachment":[{"href":"https:\/\/healthagentsturkey.com\/fr\/wp-json\/wp\/v2\/media?parent=3023"}],"curies":[{"name":"wp","href":"https:\/\/api.w.org\/{rel}","templated":true}]}}