{"id":2846,"date":"2023-12-01T22:29:54","date_gmt":"2023-12-01T19:29:54","guid":{"rendered":"https:\/\/healthagentsturkey.com\/?page_id=2846"},"modified":"2023-12-23T14:52:32","modified_gmt":"2023-12-23T11:52:32","slug":"tercumanlik","status":"publish","type":"page","link":"https:\/\/healthagentsturkey.com\/fr\/hizmetler\/tercumanlik\/","title":{"rendered":"Services de traduction"},"content":{"rendered":"<div data-elementor-type=\"wp-page\" data-elementor-id=\"2846\" class=\"elementor elementor-2846\" data-elementor-post-type=\"page\">\n\t\t\t\t\t\t<section class=\"elementor-section elementor-top-section elementor-element elementor-element-eedafb9 elementor-section-content-middle elementor-section-boxed elementor-section-height-default elementor-section-height-default tp-parallax-no syd-sticky-section-no\" data-id=\"eedafb9\" data-element_type=\"section\" data-settings=\"{&quot;tp_sticky_sec_effect_enable&quot;:false}\">\n\t\t\t\t\t\t<div class=\"elementor-container elementor-column-gap-default\">\n\t\t\t\t\t<div data-aos=\"\" class=\"elementor-column elementor-col-50 elementor-top-column elementor-element elementor-element-571508b syd-sticky-section-no\" data-id=\"571508b\" data-element_type=\"column\" data-settings=\"{&quot;tp_sticky_col_effect_enable&quot;:false}\">\n\t\t\t<div class=\"elementor-widget-wrap elementor-element-populated\">\n\t\t\t\t\t\t<div class=\"elementor-element elementor-element-2fc2cb6 syd-sticky-section-no elementor-widget elementor-widget-heading\" data-id=\"2fc2cb6\" data-element_type=\"widget\" data-widget_type=\"heading.default\">\n\t\t\t\t<div class=\"elementor-widget-container\">\n\t\t\t\t\t<h2 class=\"elementor-heading-title elementor-size-default\">Services de traduction<\/h2>\t\t\t\t<\/div>\n\t\t\t\t<\/div>\n\t\t\t\t<div class=\"elementor-element elementor-element-1cf0f1c syd-sticky-section-no elementor-widget elementor-widget-text-editor\" data-id=\"1cf0f1c\" data-element_type=\"widget\" data-widget_type=\"text-editor.default\">\n\t\t\t\t<div class=\"elementor-widget-container\">\n\t\t\t\t\t\t\t\t\t<p>Nos traducteurs professionnels \u00e9liminent les barri\u00e8res linguistiques et rendent les processus de traitement des patients plus compr\u00e9hensibles et plus efficaces. Notre soci\u00e9t\u00e9 est sp\u00e9cialis\u00e9e dans la traduction de rapports m\u00e9dicaux, de plans de traitement et de documents m\u00e9dicaux dans diff\u00e9rentes langues.<\/p><p><strong>Pourquoi nous ?<\/strong><\/p><p><strong>Traducteurs experts<\/strong><em>:<\/em> Nos traducteurs sp\u00e9cialis\u00e9s sont des professionnels qui ma\u00eetrisent la terminologie m\u00e9dicale et poss\u00e8dent de grandes capacit\u00e9s de communication.<\/p><p><strong>Vie priv\u00e9e et s\u00e9curit\u00e9<\/strong><em>:<\/em> Les informations sur la sant\u00e9 \u00e9tant priv\u00e9es et sensibles, nous respectons les normes les plus strictes en mati\u00e8re de confidentialit\u00e9 et de s\u00e9curit\u00e9 dans nos services de traduction.<\/p><p><strong>Un service rapide et efficace<\/strong><em>:<\/em> Nous proposons des solutions rapides pour les urgences, afin que vous ne perdiez pas de temps dans la communication entre les patients et les professionnels de la sant\u00e9.<\/p>\t\t\t\t\t\t\t\t<\/div>\n\t\t\t\t<\/div>\n\t\t\t\t\t<\/div>\n\t\t<\/div>\n\t\t\t\t<div data-aos=\"\" class=\"elementor-column elementor-col-50 elementor-top-column elementor-element elementor-element-bc4d4c0 syd-sticky-section-no\" data-id=\"bc4d4c0\" data-element_type=\"column\" data-settings=\"{&quot;tp_sticky_col_effect_enable&quot;:false}\">\n\t\t\t<div class=\"elementor-widget-wrap elementor-element-populated\">\n\t\t\t\t\t\t<div class=\"elementor-element elementor-element-48dd569 syd-sticky-section-no elementor-widget elementor-widget-image\" data-id=\"48dd569\" data-element_type=\"widget\" data-widget_type=\"image.default\">\n\t\t\t\t<div class=\"elementor-widget-container\">\n\t\t\t\t\t\t\t\t\t\t\t\t\t\t\t<img fetchpriority=\"high\" decoding=\"async\" width=\"1024\" height=\"1024\" src=\"https:\/\/healthagentsturkey.com\/wp-content\/uploads\/2023\/12\/9731554-1024x1024.jpg\" class=\"attachment-large size-large wp-image-2884\" alt=\"\" srcset=\"https:\/\/healthagentsturkey.com\/wp-content\/uploads\/2023\/12\/9731554-1024x1024.jpg 1024w, https:\/\/healthagentsturkey.com\/wp-content\/uploads\/2023\/12\/9731554-300x300.jpg 300w, https:\/\/healthagentsturkey.com\/wp-content\/uploads\/2023\/12\/9731554-150x150.jpg 150w, https:\/\/healthagentsturkey.com\/wp-content\/uploads\/2023\/12\/9731554-768x768.jpg 768w, https:\/\/healthagentsturkey.com\/wp-content\/uploads\/2023\/12\/9731554-1536x1536.jpg 1536w, https:\/\/healthagentsturkey.com\/wp-content\/uploads\/2023\/12\/9731554-2048x2048.jpg 2048w, https:\/\/healthagentsturkey.com\/wp-content\/uploads\/2023\/12\/9731554-1000x1000.jpg 1000w, https:\/\/healthagentsturkey.com\/wp-content\/uploads\/2023\/12\/9731554-230x230.jpg 230w, https:\/\/healthagentsturkey.com\/wp-content\/uploads\/2023\/12\/9731554-350x350.jpg 350w, https:\/\/healthagentsturkey.com\/wp-content\/uploads\/2023\/12\/9731554-480x480.jpg 480w\" sizes=\"(max-width: 1024px) 100vw, 1024px\" \/>\t\t\t\t\t\t\t\t\t\t\t\t\t\t\t<\/div>\n\t\t\t\t<\/div>\n\t\t\t\t\t<\/div>\n\t\t<\/div>\n\t\t\t\t\t<\/div>\n\t\t<\/section>\n\t\t<div class=\"elementor-element elementor-element-dc81268 e-flex e-con-boxed syd-sticky-section-no e-con e-parent\" data-id=\"dc81268\" data-element_type=\"container\">\n\t\t\t\t\t<div class=\"e-con-inner\">\n\t\t\t\t<div class=\"elementor-element elementor-element-1a5f713 syd-sticky-section-no elementor-widget elementor-widget-text-editor\" data-id=\"1a5f713\" data-element_type=\"widget\" data-widget_type=\"text-editor.default\">\n\t\t\t\t<div class=\"elementor-widget-container\">\n\t\t\t\t\t\t\t\t\t<p><strong>Contactez-nous :<\/strong><\/p><p>N'h\u00e9sitez pas \u00e0 nous contacter pour obtenir plus d'informations sur les services sur mesure en mati\u00e8re de tourisme de sant\u00e9 ou pour b\u00e9n\u00e9ficier de nos services. Notre \u00e9quipe de professionnels est l\u00e0 pour vous proposer les solutions les plus adapt\u00e9es.<\/p>\t\t\t\t\t\t\t\t<\/div>\n\t\t\t\t<\/div>\n\t\t\t\t\t<\/div>\n\t\t\t\t<\/div>\n\t\t\t\t<section class=\"elementor-section elementor-top-section elementor-element elementor-element-5b93669 elementor-section-content-middle elementor-section-boxed elementor-section-height-default elementor-section-height-default tp-parallax-no syd-sticky-section-no\" data-id=\"5b93669\" data-element_type=\"section\" data-settings=\"{&quot;background_background&quot;:&quot;classic&quot;,&quot;tp_sticky_sec_effect_enable&quot;:false}\">\n\t\t\t\t\t\t<div class=\"elementor-container elementor-column-gap-default\">\n\t\t\t\t\t<div data-aos=\"\" class=\"elementor-column elementor-col-50 elementor-top-column elementor-element elementor-element-25c7cd3 syd-sticky-section-no\" data-id=\"25c7cd3\" data-element_type=\"column\" data-settings=\"{&quot;tp_sticky_col_effect_enable&quot;:false}\">\n\t\t\t<div class=\"elementor-widget-wrap elementor-element-populated\">\n\t\t\t\t\t\t<div class=\"elementor-element elementor-element-64ab903 syd-sticky-section-no elementor-widget elementor-widget-heading\" data-id=\"64ab903\" data-element_type=\"widget\" data-widget_type=\"heading.default\">\n\t\t\t\t<div class=\"elementor-widget-container\">\n\t\t\t\t\t<h2 class=\"elementor-heading-title elementor-size-default\">Avez-vous des questions ?<\/h2>\t\t\t\t<\/div>\n\t\t\t\t<\/div>\n\t\t\t\t\t<\/div>\n\t\t<\/div>\n\t\t\t\t<div data-aos=\"\" class=\"elementor-column elementor-col-50 elementor-top-column elementor-element elementor-element-08a4a69 syd-sticky-section-no\" data-id=\"08a4a69\" data-element_type=\"column\" data-settings=\"{&quot;tp_sticky_col_effect_enable&quot;:false}\">\n\t\t\t<div class=\"elementor-widget-wrap elementor-element-populated\">\n\t\t\t\t\t\t<div class=\"elementor-element elementor-element-edbd630 elementor-align-right elementor-mobile-align-center syd-sticky-section-no elementor-widget elementor-widget-button\" data-id=\"edbd630\" data-element_type=\"widget\" data-widget_type=\"button.default\">\n\t\t\t\t<div class=\"elementor-widget-container\">\n\t\t\t\t\t\t\t\t\t<div class=\"elementor-button-wrapper\">\n\t\t\t\t\t<a class=\"elementor-button elementor-button-link elementor-size-sm\" href=\"https:\/\/healthagentsturkey.com\/fr\/iletisim\/\">\n\t\t\t\t\t\t<span class=\"elementor-button-content-wrapper\">\n\t\t\t\t\t\t\t\t\t<span class=\"elementor-button-text\">Contactez nous<\/span>\n\t\t\t\t\t<\/span>\n\t\t\t\t\t<\/a>\n\t\t\t\t<\/div>\n\t\t\t\t\t\t\t\t<\/div>\n\t\t\t\t<\/div>\n\t\t\t\t\t<\/div>\n\t\t<\/div>\n\t\t\t\t\t<\/div>\n\t\t<\/section>\n\t\t\t\t<\/div>","protected":false},"excerpt":{"rendered":"<p>Terc\u00fcmanl\u0131k Hizmetleri Profesyonel terc\u00fcmanlar\u0131m\u0131z, dil engelini ortadan kald\u0131rarak hastalar\u0131n tedavi s\u00fcre\u00e7lerini daha anla\u015f\u0131l\u0131r ve etkili k\u0131lar. \u015eirketimiz, \u00e7e\u015fitli dillerde sa\u011fl\u0131k raporlar\u0131, tedavi [&hellip;]<\/p>","protected":false},"author":1,"featured_media":0,"parent":556,"menu_order":0,"comment_status":"closed","ping_status":"closed","template":"page-templates\/page_front-page.php","meta":{"_eb_attr":"","footnotes":""},"class_list":["post-2846","page","type-page","status-publish","hentry"],"_links":{"self":[{"href":"https:\/\/healthagentsturkey.com\/fr\/wp-json\/wp\/v2\/pages\/2846","targetHints":{"allow":["GET"]}}],"collection":[{"href":"https:\/\/healthagentsturkey.com\/fr\/wp-json\/wp\/v2\/pages"}],"about":[{"href":"https:\/\/healthagentsturkey.com\/fr\/wp-json\/wp\/v2\/types\/page"}],"author":[{"embeddable":true,"href":"https:\/\/healthagentsturkey.com\/fr\/wp-json\/wp\/v2\/users\/1"}],"replies":[{"embeddable":true,"href":"https:\/\/healthagentsturkey.com\/fr\/wp-json\/wp\/v2\/comments?post=2846"}],"version-history":[{"count":0,"href":"https:\/\/healthagentsturkey.com\/fr\/wp-json\/wp\/v2\/pages\/2846\/revisions"}],"up":[{"embeddable":true,"href":"https:\/\/healthagentsturkey.com\/fr\/wp-json\/wp\/v2\/pages\/556"}],"wp:attachment":[{"href":"https:\/\/healthagentsturkey.com\/fr\/wp-json\/wp\/v2\/media?parent=2846"}],"curies":[{"name":"wp","href":"https:\/\/api.w.org\/{rel}","templated":true}]}}