{"id":1911,"date":"2023-11-21T00:34:51","date_gmt":"2023-11-21T00:34:51","guid":{"rendered":"https:\/\/healthagentsturkey.com\/?page_id=1911"},"modified":"2026-02-25T10:31:56","modified_gmt":"2026-02-25T07:31:56","slug":"meme-implanti","status":"publish","type":"page","link":"https:\/\/healthagentsturkey.com\/fr\/tedavi\/estetik\/meme-implanti\/","title":{"rendered":"Implant mammaire"},"content":{"rendered":"<div data-elementor-type=\"wp-page\" data-elementor-id=\"1911\" class=\"elementor elementor-1911\" data-elementor-post-type=\"page\">\n\t\t\t\t\t\t<section class=\"elementor-section elementor-top-section elementor-element elementor-element-eedafb9 elementor-section-content-middle elementor-section-boxed elementor-section-height-default elementor-section-height-default tp-parallax-no syd-sticky-section-no\" data-id=\"eedafb9\" data-element_type=\"section\" data-settings=\"{&quot;tp_sticky_sec_effect_enable&quot;:false}\">\n\t\t\t\t\t\t<div class=\"elementor-container elementor-column-gap-default\">\n\t\t\t\t\t<div data-aos=\"\" class=\"elementor-column elementor-col-50 elementor-top-column elementor-element elementor-element-571508b syd-sticky-section-no\" data-id=\"571508b\" data-element_type=\"column\" data-settings=\"{&quot;tp_sticky_col_effect_enable&quot;:false}\">\n\t\t\t<div class=\"elementor-widget-wrap elementor-element-populated\">\n\t\t\t\t\t\t<div class=\"elementor-element elementor-element-2fc2cb6 syd-sticky-section-no elementor-widget elementor-widget-heading\" data-id=\"2fc2cb6\" data-element_type=\"widget\" data-widget_type=\"heading.default\">\n\t\t\t\t<div class=\"elementor-widget-container\">\n\t\t\t\t\t<h2 class=\"elementor-heading-title elementor-size-default\">Qu'est-ce que la pose d'implants mammaires ?<\/h2>\t\t\t\t<\/div>\n\t\t\t\t<\/div>\n\t\t\t\t<div class=\"elementor-element elementor-element-1cf0f1c elementor-widget__width-initial syd-sticky-section-no elementor-widget elementor-widget-text-editor\" data-id=\"1cf0f1c\" data-element_type=\"widget\" data-widget_type=\"text-editor.default\">\n\t\t\t\t<div class=\"elementor-widget-container\">\n\t\t\t\t\t\t\t\t\t<p><b>Implant mammaire<\/b>\u00a0processus,\u00a0<a href=\"https:\/\/tr.wikipedia.org\/wiki\/Meme\">sein<\/a>est une chirurgie esth\u00e9tique visant \u00e0 augmenter la taille et la forme des seins. Au cours de l'intervention, un chirurgien sp\u00e9cialiste ins\u00e8re une proth\u00e8se mammaire remplie de silicone ou de s\u00e9rum physiologique.\u00a0<a href=\"https:\/\/tr.wikipedia.org\/wiki\/%C4%B0mplant\">implant<\/a>L'implant mammaire peut \u00eatre plac\u00e9 sous le muscle (muscle pectoral appel\u00e9 muscle pectoral), au-dessus du muscle ou dans un plan double, moiti\u00e9 sous le muscle et moiti\u00e9 au-dessus du muscle. Les implants mammaires permettent ainsi d'augmenter la taille des seins et de les modeler.<\/p><p><b>Comment se d\u00e9roule la proc\u00e9dure d'implantation mammaire ?<\/b><\/p><p>La pose d'un implant mammaire est g\u00e9n\u00e9ralement r\u00e9alis\u00e9e sous anesth\u00e9sie et peut comprendre les \u00e9tapes suivantes :<\/p>\t\t\t\t\t\t\t\t<\/div>\n\t\t\t\t<\/div>\n\t\t\t\t\t<\/div>\n\t\t<\/div>\n\t\t\t\t<div data-aos=\"\" class=\"elementor-column elementor-col-50 elementor-top-column elementor-element elementor-element-bc4d4c0 syd-sticky-section-no\" data-id=\"bc4d4c0\" data-element_type=\"column\" data-settings=\"{&quot;tp_sticky_col_effect_enable&quot;:false}\">\n\t\t\t<div class=\"elementor-widget-wrap elementor-element-populated\">\n\t\t\t\t\t\t<div class=\"elementor-element elementor-element-48dd569 syd-sticky-section-no elementor-widget elementor-widget-image\" data-id=\"48dd569\" data-element_type=\"widget\" data-widget_type=\"image.default\">\n\t\t\t\t<div class=\"elementor-widget-container\">\n\t\t\t\t\t\t\t\t\t<\/div>\n\t\t\t\t<\/div>\n\t\t\t\t\t<\/div>\n\t\t<\/div>\n\t\t\t\t\t<\/div>\n\t\t<\/section>\n\t\t<div class=\"elementor-element elementor-element-99fe56d e-flex e-con-boxed syd-sticky-section-no e-con e-parent\" data-id=\"99fe56d\" data-element_type=\"container\">\n\t\t\t\t\t<div class=\"e-con-inner\">\n\t\t\t\t<div class=\"elementor-element elementor-element-def30c4 syd-sticky-section-no elementor-widget elementor-widget-text-editor\" data-id=\"def30c4\" data-element_type=\"widget\" data-widget_type=\"text-editor.default\">\n\t\t\t\t<div class=\"elementor-widget-container\">\n\t\t\t\t\t\t\t\t\t<ul><li aria-level=\"1\"><b><i>Coupez :<\/i><\/b>\u00a0Le sp\u00e9cialiste en chirurgie pratique une incision cach\u00e9e ou discr\u00e8te et\u00a0<a href=\"https:\/\/tr.wikipedia.org\/wiki\/%C4%B0mplant\">implant<\/a>la zone dans laquelle le dispositif doit \u00eatre plac\u00e9.<\/li><li aria-level=\"1\"><b><i>Pose d'un implant<\/i><\/b>: Au cours de l'intervention, le chirurgien sp\u00e9cialiste ins\u00e8re une proth\u00e8se en silicone ou en solution saline dans la cavit\u00e9 abdominale.\u00a0<a href=\"https:\/\/tr.wikipedia.org\/wiki\/%C4%B0mplant\">implant<\/a>dans la zone d\u00e9sign\u00e9e.<\/li><li aria-level=\"1\"><b><i>Positionnement de l'implant<\/i><\/b>: Le chirurgien s'assure que l'implant reste dans la bonne position et place l'implant sur le tissu mammaire.<\/li><li aria-level=\"1\"><b><i>Fermeture de l'incision<\/i><\/b>: Une fois l'intervention termin\u00e9e, le chirurgien sp\u00e9cialiste referme l'incision et compl\u00e8te les proc\u00e9dures n\u00e9cessaires \u00e0 l'aide de bandes ou de bandages.<\/li><\/ul><p><b>Quels sont les avantages de l'implantation mammaire ?<\/b><\/p><ul><li aria-level=\"1\"><b><i>Augmentation de la taille des seins<\/i><\/b>: L'intervention permet aux patientes d'avoir la taille de poitrine qu'elles souhaitent.<\/li><li aria-level=\"1\"><b><i>Maintien de la forme des seins<\/i><\/b>: De cette fa\u00e7on, les seins peuvent avoir une forme lisse et d\u00e9sir\u00e9e.<\/li><li aria-level=\"1\"><b><i>Acqu\u00e9rir de la confiance en soi<\/i><\/b>: Les patients peuvent acqu\u00e9rir une plus grande confiance en eux et une attitude plus positive.<\/li><li aria-level=\"1\"><b><i>Aspect harmonieux<\/i><\/b>: Fabriqu\u00e9 en fonction du type de corps et de la forme du patient\u00a0<i>implant mammaire<\/i>\u00a0avec l'aspect harmonieux souhait\u00e9.<\/li><\/ul><p><b><br \/>Quels sont les inconv\u00e9nients des implants mammaires ?<\/b><\/p><ul><li aria-level=\"1\">Douleur et gonflement<\/li><li aria-level=\"1\">Cicatrice d'incision<\/li><li aria-level=\"1\">D\u00e9placement de l'implant<\/li><li aria-level=\"1\">D\u00e9t\u00e9rioration de l'implant<\/li><li aria-level=\"1\">Effets secondaires de l'implant<\/li><li aria-level=\"1\"><a href=\"https:\/\/tr.wikipedia.org\/wiki\/Enfeksiyon_hastal%C4%B1klar%C4%B1#:~:text=Enfeksiyon%20hastal%C4%B1klar%C4%B1%2C%20bula%C5%9F%C4%B1c%C4%B1%20hastal%C4%B1klar%20ve,d%C4%B1%C5%9F%C4%B1nda%20geli%C5%9Fen%20salg%C4%B1nlarla%20m%C3%BCcadele%20eder.\">Maladies infectieuses<\/a>\u00a0risque<\/li><\/ul><p><b>O\u00f9 puis-je me rendre pour une intervention de pose d'implants mammaires ?<\/b><\/p><p>Notre priorit\u00e9 dans le secteur de la sant\u00e9 a toujours \u00e9t\u00e9 la satisfaction et la sant\u00e9 des patients.\u00a0<b>Agents de sant\u00e9<\/b>Nous proposons des services assur\u00e9s par des m\u00e9decins sp\u00e9cialis\u00e9s dans un environnement \u00e9quip\u00e9 de technologies modernes et des derni\u00e8res innovations m\u00e9dicales. Nous sommes toujours \u00e0 vos c\u00f4t\u00e9s pour vous offrir le meilleur service et nous sommes fiers des succ\u00e8s que nous avons obtenus dans les proc\u00e9dures chirurgicales que nous pratiquons. C'est pourquoi\u00a0<b>Agents de sant\u00e9<\/b>\u00a0nos m\u00e9decins, gr\u00e2ce \u00e0 leur expertise et \u00e0 leur exp\u00e9rience, comme dans toutes les proc\u00e9dures m\u00e9dicales\u00a0<b><i>implant mammaire<\/i><\/b>\u00a0Il est \u00e9galement souvent pr\u00e9f\u00e9r\u00e9 pour le processus. Vous pouvez donc nous choisir en toute confiance.<\/p>\t\t\t\t\t\t\t\t<\/div>\n\t\t\t\t<\/div>\n\t\t\t\t\t<\/div>\n\t\t\t\t<\/div>\n\t\t\t\t<section class=\"elementor-section elementor-top-section elementor-element elementor-element-cfed380 elementor-section-content-middle elementor-section-boxed elementor-section-height-default elementor-section-height-default tp-parallax-no syd-sticky-section-no\" data-id=\"cfed380\" data-element_type=\"section\" data-settings=\"{&quot;background_background&quot;:&quot;classic&quot;,&quot;tp_sticky_sec_effect_enable&quot;:false}\">\n\t\t\t\t\t\t<div class=\"elementor-container elementor-column-gap-default\">\n\t\t\t\t\t<div data-aos=\"\" class=\"elementor-column elementor-col-50 elementor-top-column elementor-element elementor-element-d8fac92 syd-sticky-section-no\" data-id=\"d8fac92\" data-element_type=\"column\" data-settings=\"{&quot;tp_sticky_col_effect_enable&quot;:false}\">\n\t\t\t<div class=\"elementor-widget-wrap elementor-element-populated\">\n\t\t\t\t\t\t<div class=\"elementor-element elementor-element-ea4173f syd-sticky-section-no elementor-widget elementor-widget-heading\" data-id=\"ea4173f\" data-element_type=\"widget\" data-widget_type=\"heading.default\">\n\t\t\t\t<div class=\"elementor-widget-container\">\n\t\t\t\t\t<h2 class=\"elementor-heading-title elementor-size-default\">Avez-vous des questions ?<\/h2>\t\t\t\t<\/div>\n\t\t\t\t<\/div>\n\t\t\t\t\t<\/div>\n\t\t<\/div>\n\t\t\t\t<div data-aos=\"\" class=\"elementor-column elementor-col-50 elementor-top-column elementor-element elementor-element-7aa5769 syd-sticky-section-no\" data-id=\"7aa5769\" data-element_type=\"column\" data-settings=\"{&quot;tp_sticky_col_effect_enable&quot;:false}\">\n\t\t\t<div class=\"elementor-widget-wrap elementor-element-populated\">\n\t\t\t\t\t\t<div class=\"elementor-element elementor-element-9c6e3e1 elementor-align-right elementor-mobile-align-center syd-sticky-section-no elementor-widget elementor-widget-button\" data-id=\"9c6e3e1\" data-element_type=\"widget\" data-widget_type=\"button.default\">\n\t\t\t\t<div class=\"elementor-widget-container\">\n\t\t\t\t\t\t\t\t\t<div class=\"elementor-button-wrapper\">\n\t\t\t\t\t<a class=\"elementor-button elementor-button-link elementor-size-sm\" href=\"https:\/\/healthagentsturkey.com\/fr\/iletisim\/\">\n\t\t\t\t\t\t<span class=\"elementor-button-content-wrapper\">\n\t\t\t\t\t\t\t\t\t<span class=\"elementor-button-text\">Contactez nous<\/span>\n\t\t\t\t\t<\/span>\n\t\t\t\t\t<\/a>\n\t\t\t\t<\/div>\n\t\t\t\t\t\t\t\t<\/div>\n\t\t\t\t<\/div>\n\t\t\t\t\t<\/div>\n\t\t<\/div>\n\t\t\t\t\t<\/div>\n\t\t<\/section>\n\t\t\t\t<\/div>","protected":false},"excerpt":{"rendered":"<p>Meme \u0130mplant\u0131 \u0130\u015flemi Nedir? Meme implant\u0131\u00a0i\u015flemi,\u00a0memelerin boyutunu ve \u015feklini art\u0131rmak i\u00e7in yap\u0131lan bir estetik ameliyatt\u0131r. \u0130\u015flem s\u0131ras\u0131nda bir cerrahi uzman, silikon ya [&hellip;]<\/p>","protected":false},"author":1,"featured_media":0,"parent":934,"menu_order":0,"comment_status":"closed","ping_status":"closed","template":"elementor_header_footer","meta":{"_eb_attr":"","footnotes":""},"class_list":["post-1911","page","type-page","status-publish","hentry"],"_links":{"self":[{"href":"https:\/\/healthagentsturkey.com\/fr\/wp-json\/wp\/v2\/pages\/1911","targetHints":{"allow":["GET"]}}],"collection":[{"href":"https:\/\/healthagentsturkey.com\/fr\/wp-json\/wp\/v2\/pages"}],"about":[{"href":"https:\/\/healthagentsturkey.com\/fr\/wp-json\/wp\/v2\/types\/page"}],"author":[{"embeddable":true,"href":"https:\/\/healthagentsturkey.com\/fr\/wp-json\/wp\/v2\/users\/1"}],"replies":[{"embeddable":true,"href":"https:\/\/healthagentsturkey.com\/fr\/wp-json\/wp\/v2\/comments?post=1911"}],"version-history":[{"count":1,"href":"https:\/\/healthagentsturkey.com\/fr\/wp-json\/wp\/v2\/pages\/1911\/revisions"}],"predecessor-version":[{"id":4788,"href":"https:\/\/healthagentsturkey.com\/fr\/wp-json\/wp\/v2\/pages\/1911\/revisions\/4788"}],"up":[{"embeddable":true,"href":"https:\/\/healthagentsturkey.com\/fr\/wp-json\/wp\/v2\/pages\/934"}],"wp:attachment":[{"href":"https:\/\/healthagentsturkey.com\/fr\/wp-json\/wp\/v2\/media?parent=1911"}],"curies":[{"name":"wp","href":"https:\/\/api.w.org\/{rel}","templated":true}]}}