{"id":1905,"date":"2023-11-21T00:27:31","date_gmt":"2023-11-21T00:27:31","guid":{"rendered":"https:\/\/healthagentsturkey.com\/?page_id=1905"},"modified":"2026-02-25T10:31:56","modified_gmt":"2026-02-25T07:31:56","slug":"meme-buyutme","status":"publish","type":"page","link":"https:\/\/healthagentsturkey.com\/fr\/tedavi\/estetik\/meme-buyutme\/","title":{"rendered":"Augmentation mammaire"},"content":{"rendered":"<div data-elementor-type=\"wp-page\" data-elementor-id=\"1905\" class=\"elementor elementor-1905\" data-elementor-post-type=\"page\">\n\t\t\t\t\t\t<section class=\"elementor-section elementor-top-section elementor-element elementor-element-eedafb9 elementor-section-content-middle elementor-section-boxed elementor-section-height-default elementor-section-height-default tp-parallax-no syd-sticky-section-no\" data-id=\"eedafb9\" data-element_type=\"section\" data-settings=\"{&quot;tp_sticky_sec_effect_enable&quot;:false}\">\n\t\t\t\t\t\t<div class=\"elementor-container elementor-column-gap-default\">\n\t\t\t\t\t<div data-aos=\"\" class=\"elementor-column elementor-col-50 elementor-top-column elementor-element elementor-element-571508b syd-sticky-section-no\" data-id=\"571508b\" data-element_type=\"column\" data-settings=\"{&quot;tp_sticky_col_effect_enable&quot;:false}\">\n\t\t\t<div class=\"elementor-widget-wrap elementor-element-populated\">\n\t\t\t\t\t\t<div class=\"elementor-element elementor-element-2fc2cb6 syd-sticky-section-no elementor-widget elementor-widget-heading\" data-id=\"2fc2cb6\" data-element_type=\"widget\" data-widget_type=\"heading.default\">\n\t\t\t\t<div class=\"elementor-widget-container\">\n\t\t\t\t\t<h2 class=\"elementor-heading-title elementor-size-default\">Qu'est-ce que l'augmentation mammaire ?<\/h2>\t\t\t\t<\/div>\n\t\t\t\t<\/div>\n\t\t\t\t<div class=\"elementor-element elementor-element-1cf0f1c elementor-widget__width-initial syd-sticky-section-no elementor-widget elementor-widget-text-editor\" data-id=\"1cf0f1c\" data-element_type=\"widget\" data-widget_type=\"text-editor.default\">\n\t\t\t\t<div class=\"elementor-widget-container\">\n\t\t\t\t\t\t\t\t\t<p><a href=\"https:\/\/tr.wikipedia.org\/wiki\/Meme_b%C3%BCy%C3%BCtme\"><b>Augmentation mammaire<\/b><\/a> est une intervention qui vise \u00e0 augmenter la taille des seins en utilisant du tissu mammaire ou des implants par le biais de la chirurgie plastique. Cette intervention est pratiqu\u00e9e pour augmenter la taille et la forme des seins et aide \u00e9galement les patientes \u00e0 accro\u00eetre leur confiance en elles. Elle peut \u00eatre r\u00e9alis\u00e9e \u00e0 l'aide d'implants en silicone ou d'autres mat\u00e9riaux, selon les pr\u00e9f\u00e9rences de la patiente ; elle offre la possibilit\u00e9 de contr\u00f4ler la taille, la forme et le poids des seins.<\/p><p><b>Comment se d\u00e9roule l'augmentation mammaire ?<\/b><\/p><p><a href=\"https:\/\/tr.wikipedia.org\/wiki\/Meme_b%C3%BCy%C3%BCtme\">Augmentation mammaire<\/a>\u00a0La proc\u00e9dure peut g\u00e9n\u00e9ralement \u00eatre r\u00e9alis\u00e9e selon plusieurs m\u00e9thodes diff\u00e9rentes, en fonction des pr\u00e9f\u00e9rences du patient :<\/p><p>\u00a0<\/p>\t\t\t\t\t\t\t\t<\/div>\n\t\t\t\t<\/div>\n\t\t\t\t\t<\/div>\n\t\t<\/div>\n\t\t\t\t<div data-aos=\"\" class=\"elementor-column elementor-col-50 elementor-top-column elementor-element elementor-element-bc4d4c0 syd-sticky-section-no\" data-id=\"bc4d4c0\" data-element_type=\"column\" data-settings=\"{&quot;tp_sticky_col_effect_enable&quot;:false}\">\n\t\t\t<div class=\"elementor-widget-wrap elementor-element-populated\">\n\t\t\t\t\t\t<div class=\"elementor-element elementor-element-48dd569 syd-sticky-section-no elementor-widget elementor-widget-image\" data-id=\"48dd569\" data-element_type=\"widget\" data-widget_type=\"image.default\">\n\t\t\t\t<div class=\"elementor-widget-container\">\n\t\t\t\t\t\t\t\t\t<\/div>\n\t\t\t\t<\/div>\n\t\t\t\t\t<\/div>\n\t\t<\/div>\n\t\t\t\t\t<\/div>\n\t\t<\/section>\n\t\t<div class=\"elementor-element elementor-element-99fe56d e-flex e-con-boxed syd-sticky-section-no e-con e-parent\" data-id=\"99fe56d\" data-element_type=\"container\">\n\t\t\t\t\t<div class=\"e-con-inner\">\n\t\t\t\t<div class=\"elementor-element elementor-element-def30c4 syd-sticky-section-no elementor-widget elementor-widget-text-editor\" data-id=\"def30c4\" data-element_type=\"widget\" data-widget_type=\"text-editor.default\">\n\t\t\t\t<div class=\"elementor-widget-container\">\n\t\t\t\t\t\t\t\t\t<ul><li><b><i>Implants en silicone<\/i><\/b>: Dans cette m\u00e9thode, des implants en silicone sont plac\u00e9s sous le tissu mammaire et augmentent la taille et la forme des seins.<\/li><li><b><i>Transfert de tissu adipeux autologue<\/i><\/b>: Dans cette m\u00e9thode, le tissu adipeux pr\u00e9lev\u00e9 sur le corps de la patiente est transf\u00e9r\u00e9 dans les seins, ce qui permet d'en augmenter la taille et la forme.<\/li><li><b><i>Produits de comblement dermique<\/i><\/b>: Dans cette m\u00e9thode, une substance sp\u00e9cifique est inject\u00e9e dans les seins de la patiente, de sorte que la taille et la forme des seins sont modifi\u00e9es.<\/li><\/ul><p><b>Quels sont les avantages de l'augmentation mammaire ?<\/b><\/p><ul><li aria-level=\"1\">Am\u00e9lioration de la taille et de la forme des seins<\/li><li aria-level=\"1\">Augmentation de la confiance en soi<\/li><li aria-level=\"1\">Aspect naturel et esth\u00e9tique<\/li><li aria-level=\"1\">Maintien de la forme du sein<\/li><\/ul><p><b>Quels sont les inconv\u00e9nients de l'augmentation mammaire ?<\/b><\/p><ul><li><a href=\"https:\/\/tr.wikipedia.org\/wiki\/Enfeksiyon_hastal%C4%B1klar%C4%B1#:~:text=Enfeksiyon%20hastal%C4%B1klar%C4%B1%2C%20bula%C5%9F%C4%B1c%C4%B1%20hastal%C4%B1klar%20ve,d%C4%B1%C5%9F%C4%B1nda%20geli%C5%9Fen%20salg%C4%B1nlarla%20m%C3%BCcadele%20eder.\">Infection<\/a>\u00a0risque<\/li><li>H\u00e9morragie<\/li><li aria-level=\"1\">Rougeur ou gonflement<\/li><li aria-level=\"1\">Agri<\/li><li aria-level=\"1\">Asym\u00e9trie<\/li><li aria-level=\"1\">D\u00e9t\u00e9rioration de l'implant<\/li><li aria-level=\"1\">R\u00e9actions allergiques\u00a0<\/li><li aria-level=\"1\">Co\u00fbt \u00e9lev\u00e9<\/li><\/ul><p><b><br \/>O\u00f9 puis-je me rendre pour une augmentation mammaire ?<\/b><\/p><p>Notre priorit\u00e9 dans le secteur de la sant\u00e9 a toujours \u00e9t\u00e9 la satisfaction et la sant\u00e9 des patients.\u00a0<b>Agents de sant\u00e9<\/b>Nous proposons des services assur\u00e9s par des m\u00e9decins sp\u00e9cialis\u00e9s dans un environnement \u00e9quip\u00e9 de technologies modernes et des derni\u00e8res innovations m\u00e9dicales. Nous sommes toujours \u00e0 vos c\u00f4t\u00e9s pour vous offrir le meilleur service et nous sommes fiers des succ\u00e8s que nous avons obtenus dans les proc\u00e9dures chirurgicales que nous pratiquons. C'est pourquoi\u00a0<b>Agents de sant\u00e9<\/b>\u00a0nos m\u00e9decins, gr\u00e2ce \u00e0 leur expertise et \u00e0 leur exp\u00e9rience, comme dans toutes les proc\u00e9dures m\u00e9dicales\u00a0<a href=\"https:\/\/tr.wikipedia.org\/wiki\/Meme_b%C3%BCy%C3%BCtme\"><b><i>l'augmentation mammaire<\/i><\/b><\/a>\u00a0Il est \u00e9galement souvent pr\u00e9f\u00e9r\u00e9 pour le processus. Vous pouvez donc nous choisir en toute confiance.<\/p>\t\t\t\t\t\t\t\t<\/div>\n\t\t\t\t<\/div>\n\t\t\t\t\t<\/div>\n\t\t\t\t<\/div>\n\t\t\t\t<section class=\"elementor-section elementor-top-section elementor-element elementor-element-cfed380 elementor-section-content-middle elementor-section-boxed elementor-section-height-default elementor-section-height-default tp-parallax-no syd-sticky-section-no\" data-id=\"cfed380\" data-element_type=\"section\" data-settings=\"{&quot;background_background&quot;:&quot;classic&quot;,&quot;tp_sticky_sec_effect_enable&quot;:false}\">\n\t\t\t\t\t\t<div class=\"elementor-container elementor-column-gap-default\">\n\t\t\t\t\t<div data-aos=\"\" class=\"elementor-column elementor-col-50 elementor-top-column elementor-element elementor-element-d8fac92 syd-sticky-section-no\" data-id=\"d8fac92\" data-element_type=\"column\" data-settings=\"{&quot;tp_sticky_col_effect_enable&quot;:false}\">\n\t\t\t<div class=\"elementor-widget-wrap elementor-element-populated\">\n\t\t\t\t\t\t<div class=\"elementor-element elementor-element-ea4173f syd-sticky-section-no elementor-widget elementor-widget-heading\" data-id=\"ea4173f\" data-element_type=\"widget\" data-widget_type=\"heading.default\">\n\t\t\t\t<div class=\"elementor-widget-container\">\n\t\t\t\t\t<h2 class=\"elementor-heading-title elementor-size-default\">Avez-vous des questions ?<\/h2>\t\t\t\t<\/div>\n\t\t\t\t<\/div>\n\t\t\t\t\t<\/div>\n\t\t<\/div>\n\t\t\t\t<div data-aos=\"\" class=\"elementor-column elementor-col-50 elementor-top-column elementor-element elementor-element-7aa5769 syd-sticky-section-no\" data-id=\"7aa5769\" data-element_type=\"column\" data-settings=\"{&quot;tp_sticky_col_effect_enable&quot;:false}\">\n\t\t\t<div class=\"elementor-widget-wrap elementor-element-populated\">\n\t\t\t\t\t\t<div class=\"elementor-element elementor-element-9c6e3e1 elementor-align-right elementor-mobile-align-center syd-sticky-section-no elementor-widget elementor-widget-button\" data-id=\"9c6e3e1\" data-element_type=\"widget\" data-widget_type=\"button.default\">\n\t\t\t\t<div class=\"elementor-widget-container\">\n\t\t\t\t\t\t\t\t\t<div class=\"elementor-button-wrapper\">\n\t\t\t\t\t<a class=\"elementor-button elementor-button-link elementor-size-sm\" href=\"https:\/\/healthagentsturkey.com\/fr\/iletisim\/\">\n\t\t\t\t\t\t<span class=\"elementor-button-content-wrapper\">\n\t\t\t\t\t\t\t\t\t<span class=\"elementor-button-text\">Contactez nous<\/span>\n\t\t\t\t\t<\/span>\n\t\t\t\t\t<\/a>\n\t\t\t\t<\/div>\n\t\t\t\t\t\t\t\t<\/div>\n\t\t\t\t<\/div>\n\t\t\t\t\t<\/div>\n\t\t<\/div>\n\t\t\t\t\t<\/div>\n\t\t<\/section>\n\t\t\t\t<\/div>","protected":false},"excerpt":{"rendered":"<p>Meme B\u00fcy\u00fctme \u0130\u015flemi Nedir? Meme b\u00fcy\u00fctme i\u015flemi, plastik cerrahi yoluyla meme doku veya implantlar\u0131 kullan\u0131larak memelerin b\u00fcy\u00fct\u00fclmesini ama\u00e7layan bir prosed\u00fcrd\u00fcr. Bu i\u015flem, [&hellip;]<\/p>","protected":false},"author":1,"featured_media":0,"parent":934,"menu_order":0,"comment_status":"closed","ping_status":"closed","template":"elementor_header_footer","meta":{"_eb_attr":"","footnotes":""},"class_list":["post-1905","page","type-page","status-publish","hentry"],"_links":{"self":[{"href":"https:\/\/healthagentsturkey.com\/fr\/wp-json\/wp\/v2\/pages\/1905","targetHints":{"allow":["GET"]}}],"collection":[{"href":"https:\/\/healthagentsturkey.com\/fr\/wp-json\/wp\/v2\/pages"}],"about":[{"href":"https:\/\/healthagentsturkey.com\/fr\/wp-json\/wp\/v2\/types\/page"}],"author":[{"embeddable":true,"href":"https:\/\/healthagentsturkey.com\/fr\/wp-json\/wp\/v2\/users\/1"}],"replies":[{"embeddable":true,"href":"https:\/\/healthagentsturkey.com\/fr\/wp-json\/wp\/v2\/comments?post=1905"}],"version-history":[{"count":1,"href":"https:\/\/healthagentsturkey.com\/fr\/wp-json\/wp\/v2\/pages\/1905\/revisions"}],"predecessor-version":[{"id":4787,"href":"https:\/\/healthagentsturkey.com\/fr\/wp-json\/wp\/v2\/pages\/1905\/revisions\/4787"}],"up":[{"embeddable":true,"href":"https:\/\/healthagentsturkey.com\/fr\/wp-json\/wp\/v2\/pages\/934"}],"wp:attachment":[{"href":"https:\/\/healthagentsturkey.com\/fr\/wp-json\/wp\/v2\/media?parent=1905"}],"curies":[{"name":"wp","href":"https:\/\/api.w.org\/{rel}","templated":true}]}}