{"id":1830,"date":"2023-11-20T14:58:09","date_gmt":"2023-11-20T14:58:09","guid":{"rendered":"https:\/\/healthagentsturkey.com\/?page_id=1830"},"modified":"2026-02-25T10:31:55","modified_gmt":"2026-02-25T07:31:55","slug":"fiber-posts","status":"publish","type":"page","link":"https:\/\/healthagentsturkey.com\/fr\/tedavi\/dis\/restoratif-dis-hekimligi\/fiber-posts\/","title":{"rendered":"Postes \u00e0 fibres"},"content":{"rendered":"<div data-elementor-type=\"wp-page\" data-elementor-id=\"1830\" class=\"elementor elementor-1830\" data-elementor-post-type=\"page\">\n\t\t\t\t\t\t<section class=\"elementor-section elementor-top-section elementor-element elementor-element-eedafb9 elementor-section-content-middle elementor-section-boxed elementor-section-height-default elementor-section-height-default tp-parallax-no syd-sticky-section-no\" data-id=\"eedafb9\" data-element_type=\"section\" data-settings=\"{&quot;tp_sticky_sec_effect_enable&quot;:false}\">\n\t\t\t\t\t\t<div class=\"elementor-container elementor-column-gap-default\">\n\t\t\t\t\t<div data-aos=\"\" class=\"elementor-column elementor-col-50 elementor-top-column elementor-element elementor-element-571508b syd-sticky-section-no\" data-id=\"571508b\" data-element_type=\"column\" data-settings=\"{&quot;tp_sticky_col_effect_enable&quot;:false}\">\n\t\t\t<div class=\"elementor-widget-wrap elementor-element-populated\">\n\t\t\t\t\t\t<div class=\"elementor-element elementor-element-2fc2cb6 syd-sticky-section-no elementor-widget elementor-widget-heading\" data-id=\"2fc2cb6\" data-element_type=\"widget\" data-widget_type=\"heading.default\">\n\t\t\t\t<div class=\"elementor-widget-container\">\n\t\t\t\t\t<h2 class=\"elementor-heading-title elementor-size-default\">Post-traitement des fibres<\/h2>\t\t\t\t<\/div>\n\t\t\t\t<\/div>\n\t\t\t\t<div class=\"elementor-element elementor-element-1cf0f1c elementor-widget__width-initial syd-sticky-section-no elementor-widget elementor-widget-text-editor\" data-id=\"1cf0f1c\" data-element_type=\"widget\" data-widget_type=\"text-editor.default\">\n\t\t\t\t<div class=\"elementor-widget-container\">\n\t\t\t\t\t\t\t\t\t<p>Le tenon en fibre, \u00e9galement appel\u00e9 tenon en fibre ou tenon en fibre de verre, est un type de restauration dentaire utilis\u00e9 pour assurer le soutien et la stabilit\u00e9 d'une dent ayant subi un traitement de canal. Il est g\u00e9n\u00e9ralement utilis\u00e9 lorsque la structure naturelle de la dent est insuffisante pour supporter une restauration dentaire traditionnelle telle qu'une couronne dentaire.<\/p><p>Quelques aspects importants des peaux fibreuses :<\/p><p>1) Composition : Les poteaux en fibre sont constitu\u00e9s de petites fibres de verre tiss\u00e9es, noy\u00e9es dans une matrice de r\u00e9sine. Cette combinaison de mat\u00e9riaux conf\u00e8re r\u00e9sistance et flexibilit\u00e9 au poteau.<\/p>\t\t\t\t\t\t\t\t<\/div>\n\t\t\t\t<\/div>\n\t\t\t\t\t<\/div>\n\t\t<\/div>\n\t\t\t\t<div data-aos=\"\" class=\"elementor-column elementor-col-50 elementor-top-column elementor-element elementor-element-bc4d4c0 syd-sticky-section-no\" data-id=\"bc4d4c0\" data-element_type=\"column\" data-settings=\"{&quot;tp_sticky_col_effect_enable&quot;:false}\">\n\t\t\t<div class=\"elementor-widget-wrap elementor-element-populated\">\n\t\t\t\t\t\t<div class=\"elementor-element elementor-element-48dd569 syd-sticky-section-no elementor-widget elementor-widget-image\" data-id=\"48dd569\" data-element_type=\"widget\" data-widget_type=\"image.default\">\n\t\t\t\t<div class=\"elementor-widget-container\">\n\t\t\t\t\t\t\t\t\t<\/div>\n\t\t\t\t<\/div>\n\t\t\t\t\t<\/div>\n\t\t<\/div>\n\t\t\t\t\t<\/div>\n\t\t<\/section>\n\t\t<div class=\"elementor-element elementor-element-99fe56d e-flex e-con-boxed syd-sticky-section-no e-con e-parent\" data-id=\"99fe56d\" data-element_type=\"container\">\n\t\t\t\t\t<div class=\"e-con-inner\">\n\t\t\t\t<div class=\"elementor-element elementor-element-def30c4 syd-sticky-section-no elementor-widget elementor-widget-text-editor\" data-id=\"def30c4\" data-element_type=\"widget\" data-widget_type=\"text-editor.default\">\n\t\t\t\t<div class=\"elementor-widget-container\">\n\t\t\t\t\t\t\t\t\t<p>2. objectif : Apr\u00e8s un traitement de canal, l'int\u00e9rieur de la dent est nettoy\u00e9 et obtur\u00e9 pour \u00e9liminer la pulpe infect\u00e9e ou endommag\u00e9e. Cette op\u00e9ration peut toutefois affaiblir la structure de la dent. Un tenon en fibre est plac\u00e9 \u00e0 l'int\u00e9rieur du canal radiculaire pour le renforcer et servir de support \u00e0 une couronne ou \u00e0 une autre option de restauration.<\/p><p>3. les avantages des poteaux en fibre :<br \/>- Attrait esth\u00e9tique : Les tenons en fibre sont de la couleur des dents et se fondent naturellement dans la structure dentaire restante, ce qui permet d'obtenir un r\u00e9sultat plus esth\u00e9tique : La flexibilit\u00e9 des tenons en fibre permet une meilleure r\u00e9partition des forces, r\u00e9duisant ainsi le risque de fractures ou de fissures dans la structure dentaire restante.<br \/>- Capacit\u00e9 de collage : Les tenons en fibre peuvent \u00eatre coll\u00e9s \u00e0 la structure de la dent \u00e0 l'aide d'adh\u00e9sifs dentaires, ce qui permet d'obtenir une liaison solide et de renforcer la dent.<br \/>- R\u00e9duction du risque de fracture de la racine : Gr\u00e2ce \u00e0 leur flexibilit\u00e9, les tenons en fibres r\u00e9partissent le stress de mani\u00e8re plus uniforme le long de la racine, ce qui peut contribuer \u00e0 minimiser le risque de fracture de la racine par rapport aux tenons m\u00e9talliques rigides.<br \/><br \/>4) Proc\u00e9dure d'insertion : L'insertion d'un poteau en fibre comporte g\u00e9n\u00e9ralement les \u00e9tapes suivantes :<br \/>- Pr\u00e9paration de la cavit\u00e9 du tenon : Le canal radiculaire est form\u00e9 et pr\u00e9par\u00e9 pour accueillir le tenon en fibre. Cela peut impliquer l'\u00e9limination des restes de gutta-percha ou d'autres mat\u00e9riaux d'obturation.<br \/>- S\u00e9lection et dimensionnement du tenon : La taille et la longueur du tenon en fibre sont s\u00e9lectionn\u00e9es pour s'adapter \u00e0 une dent sp\u00e9cifique.<br \/>- Cimentation : Le tenon en fibre est recouvert de mat\u00e9riau d'obturation dentaire ou d'adh\u00e9sif et plac\u00e9 avec pr\u00e9caution dans la cavit\u00e9 pr\u00e9par\u00e9e du canal radiculaire. L'exc\u00e8s de mat\u00e9riau d'obturation est \u00e9limin\u00e9 et le tenon est positionn\u00e9 de mani\u00e8re appropri\u00e9e.<br \/>- Pr\u00e9paration de l'obturation : Un mat\u00e9riau d'obturation, tel qu'une r\u00e9sine composite, est utilis\u00e9 pour cr\u00e9er une base (par exemple une couronne) pour la restauration dentaire qui sera plac\u00e9e sur le tenon.<br \/>- Restauration finale : Apr\u00e8s le durcissement du mat\u00e9riau d'obturation, une couronne ou une autre restauration est fabriqu\u00e9e et plac\u00e9e sur la dent pr\u00e9par\u00e9e \u00e0 l'aide d'un tenon en fibre pour assurer la stabilit\u00e9 et le soutien.<br \/><br \/>Les tenons en fibre ne conviennent pas \u00e0 tous les cas et leur utilisation d\u00e9pend de divers facteurs tels que l'\u00e9tat de la dent, la structure dentaire restante et le plan de traitement. Un dentiste \u00e9valuera votre situation sp\u00e9cifique et d\u00e9terminera l'approche la plus appropri\u00e9e pour restaurer et renforcer votre dent.<br \/>Il est important de se rappeler que des pratiques d'hygi\u00e8ne bucco-dentaire appropri\u00e9es, des examens dentaires r\u00e9guliers et le respect des instructions post-traitement donn\u00e9es par votre dentiste sont essentiels pour le maintien \u00e0 long terme des restaurations post-fibres et de la sant\u00e9 dentaire en g\u00e9n\u00e9ral.<\/p>\t\t\t\t\t\t\t\t<\/div>\n\t\t\t\t<\/div>\n\t\t\t\t\t<\/div>\n\t\t\t\t<\/div>\n\t\t\t\t<section class=\"elementor-section elementor-top-section elementor-element elementor-element-cfed380 elementor-section-content-middle elementor-section-boxed elementor-section-height-default elementor-section-height-default tp-parallax-no syd-sticky-section-no\" data-id=\"cfed380\" data-element_type=\"section\" data-settings=\"{&quot;background_background&quot;:&quot;classic&quot;,&quot;tp_sticky_sec_effect_enable&quot;:false}\">\n\t\t\t\t\t\t<div class=\"elementor-container elementor-column-gap-default\">\n\t\t\t\t\t<div data-aos=\"\" class=\"elementor-column elementor-col-50 elementor-top-column elementor-element elementor-element-d8fac92 syd-sticky-section-no\" data-id=\"d8fac92\" data-element_type=\"column\" data-settings=\"{&quot;tp_sticky_col_effect_enable&quot;:false}\">\n\t\t\t<div class=\"elementor-widget-wrap elementor-element-populated\">\n\t\t\t\t\t\t<div class=\"elementor-element elementor-element-ea4173f syd-sticky-section-no elementor-widget elementor-widget-heading\" data-id=\"ea4173f\" data-element_type=\"widget\" data-widget_type=\"heading.default\">\n\t\t\t\t<div class=\"elementor-widget-container\">\n\t\t\t\t\t<h2 class=\"elementor-heading-title elementor-size-default\">Avez-vous des questions ?<\/h2>\t\t\t\t<\/div>\n\t\t\t\t<\/div>\n\t\t\t\t\t<\/div>\n\t\t<\/div>\n\t\t\t\t<div data-aos=\"\" class=\"elementor-column elementor-col-50 elementor-top-column elementor-element elementor-element-7aa5769 syd-sticky-section-no\" data-id=\"7aa5769\" data-element_type=\"column\" data-settings=\"{&quot;tp_sticky_col_effect_enable&quot;:false}\">\n\t\t\t<div class=\"elementor-widget-wrap elementor-element-populated\">\n\t\t\t\t\t\t<div class=\"elementor-element elementor-element-9c6e3e1 elementor-align-right elementor-mobile-align-center syd-sticky-section-no elementor-widget elementor-widget-button\" data-id=\"9c6e3e1\" data-element_type=\"widget\" data-widget_type=\"button.default\">\n\t\t\t\t<div class=\"elementor-widget-container\">\n\t\t\t\t\t\t\t\t\t<div class=\"elementor-button-wrapper\">\n\t\t\t\t\t<a class=\"elementor-button elementor-button-link elementor-size-sm\" href=\"https:\/\/healthagentsturkey.com\/fr\/iletisim\/\">\n\t\t\t\t\t\t<span class=\"elementor-button-content-wrapper\">\n\t\t\t\t\t\t\t\t\t<span class=\"elementor-button-text\">Contactez nous<\/span>\n\t\t\t\t\t<\/span>\n\t\t\t\t\t<\/a>\n\t\t\t\t<\/div>\n\t\t\t\t\t\t\t\t<\/div>\n\t\t\t\t<\/div>\n\t\t\t\t\t<\/div>\n\t\t<\/div>\n\t\t\t\t\t<\/div>\n\t\t<\/section>\n\t\t\t\t<\/div>","protected":false},"excerpt":{"rendered":"<p>Fiber Post Tedavisi Fiber post veya cam fiber post olarak da bilinen fiber post, k\u00f6k kanal tedavisi g\u00f6rm\u00fc\u015f bir di\u015fe destek ve [&hellip;]<\/p>","protected":false},"author":1,"featured_media":0,"parent":1622,"menu_order":0,"comment_status":"closed","ping_status":"closed","template":"elementor_header_footer","meta":{"_eb_attr":"","footnotes":""},"class_list":["post-1830","page","type-page","status-publish","hentry"],"_links":{"self":[{"href":"https:\/\/healthagentsturkey.com\/fr\/wp-json\/wp\/v2\/pages\/1830","targetHints":{"allow":["GET"]}}],"collection":[{"href":"https:\/\/healthagentsturkey.com\/fr\/wp-json\/wp\/v2\/pages"}],"about":[{"href":"https:\/\/healthagentsturkey.com\/fr\/wp-json\/wp\/v2\/types\/page"}],"author":[{"embeddable":true,"href":"https:\/\/healthagentsturkey.com\/fr\/wp-json\/wp\/v2\/users\/1"}],"replies":[{"embeddable":true,"href":"https:\/\/healthagentsturkey.com\/fr\/wp-json\/wp\/v2\/comments?post=1830"}],"version-history":[{"count":1,"href":"https:\/\/healthagentsturkey.com\/fr\/wp-json\/wp\/v2\/pages\/1830\/revisions"}],"predecessor-version":[{"id":4780,"href":"https:\/\/healthagentsturkey.com\/fr\/wp-json\/wp\/v2\/pages\/1830\/revisions\/4780"}],"up":[{"embeddable":true,"href":"https:\/\/healthagentsturkey.com\/fr\/wp-json\/wp\/v2\/pages\/1622"}],"wp:attachment":[{"href":"https:\/\/healthagentsturkey.com\/fr\/wp-json\/wp\/v2\/media?parent=1830"}],"curies":[{"name":"wp","href":"https:\/\/api.w.org\/{rel}","templated":true}]}}