{"id":1696,"date":"2023-11-19T23:06:29","date_gmt":"2023-11-19T23:06:29","guid":{"rendered":"https:\/\/healthagentsturkey.com\/?page_id=1696"},"modified":"2026-02-25T10:31:55","modified_gmt":"2026-02-25T07:31:55","slug":"kemik-grefti","status":"publish","type":"page","link":"https:\/\/healthagentsturkey.com\/fr\/tedavi\/dis\/implant-dis-hekimligi\/kemik-grefti\/","title":{"rendered":"Greffe osseuse"},"content":{"rendered":"<div data-elementor-type=\"wp-page\" data-elementor-id=\"1696\" class=\"elementor elementor-1696\" data-elementor-post-type=\"page\">\n\t\t\t\t\t\t<section class=\"elementor-section elementor-top-section elementor-element elementor-element-eedafb9 elementor-section-content-middle elementor-section-boxed elementor-section-height-default elementor-section-height-default tp-parallax-no syd-sticky-section-no\" data-id=\"eedafb9\" data-element_type=\"section\" data-settings=\"{&quot;tp_sticky_sec_effect_enable&quot;:false}\">\n\t\t\t\t\t\t<div class=\"elementor-container elementor-column-gap-default\">\n\t\t\t\t\t<div data-aos=\"\" class=\"elementor-column elementor-col-50 elementor-top-column elementor-element elementor-element-571508b syd-sticky-section-no\" data-id=\"571508b\" data-element_type=\"column\" data-settings=\"{&quot;tp_sticky_col_effect_enable&quot;:false}\">\n\t\t\t<div class=\"elementor-widget-wrap elementor-element-populated\">\n\t\t\t\t\t\t<div class=\"elementor-element elementor-element-2fc2cb6 syd-sticky-section-no elementor-widget elementor-widget-heading\" data-id=\"2fc2cb6\" data-element_type=\"widget\" data-widget_type=\"heading.default\">\n\t\t\t\t<div class=\"elementor-widget-container\">\n\t\t\t\t\t<h2 class=\"elementor-heading-title elementor-size-default\">Greffe osseuse<\/h2>\t\t\t\t<\/div>\n\t\t\t\t<\/div>\n\t\t\t\t<div class=\"elementor-element elementor-element-1cf0f1c elementor-widget__width-initial syd-sticky-section-no elementor-widget elementor-widget-text-editor\" data-id=\"1cf0f1c\" data-element_type=\"widget\" data-widget_type=\"text-editor.default\">\n\t\t\t\t<div class=\"elementor-widget-container\">\n\t\t\t\t\t\t\t\t\t<p>En dentisterie, la greffe osseuse est une proc\u00e9dure chirurgicale visant \u00e0 r\u00e9parer ou \u00e0 \u00e9tendre le tissu osseux dans l'os de la m\u00e2choire. Elle consiste \u00e0 pr\u00e9lever de l'os \u00e0 partir d'une autre source, comme le corps du patient, un donneur ou un mat\u00e9riau synth\u00e9tique, et \u00e0 le placer dans la zone o\u00f9 il y a eu une d\u00e9ficience ou une perte osseuse. L'objectif de la greffe osseuse est de cr\u00e9er une base solide pour les implants dentaires, de soutenir les dents existantes ou d'am\u00e9liorer la structure g\u00e9n\u00e9rale de l'os de la m\u00e2choire.<br \/><br \/>Voici quelques aspects importants de la greffe osseuse en dentisterie :<\/p>\t\t\t\t\t\t\t\t<\/div>\n\t\t\t\t<\/div>\n\t\t\t\t\t<\/div>\n\t\t<\/div>\n\t\t\t\t<div data-aos=\"\" class=\"elementor-column elementor-col-50 elementor-top-column elementor-element elementor-element-bc4d4c0 syd-sticky-section-no\" data-id=\"bc4d4c0\" data-element_type=\"column\" data-settings=\"{&quot;tp_sticky_col_effect_enable&quot;:false}\">\n\t\t\t<div class=\"elementor-widget-wrap elementor-element-populated\">\n\t\t\t\t\t\t<div class=\"elementor-element elementor-element-48dd569 syd-sticky-section-no elementor-widget elementor-widget-image\" data-id=\"48dd569\" data-element_type=\"widget\" data-widget_type=\"image.default\">\n\t\t\t\t<div class=\"elementor-widget-container\">\n\t\t\t\t\t\t\t\t\t<\/div>\n\t\t\t\t<\/div>\n\t\t\t\t\t<\/div>\n\t\t<\/div>\n\t\t\t\t\t<\/div>\n\t\t<\/section>\n\t\t<div class=\"elementor-element elementor-element-99fe56d e-flex e-con-boxed syd-sticky-section-no e-con e-parent\" data-id=\"99fe56d\" data-element_type=\"container\">\n\t\t\t\t\t<div class=\"e-con-inner\">\n\t\t\t\t<div class=\"elementor-element elementor-element-def30c4 syd-sticky-section-no elementor-widget elementor-widget-text-editor\" data-id=\"def30c4\" data-element_type=\"widget\" data-widget_type=\"text-editor.default\">\n\t\t\t\t<div class=\"elementor-widget-container\">\n\t\t\t\t\t\t\t\t\t<p>1) Indications : La greffe osseuse est couramment utilis\u00e9e dans les situations suivantes :<br \/>- Implants dentaires : Lorsque le volume ou la densit\u00e9 de l'os est insuffisant pour supporter des implants dentaires, une greffe osseuse est souvent n\u00e9cessaire pour augmenter le site de l'implant.<br \/>- Extraction dentaire : Dans certains cas, une greffe osseuse est r\u00e9alis\u00e9e imm\u00e9diatement apr\u00e8s l'extraction dentaire afin de prot\u00e9ger l'alv\u00e9ole dentaire et de pr\u00e9venir la perte osseuse.<br \/>- Maladie parodontale : Une maladie gingivale avanc\u00e9e peut entra\u00eener une perte osseuse autour des dents. Une greffe osseuse peut \u00eatre r\u00e9alis\u00e9e pour restaurer le support osseux perdu.<br \/>- D\u00e9fauts de l'os de la m\u00e2choire : Les anomalies cong\u00e9nitales, les traumatismes ou l'ablation d'une tumeur peuvent entra\u00eener des d\u00e9fauts de l'os de la m\u00e2choire qui n\u00e9cessitent une greffe osseuse pour la reconstruction.<br \/>2. les sources de greffons osseux : Diverses sources de greffons osseux sont disponibles, notamment les suivantes :<br \/>- Autogreffe : L'os du patient est pr\u00e9lev\u00e9 sur une autre partie du corps, comme la m\u00e2choire, la hanche ou le tibia.<br \/>- Allogreffe : L'os d'un donneur provenant d'une banque de tissus ou d'un donneur humain d\u00e9c\u00e9d\u00e9 est utilis\u00e9 pour la greffe.<br \/>- X\u00e9nogreffe : La mati\u00e8re osseuse provenant d'une source animale telle que l'os de bovin (vache) ou de porc (porc) est utilis\u00e9e comme greffe.<br \/>- Alloplaste : Des mat\u00e9riaux synth\u00e9tiques tels que l'hydroxyapatite ou des polym\u00e8res biocompatibles peuvent \u00eatre utilis\u00e9s comme greffons osseux.<br \/>3. la proc\u00e9dure : La proc\u00e9dure de greffe osseuse comprend g\u00e9n\u00e9ralement les \u00e9tapes suivantes :<br \/>- Pr\u00e9paration : Le site chirurgical est anesth\u00e9si\u00e9 avec une anesth\u00e9sie locale et une s\u00e9dation ou une anesth\u00e9sie g\u00e9n\u00e9rale peut \u00eatre utilis\u00e9e si n\u00e9cessaire.<br \/>- Mise en place du greffon : le mat\u00e9riau de greffe osseuse s\u00e9lectionn\u00e9 est plac\u00e9 dans la zone pr\u00e9par\u00e9e sous forme de bloc ou de granule. Le mat\u00e9riau de greffe agit comme un \u00e9chafaudage pour la nouvelle croissance osseuse.<br \/>- Fixation et fermeture : Le greffon est fix\u00e9 \u00e0 l'aide de petites vis, de plaques ou d'une membrane et le site chirurgical est referm\u00e9 \u00e0 l'aide de sutures.<br \/>4. cicatrisation et int\u00e9gration : Le mat\u00e9riau osseux greff\u00e9 stimule le processus naturel de gu\u00e9rison de l'organisme au fil du temps. De nouvelles cellules osseuses se d\u00e9veloppent progressivement et s'int\u00e8grent au greffon, restaurant ainsi le volume et la densit\u00e9 de l'os. Le processus d'int\u00e9gration peut prendre plusieurs mois.<br \/>5. les soins postop\u00e9ratoires : Apr\u00e8s une greffe osseuse, des soins postop\u00e9ratoires appropri\u00e9s sont essentiels pour une gu\u00e9rison r\u00e9ussie. Il peut s'agir d'un traitement de la douleur, d'antibiotiques, d'un r\u00e9gime alimentaire doux et du respect des instructions sp\u00e9ciales d'hygi\u00e8ne bucco-dentaire fournies par le dentiste ou le chirurgien bucco-dentaire.<br \/><br \/>La greffe osseuse est une proc\u00e9dure tr\u00e8s efficace qui permet de combler les d\u00e9ficiences osseuses et de fournir une base solide pour les restaurations dentaires ou les implants. La technique sp\u00e9cifique et le choix du mat\u00e9riau de greffe osseuse d\u00e9pendent des besoins de la personne, du degr\u00e9 de perte osseuse et des objectifs du traitement. Votre dentiste ou votre chirurgien buccal et maxillo-facial \u00e9valuera votre situation et vous recommandera l'approche la plus appropri\u00e9e \u00e0 votre cas.<\/p>\t\t\t\t\t\t\t\t<\/div>\n\t\t\t\t<\/div>\n\t\t\t\t\t<\/div>\n\t\t\t\t<\/div>\n\t\t\t\t<section class=\"elementor-section elementor-top-section elementor-element elementor-element-cfed380 elementor-section-content-middle elementor-section-boxed elementor-section-height-default elementor-section-height-default tp-parallax-no syd-sticky-section-no\" data-id=\"cfed380\" data-element_type=\"section\" data-settings=\"{&quot;background_background&quot;:&quot;classic&quot;,&quot;tp_sticky_sec_effect_enable&quot;:false}\">\n\t\t\t\t\t\t<div class=\"elementor-container elementor-column-gap-default\">\n\t\t\t\t\t<div data-aos=\"\" class=\"elementor-column elementor-col-50 elementor-top-column elementor-element elementor-element-d8fac92 syd-sticky-section-no\" data-id=\"d8fac92\" data-element_type=\"column\" data-settings=\"{&quot;tp_sticky_col_effect_enable&quot;:false}\">\n\t\t\t<div class=\"elementor-widget-wrap elementor-element-populated\">\n\t\t\t\t\t\t<div class=\"elementor-element elementor-element-ea4173f syd-sticky-section-no elementor-widget elementor-widget-heading\" data-id=\"ea4173f\" data-element_type=\"widget\" data-widget_type=\"heading.default\">\n\t\t\t\t<div class=\"elementor-widget-container\">\n\t\t\t\t\t<h2 class=\"elementor-heading-title elementor-size-default\">Avez-vous des questions ?<\/h2>\t\t\t\t<\/div>\n\t\t\t\t<\/div>\n\t\t\t\t\t<\/div>\n\t\t<\/div>\n\t\t\t\t<div data-aos=\"\" class=\"elementor-column elementor-col-50 elementor-top-column elementor-element elementor-element-7aa5769 syd-sticky-section-no\" data-id=\"7aa5769\" data-element_type=\"column\" data-settings=\"{&quot;tp_sticky_col_effect_enable&quot;:false}\">\n\t\t\t<div class=\"elementor-widget-wrap elementor-element-populated\">\n\t\t\t\t\t\t<div class=\"elementor-element elementor-element-9c6e3e1 elementor-align-right elementor-mobile-align-center syd-sticky-section-no elementor-widget elementor-widget-button\" data-id=\"9c6e3e1\" data-element_type=\"widget\" data-widget_type=\"button.default\">\n\t\t\t\t<div class=\"elementor-widget-container\">\n\t\t\t\t\t\t\t\t\t<div class=\"elementor-button-wrapper\">\n\t\t\t\t\t<a class=\"elementor-button elementor-button-link elementor-size-sm\" href=\"https:\/\/healthagentsturkey.com\/fr\/iletisim\/\">\n\t\t\t\t\t\t<span class=\"elementor-button-content-wrapper\">\n\t\t\t\t\t\t\t\t\t<span class=\"elementor-button-text\">Contactez nous<\/span>\n\t\t\t\t\t<\/span>\n\t\t\t\t\t<\/a>\n\t\t\t\t<\/div>\n\t\t\t\t\t\t\t\t<\/div>\n\t\t\t\t<\/div>\n\t\t\t\t\t<\/div>\n\t\t<\/div>\n\t\t\t\t\t<\/div>\n\t\t<\/section>\n\t\t\t\t<\/div>","protected":false},"excerpt":{"rendered":"<p>Kemik Grefti Di\u015f hekimli\u011finde kemik grefti, \u00e7ene kemi\u011findeki kemik dokusunu onarmak veya geni\u015fletmek i\u00e7in yap\u0131lan cerrahi bir prosed\u00fcrd\u00fcr. Hastan\u0131n kendi v\u00fccudu, don\u00f6r [&hellip;]<\/p>","protected":false},"author":1,"featured_media":0,"parent":1620,"menu_order":0,"comment_status":"closed","ping_status":"closed","template":"elementor_header_footer","meta":{"_eb_attr":"","footnotes":""},"class_list":["post-1696","page","type-page","status-publish","hentry"],"_links":{"self":[{"href":"https:\/\/healthagentsturkey.com\/fr\/wp-json\/wp\/v2\/pages\/1696","targetHints":{"allow":["GET"]}}],"collection":[{"href":"https:\/\/healthagentsturkey.com\/fr\/wp-json\/wp\/v2\/pages"}],"about":[{"href":"https:\/\/healthagentsturkey.com\/fr\/wp-json\/wp\/v2\/types\/page"}],"author":[{"embeddable":true,"href":"https:\/\/healthagentsturkey.com\/fr\/wp-json\/wp\/v2\/users\/1"}],"replies":[{"embeddable":true,"href":"https:\/\/healthagentsturkey.com\/fr\/wp-json\/wp\/v2\/comments?post=1696"}],"version-history":[{"count":1,"href":"https:\/\/healthagentsturkey.com\/fr\/wp-json\/wp\/v2\/pages\/1696\/revisions"}],"predecessor-version":[{"id":4776,"href":"https:\/\/healthagentsturkey.com\/fr\/wp-json\/wp\/v2\/pages\/1696\/revisions\/4776"}],"up":[{"embeddable":true,"href":"https:\/\/healthagentsturkey.com\/fr\/wp-json\/wp\/v2\/pages\/1620"}],"wp:attachment":[{"href":"https:\/\/healthagentsturkey.com\/fr\/wp-json\/wp\/v2\/media?parent=1696"}],"curies":[{"name":"wp","href":"https:\/\/api.w.org\/{rel}","templated":true}]}}