{"id":1690,"date":"2023-11-19T23:04:44","date_gmt":"2023-11-19T23:04:44","guid":{"rendered":"https:\/\/healthagentsturkey.com\/?page_id=1690"},"modified":"2026-02-25T10:31:55","modified_gmt":"2026-02-25T07:31:55","slug":"mini-implantlar","status":"publish","type":"page","link":"https:\/\/healthagentsturkey.com\/fr\/tedavi\/dis\/implant-dis-hekimligi\/mini-implantlar\/","title":{"rendered":"Mini-implants"},"content":{"rendered":"<div data-elementor-type=\"wp-page\" data-elementor-id=\"1690\" class=\"elementor elementor-1690\" data-elementor-post-type=\"page\">\n\t\t\t\t\t\t<section class=\"elementor-section elementor-top-section elementor-element elementor-element-eedafb9 elementor-section-content-middle elementor-section-boxed elementor-section-height-default elementor-section-height-default tp-parallax-no syd-sticky-section-no\" data-id=\"eedafb9\" data-element_type=\"section\" data-settings=\"{&quot;tp_sticky_sec_effect_enable&quot;:false}\">\n\t\t\t\t\t\t<div class=\"elementor-container elementor-column-gap-default\">\n\t\t\t\t\t<div data-aos=\"\" class=\"elementor-column elementor-col-50 elementor-top-column elementor-element elementor-element-571508b syd-sticky-section-no\" data-id=\"571508b\" data-element_type=\"column\" data-settings=\"{&quot;tp_sticky_col_effect_enable&quot;:false}\">\n\t\t\t<div class=\"elementor-widget-wrap elementor-element-populated\">\n\t\t\t\t\t\t<div class=\"elementor-element elementor-element-2fc2cb6 syd-sticky-section-no elementor-widget elementor-widget-heading\" data-id=\"2fc2cb6\" data-element_type=\"widget\" data-widget_type=\"heading.default\">\n\t\t\t\t<div class=\"elementor-widget-container\">\n\t\t\t\t\t<h2 class=\"elementor-heading-title elementor-size-default\">Mini-implants<\/h2>\t\t\t\t<\/div>\n\t\t\t\t<\/div>\n\t\t\t\t<div class=\"elementor-element elementor-element-1cf0f1c elementor-widget__width-initial syd-sticky-section-no elementor-widget elementor-widget-text-editor\" data-id=\"1cf0f1c\" data-element_type=\"widget\" data-widget_type=\"text-editor.default\">\n\t\t\t\t<div class=\"elementor-widget-container\">\n\t\t\t\t\t\t\t\t\t<p>Un mini-implant, \u00e9galement appel\u00e9 mini-implant dentaire (MDI), est une version plus petite d'un implant dentaire traditionnel. Il est utilis\u00e9 pour remplacer des dents manquantes ou pour assurer la stabilit\u00e9 de proth\u00e8ses dentaires telles que des couronnes ou des bridges. Les mini-implants partagent le m\u00eame concept de base que les implants dentaires classiques, mais diff\u00e8rent par leur taille, leur conception et leur application.<br \/><br \/>Quelques caract\u00e9ristiques de base et utilisations des mini-implants :<\/p>\t\t\t\t\t\t\t\t<\/div>\n\t\t\t\t<\/div>\n\t\t\t\t\t<\/div>\n\t\t<\/div>\n\t\t\t\t<div data-aos=\"\" class=\"elementor-column elementor-col-50 elementor-top-column elementor-element elementor-element-bc4d4c0 syd-sticky-section-no\" data-id=\"bc4d4c0\" data-element_type=\"column\" data-settings=\"{&quot;tp_sticky_col_effect_enable&quot;:false}\">\n\t\t\t<div class=\"elementor-widget-wrap elementor-element-populated\">\n\t\t\t\t\t\t<div class=\"elementor-element elementor-element-48dd569 syd-sticky-section-no elementor-widget elementor-widget-image\" data-id=\"48dd569\" data-element_type=\"widget\" data-widget_type=\"image.default\">\n\t\t\t\t<div class=\"elementor-widget-container\">\n\t\t\t\t\t\t\t\t\t<\/div>\n\t\t\t\t<\/div>\n\t\t\t\t\t<\/div>\n\t\t<\/div>\n\t\t\t\t\t<\/div>\n\t\t<\/section>\n\t\t<div class=\"elementor-element elementor-element-99fe56d e-flex e-con-boxed syd-sticky-section-no e-con e-parent\" data-id=\"99fe56d\" data-element_type=\"container\">\n\t\t\t\t\t<div class=\"e-con-inner\">\n\t\t\t\t<div class=\"elementor-element elementor-element-def30c4 syd-sticky-section-no elementor-widget elementor-widget-text-editor\" data-id=\"def30c4\" data-element_type=\"widget\" data-widget_type=\"text-editor.default\">\n\t\t\t\t<div class=\"elementor-widget-container\">\n\t\t\t\t\t\t\t\t\t<p>1. la taille : Les mini-implants ont un diam\u00e8tre plus petit que les implants conventionnels, g\u00e9n\u00e9ralement compris entre 1,8 et 3,0 millim\u00e8tres. Ils sont \u00e9galement plus courts, g\u00e9n\u00e9ralement de 10 \u00e0 15 millim\u00e8tres.<br \/>2. la structure : Les mini-implants sont g\u00e9n\u00e9ralement fabriqu\u00e9s en titane, comme les implants ordinaires. Ils se composent d'un pilier ou d'une vis en titane ins\u00e9r\u00e9 dans l'os de la m\u00e2choire et d'une petite boule saillante ou d'une alv\u00e9ole fix\u00e9e au-dessus de la ligne des gencives.<br \/>3. mise en place : Les mini-implants sont con\u00e7us pour \u00eatre pos\u00e9s avec des proc\u00e9dures moins invasives que les implants standard. Dans la plupart des cas, ils peuvent \u00eatre plac\u00e9s directement dans l'os de la m\u00e2choire sans qu'il soit n\u00e9cessaire de proc\u00e9der \u00e0 une greffe osseuse complexe ou \u00e0 une intervention chirurgicale importante.<br \/>4) Stabilit\u00e9 et fonction : bien que les mini-implants n'offrent pas le m\u00eame niveau de stabilit\u00e9 que les implants classiques, ils constituent un support suffisant pour les restaurations dentaires. Ils am\u00e9liorent la stabilit\u00e9 et la fonction des proth\u00e8ses dentaires, des bridges ou des couronnes, en aidant \u00e0 les stabiliser en place.<br \/>5. la dur\u00e9e de la proc\u00e9dure : Les mini-implants peuvent g\u00e9n\u00e9ralement \u00eatre pos\u00e9s et restaur\u00e9s dans un d\u00e9lai plus court que les implants traditionnels. Certains cas permettent m\u00eame une mise en place et une mise en charge imm\u00e9diates, ce qui signifie que la restauration peut \u00eatre fix\u00e9e \u00e0 l'implant le jour m\u00eame.<br \/>Les mini-implants sont g\u00e9n\u00e9ralement utilis\u00e9s dans les cas suivants<br \/>1) Fixation des proth\u00e8ses : les mini-implants peuvent \u00eatre utilis\u00e9s pour fixer des proth\u00e8ses dentaires l\u00e2ches ou mal ajust\u00e9es. Les implants sont plac\u00e9s strat\u00e9giquement dans l'os de la m\u00e2choire et la dent proth\u00e9tique est \u00e9quip\u00e9e de pi\u00e8ces qui sont attach\u00e9es aux t\u00eates des implants, ce qui assure une meilleure r\u00e9tention et une plus grande stabilit\u00e9.<br \/>2) Restauration d'une seule dent : Dans les cas o\u00f9 une petite dent est manquante ou doit \u00eatre remplac\u00e9e, un mini-implant peut \u00eatre plac\u00e9 pour soutenir une couronne dentaire unique.<br \/>3. volume osseux limit\u00e9 : Lorsque le volume ou la densit\u00e9 de l'os de la m\u00e2choire est limit\u00e9, les mini-implants sont pr\u00e9f\u00e9rables car ils n\u00e9cessitent moins d'os pour l'implantation.<br \/><br \/>Il est important de se rappeler que les mini-implants ne conviennent pas \u00e0 tous les cas. Des facteurs tels que la qualit\u00e9 de l'os, la sant\u00e9 bucco-dentaire et la n\u00e9cessit\u00e9 de restaurations sp\u00e9cifiques d\u00e9termineront si les mini-implants constituent une option de traitement appropri\u00e9e. Un examen approfondi et une consultation avec un dentiste exp\u00e9riment\u00e9 permettront de d\u00e9terminer la meilleure approche pour traiter les dents manquantes ou fixer leur proth\u00e8se.<\/p>\t\t\t\t\t\t\t\t<\/div>\n\t\t\t\t<\/div>\n\t\t\t\t\t<\/div>\n\t\t\t\t<\/div>\n\t\t\t\t<section class=\"elementor-section elementor-top-section elementor-element elementor-element-cfed380 elementor-section-content-middle elementor-section-boxed elementor-section-height-default elementor-section-height-default tp-parallax-no syd-sticky-section-no\" data-id=\"cfed380\" data-element_type=\"section\" data-settings=\"{&quot;background_background&quot;:&quot;classic&quot;,&quot;tp_sticky_sec_effect_enable&quot;:false}\">\n\t\t\t\t\t\t<div class=\"elementor-container elementor-column-gap-default\">\n\t\t\t\t\t<div data-aos=\"\" class=\"elementor-column elementor-col-50 elementor-top-column elementor-element elementor-element-d8fac92 syd-sticky-section-no\" data-id=\"d8fac92\" data-element_type=\"column\" data-settings=\"{&quot;tp_sticky_col_effect_enable&quot;:false}\">\n\t\t\t<div class=\"elementor-widget-wrap elementor-element-populated\">\n\t\t\t\t\t\t<div class=\"elementor-element elementor-element-ea4173f syd-sticky-section-no elementor-widget elementor-widget-heading\" data-id=\"ea4173f\" data-element_type=\"widget\" data-widget_type=\"heading.default\">\n\t\t\t\t<div class=\"elementor-widget-container\">\n\t\t\t\t\t<h2 class=\"elementor-heading-title elementor-size-default\">Avez-vous des questions ?<\/h2>\t\t\t\t<\/div>\n\t\t\t\t<\/div>\n\t\t\t\t\t<\/div>\n\t\t<\/div>\n\t\t\t\t<div data-aos=\"\" class=\"elementor-column elementor-col-50 elementor-top-column elementor-element elementor-element-7aa5769 syd-sticky-section-no\" data-id=\"7aa5769\" data-element_type=\"column\" data-settings=\"{&quot;tp_sticky_col_effect_enable&quot;:false}\">\n\t\t\t<div class=\"elementor-widget-wrap elementor-element-populated\">\n\t\t\t\t\t\t<div class=\"elementor-element elementor-element-9c6e3e1 elementor-align-right elementor-mobile-align-center syd-sticky-section-no elementor-widget elementor-widget-button\" data-id=\"9c6e3e1\" data-element_type=\"widget\" data-widget_type=\"button.default\">\n\t\t\t\t<div class=\"elementor-widget-container\">\n\t\t\t\t\t\t\t\t\t<div class=\"elementor-button-wrapper\">\n\t\t\t\t\t<a class=\"elementor-button elementor-button-link elementor-size-sm\" href=\"https:\/\/healthagentsturkey.com\/fr\/iletisim\/\">\n\t\t\t\t\t\t<span class=\"elementor-button-content-wrapper\">\n\t\t\t\t\t\t\t\t\t<span class=\"elementor-button-text\">Contactez nous<\/span>\n\t\t\t\t\t<\/span>\n\t\t\t\t\t<\/a>\n\t\t\t\t<\/div>\n\t\t\t\t\t\t\t\t<\/div>\n\t\t\t\t<\/div>\n\t\t\t\t\t<\/div>\n\t\t<\/div>\n\t\t\t\t\t<\/div>\n\t\t<\/section>\n\t\t\t\t<\/div>","protected":false},"excerpt":{"rendered":"<p>Mini \u0130mplantlar Mini dental implant (MDI) olarak da bilinen mini implant, geleneksel dental implant\u0131n daha k\u00fc\u00e7\u00fck bir versiyonudur. Eksik di\u015flerin yerini almak [&hellip;]<\/p>","protected":false},"author":1,"featured_media":0,"parent":1620,"menu_order":0,"comment_status":"closed","ping_status":"closed","template":"elementor_header_footer","meta":{"_eb_attr":"","footnotes":""},"class_list":["post-1690","page","type-page","status-publish","hentry"],"_links":{"self":[{"href":"https:\/\/healthagentsturkey.com\/fr\/wp-json\/wp\/v2\/pages\/1690","targetHints":{"allow":["GET"]}}],"collection":[{"href":"https:\/\/healthagentsturkey.com\/fr\/wp-json\/wp\/v2\/pages"}],"about":[{"href":"https:\/\/healthagentsturkey.com\/fr\/wp-json\/wp\/v2\/types\/page"}],"author":[{"embeddable":true,"href":"https:\/\/healthagentsturkey.com\/fr\/wp-json\/wp\/v2\/users\/1"}],"replies":[{"embeddable":true,"href":"https:\/\/healthagentsturkey.com\/fr\/wp-json\/wp\/v2\/comments?post=1690"}],"version-history":[{"count":1,"href":"https:\/\/healthagentsturkey.com\/fr\/wp-json\/wp\/v2\/pages\/1690\/revisions"}],"predecessor-version":[{"id":4777,"href":"https:\/\/healthagentsturkey.com\/fr\/wp-json\/wp\/v2\/pages\/1690\/revisions\/4777"}],"up":[{"embeddable":true,"href":"https:\/\/healthagentsturkey.com\/fr\/wp-json\/wp\/v2\/pages\/1620"}],"wp:attachment":[{"href":"https:\/\/healthagentsturkey.com\/fr\/wp-json\/wp\/v2\/media?parent=1690"}],"curies":[{"name":"wp","href":"https:\/\/api.w.org\/{rel}","templated":true}]}}