{"id":1642,"date":"2023-11-19T20:41:55","date_gmt":"2023-11-19T20:41:55","guid":{"rendered":"https:\/\/healthagentsturkey.com\/?page_id=1642"},"modified":"2026-02-25T10:31:55","modified_gmt":"2026-02-25T07:31:55","slug":"tam-zirkonyum-kronlar","status":"publish","type":"page","link":"https:\/\/healthagentsturkey.com\/fr\/tedavi\/dis\/estetik-dis-hekimligi\/tam-zirkonyum-kronlar\/","title":{"rendered":"Couronnes compl\u00e8tes en zirconium"},"content":{"rendered":"<div data-elementor-type=\"wp-page\" data-elementor-id=\"1642\" class=\"elementor elementor-1642\" data-elementor-post-type=\"page\">\n\t\t\t\t\t\t<section class=\"elementor-section elementor-top-section elementor-element elementor-element-eedafb9 elementor-section-content-middle elementor-section-boxed elementor-section-height-default elementor-section-height-default tp-parallax-no syd-sticky-section-no\" data-id=\"eedafb9\" data-element_type=\"section\" data-settings=\"{&quot;tp_sticky_sec_effect_enable&quot;:false}\">\n\t\t\t\t\t\t<div class=\"elementor-container elementor-column-gap-default\">\n\t\t\t\t\t<div data-aos=\"\" class=\"elementor-column elementor-col-50 elementor-top-column elementor-element elementor-element-571508b syd-sticky-section-no\" data-id=\"571508b\" data-element_type=\"column\" data-settings=\"{&quot;tp_sticky_col_effect_enable&quot;:false}\">\n\t\t\t<div class=\"elementor-widget-wrap elementor-element-populated\">\n\t\t\t\t\t\t<div class=\"elementor-element elementor-element-2fc2cb6 syd-sticky-section-no elementor-widget elementor-widget-heading\" data-id=\"2fc2cb6\" data-element_type=\"widget\" data-widget_type=\"heading.default\">\n\t\t\t\t<div class=\"elementor-widget-container\">\n\t\t\t\t\t<h2 class=\"elementor-heading-title elementor-size-default\">Couronnes compl\u00e8tes en zirconium<\/h2>\t\t\t\t<\/div>\n\t\t\t\t<\/div>\n\t\t\t\t<div class=\"elementor-element elementor-element-1cf0f1c elementor-widget__width-initial syd-sticky-section-no elementor-widget elementor-widget-text-editor\" data-id=\"1cf0f1c\" data-element_type=\"widget\" data-widget_type=\"text-editor.default\">\n\t\t\t\t<div class=\"elementor-widget-container\">\n\t\t\t\t\t\t\t\t\t<p>Une couronne compl\u00e8te en zirconium, \u00e9galement appel\u00e9e couronne en zircone, est un type de couronne dentaire fabriqu\u00e9e enti\u00e8rement en zirconium, un mat\u00e9riau c\u00e9ramique durable et esth\u00e9tique. Les couronnes dentaires sont des facettes en forme de dent qui sont plac\u00e9es sur une dent endommag\u00e9e ou affaiblie pour en restaurer la solidit\u00e9, la fonction et l'apparence.<\/p>\t\t\t\t\t\t\t\t<\/div>\n\t\t\t\t<\/div>\n\t\t\t\t\t<\/div>\n\t\t<\/div>\n\t\t\t\t<div data-aos=\"\" class=\"elementor-column elementor-col-50 elementor-top-column elementor-element elementor-element-bc4d4c0 syd-sticky-section-no\" data-id=\"bc4d4c0\" data-element_type=\"column\" data-settings=\"{&quot;tp_sticky_col_effect_enable&quot;:false}\">\n\t\t\t<div class=\"elementor-widget-wrap elementor-element-populated\">\n\t\t\t\t\t\t<div class=\"elementor-element elementor-element-48dd569 syd-sticky-section-no elementor-widget elementor-widget-image\" data-id=\"48dd569\" data-element_type=\"widget\" data-widget_type=\"image.default\">\n\t\t\t\t<div class=\"elementor-widget-container\">\n\t\t\t\t\t\t\t\t\t<\/div>\n\t\t\t\t<\/div>\n\t\t\t\t\t<\/div>\n\t\t<\/div>\n\t\t\t\t\t<\/div>\n\t\t<\/section>\n\t\t<div class=\"elementor-element elementor-element-99fe56d e-flex e-con-boxed syd-sticky-section-no e-con e-parent\" data-id=\"99fe56d\" data-element_type=\"container\">\n\t\t\t\t\t<div class=\"e-con-inner\">\n\t\t\t\t<div class=\"elementor-element elementor-element-def30c4 syd-sticky-section-no elementor-widget elementor-widget-text-editor\" data-id=\"def30c4\" data-element_type=\"widget\" data-widget_type=\"text-editor.default\">\n\t\t\t\t<div class=\"elementor-widget-container\">\n\t\t\t\t\t\t\t\t\t<p>Le dioxyde de zirconium, commun\u00e9ment appel\u00e9 zircone, est un mat\u00e9riau blanc et translucide d'une r\u00e9sistance et d'une durabilit\u00e9 exceptionnelles. Il est connu pour sa biocompatibilit\u00e9, c'est-\u00e0-dire qu'il est bien tol\u00e9r\u00e9 par l'organisme et ne provoque pas d'effets secondaires ou d'allergies. Les couronnes en zircone sont de plus en plus populaires en dentisterie en raison de leurs excellentes propri\u00e9t\u00e9s m\u00e9caniques et de leur esth\u00e9tique naturelle.<\/p><p>Le processus de cr\u00e9ation et de mise en place d'une couronne compl\u00e8te en zircone comprend g\u00e9n\u00e9ralement les \u00e9tapes suivantes :<br \/><br \/>1) Pr\u00e9paration des dents : La dent affect\u00e9e est pr\u00e9par\u00e9e en enlevant les parties cari\u00e9es ou endommag\u00e9es et en la remodelant pour qu'elle s'adapte \u00e0 la couronne.<br \/>2. l'empreinte : Une empreinte ou un scan num\u00e9rique est pris de la dent pr\u00e9par\u00e9e, qui servira de guide pour la conception de la couronne en zirconium dans le laboratoire dentaire.<br \/>3. la fabrication de couronnes : Les techniciens dentaires exp\u00e9riment\u00e9s d'un laboratoire dentaire utilisent des empreintes ou des scanners num\u00e9riques pour concevoir et fabriquer une couronne en zircone. Les technologies de conception et de fabrication assist\u00e9es par ordinateur (CAO\/FAO) peuvent \u00eatre utilis\u00e9es pour garantir un ajustement pr\u00e9cis et une esth\u00e9tique optimale.<br \/>4. couronne provisoire : Lorsqu'une couronne en zircone est r\u00e9alis\u00e9e, une couronne provisoire peut \u00eatre plac\u00e9e sur la dent pr\u00e9par\u00e9e afin de la prot\u00e9ger et de maintenir sa fonctionnalit\u00e9.<br \/>5. mise en place de la couronne : Lorsque la couronne en zircone est pr\u00eate, l'ajustement, la forme et la couleur sont test\u00e9s. Les corrections n\u00e9cessaires peuvent \u00eatre apport\u00e9es avant la pose d\u00e9finitive. La dent est nettoy\u00e9e et la couronne en zircone est coll\u00e9e de mani\u00e8re permanente \u00e0 la dent \u00e0 l'aide d'un mat\u00e9riau d'obturation dentaire ou d'un agent adh\u00e9sif.<br \/><br \/>Les avantages des couronnes en zirconium sont les suivants<br \/><br \/>1) Solidit\u00e9 et durabilit\u00e9 : La zircone est tr\u00e8s r\u00e9sistante aux fractures et \u00e0 l'usure, ce qui en fait une option de restauration durable.<br \/>2. l'esth\u00e9tique : La zircone a une transparence semblable \u00e0 celle de la dent et se fond parfaitement avec les dents naturelles, ce qui donne une restauration tr\u00e8s esth\u00e9tique.<br \/>3. la biocompatibilit\u00e9 : La zircone est biocompatible, c'est-\u00e0-dire qu'elle est bien tol\u00e9r\u00e9e par l'organisme et ne provoque pas de r\u00e9actions ind\u00e9sirables ou d'allergies.<br \/>4. pr\u00e9paration conservatrice de la dent : Par rapport aux couronnes conventionnelles, les couronnes en zircone n\u00e9cessitent g\u00e9n\u00e9ralement une abrasion minimale de la structure de la dent, ce qui prot\u00e8ge davantage la dent naturelle.<br \/>Pour d\u00e9terminer si une couronne en zirconium est l'option de traitement appropri\u00e9e pour votre \u00e9tat dentaire, il est important de consulter un dentiste.<\/p>\t\t\t\t\t\t\t\t<\/div>\n\t\t\t\t<\/div>\n\t\t\t\t\t<\/div>\n\t\t\t\t<\/div>\n\t\t\t\t<section class=\"elementor-section elementor-top-section elementor-element elementor-element-cfed380 elementor-section-content-middle elementor-section-boxed elementor-section-height-default elementor-section-height-default tp-parallax-no syd-sticky-section-no\" data-id=\"cfed380\" data-element_type=\"section\" data-settings=\"{&quot;background_background&quot;:&quot;classic&quot;,&quot;tp_sticky_sec_effect_enable&quot;:false}\">\n\t\t\t\t\t\t<div class=\"elementor-container elementor-column-gap-default\">\n\t\t\t\t\t<div data-aos=\"\" class=\"elementor-column elementor-col-50 elementor-top-column elementor-element elementor-element-d8fac92 syd-sticky-section-no\" data-id=\"d8fac92\" data-element_type=\"column\" data-settings=\"{&quot;tp_sticky_col_effect_enable&quot;:false}\">\n\t\t\t<div class=\"elementor-widget-wrap elementor-element-populated\">\n\t\t\t\t\t\t<div class=\"elementor-element elementor-element-ea4173f syd-sticky-section-no elementor-widget elementor-widget-heading\" data-id=\"ea4173f\" data-element_type=\"widget\" data-widget_type=\"heading.default\">\n\t\t\t\t<div class=\"elementor-widget-container\">\n\t\t\t\t\t<h2 class=\"elementor-heading-title elementor-size-default\">Avez-vous des questions ?<\/h2>\t\t\t\t<\/div>\n\t\t\t\t<\/div>\n\t\t\t\t\t<\/div>\n\t\t<\/div>\n\t\t\t\t<div data-aos=\"\" class=\"elementor-column elementor-col-50 elementor-top-column elementor-element elementor-element-7aa5769 syd-sticky-section-no\" data-id=\"7aa5769\" data-element_type=\"column\" data-settings=\"{&quot;tp_sticky_col_effect_enable&quot;:false}\">\n\t\t\t<div class=\"elementor-widget-wrap elementor-element-populated\">\n\t\t\t\t\t\t<div class=\"elementor-element elementor-element-9c6e3e1 elementor-align-right elementor-mobile-align-center syd-sticky-section-no elementor-widget elementor-widget-button\" data-id=\"9c6e3e1\" data-element_type=\"widget\" data-widget_type=\"button.default\">\n\t\t\t\t<div class=\"elementor-widget-container\">\n\t\t\t\t\t\t\t\t\t<div class=\"elementor-button-wrapper\">\n\t\t\t\t\t<a class=\"elementor-button elementor-button-link elementor-size-sm\" href=\"https:\/\/healthagentsturkey.com\/fr\/iletisim\/\">\n\t\t\t\t\t\t<span class=\"elementor-button-content-wrapper\">\n\t\t\t\t\t\t\t\t\t<span class=\"elementor-button-text\">Contactez nous<\/span>\n\t\t\t\t\t<\/span>\n\t\t\t\t\t<\/a>\n\t\t\t\t<\/div>\n\t\t\t\t\t\t\t\t<\/div>\n\t\t\t\t<\/div>\n\t\t\t\t\t<\/div>\n\t\t<\/div>\n\t\t\t\t\t<\/div>\n\t\t<\/section>\n\t\t\t\t<\/div>","protected":false},"excerpt":{"rendered":"<p>Tam Zirkonyum Kronlar Zirkonya kaplama olarak da bilinen tam zirkonyum kron, dayan\u0131kl\u0131 ve estetik a\u00e7\u0131dan ho\u015f bir seramik malzeme olan tamamen zirkonyumdan [&hellip;]<\/p>","protected":false},"author":1,"featured_media":0,"parent":1618,"menu_order":0,"comment_status":"closed","ping_status":"closed","template":"elementor_header_footer","meta":{"_eb_attr":"","footnotes":""},"class_list":["post-1642","page","type-page","status-publish","hentry"],"_links":{"self":[{"href":"https:\/\/healthagentsturkey.com\/fr\/wp-json\/wp\/v2\/pages\/1642","targetHints":{"allow":["GET"]}}],"collection":[{"href":"https:\/\/healthagentsturkey.com\/fr\/wp-json\/wp\/v2\/pages"}],"about":[{"href":"https:\/\/healthagentsturkey.com\/fr\/wp-json\/wp\/v2\/types\/page"}],"author":[{"embeddable":true,"href":"https:\/\/healthagentsturkey.com\/fr\/wp-json\/wp\/v2\/users\/1"}],"replies":[{"embeddable":true,"href":"https:\/\/healthagentsturkey.com\/fr\/wp-json\/wp\/v2\/comments?post=1642"}],"version-history":[{"count":1,"href":"https:\/\/healthagentsturkey.com\/fr\/wp-json\/wp\/v2\/pages\/1642\/revisions"}],"predecessor-version":[{"id":4771,"href":"https:\/\/healthagentsturkey.com\/fr\/wp-json\/wp\/v2\/pages\/1642\/revisions\/4771"}],"up":[{"embeddable":true,"href":"https:\/\/healthagentsturkey.com\/fr\/wp-json\/wp\/v2\/pages\/1618"}],"wp:attachment":[{"href":"https:\/\/healthagentsturkey.com\/fr\/wp-json\/wp\/v2\/media?parent=1642"}],"curies":[{"name":"wp","href":"https:\/\/api.w.org\/{rel}","templated":true}]}}