{"id":1635,"date":"2023-11-19T20:05:26","date_gmt":"2023-11-19T20:05:26","guid":{"rendered":"https:\/\/healthagentsturkey.com\/?page_id=1635"},"modified":"2026-02-25T10:31:54","modified_gmt":"2026-02-25T07:31:54","slug":"hazirliksiz-kaplamalar","status":"publish","type":"page","link":"https:\/\/healthagentsturkey.com\/fr\/tedavi\/dis\/estetik-dis-hekimligi\/hazirliksiz-kaplamalar\/","title":{"rendered":"Rev\u00eatements impromptus"},"content":{"rendered":"<div data-elementor-type=\"wp-page\" data-elementor-id=\"1635\" class=\"elementor elementor-1635\" data-elementor-post-type=\"page\">\n\t\t\t\t\t\t<section class=\"elementor-section elementor-top-section elementor-element elementor-element-eedafb9 elementor-section-content-middle elementor-section-boxed elementor-section-height-default elementor-section-height-default tp-parallax-no syd-sticky-section-no\" data-id=\"eedafb9\" data-element_type=\"section\" data-settings=\"{&quot;tp_sticky_sec_effect_enable&quot;:false}\">\n\t\t\t\t\t\t<div class=\"elementor-container elementor-column-gap-default\">\n\t\t\t\t\t<div data-aos=\"\" class=\"elementor-column elementor-col-50 elementor-top-column elementor-element elementor-element-571508b syd-sticky-section-no\" data-id=\"571508b\" data-element_type=\"column\" data-settings=\"{&quot;tp_sticky_col_effect_enable&quot;:false}\">\n\t\t\t<div class=\"elementor-widget-wrap elementor-element-populated\">\n\t\t\t\t\t\t<div class=\"elementor-element elementor-element-2fc2cb6 syd-sticky-section-no elementor-widget elementor-widget-heading\" data-id=\"2fc2cb6\" data-element_type=\"widget\" data-widget_type=\"heading.default\">\n\t\t\t\t<div class=\"elementor-widget-container\">\n\t\t\t\t\t<h2 class=\"elementor-heading-title elementor-size-default\">Placages stratifi\u00e9s sans joint<\/h2>\t\t\t\t<\/div>\n\t\t\t\t<\/div>\n\t\t\t\t<div class=\"elementor-element elementor-element-1cf0f1c syd-sticky-section-no elementor-widget elementor-widget-text-editor\" data-id=\"1cf0f1c\" data-element_type=\"widget\" data-widget_type=\"text-editor.default\">\n\t\t\t\t<div class=\"elementor-widget-container\">\n\t\t\t\t\t\t\t\t\t<p>Les facettes non abrasives, \u00e9galement appel\u00e9es facettes \u00e0 abrasion minimale ou facettes sans abrasion, sont un type de facette stratifi\u00e9e qui n\u00e9cessite peu ou pas d'abrasion sur les dents naturelles avant d'\u00eatre pos\u00e9e. Les facettes sont des mat\u00e9riaux de restauration, g\u00e9n\u00e9ralement en porcelaine ou en r\u00e9sine composite, qui sont coll\u00e9s sur la face avant des dents pour en am\u00e9liorer l'aspect.<\/p><p>Les facettes traditionnelles n\u00e9cessitent g\u00e9n\u00e9ralement l'abrasion d'une petite partie de l'\u00e9mail de la dent afin de cr\u00e9er l'espace n\u00e9cessaire \u00e0 la facette et d'en assurer la bonne mise en place. Ce processus est irr\u00e9versible et ne peut \u00eatre restaur\u00e9 une fois que l'\u00e9mail a \u00e9t\u00e9 abras\u00e9.\u00a0<\/p>\t\t\t\t\t\t\t\t<\/div>\n\t\t\t\t<\/div>\n\t\t\t\t\t<\/div>\n\t\t<\/div>\n\t\t\t\t<div data-aos=\"\" class=\"elementor-column elementor-col-50 elementor-top-column elementor-element elementor-element-bc4d4c0 syd-sticky-section-no\" data-id=\"bc4d4c0\" data-element_type=\"column\" data-settings=\"{&quot;tp_sticky_col_effect_enable&quot;:false}\">\n\t\t\t<div class=\"elementor-widget-wrap elementor-element-populated\">\n\t\t\t\t\t\t<div class=\"elementor-element elementor-element-48dd569 syd-sticky-section-no elementor-widget elementor-widget-image\" data-id=\"48dd569\" data-element_type=\"widget\" data-widget_type=\"image.default\">\n\t\t\t\t<div class=\"elementor-widget-container\">\n\t\t\t\t\t\t\t\t\t<\/div>\n\t\t\t\t<\/div>\n\t\t\t\t\t<\/div>\n\t\t<\/div>\n\t\t\t\t\t<\/div>\n\t\t<\/section>\n\t\t<div class=\"elementor-element elementor-element-99fe56d e-flex e-con-boxed syd-sticky-section-no e-con e-parent\" data-id=\"99fe56d\" data-element_type=\"container\">\n\t\t\t\t\t<div class=\"e-con-inner\">\n\t\t\t\t<div class=\"elementor-element elementor-element-def30c4 syd-sticky-section-no elementor-widget elementor-widget-text-editor\" data-id=\"def30c4\" data-element_type=\"widget\" data-widget_type=\"text-editor.default\">\n\t\t\t\t<div class=\"elementor-widget-container\">\n\t\t\t\t\t\t\t\t\t<p>Cependant, les facettes sans mordan\u00e7age sont con\u00e7ues pour \u00eatre ultra-minces et ne n\u00e9cessitent que peu ou pas de mordan\u00e7age de l'\u00e9mail.<\/p><p>Elles sont fabriqu\u00e9es individuellement pour s'adapter directement aux dents naturelles sans n\u00e9cessiter d'abrasion dentaire.<\/p><p>Avantages des rev\u00eatements non abrasifs :<\/p><p>1. une abrasion minimale ou inexistante de la dent : Comme les lamin\u00e9s ultraminces et sans soudure ne n\u00e9cessitent que peu ou pas d'\u00e9limination de l'\u00e9mail, la structure naturelle de la dent est pr\u00e9serv\u00e9e.<br \/>2. r\u00e9versible : L'\u00e9mail de la dent restant intact, les facettes non abrasives peuvent \u00eatre retir\u00e9es \u00e0 l'avenir si on le souhaite, et les dents retrouvent leur \u00e9tat d'origine.<br \/>3. moins invasif : le processus de pose des facettes non abrasives est g\u00e9n\u00e9ralement moins invasif et peut entra\u00eener moins d'inconfort que les facettes conventionnelles.<br \/>4. rapide et efficace : les facettes non mordanc\u00e9es sont g\u00e9n\u00e9ralement pos\u00e9es en un nombre minimum de visites, ce qui permet au patient de gagner du temps.<br \/>5. un taux de satisfaction esth\u00e9tique \u00e9lev\u00e9 : Les facettes en lamelles sans soudure am\u00e9liorent la forme, la couleur et l'alignement des dents, am\u00e9liorant ainsi l'apparence des dents.<br \/>Il est important de noter que tous les cas ne se pr\u00eatent pas \u00e0 la pose de facettes sans retouche. Elles sont g\u00e9n\u00e9ralement recommand\u00e9es pour les patients ayant des probl\u00e8mes esth\u00e9tiques mineurs tels que de petites \u00e9br\u00e9chures, une l\u00e9g\u00e8re d\u00e9coloration ou un l\u00e9ger d\u00e9faut d'alignement. Dans les cas o\u00f9 des changements plus importants sont n\u00e9cessaires, ou lorsqu'il y a des probl\u00e8mes d'alignement des dents ou d'occlusion, des facettes traditionnelles ou d'autres traitements dentaires peuvent \u00eatre plus appropri\u00e9s. La consultation d'un dentiste exp\u00e9riment\u00e9 ou d'un dentiste cosm\u00e9tique est essentielle pour d\u00e9terminer la meilleure option de traitement pour les besoins individuels.<\/p>\t\t\t\t\t\t\t\t<\/div>\n\t\t\t\t<\/div>\n\t\t\t\t\t<\/div>\n\t\t\t\t<\/div>\n\t\t\t\t<section class=\"elementor-section elementor-top-section elementor-element elementor-element-cfed380 elementor-section-content-middle elementor-section-boxed elementor-section-height-default elementor-section-height-default tp-parallax-no syd-sticky-section-no\" data-id=\"cfed380\" data-element_type=\"section\" data-settings=\"{&quot;background_background&quot;:&quot;classic&quot;,&quot;tp_sticky_sec_effect_enable&quot;:false}\">\n\t\t\t\t\t\t<div class=\"elementor-container elementor-column-gap-default\">\n\t\t\t\t\t<div data-aos=\"\" class=\"elementor-column elementor-col-50 elementor-top-column elementor-element elementor-element-d8fac92 syd-sticky-section-no\" data-id=\"d8fac92\" data-element_type=\"column\" data-settings=\"{&quot;tp_sticky_col_effect_enable&quot;:false}\">\n\t\t\t<div class=\"elementor-widget-wrap elementor-element-populated\">\n\t\t\t\t\t\t<div class=\"elementor-element elementor-element-ea4173f syd-sticky-section-no elementor-widget elementor-widget-heading\" data-id=\"ea4173f\" data-element_type=\"widget\" data-widget_type=\"heading.default\">\n\t\t\t\t<div class=\"elementor-widget-container\">\n\t\t\t\t\t<h2 class=\"elementor-heading-title elementor-size-default\">Avez-vous des questions ?<\/h2>\t\t\t\t<\/div>\n\t\t\t\t<\/div>\n\t\t\t\t\t<\/div>\n\t\t<\/div>\n\t\t\t\t<div data-aos=\"\" class=\"elementor-column elementor-col-50 elementor-top-column elementor-element elementor-element-7aa5769 syd-sticky-section-no\" data-id=\"7aa5769\" data-element_type=\"column\" data-settings=\"{&quot;tp_sticky_col_effect_enable&quot;:false}\">\n\t\t\t<div class=\"elementor-widget-wrap elementor-element-populated\">\n\t\t\t\t\t\t<div class=\"elementor-element elementor-element-9c6e3e1 elementor-align-right elementor-mobile-align-center syd-sticky-section-no elementor-widget elementor-widget-button\" data-id=\"9c6e3e1\" data-element_type=\"widget\" data-widget_type=\"button.default\">\n\t\t\t\t<div class=\"elementor-widget-container\">\n\t\t\t\t\t\t\t\t\t<div class=\"elementor-button-wrapper\">\n\t\t\t\t\t<a class=\"elementor-button elementor-button-link elementor-size-sm\" href=\"https:\/\/healthagentsturkey.com\/fr\/iletisim\/\">\n\t\t\t\t\t\t<span class=\"elementor-button-content-wrapper\">\n\t\t\t\t\t\t\t\t\t<span class=\"elementor-button-text\">Contactez nous<\/span>\n\t\t\t\t\t<\/span>\n\t\t\t\t\t<\/a>\n\t\t\t\t<\/div>\n\t\t\t\t\t\t\t\t<\/div>\n\t\t\t\t<\/div>\n\t\t\t\t\t<\/div>\n\t\t<\/div>\n\t\t\t\t\t<\/div>\n\t\t<\/section>\n\t\t\t\t<\/div>","protected":false},"excerpt":{"rendered":"<p>Kesimsiz Lamine Kaplamalar Minimum a\u015f\u0131nd\u0131rmal\u0131 veya a\u015f\u0131nd\u0131rma yap\u0131lmayan veneerler olarak da bilinen a\u015f\u0131nd\u0131rmas\u0131z veneerler, yerle\u015ftirmeden \u00f6nce do\u011fal di\u015flerde \u00e7ok az a\u015f\u0131nd\u0131rma gerektiren [&hellip;]<\/p>","protected":false},"author":1,"featured_media":0,"parent":1618,"menu_order":0,"comment_status":"closed","ping_status":"closed","template":"elementor_header_footer","meta":{"_eb_attr":"","footnotes":""},"class_list":["post-1635","page","type-page","status-publish","hentry"],"_links":{"self":[{"href":"https:\/\/healthagentsturkey.com\/fr\/wp-json\/wp\/v2\/pages\/1635","targetHints":{"allow":["GET"]}}],"collection":[{"href":"https:\/\/healthagentsturkey.com\/fr\/wp-json\/wp\/v2\/pages"}],"about":[{"href":"https:\/\/healthagentsturkey.com\/fr\/wp-json\/wp\/v2\/types\/page"}],"author":[{"embeddable":true,"href":"https:\/\/healthagentsturkey.com\/fr\/wp-json\/wp\/v2\/users\/1"}],"replies":[{"embeddable":true,"href":"https:\/\/healthagentsturkey.com\/fr\/wp-json\/wp\/v2\/comments?post=1635"}],"version-history":[{"count":1,"href":"https:\/\/healthagentsturkey.com\/fr\/wp-json\/wp\/v2\/pages\/1635\/revisions"}],"predecessor-version":[{"id":4768,"href":"https:\/\/healthagentsturkey.com\/fr\/wp-json\/wp\/v2\/pages\/1635\/revisions\/4768"}],"up":[{"embeddable":true,"href":"https:\/\/healthagentsturkey.com\/fr\/wp-json\/wp\/v2\/pages\/1618"}],"wp:attachment":[{"href":"https:\/\/healthagentsturkey.com\/fr\/wp-json\/wp\/v2\/media?parent=1635"}],"curies":[{"name":"wp","href":"https:\/\/api.w.org\/{rel}","templated":true}]}}