{"id":1599,"date":"2023-11-18T23:51:19","date_gmt":"2023-11-18T23:51:19","guid":{"rendered":"https:\/\/healthagentsturkey.com\/?page_id=1599"},"modified":"2026-02-25T10:31:57","modified_gmt":"2026-02-25T07:31:57","slug":"kas-ekimi","status":"publish","type":"page","link":"https:\/\/healthagentsturkey.com\/fr\/tedavi\/sac-ekimi\/kas-ekimi\/","title":{"rendered":"Greffe de sourcils"},"content":{"rendered":"<div data-elementor-type=\"wp-page\" data-elementor-id=\"1599\" class=\"elementor elementor-1599\" data-elementor-post-type=\"page\">\n\t\t\t\t\t\t<section class=\"elementor-section elementor-top-section elementor-element elementor-element-eedafb9 elementor-section-content-middle elementor-section-boxed elementor-section-height-default elementor-section-height-default tp-parallax-no syd-sticky-section-no\" data-id=\"eedafb9\" data-element_type=\"section\" data-settings=\"{&quot;tp_sticky_sec_effect_enable&quot;:false}\">\n\t\t\t\t\t\t<div class=\"elementor-container elementor-column-gap-default\">\n\t\t\t\t\t<div data-aos=\"\" class=\"elementor-column elementor-col-50 elementor-top-column elementor-element elementor-element-571508b syd-sticky-section-no\" data-id=\"571508b\" data-element_type=\"column\" data-settings=\"{&quot;tp_sticky_col_effect_enable&quot;:false}\">\n\t\t\t<div class=\"elementor-widget-wrap elementor-element-populated\">\n\t\t\t\t\t\t<div class=\"elementor-element elementor-element-2fc2cb6 syd-sticky-section-no elementor-widget elementor-widget-heading\" data-id=\"2fc2cb6\" data-element_type=\"widget\" data-widget_type=\"heading.default\">\n\t\t\t\t<div class=\"elementor-widget-container\">\n\t\t\t\t\t<h2 class=\"elementor-heading-title elementor-size-default\">Qu'est-ce que la greffe de sourcils ?<\/h2>\t\t\t\t<\/div>\n\t\t\t\t<\/div>\n\t\t\t\t<div class=\"elementor-element elementor-element-1cf0f1c elementor-widget__width-initial syd-sticky-section-no elementor-widget elementor-widget-text-editor\" data-id=\"1cf0f1c\" data-element_type=\"widget\" data-widget_type=\"text-editor.default\">\n\t\t\t\t<div class=\"elementor-widget-container\">\n\t\t\t\t\t\t\t\t\t<p><b><i>Greffe de sourcils<\/i><\/b>une image plus compl\u00e8te et plus prononc\u00e9e\u00a0<a href=\"https:\/\/tr.wikipedia.org\/wiki\/Ka%C5%9F\">sourcil<\/a>\u00a0Il s'agit d'une proc\u00e9dure cosm\u00e9tique qui consiste \u00e0 transplanter des follicules pileux d'une zone du corps (g\u00e9n\u00e9ralement le cuir chevelu) vers les sourcils afin de cr\u00e9er un nouveau look. Cette proc\u00e9dure est un excellent traitement pour les personnes qui ont naturellement des sourcils clairsem\u00e9s, qui ont perdu leurs sourcils \u00e0 la suite d'une blessure ou d'une affection m\u00e9dicale, ou qui ont trop \u00e9pil\u00e9 leurs sourcils dans le pass\u00e9.<\/p><p>Au cours de la proc\u00e9dure de transplantation des sourcils, des follicules pileux individuels sont pr\u00e9lev\u00e9s dans la zone donneuse et transplant\u00e9s avec pr\u00e9caution dans la zone des sourcils. Les poils transplant\u00e9s poussent ensuite et ressemblent \u00e0 des poils de sourcils naturels. Proc\u00e9dure,\u00a0<a href=\"https:\/\/tr.wikipedia.org\/wiki\/Folik%C3%BCler_%C3%BCnite_nakli\">transplantation d'unit\u00e9s folliculaires\u00a0<b><i>(FUT)<\/i><\/b><\/a>\u00a0ou\u00a0<a href=\"https:\/\/tr.wikipedia.org\/wiki\/Folik%C3%BCler_%C3%BCnite_ekstraksiyonu\"><b><i>l'extraction d'unit\u00e9s folliculaires (FUE)<\/i><\/b><\/a>\u00a0Elle peut \u00eatre r\u00e9alis\u00e9e \u00e0 l'aide de diff\u00e9rentes techniques telles que.<\/p><p>La p\u00e9riode de convalescence est relativement courte. Les patients peuvent g\u00e9n\u00e9ralement reprendre leurs activit\u00e9s normales quelques jours apr\u00e8s l'intervention.\u00a0<b>Greffe de sourcils<\/b>Les r\u00e9sultats peuvent \u00eatre durables avec des soins attentifs, et une am\u00e9lioration significative de l'apparence des sourcils est obtenue.<\/p>\t\t\t\t\t\t\t\t<\/div>\n\t\t\t\t<\/div>\n\t\t\t\t\t<\/div>\n\t\t<\/div>\n\t\t\t\t<div data-aos=\"\" class=\"elementor-column elementor-col-50 elementor-top-column elementor-element elementor-element-bc4d4c0 syd-sticky-section-no\" data-id=\"bc4d4c0\" data-element_type=\"column\" data-settings=\"{&quot;tp_sticky_col_effect_enable&quot;:false}\">\n\t\t\t<div class=\"elementor-widget-wrap elementor-element-populated\">\n\t\t\t\t\t\t<div class=\"elementor-element elementor-element-48dd569 syd-sticky-section-no elementor-widget elementor-widget-image\" data-id=\"48dd569\" data-element_type=\"widget\" data-widget_type=\"image.default\">\n\t\t\t\t<div class=\"elementor-widget-container\">\n\t\t\t\t\t\t\t\t\t<\/div>\n\t\t\t\t<\/div>\n\t\t\t\t\t<\/div>\n\t\t<\/div>\n\t\t\t\t\t<\/div>\n\t\t<\/section>\n\t\t<div class=\"elementor-element elementor-element-0260b06 e-flex e-con-boxed syd-sticky-section-no e-con e-parent\" data-id=\"0260b06\" data-element_type=\"container\">\n\t\t\t\t\t<div class=\"e-con-inner\">\n\t\t\t\t<div class=\"elementor-element elementor-element-ebb047d syd-sticky-section-no elementor-widget elementor-widget-text-editor\" data-id=\"ebb047d\" data-element_type=\"widget\" data-widget_type=\"text-editor.default\">\n\t\t\t\t<div class=\"elementor-widget-container\">\n\t\t\t\t\t\t\t\t\t<p><b>La greffe de sourcils est-elle naturelle ?<\/b><\/p><p>Oui,\u00a0<b><i>greffe de sourcils<\/i><\/b>\u00a0Lorsqu'elle est pratiqu\u00e9e par un m\u00e9decin et une \u00e9quipe m\u00e9dicale exp\u00e9riment\u00e9s, elle peut para\u00eetre tr\u00e8s naturelle. Les r\u00e9sultats de la proc\u00e9dure d\u00e9pendent de divers facteurs tels que la qualit\u00e9 et la quantit\u00e9 des cheveux du donneur, l'emplacement des follicules transplant\u00e9s et la forme et la taille globales des sourcils.<\/p><p>Afin d'obtenir un r\u00e9sultat naturel, le m\u00e9decin travaille g\u00e9n\u00e9ralement avec le patient, en tenant compte des caract\u00e9ristiques individuelles de son visage et de ses caract\u00e9ristiques physiques.\u00a0<a href=\"https:\/\/tr.wikipedia.org\/wiki\/Estetik\">l'esth\u00e9tique<\/a>\u00a0cr\u00e9e un dessin de sourcils personnalis\u00e9 en fonction de vos objectifs. Le m\u00e9decin tient compte de facteurs tels que l'angle et la direction des poils des sourcils, l'espace entre les poils, la forme g\u00e9n\u00e9rale et la sym\u00e9trie des sourcils.<\/p><p>Apr\u00e8s l'intervention, les cheveux transplant\u00e9s suivent un cycle de croissance normal, ce qui signifie qu'il peut s'\u00e9couler plusieurs mois avant que les r\u00e9sultats ne soient pleinement visibles. Cependant, il faut compter plusieurs mois avant que les r\u00e9sultats ne soient pleinement visibles.\u00a0<b>greffe de sourcils<\/b>Lorsque les r\u00e9sultats sont enti\u00e8rement r\u00e9v\u00e9l\u00e9s, ils ressemblent \u00e0 des poils de sourcils naturels.<\/p><p><b>O\u00f9 puis-je me rendre pour une greffe de sourcils ?<\/b><\/p><p>Notre priorit\u00e9 dans le secteur de la sant\u00e9 a toujours \u00e9t\u00e9 la satisfaction et la sant\u00e9 des patients.\u00a0<b>Agents de sant\u00e9 ;<\/b>\u00a0est assur\u00e9e par des m\u00e9decins sp\u00e9cialis\u00e9s dans un environnement \u00e9quip\u00e9 de technologies modernes et des derni\u00e8res innovations m\u00e9dicales. Nous sommes toujours \u00e0 vos c\u00f4t\u00e9s pour vous offrir le meilleur service et nous sommes fiers des succ\u00e8s que nous avons obtenus dans les proc\u00e9dures chirurgicales que nous pratiquons. C'est pourquoi\u00a0<b>Agents de sant\u00e9<\/b>\u00a0nos m\u00e9decins, gr\u00e2ce \u00e0 leur expertise et \u00e0 leur exp\u00e9rience, comme dans toutes les proc\u00e9dures m\u00e9dicales\u00a0<b><i>greffe de sourcils<\/i><\/b>\u00a0Il est \u00e9galement souvent pr\u00e9f\u00e9r\u00e9 pour ses op\u00e9rations. Vous pouvez aussi nous choisir en toute confiance.<\/p>\t\t\t\t\t\t\t\t<\/div>\n\t\t\t\t<\/div>\n\t\t\t\t\t<\/div>\n\t\t\t\t<\/div>\n\t\t\t\t<section class=\"elementor-section elementor-top-section elementor-element elementor-element-cfed380 elementor-section-content-middle elementor-section-boxed elementor-section-height-default elementor-section-height-default tp-parallax-no syd-sticky-section-no\" data-id=\"cfed380\" data-element_type=\"section\" data-settings=\"{&quot;background_background&quot;:&quot;classic&quot;,&quot;tp_sticky_sec_effect_enable&quot;:false}\">\n\t\t\t\t\t\t<div class=\"elementor-container elementor-column-gap-default\">\n\t\t\t\t\t<div data-aos=\"\" class=\"elementor-column elementor-col-50 elementor-top-column elementor-element elementor-element-d8fac92 syd-sticky-section-no\" data-id=\"d8fac92\" data-element_type=\"column\" data-settings=\"{&quot;tp_sticky_col_effect_enable&quot;:false}\">\n\t\t\t<div class=\"elementor-widget-wrap elementor-element-populated\">\n\t\t\t\t\t\t<div class=\"elementor-element elementor-element-ea4173f syd-sticky-section-no elementor-widget elementor-widget-heading\" data-id=\"ea4173f\" data-element_type=\"widget\" data-widget_type=\"heading.default\">\n\t\t\t\t<div class=\"elementor-widget-container\">\n\t\t\t\t\t<h2 class=\"elementor-heading-title elementor-size-default\">Avez-vous des questions ?<\/h2>\t\t\t\t<\/div>\n\t\t\t\t<\/div>\n\t\t\t\t\t<\/div>\n\t\t<\/div>\n\t\t\t\t<div data-aos=\"\" class=\"elementor-column elementor-col-50 elementor-top-column elementor-element elementor-element-7aa5769 syd-sticky-section-no\" data-id=\"7aa5769\" data-element_type=\"column\" data-settings=\"{&quot;tp_sticky_col_effect_enable&quot;:false}\">\n\t\t\t<div class=\"elementor-widget-wrap elementor-element-populated\">\n\t\t\t\t\t\t<div class=\"elementor-element elementor-element-9c6e3e1 elementor-align-right elementor-mobile-align-center syd-sticky-section-no elementor-widget elementor-widget-button\" data-id=\"9c6e3e1\" data-element_type=\"widget\" data-widget_type=\"button.default\">\n\t\t\t\t<div class=\"elementor-widget-container\">\n\t\t\t\t\t\t\t\t\t<div class=\"elementor-button-wrapper\">\n\t\t\t\t\t<a class=\"elementor-button elementor-button-link elementor-size-sm\" href=\"https:\/\/healthagentsturkey.com\/fr\/iletisim\/\">\n\t\t\t\t\t\t<span class=\"elementor-button-content-wrapper\">\n\t\t\t\t\t\t\t\t\t<span class=\"elementor-button-text\">Contactez nous<\/span>\n\t\t\t\t\t<\/span>\n\t\t\t\t\t<\/a>\n\t\t\t\t<\/div>\n\t\t\t\t\t\t\t\t<\/div>\n\t\t\t\t<\/div>\n\t\t\t\t\t<\/div>\n\t\t<\/div>\n\t\t\t\t\t<\/div>\n\t\t<\/section>\n\t\t\t\t<\/div>","protected":false},"excerpt":{"rendered":"<p>Ka\u015f Ekimi Nedir? Ka\u015f ekimi, daha dolgun ve belirgin bir\u00a0ka\u015f\u00a0g\u00f6r\u00fcn\u00fcm\u00fc olu\u015fturmak i\u00e7in sa\u00e7 k\u00f6klerinin v\u00fccudun bir b\u00f6lgesinden (genellikle kafa derisinden) ka\u015flara nakledildi\u011fi [&hellip;]<\/p>","protected":false},"author":1,"featured_media":0,"parent":1407,"menu_order":0,"comment_status":"closed","ping_status":"closed","template":"elementor_header_footer","meta":{"_eb_attr":"","footnotes":""},"class_list":["post-1599","page","type-page","status-publish","hentry"],"_links":{"self":[{"href":"https:\/\/healthagentsturkey.com\/fr\/wp-json\/wp\/v2\/pages\/1599","targetHints":{"allow":["GET"]}}],"collection":[{"href":"https:\/\/healthagentsturkey.com\/fr\/wp-json\/wp\/v2\/pages"}],"about":[{"href":"https:\/\/healthagentsturkey.com\/fr\/wp-json\/wp\/v2\/types\/page"}],"author":[{"embeddable":true,"href":"https:\/\/healthagentsturkey.com\/fr\/wp-json\/wp\/v2\/users\/1"}],"replies":[{"embeddable":true,"href":"https:\/\/healthagentsturkey.com\/fr\/wp-json\/wp\/v2\/comments?post=1599"}],"version-history":[{"count":1,"href":"https:\/\/healthagentsturkey.com\/fr\/wp-json\/wp\/v2\/pages\/1599\/revisions"}],"predecessor-version":[{"id":4801,"href":"https:\/\/healthagentsturkey.com\/fr\/wp-json\/wp\/v2\/pages\/1599\/revisions\/4801"}],"up":[{"embeddable":true,"href":"https:\/\/healthagentsturkey.com\/fr\/wp-json\/wp\/v2\/pages\/1407"}],"wp:attachment":[{"href":"https:\/\/healthagentsturkey.com\/fr\/wp-json\/wp\/v2\/media?parent=1599"}],"curies":[{"name":"wp","href":"https:\/\/api.w.org\/{rel}","templated":true}]}}