{"id":1449,"date":"2023-11-18T03:48:29","date_gmt":"2023-11-18T03:48:29","guid":{"rendered":"https:\/\/healthagentsturkey.com\/?page_id=1449"},"modified":"2026-02-25T10:31:54","modified_gmt":"2026-02-25T07:31:54","slug":"dt","status":"publish","type":"page","link":"https:\/\/healthagentsturkey.com\/fr\/tedavi\/dis\/dt\/","title":{"rendered":"Nettoyage des dents"},"content":{"rendered":"<div data-elementor-type=\"wp-page\" data-elementor-id=\"1449\" class=\"elementor elementor-1449\" data-elementor-post-type=\"page\">\n\t\t\t\t\t\t<section class=\"elementor-section elementor-top-section elementor-element elementor-element-eedafb9 elementor-section-content-middle elementor-section-boxed elementor-section-height-default elementor-section-height-default tp-parallax-no syd-sticky-section-no\" data-id=\"eedafb9\" data-element_type=\"section\" data-settings=\"{&quot;tp_sticky_sec_effect_enable&quot;:false}\">\n\t\t\t\t\t\t<div class=\"elementor-container elementor-column-gap-default\">\n\t\t\t\t\t<div data-aos=\"\" class=\"elementor-column elementor-col-50 elementor-top-column elementor-element elementor-element-571508b syd-sticky-section-no\" data-id=\"571508b\" data-element_type=\"column\" data-settings=\"{&quot;tp_sticky_col_effect_enable&quot;:false}\">\n\t\t\t<div class=\"elementor-widget-wrap elementor-element-populated\">\n\t\t\t\t\t\t<div class=\"elementor-element elementor-element-2fc2cb6 syd-sticky-section-no elementor-widget elementor-widget-heading\" data-id=\"2fc2cb6\" data-element_type=\"widget\" data-widget_type=\"heading.default\">\n\t\t\t\t<div class=\"elementor-widget-container\">\n\t\t\t\t\t<h2 class=\"elementor-heading-title elementor-size-default\">Nettoyage des dents<\/h2>\t\t\t\t<\/div>\n\t\t\t\t<\/div>\n\t\t\t\t<div class=\"elementor-element elementor-element-1cf0f1c syd-sticky-section-no elementor-widget elementor-widget-text-editor\" data-id=\"1cf0f1c\" data-element_type=\"widget\" data-widget_type=\"text-editor.default\">\n\t\t\t\t<div class=\"elementor-widget-container\">\n\t\t\t\t\t\t\t\t\t<p><b><i>Nettoyage des dents<\/i><\/b>; dans les dents\u00a0<a href=\"https:\/\/tr.wikipedia.org\/wiki\/Di%C5%9F_ta%C5%9F%C4%B1\">plaque, tartre<\/a>\u00a0et l'\u00e9limination des taches. Assurer une bonne hygi\u00e8ne bucco-dentaire,\u00a0<a href=\"https:\/\/tr.wikipedia.org\/wiki\/%C3%87%C3%BCr%C3%BCk\">pourri<\/a>et\u00a0<a href=\"https:\/\/tr.wikipedia.org\/wiki\/Di%C5%9F_eti\">gommes<\/a>\u00a0Le nettoyage des dents est une proc\u00e9dure tr\u00e8s importante pour pr\u00e9venir les probl\u00e8mes dentaires tels que les maladies.\u00a0<span style=\"font-weight: bold;\"><i>Nettoyage des dents<\/i><\/span>\u00a0Au cours du rendez-vous, le dentiste utilise des instruments sp\u00e9cialis\u00e9s pour \u00e9liminer la plaque dentaire et le tartre qui ne peuvent \u00eatre \u00e9limin\u00e9s par le brossage et l'utilisation du fil dentaire. Le processus de nettoyage est g\u00e9n\u00e9ralement\u00a0<a style=\"background-color: #ffffff; outline: 0px;\" href=\"https:\/\/tr.wikipedia.org\/wiki\/Di%C5%9F_ta%C5%9F%C4%B1\">la plaque et le tartre<\/a>\u00a0Elle consiste \u00e0 \u00e9liminer la plaque et les bact\u00e9ries de la surface des dents ; la surface des dents est liss\u00e9e afin de rendre plus difficile l'adh\u00e9sion de la plaque et des bact\u00e9ries aux dents.\u00a0<\/p><p>\u00a0<\/p>\t\t\t\t\t\t\t\t<\/div>\n\t\t\t\t<\/div>\n\t\t\t\t\t<\/div>\n\t\t<\/div>\n\t\t\t\t<div data-aos=\"\" class=\"elementor-column elementor-col-50 elementor-top-column elementor-element elementor-element-bc4d4c0 syd-sticky-section-no\" data-id=\"bc4d4c0\" data-element_type=\"column\" data-settings=\"{&quot;tp_sticky_col_effect_enable&quot;:false}\">\n\t\t\t<div class=\"elementor-widget-wrap elementor-element-populated\">\n\t\t\t\t\t\t<div class=\"elementor-element elementor-element-48dd569 syd-sticky-section-no elementor-widget elementor-widget-image\" data-id=\"48dd569\" data-element_type=\"widget\" data-widget_type=\"image.default\">\n\t\t\t\t<div class=\"elementor-widget-container\">\n\t\t\t\t\t\t\t\t\t<\/div>\n\t\t\t\t<\/div>\n\t\t\t\t\t<\/div>\n\t\t<\/div>\n\t\t\t\t\t<\/div>\n\t\t<\/section>\n\t\t<div class=\"elementor-element elementor-element-99fe56d e-flex e-con-boxed syd-sticky-section-no e-con e-parent\" data-id=\"99fe56d\" data-element_type=\"container\">\n\t\t\t\t\t<div class=\"e-con-inner\">\n\t\t\t\t<div class=\"elementor-element elementor-element-def30c4 syd-sticky-section-no elementor-widget elementor-widget-text-editor\" data-id=\"def30c4\" data-element_type=\"widget\" data-widget_type=\"text-editor.default\">\n\t\t\t\t<div class=\"elementor-widget-container\">\n\t\t\t\t\t\t\t\t\t<p><b><i>Nettoyage des dents<\/i><\/b>\u00a0Au cours du rendez-vous, le dentiste utilise des instruments sp\u00e9cialis\u00e9s pour \u00e9liminer la plaque dentaire et le tartre qui ne peuvent \u00eatre \u00e9limin\u00e9s par le brossage et l'utilisation du fil dentaire. Le processus de nettoyage est g\u00e9n\u00e9ralement\u00a0<a href=\"https:\/\/tr.wikipedia.org\/wiki\/Di%C5%9F_ta%C5%9F%C4%B1\">la plaque et le tartre<\/a>\u00a0Elle consiste \u00e0 \u00e9liminer la plaque et les bact\u00e9ries de la surface des dents ; la surface des dents est liss\u00e9e afin de rendre plus difficile l'adh\u00e9sion de la plaque et des bact\u00e9ries aux dents.\u00a0<\/p><p><b><i>Nettoyage des dents<\/i><\/b>\u00a0Il comprend \u00e9galement un examen des dents et des gencives afin de d\u00e9tecter d'\u00e9ventuels signes de probl\u00e8mes dentaires. Dans certains cas, les dents peuvent \u00eatre examin\u00e9es pour rechercher des probl\u00e8mes sous-jacents qui ne sont pas visibles lors d'un examen visuel.\u00a0<a href=\"https:\/\/tr.wikipedia.org\/wiki\/R%C3%B6ntgen\">Rayons X<\/a>peuvent \u00eatre prises. Il est g\u00e9n\u00e9ralement recommand\u00e9 d'effectuer un scanner tous les six mois.\u00a0<b><i>nettoyage des dents<\/i><\/b>Il peut aider \u00e0 pr\u00e9venir les probl\u00e8mes dentaires et \u00e0 prot\u00e9ger la sant\u00e9 bucco-dentaire.<\/p><p><b>Nettoyage des dents<\/b>\u00a0<b>Est-ce n\u00e9cessaire ?<\/b><\/p><p>Oui, le nettoyage des dents est n\u00e9cessaire pour maintenir une bonne sant\u00e9 bucco-dentaire et pr\u00e9venir les probl\u00e8mes dentaires tels que les caries. Le brossage des dents et l'utilisation du fil dentaire \u00e0 la maison constituent une bonne m\u00e9thode pour \u00e9liminer la plaque dentaire et pr\u00e9venir la formation de tartre ; cependant, cela ne suffit pas toujours \u00e0 maintenir les dents et les gencives en bonne sant\u00e9. La plaque durcit avec le temps\u00a0<a href=\"https:\/\/tr.wikipedia.org\/wiki\/Di%C5%9F_ta%C5%9F%C4%B1\">tartre<\/a>et il ne peut \u00eatre \u00e9limin\u00e9 que par un dentiste. Si elle n'est pas trait\u00e9e, la formation de tartre peut entra\u00eener des caries, des maladies des gencives et d'autres probl\u00e8mes de sant\u00e9 bucco-dentaire.<\/p><p><b><i>Nettoyage des dents<\/i><\/b>;\u00a0<a href=\"https:\/\/tr.wikipedia.org\/wiki\/Di%C5%9F_ta%C5%9F%C4%B1\">la plaque et le tartre<\/a>\u00a0Outre le nettoyage, il permet \u00e9galement au dentiste d'examiner les dents et les gencives pour d\u00e9tecter d'\u00e9ventuels signes de probl\u00e8mes dentaires. La d\u00e9tection et le traitement pr\u00e9coces des probl\u00e8mes dentaires permettent d'\u00e9viter des probl\u00e8mes plus graves \u00e0 l'avenir.<\/p><p><b>O\u00f9 puis-je me faire nettoyer les dents ?<\/b><\/p><p><a href=\"https:\/\/tr.wikipedia.org\/wiki\/Sa%C4%9Fl%C4%B1k\">Sant\u00e9<\/a>\u00a0Notre priorit\u00e9 dans le secteur a toujours \u00e9t\u00e9 la satisfaction et la sant\u00e9 des patients.\u00a0<b>Agents de sant\u00e9 ;<\/b>\u00a0est assur\u00e9e par des m\u00e9decins sp\u00e9cialis\u00e9s dans un environnement \u00e9quip\u00e9 de technologies modernes et des derni\u00e8res innovations m\u00e9dicales. Nous sommes toujours \u00e0 vos c\u00f4t\u00e9s pour vous offrir le meilleur service et nous sommes fiers des succ\u00e8s que nous avons obtenus dans les proc\u00e9dures chirurgicales que nous pratiquons. C'est pourquoi\u00a0<b>Agents de sant\u00e9<\/b>\u00a0nos m\u00e9decins, gr\u00e2ce \u00e0 leur expertise et \u00e0 leur exp\u00e9rience, comme dans toutes les proc\u00e9dures m\u00e9dicales\u00a0<b><i>nettoyage des dents<\/i><\/b>\u00a0Il est \u00e9galement souvent pr\u00e9f\u00e9r\u00e9 pour le processus. Vous pouvez donc nous choisir en toute confiance.<\/p>\t\t\t\t\t\t\t\t<\/div>\n\t\t\t\t<\/div>\n\t\t\t\t\t<\/div>\n\t\t\t\t<\/div>\n\t\t\t\t<section class=\"elementor-section elementor-top-section elementor-element elementor-element-cfed380 elementor-section-content-middle elementor-section-boxed elementor-section-height-default elementor-section-height-default tp-parallax-no syd-sticky-section-no\" data-id=\"cfed380\" data-element_type=\"section\" data-settings=\"{&quot;background_background&quot;:&quot;classic&quot;,&quot;tp_sticky_sec_effect_enable&quot;:false}\">\n\t\t\t\t\t\t<div class=\"elementor-container elementor-column-gap-default\">\n\t\t\t\t\t<div data-aos=\"\" class=\"elementor-column elementor-col-50 elementor-top-column elementor-element elementor-element-d8fac92 syd-sticky-section-no\" data-id=\"d8fac92\" data-element_type=\"column\" data-settings=\"{&quot;tp_sticky_col_effect_enable&quot;:false}\">\n\t\t\t<div class=\"elementor-widget-wrap elementor-element-populated\">\n\t\t\t\t\t\t<div class=\"elementor-element elementor-element-ea4173f syd-sticky-section-no elementor-widget elementor-widget-heading\" data-id=\"ea4173f\" data-element_type=\"widget\" data-widget_type=\"heading.default\">\n\t\t\t\t<div class=\"elementor-widget-container\">\n\t\t\t\t\t<h2 class=\"elementor-heading-title elementor-size-default\">Avez-vous des questions ?<\/h2>\t\t\t\t<\/div>\n\t\t\t\t<\/div>\n\t\t\t\t\t<\/div>\n\t\t<\/div>\n\t\t\t\t<div data-aos=\"\" class=\"elementor-column elementor-col-50 elementor-top-column elementor-element elementor-element-7aa5769 syd-sticky-section-no\" data-id=\"7aa5769\" data-element_type=\"column\" data-settings=\"{&quot;tp_sticky_col_effect_enable&quot;:false}\">\n\t\t\t<div class=\"elementor-widget-wrap elementor-element-populated\">\n\t\t\t\t\t\t<div class=\"elementor-element elementor-element-9c6e3e1 elementor-align-right elementor-mobile-align-center syd-sticky-section-no elementor-widget elementor-widget-button\" data-id=\"9c6e3e1\" data-element_type=\"widget\" data-widget_type=\"button.default\">\n\t\t\t\t<div class=\"elementor-widget-container\">\n\t\t\t\t\t\t\t\t\t<div class=\"elementor-button-wrapper\">\n\t\t\t\t\t<a class=\"elementor-button elementor-button-link elementor-size-sm\" href=\"https:\/\/healthagentsturkey.com\/fr\/iletisim\/\">\n\t\t\t\t\t\t<span class=\"elementor-button-content-wrapper\">\n\t\t\t\t\t\t\t\t\t<span class=\"elementor-button-text\">Contactez nous<\/span>\n\t\t\t\t\t<\/span>\n\t\t\t\t\t<\/a>\n\t\t\t\t<\/div>\n\t\t\t\t\t\t\t\t<\/div>\n\t\t\t\t<\/div>\n\t\t\t\t\t<\/div>\n\t\t<\/div>\n\t\t\t\t\t<\/div>\n\t\t<\/section>\n\t\t\t\t<\/div>","protected":false},"excerpt":{"rendered":"<p>Di\u015f Temizleme Di\u015f temizleme di\u015flerdeki\u00a0plak, tartar\u00a0ve lekelerin giderilmesi i\u015flemidir. \u0130yi bir a\u011f\u0131z hijyeni sa\u011flamak,\u00a0\u00e7\u00fcr\u00fckler ve\u00a0di\u015f eti\u00a0hastal\u0131klar\u0131 gibi di\u015f sorunlar\u0131n\u0131 \u00f6nlemek i\u00e7in di\u015f [&hellip;]<\/p>","protected":false},"author":1,"featured_media":0,"parent":1439,"menu_order":0,"comment_status":"closed","ping_status":"closed","template":"elementor_header_footer","meta":{"_eb_attr":"","footnotes":""},"class_list":["post-1449","page","type-page","status-publish","hentry"],"_links":{"self":[{"href":"https:\/\/healthagentsturkey.com\/fr\/wp-json\/wp\/v2\/pages\/1449","targetHints":{"allow":["GET"]}}],"collection":[{"href":"https:\/\/healthagentsturkey.com\/fr\/wp-json\/wp\/v2\/pages"}],"about":[{"href":"https:\/\/healthagentsturkey.com\/fr\/wp-json\/wp\/v2\/types\/page"}],"author":[{"embeddable":true,"href":"https:\/\/healthagentsturkey.com\/fr\/wp-json\/wp\/v2\/users\/1"}],"replies":[{"embeddable":true,"href":"https:\/\/healthagentsturkey.com\/fr\/wp-json\/wp\/v2\/comments?post=1449"}],"version-history":[{"count":1,"href":"https:\/\/healthagentsturkey.com\/fr\/wp-json\/wp\/v2\/pages\/1449\/revisions"}],"predecessor-version":[{"id":4765,"href":"https:\/\/healthagentsturkey.com\/fr\/wp-json\/wp\/v2\/pages\/1449\/revisions\/4765"}],"up":[{"embeddable":true,"href":"https:\/\/healthagentsturkey.com\/fr\/wp-json\/wp\/v2\/pages\/1439"}],"wp:attachment":[{"href":"https:\/\/healthagentsturkey.com\/fr\/wp-json\/wp\/v2\/media?parent=1449"}],"curies":[{"name":"wp","href":"https:\/\/api.w.org\/{rel}","templated":true}]}}