{"id":1339,"date":"2023-11-16T13:59:28","date_gmt":"2023-11-16T13:59:28","guid":{"rendered":"https:\/\/healthagentsturkey.com\/?page_id=1339"},"modified":"2023-11-24T19:55:06","modified_gmt":"2023-11-24T16:55:06","slug":"biz","status":"publish","type":"page","link":"https:\/\/healthagentsturkey.com\/fr\/hakkimizda\/biz\/","title":{"rendered":"Qui sommes-nous ?"},"content":{"rendered":"<div data-elementor-type=\"wp-page\" data-elementor-id=\"1339\" class=\"elementor elementor-1339\" data-elementor-post-type=\"page\">\n\t\t\t\t<div class=\"elementor-element elementor-element-cd92900 e-flex e-con-boxed syd-sticky-section-no e-con e-parent\" data-id=\"cd92900\" data-element_type=\"container\">\n\t\t\t\t\t<div class=\"e-con-inner\">\n\t\t<div class=\"elementor-element elementor-element-061bc86 e-con-full e-flex syd-sticky-section-no e-con e-child\" data-id=\"061bc86\" data-element_type=\"container\">\n\t\t\t\t<div class=\"elementor-element elementor-element-11a8724 syd-sticky-section-no elementor-widget elementor-widget-heading\" data-id=\"11a8724\" data-element_type=\"widget\" data-widget_type=\"heading.default\">\n\t\t\t\t<div class=\"elementor-widget-container\">\n\t\t\t\t\t<h2 class=\"elementor-heading-title elementor-size-default\">Qui sommes-nous ?<\/h2>\t\t\t\t<\/div>\n\t\t\t\t<\/div>\n\t\t\t\t<div class=\"elementor-element elementor-element-da00dac elementor-drop-cap-yes elementor-drop-cap-view-default syd-sticky-section-no elementor-widget elementor-widget-text-editor\" data-id=\"da00dac\" data-element_type=\"widget\" data-settings=\"{&quot;drop_cap&quot;:&quot;yes&quot;}\" data-widget_type=\"text-editor.default\">\n\t\t\t\t<div class=\"elementor-widget-container\">\n\t\t\t\t\t\t\t\t\t<p style=\"text-align: left;\">H<b>Agents de sant\u00e9<\/b> est un \u00e9tablissement de sant\u00e9 pionnier qui offre des services de qualit\u00e9 \u00e0 ses patients en se sp\u00e9cialisant dans toutes les branches m\u00e9dicales n\u00e9cessaires. <b>Agents de sant\u00e9 <\/b>Le personnel m\u00e9dical, expert dans son domaine, offre une installation moderne \u00e9quip\u00e9e des derniers appareils technologiques pour r\u00e9pondre aux besoins de sant\u00e9 et de beaut\u00e9 des patients au plus haut niveau.<\/p><p><b>Agents de sant\u00e9<\/b> La gamme de services de sant\u00e9 s'\u00e9tend des proc\u00e9dures esth\u00e9tiques non chirurgicales aux proc\u00e9dures de chirurgie esth\u00e9tique les plus courantes, telles que l'esth\u00e9tique mammaire, la plastie abdominale, la rhinoplastie et la liposuccion. En outre, Health Agents propose \u00e9galement des services de chirurgie m\u00e9tabolique. Nos m\u00e9decins sp\u00e9cialistes offrent des services tr\u00e8s exp\u00e9riment\u00e9s dans de nombreux domaines tels que le traitement de l'ob\u00e9sit\u00e9, la chirurgie m\u00e9tabolique et le traitement du diab\u00e8te.<\/p>\t\t\t\t\t\t\t\t<\/div>\n\t\t\t\t<\/div>\n\t\t\t\t<div class=\"elementor-element elementor-element-d0f6c3a syd-sticky-section-no elementor-widget elementor-widget-heading\" data-id=\"d0f6c3a\" data-element_type=\"widget\" data-widget_type=\"heading.default\">\n\t\t\t\t<div class=\"elementor-widget-container\">\n\t\t\t\t\t<h6 class=\"elementor-heading-title elementor-size-default\">AGENTS DE SANT\u00c9<\/h6>\t\t\t\t<\/div>\n\t\t\t\t<\/div>\n\t\t\t\t<\/div>\n\t\t<div class=\"elementor-element elementor-element-41e8977 e-con-full e-flex syd-sticky-section-no e-con e-child\" data-id=\"41e8977\" data-element_type=\"container\">\n\t\t\t\t<div class=\"elementor-element elementor-element-f4b4211 syd-sticky-section-no elementor-widget elementor-widget-image\" data-id=\"f4b4211\" data-element_type=\"widget\" data-widget_type=\"image.default\">\n\t\t\t\t<div class=\"elementor-widget-container\">\n\t\t\t\t\t\t\t\t\t\t\t\t\t\t\t<img fetchpriority=\"high\" decoding=\"async\" width=\"628\" height=\"428\" src=\"https:\/\/healthagentsturkey.com\/wp-content\/uploads\/2023\/11\/Varlik-1@4x-1.png\" class=\"attachment-large size-large wp-image-764\" alt=\"\" srcset=\"https:\/\/healthagentsturkey.com\/wp-content\/uploads\/2023\/11\/Varlik-1@4x-1.png 628w, https:\/\/healthagentsturkey.com\/wp-content\/uploads\/2023\/11\/Varlik-1@4x-1-300x204.png 300w, https:\/\/healthagentsturkey.com\/wp-content\/uploads\/2023\/11\/Varlik-1@4x-1-230x157.png 230w, https:\/\/healthagentsturkey.com\/wp-content\/uploads\/2023\/11\/Varlik-1@4x-1-350x239.png 350w, https:\/\/healthagentsturkey.com\/wp-content\/uploads\/2023\/11\/Varlik-1@4x-1-480x327.png 480w\" sizes=\"(max-width: 628px) 100vw, 628px\" \/>\t\t\t\t\t\t\t\t\t\t\t\t\t\t\t<\/div>\n\t\t\t\t<\/div>\n\t\t\t\t<\/div>\n\t\t<div class=\"elementor-element elementor-element-44d51ab e-con-full e-flex syd-sticky-section-no e-con e-child\" data-id=\"44d51ab\" data-element_type=\"container\">\n\t\t\t\t<div class=\"elementor-element elementor-element-4c17323 syd-sticky-section-no elementor-widget elementor-widget-text-editor\" data-id=\"4c17323\" data-element_type=\"widget\" data-widget_type=\"text-editor.default\">\n\t\t\t\t<div class=\"elementor-widget-container\">\n\t\t\t\t\t\t\t\t\t<p>Situ\u00e9 \u00e0 Istanbul<b> Agents de sant\u00e9<\/b>La clinique offre \u00e0 ses patients non seulement des services de la plus haute qualit\u00e9, mais aussi un environnement soigneusement con\u00e7u pour le confort et la commodit\u00e9 de ses patients. <b>Agents de sant\u00e9<\/b>Il offre \u00e0 ses patients un service irr\u00e9prochable et une exp\u00e9rience de premier ordre dans de nombreux domaines tels que la chirurgie esth\u00e9tique et la chirurgie m\u00e9tabolique. <b>Agents de sant\u00e9<\/b> Gr\u00e2ce \u00e0 l'expertise de son personnel m\u00e9dical, \u00e0 ses appareils technologiques et \u00e0 ses installations modernes, il parvient \u00e0 gagner la confiance des patients. Si vous \u00eates \u00e0 la recherche d'un service exp\u00e9riment\u00e9 et de qualit\u00e9 sp\u00e9cialis\u00e9 dans la sant\u00e9 et la beaut\u00e9,<\/p><blockquote><p><b>Agents de sant\u00e9<\/b> pour vous.<\/p><\/blockquote>\t\t\t\t\t\t\t\t<\/div>\n\t\t\t\t<\/div>\n\t\t\t\t<\/div>\n\t\t\t\t\t<\/div>\n\t\t\t\t<\/div>\n\t\t\t\t<\/div>","protected":false},"excerpt":{"rendered":"<p>Biz Kimiz Health Agents ihtiya\u00e7 duyulan her t\u0131bbi bran\u015fta uzmanla\u015farak hastalar\u0131na\u00a0 kaliteli hizmetler sunan \u00f6nc\u00fc bir sa\u011fl\u0131k kurulu\u015fu. Health Agents b\u00fcnyesinde bulunan [&hellip;]<\/p>","protected":false},"author":1,"featured_media":0,"parent":401,"menu_order":0,"comment_status":"closed","ping_status":"closed","template":"page-templates\/page_front-page.php","meta":{"_eb_attr":"","footnotes":""},"class_list":["post-1339","page","type-page","status-publish","hentry"],"_links":{"self":[{"href":"https:\/\/healthagentsturkey.com\/fr\/wp-json\/wp\/v2\/pages\/1339","targetHints":{"allow":["GET"]}}],"collection":[{"href":"https:\/\/healthagentsturkey.com\/fr\/wp-json\/wp\/v2\/pages"}],"about":[{"href":"https:\/\/healthagentsturkey.com\/fr\/wp-json\/wp\/v2\/types\/page"}],"author":[{"embeddable":true,"href":"https:\/\/healthagentsturkey.com\/fr\/wp-json\/wp\/v2\/users\/1"}],"replies":[{"embeddable":true,"href":"https:\/\/healthagentsturkey.com\/fr\/wp-json\/wp\/v2\/comments?post=1339"}],"version-history":[{"count":0,"href":"https:\/\/healthagentsturkey.com\/fr\/wp-json\/wp\/v2\/pages\/1339\/revisions"}],"up":[{"embeddable":true,"href":"https:\/\/healthagentsturkey.com\/fr\/wp-json\/wp\/v2\/pages\/401"}],"wp:attachment":[{"href":"https:\/\/healthagentsturkey.com\/fr\/wp-json\/wp\/v2\/media?parent=1339"}],"curies":[{"name":"wp","href":"https:\/\/api.w.org\/{rel}","templated":true}]}}