{"id":928,"date":"2023-11-12T08:56:57","date_gmt":"2023-11-12T08:56:57","guid":{"rendered":"https:\/\/healthagentsturkey.com\/?page_id=928"},"modified":"2026-02-25T10:31:54","modified_gmt":"2026-02-25T07:31:54","slug":"dis22","status":"publish","type":"page","link":"https:\/\/healthagentsturkey.com\/en\/tedavi\/dis22\/","title":{"rendered":"Dental Treatments"},"content":{"rendered":"<div data-elementor-type=\"wp-page\" data-elementor-id=\"928\" class=\"elementor elementor-928\" data-elementor-post-type=\"page\">\n\t\t\t\t\t\t<section class=\"elementor-section elementor-top-section elementor-element elementor-element-eedafb9 elementor-section-content-middle elementor-section-boxed elementor-section-height-default elementor-section-height-default tp-parallax-no syd-sticky-section-no\" data-id=\"eedafb9\" data-element_type=\"section\" data-settings=\"{&quot;tp_sticky_sec_effect_enable&quot;:false}\">\n\t\t\t\t\t\t<div class=\"elementor-container elementor-column-gap-default\">\n\t\t\t\t\t<div data-aos=\"\" class=\"elementor-column elementor-col-50 elementor-top-column elementor-element elementor-element-571508b syd-sticky-section-no\" data-id=\"571508b\" data-element_type=\"column\" data-settings=\"{&quot;tp_sticky_col_effect_enable&quot;:false}\">\n\t\t\t<div class=\"elementor-widget-wrap elementor-element-populated\">\n\t\t\t\t\t\t<div class=\"elementor-element elementor-element-fb80230 syd-sticky-section-no elementor-widget elementor-widget-heading\" data-id=\"fb80230\" data-element_type=\"widget\" data-widget_type=\"heading.default\">\n\t\t\t\t<div class=\"elementor-widget-container\">\n\t\t\t\t\t<h6 class=\"elementor-heading-title elementor-size-default\">TREATMENTS<\/h6>\t\t\t\t<\/div>\n\t\t\t\t<\/div>\n\t\t\t\t<div class=\"elementor-element elementor-element-2fc2cb6 syd-sticky-section-no elementor-widget elementor-widget-heading\" data-id=\"2fc2cb6\" data-element_type=\"widget\" data-widget_type=\"heading.default\">\n\t\t\t\t<div class=\"elementor-widget-container\">\n\t\t\t\t\t<h2 class=\"elementor-heading-title elementor-size-default\">Dental Treatments<\/h2>\t\t\t\t<\/div>\n\t\t\t\t<\/div>\n\t\t\t\t<div class=\"elementor-element elementor-element-1cf0f1c syd-sticky-section-no elementor-widget elementor-widget-text-editor\" data-id=\"1cf0f1c\" data-element_type=\"widget\" data-widget_type=\"text-editor.default\">\n\t\t\t\t<div class=\"elementor-widget-container\">\n\t\t\t\t\t\t\t\t\t<div class=\"chat-history-scroll-container ng-tns-c1017943837-2 show-bottom-shadow ng-trigger ng-trigger-resetChat\"><div class=\"conversation-container ng-tns-c1017943837-2 narrow-container ng-star-inserted\"><div class=\"ng-tns-c2771231018-27\"><div class=\"response-container ng-tns-c71079910-28 response-container-has-multiple-responses\"><div class=\"presented-response-container ng-tns-c71079910-28\"><div class=\"response-container-content ng-tns-c71079910-28\"><div class=\"response-content ng-trigger ng-trigger-responsePopulation ng-tns-c71079910-28 ng-animate-disabled\"><div class=\"markdown markdown-main-panel\" dir=\"ltr\"><p data-sourcepos=\"1:1-1:24\"><strong>What is Dentistry?<\/strong><\/p><p data-sourcepos=\"3:1-3:197\">Dentistry is a branch of medicine that deals with dental and oral health. Dentists diagnose, treat and protect the teeth, gums, tongue and other structures and functions of the oral cavity.<\/p><p data-sourcepos=\"5:1-5:25\"><strong>Types of Dentistry<\/strong><\/p><p data-sourcepos=\"7:1-7:65\">Dentistry includes various specialties, such as<\/p><ul data-sourcepos=\"9:1-23:0\"><li data-sourcepos=\"9:1-10:30\"><strong>General dentistry:<\/strong>\u00a0Treats tooth decay, gum disease, tooth loss and other common dental problems.<br \/><div class=\"attachment-container search-images\">\u00a0<\/div><\/li><li data-sourcepos=\"11:1-12:20\"><strong>Orthodontics<\/strong> Orthodontic treatment to ensure the proper growth and development of the teeth and jaw.<\/li><li data-sourcepos=\"13:1-14:20\"><strong>Endodontics<\/strong>\u00a0It performs procedures involving the tooth roots and nerves to treat toothache and infection.<\/li><li data-sourcepos=\"15:1-16:25\"><strong>Periodontology<\/strong>\u00a0Diagnose, treat and prevent gum diseases.<\/li><li data-sourcepos=\"17:1-18:35\"><strong>Restorative dentistry:<\/strong>\u00a0It performs procedures such as fillings, veneers, crowns and bridges to repair tooth decay, tooth fractures and other damage.<\/li><li data-sourcepos=\"19:1-20:30\"><strong>Pediatric dentistry:<\/strong>\u00a0Provides dental services to maintain dental and oral health in children and adolescents.<\/li><li data-sourcepos=\"21:1-23:0\"><strong>Dental implantology:<\/strong>\u00a0It places implants to compensate for tooth loss.<\/li><\/ul><p data-sourcepos=\"24:1-24:27\"><strong>What Does Dentistry Do?<\/strong><\/p><p data-sourcepos=\"26:1-26:69\">Dentists offer a variety of dental services, such as<\/p><ul data-sourcepos=\"28:1-39:0\"><li data-sourcepos=\"28:1-28:178\"><strong>Dental examinations and cleanings:<\/strong>\u00a0Dentists recommend regular dental examinations and cleanings to examine your teeth and gums and detect possible problems.<\/li><li data-sourcepos=\"29:1-29:92\"><strong>Fillers:<\/strong>\u00a0It uses tooth-colored fillings to repair tooth decay or other damage.<\/li><li data-sourcepos=\"30:1-30:104\"><strong>Coatings<\/strong>\u00a0It uses larger, tooth-colored veneers to cover damaged or missing teeth.<\/li><li data-sourcepos=\"31:1-31:127\"><strong>Crowns<\/strong>\u00a0It uses even larger, tooth-colored veneers to completely cover and support damaged or missing teeth.<\/li><li data-sourcepos=\"32:1-32:96\"><strong>Bridges<\/strong>\u00a0A set of crowns used to connect two or more missing teeth.<\/li><li data-sourcepos=\"33:1-33:111\"><strong>Prostheses<\/strong>\u00a0Removable dentures used for patients who are missing all or part of their teeth.<\/li><li data-sourcepos=\"34:1-34:88\"><strong>Tooth whitening:<\/strong>\u00a0It applies teeth whitening treatments to lighten the color of your teeth.<\/li><li data-sourcepos=\"35:1-35:130\"><strong>Orthodontic treatment:<\/strong>\u00a0Orthodontic treatment to ensure the proper growth and development of the teeth and jaw.<\/li><li data-sourcepos=\"36:1-36:83\"><strong>Gum treatments:<\/strong>\u00a0Diagnose, treat and prevent gum diseases.<\/li><li data-sourcepos=\"37:1-37:132\"><strong>Tooth root treatment:<\/strong>\u00a0It performs procedures involving the tooth roots and nerves to treat toothache and infection.<\/li><li data-sourcepos=\"38:1-39:0\"><strong>Dental implants<\/strong>\u00a0It places implants to compensate for tooth loss.<\/li><\/ul><\/div><\/div><\/div><\/div><\/div><\/div><\/div><\/div>\t\t\t\t\t\t\t\t<\/div>\n\t\t\t\t<\/div>\n\t\t\t\t\t<\/div>\n\t\t<\/div>\n\t\t\t\t<div data-aos=\"\" class=\"elementor-column elementor-col-50 elementor-top-column elementor-element elementor-element-bc4d4c0 syd-sticky-section-no\" data-id=\"bc4d4c0\" data-element_type=\"column\" data-settings=\"{&quot;tp_sticky_col_effect_enable&quot;:false}\">\n\t\t\t<div class=\"elementor-widget-wrap elementor-element-populated\">\n\t\t\t\t\t\t<div class=\"elementor-element elementor-element-48dd569 syd-sticky-section-no elementor-widget elementor-widget-image\" data-id=\"48dd569\" data-element_type=\"widget\" data-widget_type=\"image.default\">\n\t\t\t\t<div class=\"elementor-widget-container\">\n\t\t\t\t\t\t\t\t\t<\/div>\n\t\t\t\t<\/div>\n\t\t\t\t<div class=\"elementor-element elementor-element-8476e36 syd-sticky-section-no elementor-widget elementor-widget-text-editor\" data-id=\"8476e36\" data-element_type=\"widget\" data-widget_type=\"text-editor.default\">\n\t\t\t\t<div class=\"elementor-widget-container\">\n\t\t\t\t\t\t\t\t\t<p data-sourcepos=\"40:1-40:34\"><strong>Why is Dentistry Important?<\/strong><\/p><p data-sourcepos=\"42:1-42:220\">Healthy teeth and gums are important for good overall health. Tooth decay, gum disease and other dental problems can lead to pain, infection and even serious health problems such as heart disease, stroke and diabetes.<\/p><p data-sourcepos=\"44:1-44:149\">Regular visits to the dentist are the best way to maintain the health of your teeth and gums and to detect and treat dental problems early.<\/p><p data-sourcepos=\"1:1-1:29\"><strong>Dentistry in Istanbul<\/strong><\/p><p data-sourcepos=\"3:1-3:226\">Istanbul, Turkey, is one of the oldest and most important cities in the world. It is also one of the most popular health tourism destinations in the world. Dentistry is among the most popular health services offered in Istanbul.<\/p><p data-sourcepos=\"5:1-5:264\">There are several reasons to practice dentistry in Istanbul. First, Istanbul is home to some of the best dentists in the world. These dentists follow the latest developments in the field of dentistry and offer the highest quality treatments.<\/p><p data-sourcepos=\"7:1-7:219\">Secondly, dentistry services in Istanbul are more affordable than in many other parts of the world. This makes Istanbul an attractive option for patients looking for affordable options for dentistry.<\/p><p data-sourcepos=\"9:1-9:174\">Third, Istanbul is a vibrant and cosmopolitan city with much to offer visitors. This can make your dental trip an enjoyable and memorable experience.<\/p>\t\t\t\t\t\t\t\t<\/div>\n\t\t\t\t<\/div>\n\t\t\t\t\t<\/div>\n\t\t<\/div>\n\t\t\t\t\t<\/div>\n\t\t<\/section>\n\t\t\t\t<section class=\"elementor-section elementor-top-section elementor-element elementor-element-0202058 elementor-section-content-middle elementor-section-boxed elementor-section-height-default elementor-section-height-default tp-parallax-no syd-sticky-section-no\" data-id=\"0202058\" data-element_type=\"section\" data-settings=\"{&quot;background_background&quot;:&quot;classic&quot;,&quot;tp_sticky_sec_effect_enable&quot;:false}\">\n\t\t\t\t\t\t<div class=\"elementor-container elementor-column-gap-default\">\n\t\t\t\t\t<div data-aos=\"\" class=\"elementor-column elementor-col-50 elementor-top-column elementor-element elementor-element-76846c7 syd-sticky-section-no\" data-id=\"76846c7\" data-element_type=\"column\" data-settings=\"{&quot;tp_sticky_col_effect_enable&quot;:false}\">\n\t\t\t<div class=\"elementor-widget-wrap elementor-element-populated\">\n\t\t\t\t\t\t<div class=\"elementor-element elementor-element-2f05a8b syd-sticky-section-no elementor-widget elementor-widget-heading\" data-id=\"2f05a8b\" data-element_type=\"widget\" data-widget_type=\"heading.default\">\n\t\t\t\t<div class=\"elementor-widget-container\">\n\t\t\t\t\t<h2 class=\"elementor-heading-title elementor-size-default\">Do you have questions?<\/h2>\t\t\t\t<\/div>\n\t\t\t\t<\/div>\n\t\t\t\t\t<\/div>\n\t\t<\/div>\n\t\t\t\t<div data-aos=\"\" class=\"elementor-column elementor-col-50 elementor-top-column elementor-element elementor-element-6816d86 syd-sticky-section-no\" data-id=\"6816d86\" data-element_type=\"column\" data-settings=\"{&quot;tp_sticky_col_effect_enable&quot;:false}\">\n\t\t\t<div class=\"elementor-widget-wrap elementor-element-populated\">\n\t\t\t\t\t\t<div class=\"elementor-element elementor-element-2ce152d elementor-align-right elementor-mobile-align-center syd-sticky-section-no elementor-widget elementor-widget-button\" data-id=\"2ce152d\" data-element_type=\"widget\" data-widget_type=\"button.default\">\n\t\t\t\t<div class=\"elementor-widget-container\">\n\t\t\t\t\t\t\t\t\t<div class=\"elementor-button-wrapper\">\n\t\t\t\t\t<a class=\"elementor-button elementor-button-link elementor-size-sm\" href=\"https:\/\/healthagentsturkey.com\/en\/iletisim\/\">\n\t\t\t\t\t\t<span class=\"elementor-button-content-wrapper\">\n\t\t\t\t\t\t\t\t\t<span class=\"elementor-button-text\">Contact us<\/span>\n\t\t\t\t\t<\/span>\n\t\t\t\t\t<\/a>\n\t\t\t\t<\/div>\n\t\t\t\t\t\t\t\t<\/div>\n\t\t\t\t<\/div>\n\t\t\t\t\t<\/div>\n\t\t<\/div>\n\t\t\t\t\t<\/div>\n\t\t<\/section>\n\t\t\t\t<\/div>","protected":false},"excerpt":{"rendered":"<p>TEDAV\u0130LER Di\u015f Tedavileri Di\u015f Hekimli\u011fi Nedir? Di\u015f hekimli\u011fi, di\u015f ve a\u011f\u0131z sa\u011fl\u0131\u011f\u0131 ile ilgilenen bir t\u0131p dal\u0131d\u0131r. Di\u015f hekimleri, di\u015fleri, di\u015f etlerini, [&hellip;]<\/p>","protected":false},"author":1,"featured_media":0,"parent":899,"menu_order":0,"comment_status":"closed","ping_status":"closed","template":"elementor_header_footer","meta":{"_eb_attr":"","footnotes":""},"class_list":["post-928","page","type-page","status-publish","hentry"],"_links":{"self":[{"href":"https:\/\/healthagentsturkey.com\/en\/wp-json\/wp\/v2\/pages\/928","targetHints":{"allow":["GET"]}}],"collection":[{"href":"https:\/\/healthagentsturkey.com\/en\/wp-json\/wp\/v2\/pages"}],"about":[{"href":"https:\/\/healthagentsturkey.com\/en\/wp-json\/wp\/v2\/types\/page"}],"author":[{"embeddable":true,"href":"https:\/\/healthagentsturkey.com\/en\/wp-json\/wp\/v2\/users\/1"}],"replies":[{"embeddable":true,"href":"https:\/\/healthagentsturkey.com\/en\/wp-json\/wp\/v2\/comments?post=928"}],"version-history":[{"count":1,"href":"https:\/\/healthagentsturkey.com\/en\/wp-json\/wp\/v2\/pages\/928\/revisions"}],"predecessor-version":[{"id":4762,"href":"https:\/\/healthagentsturkey.com\/en\/wp-json\/wp\/v2\/pages\/928\/revisions\/4762"}],"up":[{"embeddable":true,"href":"https:\/\/healthagentsturkey.com\/en\/wp-json\/wp\/v2\/pages\/899"}],"wp:attachment":[{"href":"https:\/\/healthagentsturkey.com\/en\/wp-json\/wp\/v2\/media?parent=928"}],"curies":[{"name":"wp","href":"https:\/\/api.w.org\/{rel}","templated":true}]}}