{"id":1888,"date":"2023-11-20T23:39:53","date_gmt":"2023-11-20T23:39:53","guid":{"rendered":"https:\/\/healthagentsturkey.com\/?page_id=1888"},"modified":"2026-02-25T10:31:56","modified_gmt":"2026-02-25T07:31:56","slug":"liposuction","status":"publish","type":"page","link":"https:\/\/healthagentsturkey.com\/en\/tedavi\/estetik\/liposuction\/","title":{"rendered":"Liposuction"},"content":{"rendered":"<div data-elementor-type=\"wp-page\" data-elementor-id=\"1888\" class=\"elementor elementor-1888\" data-elementor-post-type=\"page\">\n\t\t\t\t\t\t<section class=\"elementor-section elementor-top-section elementor-element elementor-element-eedafb9 elementor-section-content-middle elementor-section-boxed elementor-section-height-default elementor-section-height-default tp-parallax-no syd-sticky-section-no\" data-id=\"eedafb9\" data-element_type=\"section\" data-settings=\"{&quot;tp_sticky_sec_effect_enable&quot;:false}\">\n\t\t\t\t\t\t<div class=\"elementor-container elementor-column-gap-default\">\n\t\t\t\t\t<div data-aos=\"\" class=\"elementor-column elementor-col-50 elementor-top-column elementor-element elementor-element-571508b syd-sticky-section-no\" data-id=\"571508b\" data-element_type=\"column\" data-settings=\"{&quot;tp_sticky_col_effect_enable&quot;:false}\">\n\t\t\t<div class=\"elementor-widget-wrap elementor-element-populated\">\n\t\t\t\t\t\t<div class=\"elementor-element elementor-element-2fc2cb6 syd-sticky-section-no elementor-widget elementor-widget-heading\" data-id=\"2fc2cb6\" data-element_type=\"widget\" data-widget_type=\"heading.default\">\n\t\t\t\t<div class=\"elementor-widget-container\">\n\t\t\t\t\t<h2 class=\"elementor-heading-title elementor-size-default\">What is Liposuction Procedure?<\/h2>\t\t\t\t<\/div>\n\t\t\t\t<\/div>\n\t\t\t\t<div class=\"elementor-element elementor-element-1cf0f1c elementor-widget__width-initial syd-sticky-section-no elementor-widget elementor-widget-text-editor\" data-id=\"1cf0f1c\" data-element_type=\"widget\" data-widget_type=\"text-editor.default\">\n\t\t\t\t<div class=\"elementor-widget-container\">\n\t\t\t\t\t\t\t\t\t<p><a href=\"https:\/\/tr.wikipedia.org\/wiki\/Liposak%C5%9F%C4%B1n\"><b><i>Liposuction<\/i><\/b><\/a>is a type of plastic surgery and is used to solve the problem of excess fat storage in certain areas of the body. The procedure generally involves the following steps:<\/p><ul><li aria-level=\"1\"><a href=\"https:\/\/tr.wikipedia.org\/wiki\/Anestezi\">Anesthesia<\/a>: During processing\u00a0<a href=\"https:\/\/tr.wikipedia.org\/wiki\/Lokal_anestezi\">local anesthesia<\/a>\u00a0or\u00a0<a href=\"https:\/\/tr.wikipedia.org\/wiki\/Sedasyon\">sedation<\/a>\u00a0used.\u00a0<\/li><li aria-level=\"1\">Thin incisions: A thin incision is made at the procedure site.<\/li><li aria-level=\"1\">Fat aspiration: Fat cells are extracted from this discovery with the help of a vacuum aspirator.<\/li><li aria-level=\"1\">Stitches Thin incisions are stitched.<\/li><\/ul><p><a href=\"https:\/\/tr.wikipedia.org\/wiki\/Liposak%C5%9F%C4%B1n\"><b>Liposuction<\/b><\/a> the process reduces the accumulation of fat in certain areas of the body\u00a0<\/p>\t\t\t\t\t\t\t\t<\/div>\n\t\t\t\t<\/div>\n\t\t\t\t\t<\/div>\n\t\t<\/div>\n\t\t\t\t<div data-aos=\"\" class=\"elementor-column elementor-col-50 elementor-top-column elementor-element elementor-element-bc4d4c0 syd-sticky-section-no\" data-id=\"bc4d4c0\" data-element_type=\"column\" data-settings=\"{&quot;tp_sticky_col_effect_enable&quot;:false}\">\n\t\t\t<div class=\"elementor-widget-wrap elementor-element-populated\">\n\t\t\t\t\t\t<div class=\"elementor-element elementor-element-48dd569 syd-sticky-section-no elementor-widget elementor-widget-image\" data-id=\"48dd569\" data-element_type=\"widget\" data-widget_type=\"image.default\">\n\t\t\t\t<div class=\"elementor-widget-container\">\n\t\t\t\t\t\t\t\t\t<\/div>\n\t\t\t\t<\/div>\n\t\t\t\t\t<\/div>\n\t\t<\/div>\n\t\t\t\t\t<\/div>\n\t\t<\/section>\n\t\t<div class=\"elementor-element elementor-element-99fe56d e-flex e-con-boxed syd-sticky-section-no e-con e-parent\" data-id=\"99fe56d\" data-element_type=\"container\">\n\t\t\t\t\t<div class=\"e-con-inner\">\n\t\t\t\t<div class=\"elementor-element elementor-element-def30c4 syd-sticky-section-no elementor-widget elementor-widget-text-editor\" data-id=\"def30c4\" data-element_type=\"widget\" data-widget_type=\"text-editor.default\">\n\t\t\t\t<div class=\"elementor-widget-container\">\n\t\t\t\t\t\t\t\t\t<p>\u00a0 \u00a0 \u00a0 \u00a0 \u00a0 \u00a0 \u00a0 \u00a0 \u00a0 \u00a0 \u00a0and aims to achieve a more shapely appearance. However, it is necessary to follow a careful diet program and exercise after the procedure, otherwise fat accumulation may occur again. <a href=\"https:\/\/tr.wikipedia.org\/wiki\/Liposak%C5%9F%C4%B1n\"><b>Liposuction<\/b><\/a>\u00a0The procedure has potential risks and disadvantages; a plastic surgeon can give you detailed information on this.<\/p><p><b>What are the advantages of liposuction?<\/b><\/p><ul><li aria-level=\"1\"><b><i>Reduction of fat accumulation<\/i><\/b>:\u00a0<a href=\"https:\/\/tr.wikipedia.org\/wiki\/Liposak%C5%9F%C4%B1n\">Liposuction<\/a>\u00a0The procedure aims to reduce fat accumulation in certain areas of the body and achieve a more shapely appearance.<\/li><li aria-level=\"1\"><b><i>A more shapely body shape<\/i><\/b>:\u00a0<a href=\"https:\/\/tr.wikipedia.org\/wiki\/Liposak%C5%9F%C4%B1n\">Liposuction<\/a>It helps to smooth out certain areas with excess fat storage and gives the body a more uniform shape.<\/li><li aria-level=\"1\"><b><i>Lasting results<\/i><\/b>:\u00a0<a href=\"https:\/\/tr.wikipedia.org\/wiki\/Liposak%C5%9F%C4%B1n\">Liposuction<\/a>\u00a0The results of the procedure are usually permanent, but people need to follow a careful diet and exercise program, otherwise fat accumulation will occur again.<\/li><li aria-level=\"1\"><b>More self-confidence<\/b>:\u00a0<a href=\"https:\/\/tr.wikipedia.org\/wiki\/Liposak%C5%9F%C4%B1n\">Liposuction<\/a>\u00a0After the procedure, individuals report an increase in self-confidence.\u00a0<\/li><\/ul><p><b><br \/>What are the disadvantages of liposuction?<\/b><\/p><ul><li>Pain and swelling<\/li><li>Long healing process<\/li><li>Scars<\/li><li>Sagging skin<\/li><li><a href=\"https:\/\/tr.wikipedia.org\/wiki\/Enfeksiyon_hastal%C4%B1klar%C4%B1\">Infection<\/a>\u00a0risk of<\/li><li>Bleeding\u00a0<\/li><li>Unintended consequences<\/li><\/ul><p><b><br \/>Where can I go for liposuction?<\/b><\/p><p>Our priority in the health sector has always been patient satisfaction and health.\u00a0<b>Health Agents<\/b>We provide services by specialized doctors in an environment equipped with modern technology and the latest medical innovations. We are always at your side to offer you the best service and we are proud of our achievements in the surgical procedures we perform. For this reason\u00a0<b>Health Agents<\/b>\u00a0our doctors, thanks to their expertise and experience, have the same expertise as in all medical procedures.\u00a0<a href=\"https:\/\/tr.wikipedia.org\/wiki\/Liposak%C5%9F%C4%B1n\"><b><i>liposuction<\/i><\/b><\/a>\u00a0is also frequently preferred for the process. You can also choose us with confidence.<\/p>\t\t\t\t\t\t\t\t<\/div>\n\t\t\t\t<\/div>\n\t\t\t\t\t<\/div>\n\t\t\t\t<\/div>\n\t\t\t\t<section class=\"elementor-section elementor-top-section elementor-element elementor-element-cfed380 elementor-section-content-middle elementor-section-boxed elementor-section-height-default elementor-section-height-default tp-parallax-no syd-sticky-section-no\" data-id=\"cfed380\" data-element_type=\"section\" data-settings=\"{&quot;background_background&quot;:&quot;classic&quot;,&quot;tp_sticky_sec_effect_enable&quot;:false}\">\n\t\t\t\t\t\t<div class=\"elementor-container elementor-column-gap-default\">\n\t\t\t\t\t<div data-aos=\"\" class=\"elementor-column elementor-col-50 elementor-top-column elementor-element elementor-element-d8fac92 syd-sticky-section-no\" data-id=\"d8fac92\" data-element_type=\"column\" data-settings=\"{&quot;tp_sticky_col_effect_enable&quot;:false}\">\n\t\t\t<div class=\"elementor-widget-wrap elementor-element-populated\">\n\t\t\t\t\t\t<div class=\"elementor-element elementor-element-ea4173f syd-sticky-section-no elementor-widget elementor-widget-heading\" data-id=\"ea4173f\" data-element_type=\"widget\" data-widget_type=\"heading.default\">\n\t\t\t\t<div class=\"elementor-widget-container\">\n\t\t\t\t\t<h2 class=\"elementor-heading-title elementor-size-default\">Do you have questions?<\/h2>\t\t\t\t<\/div>\n\t\t\t\t<\/div>\n\t\t\t\t\t<\/div>\n\t\t<\/div>\n\t\t\t\t<div data-aos=\"\" class=\"elementor-column elementor-col-50 elementor-top-column elementor-element elementor-element-7aa5769 syd-sticky-section-no\" data-id=\"7aa5769\" data-element_type=\"column\" data-settings=\"{&quot;tp_sticky_col_effect_enable&quot;:false}\">\n\t\t\t<div class=\"elementor-widget-wrap elementor-element-populated\">\n\t\t\t\t\t\t<div class=\"elementor-element elementor-element-9c6e3e1 elementor-align-right elementor-mobile-align-center syd-sticky-section-no elementor-widget elementor-widget-button\" data-id=\"9c6e3e1\" data-element_type=\"widget\" data-widget_type=\"button.default\">\n\t\t\t\t<div class=\"elementor-widget-container\">\n\t\t\t\t\t\t\t\t\t<div class=\"elementor-button-wrapper\">\n\t\t\t\t\t<a class=\"elementor-button elementor-button-link elementor-size-sm\" href=\"https:\/\/healthagentsturkey.com\/en\/iletisim\/\">\n\t\t\t\t\t\t<span class=\"elementor-button-content-wrapper\">\n\t\t\t\t\t\t\t\t\t<span class=\"elementor-button-text\">Contact us<\/span>\n\t\t\t\t\t<\/span>\n\t\t\t\t\t<\/a>\n\t\t\t\t<\/div>\n\t\t\t\t\t\t\t\t<\/div>\n\t\t\t\t<\/div>\n\t\t\t\t\t<\/div>\n\t\t<\/div>\n\t\t\t\t\t<\/div>\n\t\t<\/section>\n\t\t\t\t<\/div>","protected":false},"excerpt":{"rendered":"<p>Liposuction \u0130\u015flemi Nedir? Liposuction, bir estetik ameliyat t\u00fcr\u00fcd\u00fcr ve v\u00fccudun belirli b\u00f6lgelerinde fazla ya\u011f depolanmas\u0131 sorununu \u00e7\u00f6zmek i\u00e7in kullan\u0131l\u0131r. \u0130\u015flem genel olarak [&hellip;]<\/p>","protected":false},"author":1,"featured_media":0,"parent":934,"menu_order":0,"comment_status":"closed","ping_status":"closed","template":"elementor_header_footer","meta":{"_eb_attr":"","footnotes":""},"class_list":["post-1888","page","type-page","status-publish","hentry"],"_links":{"self":[{"href":"https:\/\/healthagentsturkey.com\/en\/wp-json\/wp\/v2\/pages\/1888","targetHints":{"allow":["GET"]}}],"collection":[{"href":"https:\/\/healthagentsturkey.com\/en\/wp-json\/wp\/v2\/pages"}],"about":[{"href":"https:\/\/healthagentsturkey.com\/en\/wp-json\/wp\/v2\/types\/page"}],"author":[{"embeddable":true,"href":"https:\/\/healthagentsturkey.com\/en\/wp-json\/wp\/v2\/users\/1"}],"replies":[{"embeddable":true,"href":"https:\/\/healthagentsturkey.com\/en\/wp-json\/wp\/v2\/comments?post=1888"}],"version-history":[{"count":1,"href":"https:\/\/healthagentsturkey.com\/en\/wp-json\/wp\/v2\/pages\/1888\/revisions"}],"predecessor-version":[{"id":4786,"href":"https:\/\/healthagentsturkey.com\/en\/wp-json\/wp\/v2\/pages\/1888\/revisions\/4786"}],"up":[{"embeddable":true,"href":"https:\/\/healthagentsturkey.com\/en\/wp-json\/wp\/v2\/pages\/934"}],"wp:attachment":[{"href":"https:\/\/healthagentsturkey.com\/en\/wp-json\/wp\/v2\/media?parent=1888"}],"curies":[{"name":"wp","href":"https:\/\/api.w.org\/{rel}","templated":true}]}}