{"id":1882,"date":"2023-11-20T23:17:48","date_gmt":"2023-11-20T23:17:48","guid":{"rendered":"https:\/\/healthagentsturkey.com\/?page_id=1882"},"modified":"2026-02-25T10:31:56","modified_gmt":"2026-02-25T07:31:56","slug":"yuz-germe","status":"publish","type":"page","link":"https:\/\/healthagentsturkey.com\/en\/tedavi\/estetik\/yuz-germe\/","title":{"rendered":"Face Lift"},"content":{"rendered":"<div data-elementor-type=\"wp-page\" data-elementor-id=\"1882\" class=\"elementor elementor-1882\" data-elementor-post-type=\"page\">\n\t\t\t\t\t\t<section class=\"elementor-section elementor-top-section elementor-element elementor-element-eedafb9 elementor-section-content-middle elementor-section-boxed elementor-section-height-default elementor-section-height-default tp-parallax-no syd-sticky-section-no\" data-id=\"eedafb9\" data-element_type=\"section\" data-settings=\"{&quot;tp_sticky_sec_effect_enable&quot;:false}\">\n\t\t\t\t\t\t<div class=\"elementor-container elementor-column-gap-default\">\n\t\t\t\t\t<div data-aos=\"\" class=\"elementor-column elementor-col-50 elementor-top-column elementor-element elementor-element-571508b syd-sticky-section-no\" data-id=\"571508b\" data-element_type=\"column\" data-settings=\"{&quot;tp_sticky_col_effect_enable&quot;:false}\">\n\t\t\t<div class=\"elementor-widget-wrap elementor-element-populated\">\n\t\t\t\t\t\t<div class=\"elementor-element elementor-element-2fc2cb6 syd-sticky-section-no elementor-widget elementor-widget-heading\" data-id=\"2fc2cb6\" data-element_type=\"widget\" data-widget_type=\"heading.default\">\n\t\t\t\t<div class=\"elementor-widget-container\">\n\t\t\t\t\t<h2 class=\"elementor-heading-title elementor-size-default\">What is a Facelift?<\/h2>\t\t\t\t<\/div>\n\t\t\t\t<\/div>\n\t\t\t\t<div class=\"elementor-element elementor-element-1cf0f1c elementor-widget__width-initial syd-sticky-section-no elementor-widget elementor-widget-text-editor\" data-id=\"1cf0f1c\" data-element_type=\"widget\" data-widget_type=\"text-editor.default\">\n\t\t\t\t<div class=\"elementor-widget-container\">\n\t\t\t\t\t\t\t\t\t<p><b><i>Face lift<\/i><\/b>\u00a0is a surgical procedure performed to remove the signs of aging caused by sagging tissues around the face and eyes. The procedure involves stretching the fibers around the face and eyes and\u00a0<a href=\"https:\/\/tr.wikipedia.org\/wiki\/Ya%C4%9F_(beslenme)\">oil<\/a>\u00a0can be done by removal of the tissue.\u00a0<i>Face lift<\/i>\u00a0The procedure aims to make the face look younger and more fresh.<\/p><p><b>How is a facelift procedure performed?<\/b><\/p><p>The facelift procedure can be performed under general anesthesia; the duration of the procedure may vary depending on the area to be treated and the details of the surgery. The procedure usually consists of the following steps:<\/p>\t\t\t\t\t\t\t\t<\/div>\n\t\t\t\t<\/div>\n\t\t\t\t\t<\/div>\n\t\t<\/div>\n\t\t\t\t<div data-aos=\"\" class=\"elementor-column elementor-col-50 elementor-top-column elementor-element elementor-element-bc4d4c0 syd-sticky-section-no\" data-id=\"bc4d4c0\" data-element_type=\"column\" data-settings=\"{&quot;tp_sticky_col_effect_enable&quot;:false}\">\n\t\t\t<div class=\"elementor-widget-wrap elementor-element-populated\">\n\t\t\t\t\t\t<div class=\"elementor-element elementor-element-48dd569 syd-sticky-section-no elementor-widget elementor-widget-image\" data-id=\"48dd569\" data-element_type=\"widget\" data-widget_type=\"image.default\">\n\t\t\t\t<div class=\"elementor-widget-container\">\n\t\t\t\t\t\t\t\t\t<\/div>\n\t\t\t\t<\/div>\n\t\t\t\t\t<\/div>\n\t\t<\/div>\n\t\t\t\t\t<\/div>\n\t\t<\/section>\n\t\t<div class=\"elementor-element elementor-element-99fe56d e-flex e-con-boxed syd-sticky-section-no e-con e-parent\" data-id=\"99fe56d\" data-element_type=\"container\">\n\t\t\t\t\t<div class=\"e-con-inner\">\n\t\t\t\t<div class=\"elementor-element elementor-element-def30c4 syd-sticky-section-no elementor-widget elementor-widget-text-editor\" data-id=\"def30c4\" data-element_type=\"widget\" data-widget_type=\"text-editor.default\">\n\t\t\t\t<div class=\"elementor-widget-container\">\n\t\t\t\t\t\t\t\t\t<ul><li aria-level=\"1\"><b><i>Anesthesia application<\/i><\/b>: General anesthesia is applied during the procedure.<\/li><li aria-level=\"1\"><b><i>Making an incision<\/i><\/b>: Incision is made according to the procedure area; the procedure is performed in a safe and sterile manner.<\/li><li aria-level=\"1\"><b><i>Tissue stretching<\/i><\/b>: The tissues in the procedure area are stretched; signs of sagging around the face and eyes are eliminated.<\/li><li aria-level=\"1\"><b><i>Removal of fat tissue<\/i><\/b>: Unwanted\u00a0<a href=\"https:\/\/tr.wikipedia.org\/wiki\/Ya%C4%9F_(beslenme)\">oil<\/a>\u00a0tissues can be removed and the face can be made more prominent.<\/li><li aria-level=\"1\"><b><i>Incision closure<\/i><\/b>: The incision is closed after the procedure.<\/li><\/ul><p>Like any surgical procedure, a facelift may involve some risks. In addition, facelift can be performed in different ways and a different procedure can be planned for everyone.<\/p><p><b>What are the advantages of a facelift?<\/b><\/p><ul><li aria-level=\"1\">Elimination of signs of aging<\/li><li aria-level=\"1\">A more defined facial appearance<\/li><li aria-level=\"1\">Prevention of sagging<\/li><li aria-level=\"1\">Increased self-confidence<\/li><\/ul><p><b><br \/>What are the disadvantages of a facelift?<\/b><\/p><ul><li>Pain and swelling<\/li><li><a href=\"https:\/\/tr.wikipedia.org\/wiki\/Enfeksiyon_hastal%C4%B1klar%C4%B1#:~:text=Enfeksiyon%20hastal%C4%B1klar%C4%B1%2C%20bula%C5%9F%C4%B1c%C4%B1%20hastal%C4%B1klar%20ve,d%C4%B1%C5%9F%C4%B1nda%20geli%C5%9Fen%20salg%C4%B1nlarla%20m%C3%BCcadele%20eder.\">Infection<\/a>\u00a0risk of<\/li><li>Stretching of the skin<\/li><li>Surgical scars<\/li><\/ul><p><b><i><br \/>Face lift<\/i><\/b>\u00a0The risks and disadvantages mentioned in the scope of the procedure rarely occur and our specialist doctors inform their patients about the risks that may occur before the operation. With a good medical team, it is possible to avoid these risks.<\/p><p><b>Where can I go for a facelift?<\/b><\/p><p>Our priority in the health sector has always been patient satisfaction and health.\u00a0<b>Health Agents<\/b>We provide services by specialized doctors in an environment equipped with modern technology and the latest medical innovations. We are always at your side to offer you the best service and we are proud of our achievements in the surgical procedures we perform. For this reason\u00a0<b>Health Agents<\/b>\u00a0our doctors, thanks to their expertise and experience, have the same expertise as in all medical procedures.\u00a0<b><i>face lift<\/i><\/b>\u00a0is also frequently preferred for the process. You can also choose us with confidence.<\/p>\t\t\t\t\t\t\t\t<\/div>\n\t\t\t\t<\/div>\n\t\t\t\t\t<\/div>\n\t\t\t\t<\/div>\n\t\t\t\t<section class=\"elementor-section elementor-top-section elementor-element elementor-element-cfed380 elementor-section-content-middle elementor-section-boxed elementor-section-height-default elementor-section-height-default tp-parallax-no syd-sticky-section-no\" data-id=\"cfed380\" data-element_type=\"section\" data-settings=\"{&quot;background_background&quot;:&quot;classic&quot;,&quot;tp_sticky_sec_effect_enable&quot;:false}\">\n\t\t\t\t\t\t<div class=\"elementor-container elementor-column-gap-default\">\n\t\t\t\t\t<div data-aos=\"\" class=\"elementor-column elementor-col-50 elementor-top-column elementor-element elementor-element-d8fac92 syd-sticky-section-no\" data-id=\"d8fac92\" data-element_type=\"column\" data-settings=\"{&quot;tp_sticky_col_effect_enable&quot;:false}\">\n\t\t\t<div class=\"elementor-widget-wrap elementor-element-populated\">\n\t\t\t\t\t\t<div class=\"elementor-element elementor-element-ea4173f syd-sticky-section-no elementor-widget elementor-widget-heading\" data-id=\"ea4173f\" data-element_type=\"widget\" data-widget_type=\"heading.default\">\n\t\t\t\t<div class=\"elementor-widget-container\">\n\t\t\t\t\t<h2 class=\"elementor-heading-title elementor-size-default\">Do you have questions?<\/h2>\t\t\t\t<\/div>\n\t\t\t\t<\/div>\n\t\t\t\t\t<\/div>\n\t\t<\/div>\n\t\t\t\t<div data-aos=\"\" class=\"elementor-column elementor-col-50 elementor-top-column elementor-element elementor-element-7aa5769 syd-sticky-section-no\" data-id=\"7aa5769\" data-element_type=\"column\" data-settings=\"{&quot;tp_sticky_col_effect_enable&quot;:false}\">\n\t\t\t<div class=\"elementor-widget-wrap elementor-element-populated\">\n\t\t\t\t\t\t<div class=\"elementor-element elementor-element-9c6e3e1 elementor-align-right elementor-mobile-align-center syd-sticky-section-no elementor-widget elementor-widget-button\" data-id=\"9c6e3e1\" data-element_type=\"widget\" data-widget_type=\"button.default\">\n\t\t\t\t<div class=\"elementor-widget-container\">\n\t\t\t\t\t\t\t\t\t<div class=\"elementor-button-wrapper\">\n\t\t\t\t\t<a class=\"elementor-button elementor-button-link elementor-size-sm\" href=\"https:\/\/healthagentsturkey.com\/en\/iletisim\/\">\n\t\t\t\t\t\t<span class=\"elementor-button-content-wrapper\">\n\t\t\t\t\t\t\t\t\t<span class=\"elementor-button-text\">Contact us<\/span>\n\t\t\t\t\t<\/span>\n\t\t\t\t\t<\/a>\n\t\t\t\t<\/div>\n\t\t\t\t\t\t\t\t<\/div>\n\t\t\t\t<\/div>\n\t\t\t\t\t<\/div>\n\t\t<\/div>\n\t\t\t\t\t<\/div>\n\t\t<\/section>\n\t\t\t\t<\/div>","protected":false},"excerpt":{"rendered":"<p>Y\u00fcz Germe \u0130\u015flemi Nedir? Y\u00fcz germe\u00a0i\u015flemi, y\u00fcz ve g\u00f6z \u00e7evresindeki dokular\u0131n sarkmas\u0131 nedeniyle olu\u015fan ya\u015flanma belirtilerinin giderilmesi amac\u0131yla yap\u0131lan bir cerrahi giri\u015fimdir. [&hellip;]<\/p>","protected":false},"author":1,"featured_media":0,"parent":934,"menu_order":0,"comment_status":"closed","ping_status":"closed","template":"elementor_header_footer","meta":{"_eb_attr":"","footnotes":""},"class_list":["post-1882","page","type-page","status-publish","hentry"],"_links":{"self":[{"href":"https:\/\/healthagentsturkey.com\/en\/wp-json\/wp\/v2\/pages\/1882","targetHints":{"allow":["GET"]}}],"collection":[{"href":"https:\/\/healthagentsturkey.com\/en\/wp-json\/wp\/v2\/pages"}],"about":[{"href":"https:\/\/healthagentsturkey.com\/en\/wp-json\/wp\/v2\/types\/page"}],"author":[{"embeddable":true,"href":"https:\/\/healthagentsturkey.com\/en\/wp-json\/wp\/v2\/users\/1"}],"replies":[{"embeddable":true,"href":"https:\/\/healthagentsturkey.com\/en\/wp-json\/wp\/v2\/comments?post=1882"}],"version-history":[{"count":1,"href":"https:\/\/healthagentsturkey.com\/en\/wp-json\/wp\/v2\/pages\/1882\/revisions"}],"predecessor-version":[{"id":4790,"href":"https:\/\/healthagentsturkey.com\/en\/wp-json\/wp\/v2\/pages\/1882\/revisions\/4790"}],"up":[{"embeddable":true,"href":"https:\/\/healthagentsturkey.com\/en\/wp-json\/wp\/v2\/pages\/934"}],"wp:attachment":[{"href":"https:\/\/healthagentsturkey.com\/en\/wp-json\/wp\/v2\/media?parent=1882"}],"curies":[{"name":"wp","href":"https:\/\/api.w.org\/{rel}","templated":true}]}}